{"id":9839,"date":"2021-03-23T12:30:16","date_gmt":"2021-03-23T11:30:16","guid":{"rendered":"https:\/\/biogestion.ch\/boutique\/unkategorisiert\/cuillere-doseuse-25-ml\/"},"modified":"2025-04-17T15:29:23","modified_gmt":"2025-04-17T13:29:23","slug":"messloeffel-25-ml","status":"publish","type":"product","link":"https:\/\/biogestion.ch\/de\/shop\/zubehoer\/messloeffel-25-ml\/","title":{"rendered":"Messl\u00f6ffel (25 ml)"},"content":{"rendered":"<p>Dieser Messl\u00f6ffel ist f\u00fcr die pr\u00e4zise Dosierung von Gelaform Collagen + &#8222;Gold&#8220; bestimmt. Sehr praktisch f\u00fcr eine exakte Dosis.<\/p>\n<p>Bestens geeignet f\u00fcr den Einsatz im Lebensmittelbereich, ist dieser L\u00f6ffel stoss- und sp\u00fclmaschinenfest (er h\u00e4lt Temperaturen bis zu 110\u00b0C stand).<\/p>\n<p>Spezifikationen<\/p>\n<ul>\n<li>F\u00fcllmenge: 25 ml (eine Tagesdosis GELAFORM Collagen+ &#8222;Gold&#8220;)<\/li>\n<li>Farbe: Blau<\/li>\n<li>Zusammensetzung: ABS (Lebensmittelqualit\u00e4t)<\/li>\n<li>Abmessungen: Gesamtl\u00e4nge 16,5 cm; L\u00f6ffel-\u00d8 4 cm<\/li>\n<li>Gewicht: ca. 26 g<\/li>\n<\/ul>\n","protected":false},"excerpt":{"rendered":"<p>Dieser Messl\u00f6ffel ist f\u00fcr die pr\u00e4zise Dosierung von Gelaform Collagen + &#8222;Gold&#8220; bestimmt.<\/p>\n","protected":false},"featured_media":28381,"comment_status":"open","ping_status":"closed","template":"","meta":[],"product_brand":[1689],"product_cat":[1599],"product_tag":[],"class_list":{"0":"post-9839","1":"product","2":"type-product","3":"status-publish","4":"has-post-thumbnail","6":"product_brand-bio-gestion","7":"product_cat-zubehoer","9":"first","10":"instock","11":"sale","12":"taxable","13":"shipping-taxable","14":"purchasable","15":"product-type-simple"},"yoast_head":"<!-- This site is optimized with the Yoast SEO Premium plugin v27.3 (Yoast SEO v27.3) - https:\/\/yoast.com\/product\/yoast-seo-premium-wordpress\/ -->\n<title>Messl\u00f6ffel (25 ml) | Zubeh\u00f6r | Bio-Gestion<\/title>\n<meta name=\"description\" content=\"Dieser Messl\u00f6ffel ist f\u00fcr die pr\u00e4zise Dosierung von Gelaform Collagen + &quot;Gold&quot; bestimmt. Sehr praktisch f\u00fcr eine exakte Dosis.\" \/>\n<meta name=\"robots\" content=\"index, follow, max-snippet:-1, max-image-preview:large, max-video-preview:-1\" \/>\n<link rel=\"canonical\" href=\"https:\/\/biogestion.ch\/de\/shop\/zubehoer\/messloeffel-25-ml\/\" \/>\n<meta name=\"twitter:label1\" content=\"Preis\" \/>\n\t<meta name=\"twitter:data1\" content=\"4.50&nbsp;&#067;&#072;&#070;\" \/>\n\t<meta name=\"twitter:label2\" content=\"Verf\u00fcgbarkeit\" \/>\n\t<meta name=\"twitter:data2\" content=\"Auf Lager\" \/>\n<script type=\"application\/ld+json\" class=\"yoast-schema-graph\">{\"@context\":\"https:\\\/\\\/schema.org\",\"@graph\":[{\"@type\":\"WebPage\",\"@id\":\"https:\\\/\\\/biogestion.ch\\\/de\\\/shop\\\/zubehoer\\\/messloeffel-25-ml\\\/\",\"url\":\"https:\\\/\\\/biogestion.ch\\\/de\\\/shop\\\/zubehoer\\\/messloeffel-25-ml\\\/\",\"name\":\"Messl\u00f6ffel (25 ml) | Zubeh\u00f6r | Bio-Gestion\",\"isPartOf\":{\"@id\":\"https:\\\/\\\/biogestion.ch\\\/de\\\/#website\"},\"primaryImageOfPage\":{\"@id\":\"https:\\\/\\\/biogestion.ch\\\/de\\\/shop\\\/zubehoer\\\/messloeffel-25-ml\\\/#primaryimage\"},\"image\":{\"@id\":\"https:\\\/\\\/biogestion.ch\\\/de\\\/shop\\\/zubehoer\\\/messloeffel-25-ml\\\/#primaryimage\"},\"thumbnailUrl\":\"https:\\\/\\\/biogestion.ch\\\/wp-content\\\/uploads\\\/2025\\\/10\\\/BG_2025_Cuillere-Doseuse.png\",\"datePublished\":\"2021-03-23T11:30:16+00:00\",\"dateModified\":\"2025-04-17T13:29:23+00:00\",\"description\":\"Dieser Messl\u00f6ffel ist f\u00fcr die pr\u00e4zise Dosierung von Gelaform Collagen + \\\"Gold\\\" bestimmt. Sehr praktisch f\u00fcr eine exakte Dosis.\",\"breadcrumb\":{\"@id\":\"https:\\\/\\\/biogestion.ch\\\/de\\\/shop\\\/zubehoer\\\/messloeffel-25-ml\\\/#breadcrumb\"},\"inLanguage\":\"de\",\"potentialAction\":[{\"@type\":\"ReadAction\",\"target\":[\"https:\\\/\\\/biogestion.ch\\\/de\\\/shop\\\/zubehoer\\\/messloeffel-25-ml\\\/\"]}]},{\"@type\":\"ImageObject\",\"inLanguage\":\"de\",\"@id\":\"https:\\\/\\\/biogestion.ch\\\/de\\\/shop\\\/zubehoer\\\/messloeffel-25-ml\\\/#primaryimage\",\"url\":\"https:\\\/\\\/biogestion.ch\\\/wp-content\\\/uploads\\\/2025\\\/10\\\/BG_2025_Cuillere-Doseuse.png\",\"contentUrl\":\"https:\\\/\\\/biogestion.ch\\\/wp-content\\\/uploads\\\/2025\\\/10\\\/BG_2025_Cuillere-Doseuse.png\",\"width\":780,\"height\":780},{\"@type\":\"BreadcrumbList\",\"@id\":\"https:\\\/\\\/biogestion.ch\\\/de\\\/shop\\\/zubehoer\\\/messloeffel-25-ml\\\/#breadcrumb\",\"itemListElement\":[{\"@type\":\"ListItem\",\"position\":1,\"name\":\"Bio-Gestion\",\"item\":\"https:\\\/\\\/biogestion.ch\\\/\"},{\"@type\":\"ListItem\",\"position\":2,\"name\":\"Shop\",\"item\":\"https:\\\/\\\/biogestion.ch\\\/de\\\/shop\\\/\"},{\"@type\":\"ListItem\",\"position\":3,\"name\":\"Messl\u00f6ffel (25 ml)\"}]},{\"@type\":\"WebSite\",\"@id\":\"https:\\\/\\\/biogestion.ch\\\/de\\\/#website\",\"url\":\"https:\\\/\\\/biogestion.ch\\\/de\\\/\",\"name\":\"Bio-Gestion\",\"description\":\"Les compl\u00e9ments alimentaires suisses\",\"publisher\":{\"@id\":\"https:\\\/\\\/biogestion.ch\\\/de\\\/#organization\"},\"potentialAction\":[{\"@type\":\"SearchAction\",\"target\":{\"@type\":\"EntryPoint\",\"urlTemplate\":\"https:\\\/\\\/biogestion.ch\\\/de\\\/?s={search_term_string}\"},\"query-input\":{\"@type\":\"PropertyValueSpecification\",\"valueRequired\":true,\"valueName\":\"search_term_string\"}}],\"inLanguage\":\"de\"},{\"@type\":\"Organization\",\"@id\":\"https:\\\/\\\/biogestion.ch\\\/de\\\/#organization\",\"name\":\"Bio-Gestion SA\",\"url\":\"https:\\\/\\\/biogestion.ch\\\/de\\\/\",\"logo\":{\"@type\":\"ImageObject\",\"inLanguage\":\"de\",\"@id\":\"https:\\\/\\\/biogestion.ch\\\/de\\\/#\\\/schema\\\/logo\\\/image\\\/\",\"url\":\"https:\\\/\\\/biogestion.ch\\\/wp-content\\\/uploads\\\/2016\\\/05\\\/logo.png\",\"contentUrl\":\"https:\\\/\\\/biogestion.ch\\\/wp-content\\\/uploads\\\/2016\\\/05\\\/logo.png\",\"width\":200,\"height\":38,\"caption\":\"Bio-Gestion SA\"},\"image\":{\"@id\":\"https:\\\/\\\/biogestion.ch\\\/de\\\/#\\\/schema\\\/logo\\\/image\\\/\"}}]}<\/script>\n<meta property=\"product:price:amount\" content=\"4.50\" \/>\n<meta property=\"product:price:currency\" content=\"CHF\" \/>\n<meta property=\"og:availability\" content=\"instock\" \/>\n<meta property=\"product:availability\" content=\"instock\" \/>\n<meta property=\"product:condition\" content=\"new\" \/>\n<!-- \/ Yoast SEO Premium plugin. -->","yoast_head_json":{"title":"Messl\u00f6ffel (25 ml) | Zubeh\u00f6r | Bio-Gestion","description":"Dieser Messl\u00f6ffel ist f\u00fcr die pr\u00e4zise Dosierung von Gelaform Collagen + \"Gold\" bestimmt. Sehr praktisch f\u00fcr eine exakte Dosis.","robots":{"index":"index","follow":"follow","max-snippet":"max-snippet:-1","max-image-preview":"max-image-preview:large","max-video-preview":"max-video-preview:-1"},"canonical":"https:\/\/biogestion.ch\/de\/shop\/zubehoer\/messloeffel-25-ml\/","twitter_misc":{"Preis":"4.50&nbsp;&#67;&#72;&#70;","Verf\u00fcgbarkeit":"Auf Lager"},"schema":{"@context":"https:\/\/schema.org","@graph":[{"@type":"WebPage","@id":"https:\/\/biogestion.ch\/de\/shop\/zubehoer\/messloeffel-25-ml\/","url":"https:\/\/biogestion.ch\/de\/shop\/zubehoer\/messloeffel-25-ml\/","name":"Messl\u00f6ffel (25 ml) | Zubeh\u00f6r | Bio-Gestion","isPartOf":{"@id":"https:\/\/biogestion.ch\/de\/#website"},"primaryImageOfPage":{"@id":"https:\/\/biogestion.ch\/de\/shop\/zubehoer\/messloeffel-25-ml\/#primaryimage"},"image":{"@id":"https:\/\/biogestion.ch\/de\/shop\/zubehoer\/messloeffel-25-ml\/#primaryimage"},"thumbnailUrl":"https:\/\/biogestion.ch\/wp-content\/uploads\/2025\/10\/BG_2025_Cuillere-Doseuse.png","datePublished":"2021-03-23T11:30:16+00:00","dateModified":"2025-04-17T13:29:23+00:00","description":"Dieser Messl\u00f6ffel ist f\u00fcr die pr\u00e4zise Dosierung von Gelaform Collagen + \"Gold\" bestimmt. Sehr praktisch f\u00fcr eine exakte Dosis.","breadcrumb":{"@id":"https:\/\/biogestion.ch\/de\/shop\/zubehoer\/messloeffel-25-ml\/#breadcrumb"},"inLanguage":"de","potentialAction":[{"@type":"ReadAction","target":["https:\/\/biogestion.ch\/de\/shop\/zubehoer\/messloeffel-25-ml\/"]}]},{"@type":"ImageObject","inLanguage":"de","@id":"https:\/\/biogestion.ch\/de\/shop\/zubehoer\/messloeffel-25-ml\/#primaryimage","url":"https:\/\/biogestion.ch\/wp-content\/uploads\/2025\/10\/BG_2025_Cuillere-Doseuse.png","contentUrl":"https:\/\/biogestion.ch\/wp-content\/uploads\/2025\/10\/BG_2025_Cuillere-Doseuse.png","width":780,"height":780},{"@type":"BreadcrumbList","@id":"https:\/\/biogestion.ch\/de\/shop\/zubehoer\/messloeffel-25-ml\/#breadcrumb","itemListElement":[{"@type":"ListItem","position":1,"name":"Bio-Gestion","item":"https:\/\/biogestion.ch\/"},{"@type":"ListItem","position":2,"name":"Shop","item":"https:\/\/biogestion.ch\/de\/shop\/"},{"@type":"ListItem","position":3,"name":"Messl\u00f6ffel (25 ml)"}]},{"@type":"WebSite","@id":"https:\/\/biogestion.ch\/de\/#website","url":"https:\/\/biogestion.ch\/de\/","name":"Bio-Gestion","description":"Les compl\u00e9ments alimentaires suisses","publisher":{"@id":"https:\/\/biogestion.ch\/de\/#organization"},"potentialAction":[{"@type":"SearchAction","target":{"@type":"EntryPoint","urlTemplate":"https:\/\/biogestion.ch\/de\/?s={search_term_string}"},"query-input":{"@type":"PropertyValueSpecification","valueRequired":true,"valueName":"search_term_string"}}],"inLanguage":"de"},{"@type":"Organization","@id":"https:\/\/biogestion.ch\/de\/#organization","name":"Bio-Gestion SA","url":"https:\/\/biogestion.ch\/de\/","logo":{"@type":"ImageObject","inLanguage":"de","@id":"https:\/\/biogestion.ch\/de\/#\/schema\/logo\/image\/","url":"https:\/\/biogestion.ch\/wp-content\/uploads\/2016\/05\/logo.png","contentUrl":"https:\/\/biogestion.ch\/wp-content\/uploads\/2016\/05\/logo.png","width":200,"height":38,"caption":"Bio-Gestion SA"},"image":{"@id":"https:\/\/biogestion.ch\/de\/#\/schema\/logo\/image\/"}}]},"product_price_amount":"4.50","product_price_currency":"CHF","og_availability":"instock","product_availability":"instock","product_condition":"new"},"_links":{"self":[{"href":"https:\/\/biogestion.ch\/de\/wp-json\/wp\/v2\/product\/9839","targetHints":{"allow":["GET"]}}],"collection":[{"href":"https:\/\/biogestion.ch\/de\/wp-json\/wp\/v2\/product"}],"about":[{"href":"https:\/\/biogestion.ch\/de\/wp-json\/wp\/v2\/types\/product"}],"replies":[{"embeddable":true,"href":"https:\/\/biogestion.ch\/de\/wp-json\/wp\/v2\/comments?post=9839"}],"version-history":[{"count":0,"href":"https:\/\/biogestion.ch\/de\/wp-json\/wp\/v2\/product\/9839\/revisions"}],"wp:featuredmedia":[{"embeddable":true,"href":"https:\/\/biogestion.ch\/de\/wp-json\/wp\/v2\/media\/28381"}],"wp:attachment":[{"href":"https:\/\/biogestion.ch\/de\/wp-json\/wp\/v2\/media?parent=9839"}],"wp:term":[{"taxonomy":"product_brand","embeddable":true,"href":"https:\/\/biogestion.ch\/de\/wp-json\/wp\/v2\/product_brand?post=9839"},{"taxonomy":"product_cat","embeddable":true,"href":"https:\/\/biogestion.ch\/de\/wp-json\/wp\/v2\/product_cat?post=9839"},{"taxonomy":"product_tag","embeddable":true,"href":"https:\/\/biogestion.ch\/de\/wp-json\/wp\/v2\/product_tag?post=9839"}],"curies":[{"name":"wp","href":"https:\/\/api.w.org\/{rel}","templated":true}]}}