{"id":9294,"date":"2021-02-08T14:26:23","date_gmt":"2021-02-08T13:26:23","guid":{"rendered":"https:\/\/biogestion.ch\/boutique\/unkategorisiert\/masques-ffp2\/"},"modified":"2024-05-09T15:26:11","modified_gmt":"2024-05-09T13:26:11","slug":"ffp2-maske","status":"publish","type":"product","link":"https:\/\/biogestion.ch\/de\/shop\/zubehoer\/ffp2-maske\/","title":{"rendered":"FFP2-Maske (10er-Pack)"},"content":{"rendered":"<h2>Die effizientere FFP2-Maske, die der CE-Norm entspricht, sch\u00fctzt den Tr\u00e4ger besser vor dem Einatmen von Tr\u00f6pfchen, Aerosolen, Speicheltr\u00f6pfchen und anderen luftgetragenen gef\u00e4hrlichen Substanzen.<\/h2>\n<p>Die Hygiene- und Verhaltensregeln sind wichtiger denn je, um gesund zu bleiben.<\/p>\n<p>Die blauen OP-Masken erlauben vor allem zu vermeiden, dass die sich in der N\u00e4he aufhaltenden Personen angesteckt werden. \u00a0Der Tr\u00e4ger der Maske selbst ist nach Ansicht von Experten jedoch nur bedingt gesch\u00fctzt, da diese blauen Masken f\u00fcr Aerosole durchl\u00e4ssig sein k\u00f6nnen.<\/p>\n<p>Je h\u00f6her die Schutzklasse, desto gr\u00f6sser ist die Schutzwirkung. Deshalb ist es wichtig, eine FFP2-Maske zu w\u00e4hlen anstatt eine weniger sichere Maske.<\/p>\n<p>Die FFP2-Masken passen sich perfekt der Gesichtsform an und klaffen nicht, im Gegensatz zu anderen Masken.<\/p>\n<h3>Technische Daten<\/h3>\n<ul>\n<li>5-Schicht-Fertigung und versiegelte Verarbeitung, einschliesslich elastische Befestigungsb\u00e4nder.<\/li>\n<li>Anpassungsf\u00e4higer Nasenb\u00fcgel f\u00fcr eine feste Passform.<\/li>\n<li>PSA (Pers\u00f6nliche Schutzausr\u00fcstung) zertifiziert gem\u00e4ss der europ\u00e4ischen Norm 149:2001+A1:2009, CE-Zeichen<\/li>\n<li>Mindest-Filterwirkung \u2265 94%<\/li>\n<\/ul>\n","protected":false},"excerpt":{"rendered":"<p>Die effizientere FFP2-Maske, die der CE-Norm entspricht, sch\u00fctzt den Tr\u00e4ger besser vor dem Einatmen von Partikeln, Viren und Krankheitserregern.<\/p>\n","protected":false},"featured_media":28375,"comment_status":"open","ping_status":"closed","template":"","meta":[],"product_brand":[],"product_cat":[1599],"product_tag":[],"class_list":{"0":"post-9294","1":"product","2":"type-product","3":"status-publish","4":"has-post-thumbnail","6":"product_cat-zubehoer","8":"first","9":"instock","10":"taxable","11":"shipping-taxable","12":"purchasable","13":"product-type-simple"},"yoast_head":"<!-- This site is optimized with the Yoast SEO Premium plugin v27.4 (Yoast SEO v27.4) - https:\/\/yoast.com\/product\/yoast-seo-premium-wordpress\/ -->\n<title>FFP2-Maske | 10er-Pack | CE-Zertifizierung | Bio-Gestion<\/title>\n<meta name=\"description\" content=\"Die CE-konforme FFP2-Maske sch\u00fctzt den Tr\u00e4ger besser vor dem Einatmen von Partikeln, Viren und Krankheitserregern.\" \/>\n<meta name=\"robots\" content=\"index, follow, max-snippet:-1, max-image-preview:large, max-video-preview:-1\" \/>\n<link rel=\"canonical\" href=\"https:\/\/biogestion.ch\/de\/shop\/zubehoer\/ffp2-maske\/\" \/>\n<meta name=\"twitter:label1\" content=\"Preis\" \/>\n\t<meta name=\"twitter:data1\" content=\"7.80&nbsp;&#067;&#072;&#070;\" \/>\n\t<meta name=\"twitter:label2\" content=\"Verf\u00fcgbarkeit\" \/>\n\t<meta name=\"twitter:data2\" content=\"Auf Lager\" \/>\n<script type=\"application\/ld+json\" class=\"yoast-schema-graph\">{\"@context\":\"https:\\\/\\\/schema.org\",\"@graph\":[{\"@type\":\"WebPage\",\"@id\":\"https:\\\/\\\/biogestion.ch\\\/de\\\/shop\\\/zubehoer\\\/ffp2-maske\\\/\",\"url\":\"https:\\\/\\\/biogestion.ch\\\/de\\\/shop\\\/zubehoer\\\/ffp2-maske\\\/\",\"name\":\"FFP2-Maske | 10er-Pack | CE-Zertifizierung | Bio-Gestion\",\"isPartOf\":{\"@id\":\"https:\\\/\\\/biogestion.ch\\\/de\\\/#website\"},\"primaryImageOfPage\":{\"@id\":\"https:\\\/\\\/biogestion.ch\\\/de\\\/shop\\\/zubehoer\\\/ffp2-maske\\\/#primaryimage\"},\"image\":{\"@id\":\"https:\\\/\\\/biogestion.ch\\\/de\\\/shop\\\/zubehoer\\\/ffp2-maske\\\/#primaryimage\"},\"thumbnailUrl\":\"https:\\\/\\\/biogestion.ch\\\/wp-content\\\/uploads\\\/2025\\\/10\\\/BG_2025_Masques-FFP2.png\",\"datePublished\":\"2021-02-08T13:26:23+00:00\",\"dateModified\":\"2024-05-09T13:26:11+00:00\",\"description\":\"Die CE-konforme FFP2-Maske sch\u00fctzt den Tr\u00e4ger besser vor dem Einatmen von Partikeln, Viren und Krankheitserregern.\",\"breadcrumb\":{\"@id\":\"https:\\\/\\\/biogestion.ch\\\/de\\\/shop\\\/zubehoer\\\/ffp2-maske\\\/#breadcrumb\"},\"inLanguage\":\"de\",\"potentialAction\":[{\"@type\":\"ReadAction\",\"target\":[\"https:\\\/\\\/biogestion.ch\\\/de\\\/shop\\\/zubehoer\\\/ffp2-maske\\\/\"]}]},{\"@type\":\"ImageObject\",\"inLanguage\":\"de\",\"@id\":\"https:\\\/\\\/biogestion.ch\\\/de\\\/shop\\\/zubehoer\\\/ffp2-maske\\\/#primaryimage\",\"url\":\"https:\\\/\\\/biogestion.ch\\\/wp-content\\\/uploads\\\/2025\\\/10\\\/BG_2025_Masques-FFP2.png\",\"contentUrl\":\"https:\\\/\\\/biogestion.ch\\\/wp-content\\\/uploads\\\/2025\\\/10\\\/BG_2025_Masques-FFP2.png\",\"width\":882,\"height\":882},{\"@type\":\"BreadcrumbList\",\"@id\":\"https:\\\/\\\/biogestion.ch\\\/de\\\/shop\\\/zubehoer\\\/ffp2-maske\\\/#breadcrumb\",\"itemListElement\":[{\"@type\":\"ListItem\",\"position\":1,\"name\":\"Bio-Gestion\",\"item\":\"https:\\\/\\\/biogestion.ch\\\/\"},{\"@type\":\"ListItem\",\"position\":2,\"name\":\"Shop\",\"item\":\"https:\\\/\\\/biogestion.ch\\\/de\\\/shop\\\/\"},{\"@type\":\"ListItem\",\"position\":3,\"name\":\"FFP2-Maske (10er-Pack)\"}]},{\"@type\":\"WebSite\",\"@id\":\"https:\\\/\\\/biogestion.ch\\\/de\\\/#website\",\"url\":\"https:\\\/\\\/biogestion.ch\\\/de\\\/\",\"name\":\"Bio-Gestion\",\"description\":\"Les compl\u00e9ments alimentaires suisses\",\"publisher\":{\"@id\":\"https:\\\/\\\/biogestion.ch\\\/de\\\/#organization\"},\"potentialAction\":[{\"@type\":\"SearchAction\",\"target\":{\"@type\":\"EntryPoint\",\"urlTemplate\":\"https:\\\/\\\/biogestion.ch\\\/de\\\/?s={search_term_string}\"},\"query-input\":{\"@type\":\"PropertyValueSpecification\",\"valueRequired\":true,\"valueName\":\"search_term_string\"}}],\"inLanguage\":\"de\"},{\"@type\":\"Organization\",\"@id\":\"https:\\\/\\\/biogestion.ch\\\/de\\\/#organization\",\"name\":\"Bio-Gestion SA\",\"url\":\"https:\\\/\\\/biogestion.ch\\\/de\\\/\",\"logo\":{\"@type\":\"ImageObject\",\"inLanguage\":\"de\",\"@id\":\"https:\\\/\\\/biogestion.ch\\\/de\\\/#\\\/schema\\\/logo\\\/image\\\/\",\"url\":\"https:\\\/\\\/biogestion.ch\\\/wp-content\\\/uploads\\\/2016\\\/05\\\/logo.png\",\"contentUrl\":\"https:\\\/\\\/biogestion.ch\\\/wp-content\\\/uploads\\\/2016\\\/05\\\/logo.png\",\"width\":200,\"height\":38,\"caption\":\"Bio-Gestion SA\"},\"image\":{\"@id\":\"https:\\\/\\\/biogestion.ch\\\/de\\\/#\\\/schema\\\/logo\\\/image\\\/\"}}]}<\/script>\n<meta property=\"product:price:amount\" content=\"7.80\" \/>\n<meta property=\"product:price:currency\" content=\"CHF\" \/>\n<meta property=\"og:availability\" content=\"instock\" \/>\n<meta property=\"product:availability\" content=\"instock\" \/>\n<meta property=\"product:condition\" content=\"new\" \/>\n<!-- \/ Yoast SEO Premium plugin. -->","yoast_head_json":{"title":"FFP2-Maske | 10er-Pack | CE-Zertifizierung | Bio-Gestion","description":"Die CE-konforme FFP2-Maske sch\u00fctzt den Tr\u00e4ger besser vor dem Einatmen von Partikeln, Viren und Krankheitserregern.","robots":{"index":"index","follow":"follow","max-snippet":"max-snippet:-1","max-image-preview":"max-image-preview:large","max-video-preview":"max-video-preview:-1"},"canonical":"https:\/\/biogestion.ch\/de\/shop\/zubehoer\/ffp2-maske\/","twitter_misc":{"Preis":"7.80&nbsp;&#67;&#72;&#70;","Verf\u00fcgbarkeit":"Auf Lager"},"schema":{"@context":"https:\/\/schema.org","@graph":[{"@type":"WebPage","@id":"https:\/\/biogestion.ch\/de\/shop\/zubehoer\/ffp2-maske\/","url":"https:\/\/biogestion.ch\/de\/shop\/zubehoer\/ffp2-maske\/","name":"FFP2-Maske | 10er-Pack | CE-Zertifizierung | Bio-Gestion","isPartOf":{"@id":"https:\/\/biogestion.ch\/de\/#website"},"primaryImageOfPage":{"@id":"https:\/\/biogestion.ch\/de\/shop\/zubehoer\/ffp2-maske\/#primaryimage"},"image":{"@id":"https:\/\/biogestion.ch\/de\/shop\/zubehoer\/ffp2-maske\/#primaryimage"},"thumbnailUrl":"https:\/\/biogestion.ch\/wp-content\/uploads\/2025\/10\/BG_2025_Masques-FFP2.png","datePublished":"2021-02-08T13:26:23+00:00","dateModified":"2024-05-09T13:26:11+00:00","description":"Die CE-konforme FFP2-Maske sch\u00fctzt den Tr\u00e4ger besser vor dem Einatmen von Partikeln, Viren und Krankheitserregern.","breadcrumb":{"@id":"https:\/\/biogestion.ch\/de\/shop\/zubehoer\/ffp2-maske\/#breadcrumb"},"inLanguage":"de","potentialAction":[{"@type":"ReadAction","target":["https:\/\/biogestion.ch\/de\/shop\/zubehoer\/ffp2-maske\/"]}]},{"@type":"ImageObject","inLanguage":"de","@id":"https:\/\/biogestion.ch\/de\/shop\/zubehoer\/ffp2-maske\/#primaryimage","url":"https:\/\/biogestion.ch\/wp-content\/uploads\/2025\/10\/BG_2025_Masques-FFP2.png","contentUrl":"https:\/\/biogestion.ch\/wp-content\/uploads\/2025\/10\/BG_2025_Masques-FFP2.png","width":882,"height":882},{"@type":"BreadcrumbList","@id":"https:\/\/biogestion.ch\/de\/shop\/zubehoer\/ffp2-maske\/#breadcrumb","itemListElement":[{"@type":"ListItem","position":1,"name":"Bio-Gestion","item":"https:\/\/biogestion.ch\/"},{"@type":"ListItem","position":2,"name":"Shop","item":"https:\/\/biogestion.ch\/de\/shop\/"},{"@type":"ListItem","position":3,"name":"FFP2-Maske (10er-Pack)"}]},{"@type":"WebSite","@id":"https:\/\/biogestion.ch\/de\/#website","url":"https:\/\/biogestion.ch\/de\/","name":"Bio-Gestion","description":"Les compl\u00e9ments alimentaires suisses","publisher":{"@id":"https:\/\/biogestion.ch\/de\/#organization"},"potentialAction":[{"@type":"SearchAction","target":{"@type":"EntryPoint","urlTemplate":"https:\/\/biogestion.ch\/de\/?s={search_term_string}"},"query-input":{"@type":"PropertyValueSpecification","valueRequired":true,"valueName":"search_term_string"}}],"inLanguage":"de"},{"@type":"Organization","@id":"https:\/\/biogestion.ch\/de\/#organization","name":"Bio-Gestion SA","url":"https:\/\/biogestion.ch\/de\/","logo":{"@type":"ImageObject","inLanguage":"de","@id":"https:\/\/biogestion.ch\/de\/#\/schema\/logo\/image\/","url":"https:\/\/biogestion.ch\/wp-content\/uploads\/2016\/05\/logo.png","contentUrl":"https:\/\/biogestion.ch\/wp-content\/uploads\/2016\/05\/logo.png","width":200,"height":38,"caption":"Bio-Gestion SA"},"image":{"@id":"https:\/\/biogestion.ch\/de\/#\/schema\/logo\/image\/"}}]},"product_price_amount":"7.80","product_price_currency":"CHF","og_availability":"instock","product_availability":"instock","product_condition":"new"},"_links":{"self":[{"href":"https:\/\/biogestion.ch\/de\/wp-json\/wp\/v2\/product\/9294","targetHints":{"allow":["GET"]}}],"collection":[{"href":"https:\/\/biogestion.ch\/de\/wp-json\/wp\/v2\/product"}],"about":[{"href":"https:\/\/biogestion.ch\/de\/wp-json\/wp\/v2\/types\/product"}],"replies":[{"embeddable":true,"href":"https:\/\/biogestion.ch\/de\/wp-json\/wp\/v2\/comments?post=9294"}],"version-history":[{"count":0,"href":"https:\/\/biogestion.ch\/de\/wp-json\/wp\/v2\/product\/9294\/revisions"}],"wp:featuredmedia":[{"embeddable":true,"href":"https:\/\/biogestion.ch\/de\/wp-json\/wp\/v2\/media\/28375"}],"wp:attachment":[{"href":"https:\/\/biogestion.ch\/de\/wp-json\/wp\/v2\/media?parent=9294"}],"wp:term":[{"taxonomy":"product_brand","embeddable":true,"href":"https:\/\/biogestion.ch\/de\/wp-json\/wp\/v2\/product_brand?post=9294"},{"taxonomy":"product_cat","embeddable":true,"href":"https:\/\/biogestion.ch\/de\/wp-json\/wp\/v2\/product_cat?post=9294"},{"taxonomy":"product_tag","embeddable":true,"href":"https:\/\/biogestion.ch\/de\/wp-json\/wp\/v2\/product_tag?post=9294"}],"curies":[{"name":"wp","href":"https:\/\/api.w.org\/{rel}","templated":true}]}}