{"id":8333,"date":"2020-11-11T14:47:05","date_gmt":"2020-11-11T13:47:05","guid":{"rendered":"https:\/\/biogestion.ch\/?post_type=product&#038;p=8333"},"modified":"2024-11-14T14:26:11","modified_gmt":"2024-11-14T13:26:11","slug":"oximeter-pulsmesser","status":"publish","type":"product","link":"https:\/\/biogestion.ch\/de\/shop\/zubehoer\/oximeter-pulsmesser\/","title":{"rendered":"Oximeter &#038; Pulsmesser"},"content":{"rendered":"<p data-pm-slice=\"1 1 []\" data-en-clipboard=\"true\">Das Oximeter wird mit 2 AAA-Batterien (im Lieferumfang enthalten) betrieben und wird einfach auf den Finger gelegt. Dank der One-Touch-Funktion l\u00e4sst sich das Finger-Pulsoximeter schnell und einfach bedienen. Seine kompakte Gr\u00f6\u00dfe macht ihn ideal f\u00fcr Reisen und unterwegs.<\/p>\n<ul>\n<li>OLED-Bildschirm f\u00fcr optimale Anzeige<\/li>\n<li>Gleichzeitige Messung von Pulsfrequenz und Sauerstoffs\u00e4ttigung des Blutes (SpO2)<\/li>\n<li>Ideal f\u00fcr die einfache, t\u00e4gliche Selbst\u00fcberwachung<\/li>\n<li>&#8222;One-Touch&#8220;-Funktion f\u00fcr schnelle und einfache Bedienung<\/li>\n<li>Erfordert 2 AAA-Batterien (enthalten)<\/li>\n<p>\n<\/ul>\n<p>Farbe: blau\/grau<br \/>\nMaterial: ABS-Kunststoff<br \/>\nGr\u00f6\u00dfe: ca. 57 x 32 x 32 mm<br \/>\nGewicht: ca. 24g<\/p>\n<p><em>Einheitspreis: 69.90 CHF\/St\u00fcck<\/em><br \/>\n<em>Ab 3 St\u00fcck: 65.20 CHF\/St\u00fcck<\/em><\/p>\n","protected":false},"excerpt":{"rendered":"<p>Ideal f\u00fcr die t\u00e4gliche \u00dcberwachung des Pulses und der Sauerstoffs\u00e4ttigung.<\/p>\n","protected":false},"featured_media":28367,"comment_status":"open","ping_status":"closed","template":"","meta":[],"product_brand":[1689],"product_cat":[1599],"product_tag":[],"class_list":{"0":"post-8333","1":"product","2":"type-product","3":"status-publish","4":"has-post-thumbnail","6":"product_brand-bio-gestion","7":"product_cat-zubehoer","9":"first","10":"instock","11":"sale","12":"taxable","13":"shipping-taxable","14":"purchasable","15":"product-type-simple"},"yoast_head":"<!-- This site is optimized with the Yoast SEO Premium plugin v27.3 (Yoast SEO v27.3) - https:\/\/yoast.com\/product\/yoast-seo-premium-wordpress\/ -->\n<title>Oximeter &amp; Pulsmesser\u00a0| Gesundheitszubeh\u00f6r | Bio-Gestion<\/title>\n<meta name=\"description\" content=\"Kompakt und praktisch, das Oximeter und Pulsmesser ist ideal f\u00fcr die t\u00e4gliche \u00dcberwachung von Puls und Sauerstoffs\u00e4ttigung.\" \/>\n<meta name=\"robots\" content=\"index, follow, max-snippet:-1, max-image-preview:large, max-video-preview:-1\" \/>\n<link rel=\"canonical\" href=\"https:\/\/biogestion.ch\/shop\/accessoires\/oxymetre-pulsometre\/\" \/>\n<meta name=\"twitter:label1\" content=\"Preis\" \/>\n\t<meta name=\"twitter:data1\" content=\"52.40&nbsp;&#067;&#072;&#070;\" \/>\n\t<meta name=\"twitter:label2\" content=\"Verf\u00fcgbarkeit\" \/>\n\t<meta name=\"twitter:data2\" content=\"Auf Lager\" \/>\n<script type=\"application\/ld+json\" class=\"yoast-schema-graph\">{\"@context\":\"https:\\\/\\\/schema.org\",\"@graph\":[{\"@type\":\"WebPage\",\"@id\":\"https:\\\/\\\/biogestion.ch\\\/shop\\\/accessoires\\\/oxymetre-pulsometre\\\/\",\"url\":\"https:\\\/\\\/biogestion.ch\\\/shop\\\/accessoires\\\/oxymetre-pulsometre\\\/\",\"name\":\"Oximeter & Pulsmesser\u00a0| Gesundheitszubeh\u00f6r | Bio-Gestion\",\"isPartOf\":{\"@id\":\"https:\\\/\\\/biogestion.ch\\\/de\\\/#website\"},\"primaryImageOfPage\":{\"@id\":\"https:\\\/\\\/biogestion.ch\\\/shop\\\/accessoires\\\/oxymetre-pulsometre\\\/#primaryimage\"},\"image\":{\"@id\":\"https:\\\/\\\/biogestion.ch\\\/shop\\\/accessoires\\\/oxymetre-pulsometre\\\/#primaryimage\"},\"thumbnailUrl\":\"https:\\\/\\\/biogestion.ch\\\/wp-content\\\/uploads\\\/2025\\\/10\\\/BG_2025_Oxymetre-Pulsometre.png\",\"datePublished\":\"2020-11-11T13:47:05+00:00\",\"dateModified\":\"2024-11-14T13:26:11+00:00\",\"description\":\"Kompakt und praktisch, das Oximeter und Pulsmesser ist ideal f\u00fcr die t\u00e4gliche \u00dcberwachung von Puls und Sauerstoffs\u00e4ttigung.\",\"breadcrumb\":{\"@id\":\"https:\\\/\\\/biogestion.ch\\\/shop\\\/accessoires\\\/oxymetre-pulsometre\\\/#breadcrumb\"},\"inLanguage\":\"de\",\"potentialAction\":[{\"@type\":\"ReadAction\",\"target\":[\"https:\\\/\\\/biogestion.ch\\\/shop\\\/accessoires\\\/oxymetre-pulsometre\\\/\"]}]},{\"@type\":\"ImageObject\",\"inLanguage\":\"de\",\"@id\":\"https:\\\/\\\/biogestion.ch\\\/shop\\\/accessoires\\\/oxymetre-pulsometre\\\/#primaryimage\",\"url\":\"https:\\\/\\\/biogestion.ch\\\/wp-content\\\/uploads\\\/2025\\\/10\\\/BG_2025_Oxymetre-Pulsometre.png\",\"contentUrl\":\"https:\\\/\\\/biogestion.ch\\\/wp-content\\\/uploads\\\/2025\\\/10\\\/BG_2025_Oxymetre-Pulsometre.png\",\"width\":652,\"height\":628},{\"@type\":\"BreadcrumbList\",\"@id\":\"https:\\\/\\\/biogestion.ch\\\/shop\\\/accessoires\\\/oxymetre-pulsometre\\\/#breadcrumb\",\"itemListElement\":[{\"@type\":\"ListItem\",\"position\":1,\"name\":\"Bio-Gestion\",\"item\":\"https:\\\/\\\/biogestion.ch\\\/\"},{\"@type\":\"ListItem\",\"position\":2,\"name\":\"Shop\",\"item\":\"https:\\\/\\\/biogestion.ch\\\/de\\\/shop\\\/\"},{\"@type\":\"ListItem\",\"position\":3,\"name\":\"Oximeter &#038; Pulsmesser\"}]},{\"@type\":\"WebSite\",\"@id\":\"https:\\\/\\\/biogestion.ch\\\/de\\\/#website\",\"url\":\"https:\\\/\\\/biogestion.ch\\\/de\\\/\",\"name\":\"Bio-Gestion\",\"description\":\"Les compl\u00e9ments alimentaires suisses\",\"publisher\":{\"@id\":\"https:\\\/\\\/biogestion.ch\\\/de\\\/#organization\"},\"potentialAction\":[{\"@type\":\"SearchAction\",\"target\":{\"@type\":\"EntryPoint\",\"urlTemplate\":\"https:\\\/\\\/biogestion.ch\\\/de\\\/?s={search_term_string}\"},\"query-input\":{\"@type\":\"PropertyValueSpecification\",\"valueRequired\":true,\"valueName\":\"search_term_string\"}}],\"inLanguage\":\"de\"},{\"@type\":\"Organization\",\"@id\":\"https:\\\/\\\/biogestion.ch\\\/de\\\/#organization\",\"name\":\"Bio-Gestion SA\",\"url\":\"https:\\\/\\\/biogestion.ch\\\/de\\\/\",\"logo\":{\"@type\":\"ImageObject\",\"inLanguage\":\"de\",\"@id\":\"https:\\\/\\\/biogestion.ch\\\/de\\\/#\\\/schema\\\/logo\\\/image\\\/\",\"url\":\"https:\\\/\\\/biogestion.ch\\\/wp-content\\\/uploads\\\/2016\\\/05\\\/logo.png\",\"contentUrl\":\"https:\\\/\\\/biogestion.ch\\\/wp-content\\\/uploads\\\/2016\\\/05\\\/logo.png\",\"width\":200,\"height\":38,\"caption\":\"Bio-Gestion SA\"},\"image\":{\"@id\":\"https:\\\/\\\/biogestion.ch\\\/de\\\/#\\\/schema\\\/logo\\\/image\\\/\"}}]}<\/script>\n<meta property=\"product:price:amount\" content=\"52.40\" \/>\n<meta property=\"product:price:currency\" content=\"CHF\" \/>\n<meta property=\"og:availability\" content=\"instock\" \/>\n<meta property=\"product:availability\" content=\"instock\" \/>\n<meta property=\"product:condition\" content=\"new\" \/>\n<!-- \/ Yoast SEO Premium plugin. -->","yoast_head_json":{"title":"Oximeter & Pulsmesser\u00a0| Gesundheitszubeh\u00f6r | Bio-Gestion","description":"Kompakt und praktisch, das Oximeter und Pulsmesser ist ideal f\u00fcr die t\u00e4gliche \u00dcberwachung von Puls und Sauerstoffs\u00e4ttigung.","robots":{"index":"index","follow":"follow","max-snippet":"max-snippet:-1","max-image-preview":"max-image-preview:large","max-video-preview":"max-video-preview:-1"},"canonical":"https:\/\/biogestion.ch\/shop\/accessoires\/oxymetre-pulsometre\/","twitter_misc":{"Preis":"52.40&nbsp;&#67;&#72;&#70;","Verf\u00fcgbarkeit":"Auf Lager"},"schema":{"@context":"https:\/\/schema.org","@graph":[{"@type":"WebPage","@id":"https:\/\/biogestion.ch\/shop\/accessoires\/oxymetre-pulsometre\/","url":"https:\/\/biogestion.ch\/shop\/accessoires\/oxymetre-pulsometre\/","name":"Oximeter & Pulsmesser\u00a0| Gesundheitszubeh\u00f6r | Bio-Gestion","isPartOf":{"@id":"https:\/\/biogestion.ch\/de\/#website"},"primaryImageOfPage":{"@id":"https:\/\/biogestion.ch\/shop\/accessoires\/oxymetre-pulsometre\/#primaryimage"},"image":{"@id":"https:\/\/biogestion.ch\/shop\/accessoires\/oxymetre-pulsometre\/#primaryimage"},"thumbnailUrl":"https:\/\/biogestion.ch\/wp-content\/uploads\/2025\/10\/BG_2025_Oxymetre-Pulsometre.png","datePublished":"2020-11-11T13:47:05+00:00","dateModified":"2024-11-14T13:26:11+00:00","description":"Kompakt und praktisch, das Oximeter und Pulsmesser ist ideal f\u00fcr die t\u00e4gliche \u00dcberwachung von Puls und Sauerstoffs\u00e4ttigung.","breadcrumb":{"@id":"https:\/\/biogestion.ch\/shop\/accessoires\/oxymetre-pulsometre\/#breadcrumb"},"inLanguage":"de","potentialAction":[{"@type":"ReadAction","target":["https:\/\/biogestion.ch\/shop\/accessoires\/oxymetre-pulsometre\/"]}]},{"@type":"ImageObject","inLanguage":"de","@id":"https:\/\/biogestion.ch\/shop\/accessoires\/oxymetre-pulsometre\/#primaryimage","url":"https:\/\/biogestion.ch\/wp-content\/uploads\/2025\/10\/BG_2025_Oxymetre-Pulsometre.png","contentUrl":"https:\/\/biogestion.ch\/wp-content\/uploads\/2025\/10\/BG_2025_Oxymetre-Pulsometre.png","width":652,"height":628},{"@type":"BreadcrumbList","@id":"https:\/\/biogestion.ch\/shop\/accessoires\/oxymetre-pulsometre\/#breadcrumb","itemListElement":[{"@type":"ListItem","position":1,"name":"Bio-Gestion","item":"https:\/\/biogestion.ch\/"},{"@type":"ListItem","position":2,"name":"Shop","item":"https:\/\/biogestion.ch\/de\/shop\/"},{"@type":"ListItem","position":3,"name":"Oximeter &#038; Pulsmesser"}]},{"@type":"WebSite","@id":"https:\/\/biogestion.ch\/de\/#website","url":"https:\/\/biogestion.ch\/de\/","name":"Bio-Gestion","description":"Les compl\u00e9ments alimentaires suisses","publisher":{"@id":"https:\/\/biogestion.ch\/de\/#organization"},"potentialAction":[{"@type":"SearchAction","target":{"@type":"EntryPoint","urlTemplate":"https:\/\/biogestion.ch\/de\/?s={search_term_string}"},"query-input":{"@type":"PropertyValueSpecification","valueRequired":true,"valueName":"search_term_string"}}],"inLanguage":"de"},{"@type":"Organization","@id":"https:\/\/biogestion.ch\/de\/#organization","name":"Bio-Gestion SA","url":"https:\/\/biogestion.ch\/de\/","logo":{"@type":"ImageObject","inLanguage":"de","@id":"https:\/\/biogestion.ch\/de\/#\/schema\/logo\/image\/","url":"https:\/\/biogestion.ch\/wp-content\/uploads\/2016\/05\/logo.png","contentUrl":"https:\/\/biogestion.ch\/wp-content\/uploads\/2016\/05\/logo.png","width":200,"height":38,"caption":"Bio-Gestion SA"},"image":{"@id":"https:\/\/biogestion.ch\/de\/#\/schema\/logo\/image\/"}}]},"product_price_amount":"52.40","product_price_currency":"CHF","og_availability":"instock","product_availability":"instock","product_condition":"new"},"_links":{"self":[{"href":"https:\/\/biogestion.ch\/de\/wp-json\/wp\/v2\/product\/8333","targetHints":{"allow":["GET"]}}],"collection":[{"href":"https:\/\/biogestion.ch\/de\/wp-json\/wp\/v2\/product"}],"about":[{"href":"https:\/\/biogestion.ch\/de\/wp-json\/wp\/v2\/types\/product"}],"replies":[{"embeddable":true,"href":"https:\/\/biogestion.ch\/de\/wp-json\/wp\/v2\/comments?post=8333"}],"version-history":[{"count":0,"href":"https:\/\/biogestion.ch\/de\/wp-json\/wp\/v2\/product\/8333\/revisions"}],"wp:featuredmedia":[{"embeddable":true,"href":"https:\/\/biogestion.ch\/de\/wp-json\/wp\/v2\/media\/28367"}],"wp:attachment":[{"href":"https:\/\/biogestion.ch\/de\/wp-json\/wp\/v2\/media?parent=8333"}],"wp:term":[{"taxonomy":"product_brand","embeddable":true,"href":"https:\/\/biogestion.ch\/de\/wp-json\/wp\/v2\/product_brand?post=8333"},{"taxonomy":"product_cat","embeddable":true,"href":"https:\/\/biogestion.ch\/de\/wp-json\/wp\/v2\/product_cat?post=8333"},{"taxonomy":"product_tag","embeddable":true,"href":"https:\/\/biogestion.ch\/de\/wp-json\/wp\/v2\/product_tag?post=8333"}],"curies":[{"name":"wp","href":"https:\/\/api.w.org\/{rel}","templated":true}]}}