{"id":8058,"date":"2020-11-10T14:33:36","date_gmt":"2020-11-10T13:33:36","guid":{"rendered":"https:\/\/biogestion.ch\/?post_type=product&#038;p=8058"},"modified":"2026-03-30T13:48:19","modified_gmt":"2026-03-30T11:48:19","slug":"eselsmilch-seife","status":"publish","type":"product","link":"https:\/\/biogestion.ch\/de\/shop\/bio-kosmetik\/eselsmilch-seife\/","title":{"rendered":"Eselsmilch-Seife"},"content":{"rendered":"<h2>Eselsmilch, selten und kostbar, ist reich an Vitaminen (A, B1, B2, B6, D, C und E), wertvolle Verb\u00fcndete im Kampf gegen das Altern.<\/h2>\n<p>Eselsmilch wird seit dem alten \u00c4gypten f\u00fcr Kosmetika und als Nahrungsmittel verwendet. Die Eselin gibt normalerweise zwischen drei und sechs Liter Milch pro Tag. Eselsmilch enth\u00e4lt auch Mineralien und Spurenelemente (Kalzium, Magnesium, Phosphor, Natrium, Eisen und Zink), was sie zu einem nat\u00fcrlichen Hauttonikum macht. Eselsmilch enth\u00e4lt auch Fettalkohole, die die Immunit\u00e4t und die nat\u00fcrliche Abwehr gegen alle Aggressionen st\u00e4rken.<\/p>\n<p>Die besonderen Merkmale von Eselsmilch sind:<\/p>\n<ul>\n<li>Milch ist fett- und eiwei\u00dfarm, aber reich an Fetts\u00e4uren und Vitaminen.<\/li>\n<li>Sie ist selten (keine intensive Zucht).<\/li>\n<li>Verlangsamt die Zeichen der Hautalterung beim Auftragen auf die Haut.<\/li>\n<li>Hat weichmachende Tugenden.<\/li>\n<li>Es ist nat\u00fcrlich und hausgemacht, im Allgemeinen ohne Duftstoffe.<\/li>\n<p>\n<\/ul>\n<p>Obwohl alle oben genannten Vorteile mit frischer Eselsmilch zusammenh\u00e4ngen, sind wir nach wie vor von all diesen Elementen \u00fcberzeugt, die der Gesundheit und Sch\u00f6nheit der Haut f\u00f6rderlich sind.<\/p>\n<p><em>In Frankreich hergestellt.<\/em><br \/>\n<br \/><em>Einheitspreis: 7.80 CHF\/St\u00fcck<\/em><br \/>\n<em>Ab 3 St\u00fcck: 7.20 CHF\/St\u00fcck<\/em><\/p>\n","protected":false},"excerpt":{"rendered":"<p>Eselsmilch, selten und kostbar, ist reich an Vitaminen (A, B1, B2, B6, D, C und E), wertvolle Verb\u00fcndete im Kampf gegen das Altern.<\/p>\n","protected":false},"featured_media":28398,"comment_status":"open","ping_status":"closed","template":"","meta":[],"product_brand":[],"product_cat":[1590],"product_tag":[],"class_list":{"0":"post-8058","1":"product","2":"type-product","3":"status-publish","4":"has-post-thumbnail","6":"product_cat-bio-kosmetik","8":"first","9":"instock","10":"taxable","11":"shipping-taxable","12":"purchasable","13":"product-type-simple"},"yoast_head":"<!-- This site is optimized with the Yoast SEO Premium plugin v27.3 (Yoast SEO v27.4) - https:\/\/yoast.com\/product\/yoast-seo-premium-wordpress\/ -->\n<title>Eselsmilch-Seife\u00a0| 100 g Seife | Bio-Kosmetik | Bio-Gestion<\/title>\n<meta name=\"description\" content=\"Eselsmilch, selten und kostbar, ist reich an Vitaminen (A, B1, B2, B6, D, C und E), wertvolle Verb\u00fcndete im Kampf gegen das Altern.\" \/>\n<meta name=\"robots\" content=\"index, follow, max-snippet:-1, max-image-preview:large, max-video-preview:-1\" \/>\n<link rel=\"canonical\" href=\"https:\/\/biogestion.ch\/shop\/promotion\/savon-au-lait-danesse\/\" \/>\n<meta name=\"twitter:label1\" content=\"Preis\" \/>\n\t<meta name=\"twitter:data1\" content=\"7.80&nbsp;&#067;&#072;&#070;\" \/>\n\t<meta name=\"twitter:label2\" content=\"Verf\u00fcgbarkeit\" \/>\n\t<meta name=\"twitter:data2\" content=\"Auf Lager\" \/>\n<script type=\"application\/ld+json\" class=\"yoast-schema-graph\">{\"@context\":\"https:\\\/\\\/schema.org\",\"@graph\":[{\"@type\":\"WebPage\",\"@id\":\"https:\\\/\\\/biogestion.ch\\\/shop\\\/promotion\\\/savon-au-lait-danesse\\\/\",\"url\":\"https:\\\/\\\/biogestion.ch\\\/shop\\\/promotion\\\/savon-au-lait-danesse\\\/\",\"name\":\"Eselsmilch-Seife\u00a0| 100 g Seife | Bio-Kosmetik | Bio-Gestion\",\"isPartOf\":{\"@id\":\"https:\\\/\\\/biogestion.ch\\\/de\\\/#website\"},\"primaryImageOfPage\":{\"@id\":\"https:\\\/\\\/biogestion.ch\\\/shop\\\/promotion\\\/savon-au-lait-danesse\\\/#primaryimage\"},\"image\":{\"@id\":\"https:\\\/\\\/biogestion.ch\\\/shop\\\/promotion\\\/savon-au-lait-danesse\\\/#primaryimage\"},\"thumbnailUrl\":\"https:\\\/\\\/biogestion.ch\\\/wp-content\\\/uploads\\\/2020\\\/11\\\/BG_2025_Savon-Lait-Anesse.png\",\"datePublished\":\"2020-11-10T13:33:36+00:00\",\"dateModified\":\"2026-03-30T11:48:19+00:00\",\"description\":\"Eselsmilch, selten und kostbar, ist reich an Vitaminen (A, B1, B2, B6, D, C und E), wertvolle Verb\u00fcndete im Kampf gegen das Altern.\",\"breadcrumb\":{\"@id\":\"https:\\\/\\\/biogestion.ch\\\/shop\\\/promotion\\\/savon-au-lait-danesse\\\/#breadcrumb\"},\"inLanguage\":\"de\",\"potentialAction\":[{\"@type\":\"ReadAction\",\"target\":[\"https:\\\/\\\/biogestion.ch\\\/shop\\\/promotion\\\/savon-au-lait-danesse\\\/\"]}]},{\"@type\":\"ImageObject\",\"inLanguage\":\"de\",\"@id\":\"https:\\\/\\\/biogestion.ch\\\/shop\\\/promotion\\\/savon-au-lait-danesse\\\/#primaryimage\",\"url\":\"https:\\\/\\\/biogestion.ch\\\/wp-content\\\/uploads\\\/2020\\\/11\\\/BG_2025_Savon-Lait-Anesse.png\",\"contentUrl\":\"https:\\\/\\\/biogestion.ch\\\/wp-content\\\/uploads\\\/2020\\\/11\\\/BG_2025_Savon-Lait-Anesse.png\",\"width\":624,\"height\":670},{\"@type\":\"BreadcrumbList\",\"@id\":\"https:\\\/\\\/biogestion.ch\\\/shop\\\/promotion\\\/savon-au-lait-danesse\\\/#breadcrumb\",\"itemListElement\":[{\"@type\":\"ListItem\",\"position\":1,\"name\":\"Bio-Gestion\",\"item\":\"https:\\\/\\\/biogestion.ch\\\/\"},{\"@type\":\"ListItem\",\"position\":2,\"name\":\"Shop\",\"item\":\"https:\\\/\\\/biogestion.ch\\\/de\\\/shop\\\/\"},{\"@type\":\"ListItem\",\"position\":3,\"name\":\"Eselsmilch-Seife\"}]},{\"@type\":\"WebSite\",\"@id\":\"https:\\\/\\\/biogestion.ch\\\/de\\\/#website\",\"url\":\"https:\\\/\\\/biogestion.ch\\\/de\\\/\",\"name\":\"Bio-Gestion\",\"description\":\"Les compl\u00e9ments alimentaires suisses\",\"publisher\":{\"@id\":\"https:\\\/\\\/biogestion.ch\\\/de\\\/#organization\"},\"potentialAction\":[{\"@type\":\"SearchAction\",\"target\":{\"@type\":\"EntryPoint\",\"urlTemplate\":\"https:\\\/\\\/biogestion.ch\\\/de\\\/?s={search_term_string}\"},\"query-input\":{\"@type\":\"PropertyValueSpecification\",\"valueRequired\":true,\"valueName\":\"search_term_string\"}}],\"inLanguage\":\"de\"},{\"@type\":\"Organization\",\"@id\":\"https:\\\/\\\/biogestion.ch\\\/de\\\/#organization\",\"name\":\"Bio-Gestion SA\",\"url\":\"https:\\\/\\\/biogestion.ch\\\/de\\\/\",\"logo\":{\"@type\":\"ImageObject\",\"inLanguage\":\"de\",\"@id\":\"https:\\\/\\\/biogestion.ch\\\/de\\\/#\\\/schema\\\/logo\\\/image\\\/\",\"url\":\"https:\\\/\\\/biogestion.ch\\\/wp-content\\\/uploads\\\/2016\\\/05\\\/logo.png\",\"contentUrl\":\"https:\\\/\\\/biogestion.ch\\\/wp-content\\\/uploads\\\/2016\\\/05\\\/logo.png\",\"width\":200,\"height\":38,\"caption\":\"Bio-Gestion SA\"},\"image\":{\"@id\":\"https:\\\/\\\/biogestion.ch\\\/de\\\/#\\\/schema\\\/logo\\\/image\\\/\"}}]}<\/script>\n<meta property=\"product:price:amount\" content=\"7.80\" \/>\n<meta property=\"product:price:currency\" content=\"CHF\" \/>\n<meta property=\"og:availability\" content=\"instock\" \/>\n<meta property=\"product:availability\" content=\"instock\" \/>\n<meta property=\"product:condition\" content=\"new\" \/>\n<!-- \/ Yoast SEO Premium plugin. -->","yoast_head_json":{"title":"Eselsmilch-Seife\u00a0| 100 g Seife | Bio-Kosmetik | Bio-Gestion","description":"Eselsmilch, selten und kostbar, ist reich an Vitaminen (A, B1, B2, B6, D, C und E), wertvolle Verb\u00fcndete im Kampf gegen das Altern.","robots":{"index":"index","follow":"follow","max-snippet":"max-snippet:-1","max-image-preview":"max-image-preview:large","max-video-preview":"max-video-preview:-1"},"canonical":"https:\/\/biogestion.ch\/shop\/promotion\/savon-au-lait-danesse\/","twitter_misc":{"Preis":"7.80&nbsp;&#67;&#72;&#70;","Verf\u00fcgbarkeit":"Auf Lager"},"schema":{"@context":"https:\/\/schema.org","@graph":[{"@type":"WebPage","@id":"https:\/\/biogestion.ch\/shop\/promotion\/savon-au-lait-danesse\/","url":"https:\/\/biogestion.ch\/shop\/promotion\/savon-au-lait-danesse\/","name":"Eselsmilch-Seife\u00a0| 100 g Seife | Bio-Kosmetik | Bio-Gestion","isPartOf":{"@id":"https:\/\/biogestion.ch\/de\/#website"},"primaryImageOfPage":{"@id":"https:\/\/biogestion.ch\/shop\/promotion\/savon-au-lait-danesse\/#primaryimage"},"image":{"@id":"https:\/\/biogestion.ch\/shop\/promotion\/savon-au-lait-danesse\/#primaryimage"},"thumbnailUrl":"https:\/\/biogestion.ch\/wp-content\/uploads\/2020\/11\/BG_2025_Savon-Lait-Anesse.png","datePublished":"2020-11-10T13:33:36+00:00","dateModified":"2026-03-30T11:48:19+00:00","description":"Eselsmilch, selten und kostbar, ist reich an Vitaminen (A, B1, B2, B6, D, C und E), wertvolle Verb\u00fcndete im Kampf gegen das Altern.","breadcrumb":{"@id":"https:\/\/biogestion.ch\/shop\/promotion\/savon-au-lait-danesse\/#breadcrumb"},"inLanguage":"de","potentialAction":[{"@type":"ReadAction","target":["https:\/\/biogestion.ch\/shop\/promotion\/savon-au-lait-danesse\/"]}]},{"@type":"ImageObject","inLanguage":"de","@id":"https:\/\/biogestion.ch\/shop\/promotion\/savon-au-lait-danesse\/#primaryimage","url":"https:\/\/biogestion.ch\/wp-content\/uploads\/2020\/11\/BG_2025_Savon-Lait-Anesse.png","contentUrl":"https:\/\/biogestion.ch\/wp-content\/uploads\/2020\/11\/BG_2025_Savon-Lait-Anesse.png","width":624,"height":670},{"@type":"BreadcrumbList","@id":"https:\/\/biogestion.ch\/shop\/promotion\/savon-au-lait-danesse\/#breadcrumb","itemListElement":[{"@type":"ListItem","position":1,"name":"Bio-Gestion","item":"https:\/\/biogestion.ch\/"},{"@type":"ListItem","position":2,"name":"Shop","item":"https:\/\/biogestion.ch\/de\/shop\/"},{"@type":"ListItem","position":3,"name":"Eselsmilch-Seife"}]},{"@type":"WebSite","@id":"https:\/\/biogestion.ch\/de\/#website","url":"https:\/\/biogestion.ch\/de\/","name":"Bio-Gestion","description":"Les compl\u00e9ments alimentaires suisses","publisher":{"@id":"https:\/\/biogestion.ch\/de\/#organization"},"potentialAction":[{"@type":"SearchAction","target":{"@type":"EntryPoint","urlTemplate":"https:\/\/biogestion.ch\/de\/?s={search_term_string}"},"query-input":{"@type":"PropertyValueSpecification","valueRequired":true,"valueName":"search_term_string"}}],"inLanguage":"de"},{"@type":"Organization","@id":"https:\/\/biogestion.ch\/de\/#organization","name":"Bio-Gestion SA","url":"https:\/\/biogestion.ch\/de\/","logo":{"@type":"ImageObject","inLanguage":"de","@id":"https:\/\/biogestion.ch\/de\/#\/schema\/logo\/image\/","url":"https:\/\/biogestion.ch\/wp-content\/uploads\/2016\/05\/logo.png","contentUrl":"https:\/\/biogestion.ch\/wp-content\/uploads\/2016\/05\/logo.png","width":200,"height":38,"caption":"Bio-Gestion SA"},"image":{"@id":"https:\/\/biogestion.ch\/de\/#\/schema\/logo\/image\/"}}]},"product_price_amount":"7.80","product_price_currency":"CHF","og_availability":"instock","product_availability":"instock","product_condition":"new"},"_links":{"self":[{"href":"https:\/\/biogestion.ch\/de\/wp-json\/wp\/v2\/product\/8058","targetHints":{"allow":["GET"]}}],"collection":[{"href":"https:\/\/biogestion.ch\/de\/wp-json\/wp\/v2\/product"}],"about":[{"href":"https:\/\/biogestion.ch\/de\/wp-json\/wp\/v2\/types\/product"}],"replies":[{"embeddable":true,"href":"https:\/\/biogestion.ch\/de\/wp-json\/wp\/v2\/comments?post=8058"}],"version-history":[{"count":0,"href":"https:\/\/biogestion.ch\/de\/wp-json\/wp\/v2\/product\/8058\/revisions"}],"wp:featuredmedia":[{"embeddable":true,"href":"https:\/\/biogestion.ch\/de\/wp-json\/wp\/v2\/media\/28398"}],"wp:attachment":[{"href":"https:\/\/biogestion.ch\/de\/wp-json\/wp\/v2\/media?parent=8058"}],"wp:term":[{"taxonomy":"product_brand","embeddable":true,"href":"https:\/\/biogestion.ch\/de\/wp-json\/wp\/v2\/product_brand?post=8058"},{"taxonomy":"product_cat","embeddable":true,"href":"https:\/\/biogestion.ch\/de\/wp-json\/wp\/v2\/product_cat?post=8058"},{"taxonomy":"product_tag","embeddable":true,"href":"https:\/\/biogestion.ch\/de\/wp-json\/wp\/v2\/product_tag?post=8058"}],"curies":[{"name":"wp","href":"https:\/\/api.w.org\/{rel}","templated":true}]}}