{"id":8034,"date":"2020-11-10T21:08:03","date_gmt":"2020-11-10T20:08:03","guid":{"rendered":"https:\/\/biogestion.ch\/boutique\/unkategorisiert\/nigella-zahnpasta\/"},"modified":"2025-02-13T14:27:38","modified_gmt":"2025-02-13T13:27:38","slug":"nigella-zahnpasta","status":"publish","type":"product","link":"https:\/\/biogestion.ch\/de\/shop\/bio-kosmetik\/nigella-zahnpasta\/","title":{"rendered":"Bio Schwarzk\u00fcmmel Zahnpaste ohne Fluor"},"content":{"rendered":"<h2>Die Schwarzk\u00fcmmel Zahnpaste enth\u00e4lt nat\u00fcrliche Inhaltsstoffe und ist frei von Nanotechnik, Fluor und GVOs, PEG, SLS, Parabene, Farbstoffen sowie synthetischen Duft- und Konservierungsstoffen.<\/h2>\n<p>Das Schwarzk\u00fcmmelsamen\u00f6l* wird seit uralten Zeiten zur St\u00e4rkung des Immunsystems verwendet und ist bei Zahnfleischproblemen sehr empfehlenswert.<\/p>\n<p>Die gelungene Mischung aus Salbei* und gr\u00fcnem Tee* reinigt gr\u00fcndlich die Z\u00e4hne und beugt Karies und Zahnstein vor. Die mit Carvon angereichte, leichtsch\u00e4umende Zahncreme sorgt f\u00fcr einen angenehmen, frischen Geschmack. Reine mineralische Kiesels\u00e4ure reinigt sanft und greift den Zahnschmelz nicht an. Die Mundflora bleibt gesund und gesch\u00fctzt.<\/p>\n<p><em>* aus biologischem Anbau<\/em><\/p>\n<p><em>In Deutschland hergestellt.<\/em><\/p>\n<p><em>Einheitspreis: 7.50 CHF\/St\u00fcck<\/em><br \/>\n<em>Ab 3 St\u00fcck: 6.90 CHF\/St\u00fcck<\/em><\/p>\n","protected":false},"excerpt":{"rendered":"<p>Die Nigella-Zahnpasta von Eco Cosmetics reinigt die Z\u00e4hne gr\u00fcndlich und verhindert die Bildung von Karies und Zahnstein.<\/p>\n","protected":false},"featured_media":28400,"comment_status":"open","ping_status":"closed","template":"","meta":[],"product_brand":[],"product_cat":[1590],"product_tag":[],"class_list":{"0":"post-8034","1":"product","2":"type-product","3":"status-publish","4":"has-post-thumbnail","6":"product_cat-bio-kosmetik","8":"first","9":"instock","10":"taxable","11":"shipping-taxable","12":"purchasable","13":"product-type-simple"},"yoast_head":"<!-- This site is optimized with the Yoast SEO Premium plugin v27.3 (Yoast SEO v27.4) - https:\/\/yoast.com\/product\/yoast-seo-premium-wordpress\/ -->\n<title>Bio Schwarzk\u00fcmmel Zahnpaste | Tube zu 75 ml | Bio-Gestion<\/title>\n<meta name=\"description\" content=\"Die Nigella-Zahnpasta von Eco Cosmetics reinigt die Z\u00e4hne gr\u00fcndlich und verhindert die Bildung von Karies und Zahnstein.\" \/>\n<meta name=\"robots\" content=\"index, follow, max-snippet:-1, max-image-preview:large, max-video-preview:-1\" \/>\n<link rel=\"canonical\" href=\"https:\/\/biogestion.ch\/de\/shop\/bio-kosmetik\/nigella-zahnpasta\/\" \/>\n<meta name=\"twitter:label1\" content=\"Preis\" \/>\n\t<meta name=\"twitter:data1\" content=\"7.50&nbsp;&#067;&#072;&#070;\" \/>\n\t<meta name=\"twitter:label2\" content=\"Verf\u00fcgbarkeit\" \/>\n\t<meta name=\"twitter:data2\" content=\"Auf Lager\" \/>\n<script type=\"application\/ld+json\" class=\"yoast-schema-graph\">{\"@context\":\"https:\\\/\\\/schema.org\",\"@graph\":[{\"@type\":\"WebPage\",\"@id\":\"https:\\\/\\\/biogestion.ch\\\/de\\\/shop\\\/bio-kosmetik\\\/nigella-zahnpasta\\\/\",\"url\":\"https:\\\/\\\/biogestion.ch\\\/de\\\/shop\\\/bio-kosmetik\\\/nigella-zahnpasta\\\/\",\"name\":\"Bio Schwarzk\u00fcmmel Zahnpaste | Tube zu 75 ml | Bio-Gestion\",\"isPartOf\":{\"@id\":\"https:\\\/\\\/biogestion.ch\\\/de\\\/#website\"},\"primaryImageOfPage\":{\"@id\":\"https:\\\/\\\/biogestion.ch\\\/de\\\/shop\\\/bio-kosmetik\\\/nigella-zahnpasta\\\/#primaryimage\"},\"image\":{\"@id\":\"https:\\\/\\\/biogestion.ch\\\/de\\\/shop\\\/bio-kosmetik\\\/nigella-zahnpasta\\\/#primaryimage\"},\"thumbnailUrl\":\"https:\\\/\\\/biogestion.ch\\\/wp-content\\\/uploads\\\/2020\\\/11\\\/BG_2025_Dentifrice-Nigelle.png\",\"datePublished\":\"2020-11-10T20:08:03+00:00\",\"dateModified\":\"2025-02-13T13:27:38+00:00\",\"description\":\"Die Nigella-Zahnpasta von Eco Cosmetics reinigt die Z\u00e4hne gr\u00fcndlich und verhindert die Bildung von Karies und Zahnstein.\",\"breadcrumb\":{\"@id\":\"https:\\\/\\\/biogestion.ch\\\/de\\\/shop\\\/bio-kosmetik\\\/nigella-zahnpasta\\\/#breadcrumb\"},\"inLanguage\":\"de\",\"potentialAction\":[{\"@type\":\"ReadAction\",\"target\":[\"https:\\\/\\\/biogestion.ch\\\/de\\\/shop\\\/bio-kosmetik\\\/nigella-zahnpasta\\\/\"]}]},{\"@type\":\"ImageObject\",\"inLanguage\":\"de\",\"@id\":\"https:\\\/\\\/biogestion.ch\\\/de\\\/shop\\\/bio-kosmetik\\\/nigella-zahnpasta\\\/#primaryimage\",\"url\":\"https:\\\/\\\/biogestion.ch\\\/wp-content\\\/uploads\\\/2020\\\/11\\\/BG_2025_Dentifrice-Nigelle.png\",\"contentUrl\":\"https:\\\/\\\/biogestion.ch\\\/wp-content\\\/uploads\\\/2020\\\/11\\\/BG_2025_Dentifrice-Nigelle.png\",\"width\":723,\"height\":746},{\"@type\":\"BreadcrumbList\",\"@id\":\"https:\\\/\\\/biogestion.ch\\\/de\\\/shop\\\/bio-kosmetik\\\/nigella-zahnpasta\\\/#breadcrumb\",\"itemListElement\":[{\"@type\":\"ListItem\",\"position\":1,\"name\":\"Bio-Gestion\",\"item\":\"https:\\\/\\\/biogestion.ch\\\/\"},{\"@type\":\"ListItem\",\"position\":2,\"name\":\"Shop\",\"item\":\"https:\\\/\\\/biogestion.ch\\\/de\\\/shop\\\/\"},{\"@type\":\"ListItem\",\"position\":3,\"name\":\"Bio Schwarzk\u00fcmmel Zahnpaste ohne Fluor\"}]},{\"@type\":\"WebSite\",\"@id\":\"https:\\\/\\\/biogestion.ch\\\/de\\\/#website\",\"url\":\"https:\\\/\\\/biogestion.ch\\\/de\\\/\",\"name\":\"Bio-Gestion\",\"description\":\"Les compl\u00e9ments alimentaires suisses\",\"publisher\":{\"@id\":\"https:\\\/\\\/biogestion.ch\\\/de\\\/#organization\"},\"potentialAction\":[{\"@type\":\"SearchAction\",\"target\":{\"@type\":\"EntryPoint\",\"urlTemplate\":\"https:\\\/\\\/biogestion.ch\\\/de\\\/?s={search_term_string}\"},\"query-input\":{\"@type\":\"PropertyValueSpecification\",\"valueRequired\":true,\"valueName\":\"search_term_string\"}}],\"inLanguage\":\"de\"},{\"@type\":\"Organization\",\"@id\":\"https:\\\/\\\/biogestion.ch\\\/de\\\/#organization\",\"name\":\"Bio-Gestion SA\",\"url\":\"https:\\\/\\\/biogestion.ch\\\/de\\\/\",\"logo\":{\"@type\":\"ImageObject\",\"inLanguage\":\"de\",\"@id\":\"https:\\\/\\\/biogestion.ch\\\/de\\\/#\\\/schema\\\/logo\\\/image\\\/\",\"url\":\"https:\\\/\\\/biogestion.ch\\\/wp-content\\\/uploads\\\/2016\\\/05\\\/logo.png\",\"contentUrl\":\"https:\\\/\\\/biogestion.ch\\\/wp-content\\\/uploads\\\/2016\\\/05\\\/logo.png\",\"width\":200,\"height\":38,\"caption\":\"Bio-Gestion SA\"},\"image\":{\"@id\":\"https:\\\/\\\/biogestion.ch\\\/de\\\/#\\\/schema\\\/logo\\\/image\\\/\"}}]}<\/script>\n<meta property=\"product:price:amount\" content=\"7.50\" \/>\n<meta property=\"product:price:currency\" content=\"CHF\" \/>\n<meta property=\"og:availability\" content=\"instock\" \/>\n<meta property=\"product:availability\" content=\"instock\" \/>\n<meta property=\"product:condition\" content=\"new\" \/>\n<!-- \/ Yoast SEO Premium plugin. -->","yoast_head_json":{"title":"Bio Schwarzk\u00fcmmel Zahnpaste | Tube zu 75 ml | Bio-Gestion","description":"Die Nigella-Zahnpasta von Eco Cosmetics reinigt die Z\u00e4hne gr\u00fcndlich und verhindert die Bildung von Karies und Zahnstein.","robots":{"index":"index","follow":"follow","max-snippet":"max-snippet:-1","max-image-preview":"max-image-preview:large","max-video-preview":"max-video-preview:-1"},"canonical":"https:\/\/biogestion.ch\/de\/shop\/bio-kosmetik\/nigella-zahnpasta\/","twitter_misc":{"Preis":"7.50&nbsp;&#67;&#72;&#70;","Verf\u00fcgbarkeit":"Auf Lager"},"schema":{"@context":"https:\/\/schema.org","@graph":[{"@type":"WebPage","@id":"https:\/\/biogestion.ch\/de\/shop\/bio-kosmetik\/nigella-zahnpasta\/","url":"https:\/\/biogestion.ch\/de\/shop\/bio-kosmetik\/nigella-zahnpasta\/","name":"Bio Schwarzk\u00fcmmel Zahnpaste | Tube zu 75 ml | Bio-Gestion","isPartOf":{"@id":"https:\/\/biogestion.ch\/de\/#website"},"primaryImageOfPage":{"@id":"https:\/\/biogestion.ch\/de\/shop\/bio-kosmetik\/nigella-zahnpasta\/#primaryimage"},"image":{"@id":"https:\/\/biogestion.ch\/de\/shop\/bio-kosmetik\/nigella-zahnpasta\/#primaryimage"},"thumbnailUrl":"https:\/\/biogestion.ch\/wp-content\/uploads\/2020\/11\/BG_2025_Dentifrice-Nigelle.png","datePublished":"2020-11-10T20:08:03+00:00","dateModified":"2025-02-13T13:27:38+00:00","description":"Die Nigella-Zahnpasta von Eco Cosmetics reinigt die Z\u00e4hne gr\u00fcndlich und verhindert die Bildung von Karies und Zahnstein.","breadcrumb":{"@id":"https:\/\/biogestion.ch\/de\/shop\/bio-kosmetik\/nigella-zahnpasta\/#breadcrumb"},"inLanguage":"de","potentialAction":[{"@type":"ReadAction","target":["https:\/\/biogestion.ch\/de\/shop\/bio-kosmetik\/nigella-zahnpasta\/"]}]},{"@type":"ImageObject","inLanguage":"de","@id":"https:\/\/biogestion.ch\/de\/shop\/bio-kosmetik\/nigella-zahnpasta\/#primaryimage","url":"https:\/\/biogestion.ch\/wp-content\/uploads\/2020\/11\/BG_2025_Dentifrice-Nigelle.png","contentUrl":"https:\/\/biogestion.ch\/wp-content\/uploads\/2020\/11\/BG_2025_Dentifrice-Nigelle.png","width":723,"height":746},{"@type":"BreadcrumbList","@id":"https:\/\/biogestion.ch\/de\/shop\/bio-kosmetik\/nigella-zahnpasta\/#breadcrumb","itemListElement":[{"@type":"ListItem","position":1,"name":"Bio-Gestion","item":"https:\/\/biogestion.ch\/"},{"@type":"ListItem","position":2,"name":"Shop","item":"https:\/\/biogestion.ch\/de\/shop\/"},{"@type":"ListItem","position":3,"name":"Bio Schwarzk\u00fcmmel Zahnpaste ohne Fluor"}]},{"@type":"WebSite","@id":"https:\/\/biogestion.ch\/de\/#website","url":"https:\/\/biogestion.ch\/de\/","name":"Bio-Gestion","description":"Les compl\u00e9ments alimentaires suisses","publisher":{"@id":"https:\/\/biogestion.ch\/de\/#organization"},"potentialAction":[{"@type":"SearchAction","target":{"@type":"EntryPoint","urlTemplate":"https:\/\/biogestion.ch\/de\/?s={search_term_string}"},"query-input":{"@type":"PropertyValueSpecification","valueRequired":true,"valueName":"search_term_string"}}],"inLanguage":"de"},{"@type":"Organization","@id":"https:\/\/biogestion.ch\/de\/#organization","name":"Bio-Gestion SA","url":"https:\/\/biogestion.ch\/de\/","logo":{"@type":"ImageObject","inLanguage":"de","@id":"https:\/\/biogestion.ch\/de\/#\/schema\/logo\/image\/","url":"https:\/\/biogestion.ch\/wp-content\/uploads\/2016\/05\/logo.png","contentUrl":"https:\/\/biogestion.ch\/wp-content\/uploads\/2016\/05\/logo.png","width":200,"height":38,"caption":"Bio-Gestion SA"},"image":{"@id":"https:\/\/biogestion.ch\/de\/#\/schema\/logo\/image\/"}}]},"product_price_amount":"7.50","product_price_currency":"CHF","og_availability":"instock","product_availability":"instock","product_condition":"new"},"_links":{"self":[{"href":"https:\/\/biogestion.ch\/de\/wp-json\/wp\/v2\/product\/8034","targetHints":{"allow":["GET"]}}],"collection":[{"href":"https:\/\/biogestion.ch\/de\/wp-json\/wp\/v2\/product"}],"about":[{"href":"https:\/\/biogestion.ch\/de\/wp-json\/wp\/v2\/types\/product"}],"replies":[{"embeddable":true,"href":"https:\/\/biogestion.ch\/de\/wp-json\/wp\/v2\/comments?post=8034"}],"version-history":[{"count":0,"href":"https:\/\/biogestion.ch\/de\/wp-json\/wp\/v2\/product\/8034\/revisions"}],"wp:featuredmedia":[{"embeddable":true,"href":"https:\/\/biogestion.ch\/de\/wp-json\/wp\/v2\/media\/28400"}],"wp:attachment":[{"href":"https:\/\/biogestion.ch\/de\/wp-json\/wp\/v2\/media?parent=8034"}],"wp:term":[{"taxonomy":"product_brand","embeddable":true,"href":"https:\/\/biogestion.ch\/de\/wp-json\/wp\/v2\/product_brand?post=8034"},{"taxonomy":"product_cat","embeddable":true,"href":"https:\/\/biogestion.ch\/de\/wp-json\/wp\/v2\/product_cat?post=8034"},{"taxonomy":"product_tag","embeddable":true,"href":"https:\/\/biogestion.ch\/de\/wp-json\/wp\/v2\/product_tag?post=8034"}],"curies":[{"name":"wp","href":"https:\/\/api.w.org\/{rel}","templated":true}]}}