{"id":7997,"date":"2020-11-11T14:46:35","date_gmt":"2020-11-11T13:46:35","guid":{"rendered":"https:\/\/biogestion.ch\/boutique\/unkategorisiert\/horgerat\/"},"modified":"2025-06-26T15:26:13","modified_gmt":"2025-06-26T13:26:13","slug":"horgerat","status":"publish","type":"product","link":"https:\/\/biogestion.ch\/de\/shop\/zubehoer\/horgerat\/","title":{"rendered":"H\u00f6rger\u00e4t"},"content":{"rendered":"\t\t<div data-elementor-type=\"product-post\" data-elementor-id=\"7997\" class=\"elementor elementor-7997 elementor-7613\" data-elementor-post-type=\"product\">\n\t\t\t\t\t\t<section class=\"elementor-section elementor-top-section elementor-element elementor-element-02e8bb7 elementor-section-boxed elementor-section-height-default elementor-section-height-default\" data-id=\"02e8bb7\" data-element_type=\"section\" data-e-type=\"section\">\n\t\t\t\t\t\t<div class=\"elementor-container elementor-column-gap-default\">\n\t\t\t\t\t<div class=\"elementor-column elementor-col-100 elementor-top-column elementor-element elementor-element-5516e63\" data-id=\"5516e63\" data-element_type=\"column\" data-e-type=\"column\">\n\t\t\t<div class=\"elementor-widget-wrap elementor-element-populated\">\n\t\t\t\t\t\t<div class=\"elementor-element elementor-element-109ee01 elementor-widget elementor-widget-image\" data-id=\"109ee01\" data-element_type=\"widget\" data-e-type=\"widget\" data-widget_type=\"image.default\">\n\t\t\t\t<div class=\"elementor-widget-container\">\n\t\t\t\t\t\t\t\t\t\t\t\t\t\t\t<img fetchpriority=\"high\" decoding=\"async\" width=\"1920\" height=\"600\" src=\"https:\/\/biogestion.ch\/wp-content\/uploads\/2020\/11\/A171920x600.jpg\" class=\"attachment-full size-full wp-image-7624\" alt=\"\" srcset=\"https:\/\/biogestion.ch\/wp-content\/uploads\/2020\/11\/A171920x600.jpg 1920w, https:\/\/biogestion.ch\/wp-content\/uploads\/2020\/11\/A171920x600-300x94.jpg 300w, https:\/\/biogestion.ch\/wp-content\/uploads\/2020\/11\/A171920x600-1024x320.jpg 1024w, https:\/\/biogestion.ch\/wp-content\/uploads\/2020\/11\/A171920x600-768x240.jpg 768w, https:\/\/biogestion.ch\/wp-content\/uploads\/2020\/11\/A171920x600-1536x480.jpg 1536w, https:\/\/biogestion.ch\/wp-content\/uploads\/2020\/11\/A171920x600-280x88.jpg 280w, https:\/\/biogestion.ch\/wp-content\/uploads\/2020\/11\/A171920x600-600x188.jpg 600w\" sizes=\"(max-width: 1920px) 100vw, 1920px\" \/>\t\t\t\t\t\t\t\t\t\t\t\t\t\t\t<\/div>\n\t\t\t\t<\/div>\n\t\t\t\t<div class=\"elementor-element elementor-element-073a0c8 elementor-widget elementor-widget-heading\" data-id=\"073a0c8\" data-element_type=\"widget\" data-e-type=\"widget\" data-widget_type=\"heading.default\">\n\t\t\t\t<div class=\"elementor-widget-container\">\n\t\t\t\t\t<h2 class=\"elementor-heading-title elementor-size-default\">Noch diskreter, entdecken Sie die neuen H\u00f6rger\u00e4te.<\/h2>\t\t\t\t<\/div>\n\t\t\t\t<\/div>\n\t\t\t\t<section class=\"elementor-section elementor-inner-section elementor-element elementor-element-120f19b elementor-section-boxed elementor-section-height-default elementor-section-height-default\" data-id=\"120f19b\" data-element_type=\"section\" data-e-type=\"section\">\n\t\t\t\t\t\t<div class=\"elementor-container elementor-column-gap-default\">\n\t\t\t\t\t<div class=\"elementor-column elementor-col-50 elementor-inner-column elementor-element elementor-element-bc83fcf\" data-id=\"bc83fcf\" data-element_type=\"column\" data-e-type=\"column\">\n\t\t\t<div class=\"elementor-widget-wrap elementor-element-populated\">\n\t\t\t\t\t\t<div class=\"elementor-element elementor-element-cd45bad elementor-widget elementor-widget-text-editor\" data-id=\"cd45bad\" data-element_type=\"widget\" data-e-type=\"widget\" data-widget_type=\"text-editor.default\">\n\t\t\t\t<div class=\"elementor-widget-container\">\n\t\t\t\t\t\t\t\t\t<p>Das H\u00f6rger\u00e4t ist ideal f\u00fcr Menschen mit leichtem bis mittlerem H\u00f6rverlust, die ein H\u00f6rger\u00e4t oder einen fast unsichtbaren Ohrverst\u00e4rker suchen, um ihre H\u00f6rversorgung zu verbessern. Unsere H\u00f6rsysteme werden vollst\u00e4ndig in den Geh\u00f6rgang eingesetzt, und die Klangeinstellungen sind anpassbar. Die H\u00f6rsysteme eignen sich ideal f\u00fcr aktive Menschen, die High Definition (HD)-Ton von einem Ohrverst\u00e4rker w\u00fcnschen.<\/p>\n\t\t\t\t\t\t\t\t<\/div>\n\t\t\t\t<\/div>\n\t\t\t\t\t<\/div>\n\t\t<\/div>\n\t\t\t\t<div class=\"elementor-column elementor-col-50 elementor-inner-column elementor-element elementor-element-2b0db08\" data-id=\"2b0db08\" data-element_type=\"column\" data-e-type=\"column\">\n\t\t\t<div class=\"elementor-widget-wrap elementor-element-populated\">\n\t\t\t\t\t\t<div class=\"elementor-element elementor-element-c7dda70 elementor-widget elementor-widget-image\" data-id=\"c7dda70\" data-element_type=\"widget\" data-e-type=\"widget\" data-widget_type=\"image.default\">\n\t\t\t\t<div class=\"elementor-widget-container\">\n\t\t\t\t\t\t\t\t\t\t\t\t\t\t\t<img decoding=\"async\" width=\"800\" height=\"800\" src=\"https:\/\/biogestion.ch\/wp-content\/uploads\/2020\/11\/Small-Mini-Invisible-CIC-In-Canal-Hearing-Aids-19.jpg\" class=\"attachment-large size-large wp-image-7627\" alt=\"\" srcset=\"https:\/\/biogestion.ch\/wp-content\/uploads\/2020\/11\/Small-Mini-Invisible-CIC-In-Canal-Hearing-Aids-19.jpg 800w, https:\/\/biogestion.ch\/wp-content\/uploads\/2020\/11\/Small-Mini-Invisible-CIC-In-Canal-Hearing-Aids-19-300x300.jpg 300w, https:\/\/biogestion.ch\/wp-content\/uploads\/2020\/11\/Small-Mini-Invisible-CIC-In-Canal-Hearing-Aids-19-150x150.jpg 150w, https:\/\/biogestion.ch\/wp-content\/uploads\/2020\/11\/Small-Mini-Invisible-CIC-In-Canal-Hearing-Aids-19-768x768.jpg 768w, https:\/\/biogestion.ch\/wp-content\/uploads\/2020\/11\/Small-Mini-Invisible-CIC-In-Canal-Hearing-Aids-19-280x280.jpg 280w, https:\/\/biogestion.ch\/wp-content\/uploads\/2020\/11\/Small-Mini-Invisible-CIC-In-Canal-Hearing-Aids-19-600x600.jpg 600w, https:\/\/biogestion.ch\/wp-content\/uploads\/2020\/11\/Small-Mini-Invisible-CIC-In-Canal-Hearing-Aids-19-100x100.jpg 100w\" sizes=\"(max-width: 800px) 100vw, 800px\" \/>\t\t\t\t\t\t\t\t\t\t\t\t\t\t\t<\/div>\n\t\t\t\t<\/div>\n\t\t\t\t\t<\/div>\n\t\t<\/div>\n\t\t\t\t\t<\/div>\n\t\t<\/section>\n\t\t\t\t\t<\/div>\n\t\t<\/div>\n\t\t\t\t\t<\/div>\n\t\t<\/section>\n\t\t\t\t<section class=\"elementor-section elementor-top-section elementor-element elementor-element-8d07b64 elementor-section-boxed elementor-section-height-default elementor-section-height-default\" data-id=\"8d07b64\" data-element_type=\"section\" data-e-type=\"section\">\n\t\t\t\t\t\t<div class=\"elementor-container elementor-column-gap-default\">\n\t\t\t\t\t<div class=\"elementor-column elementor-col-100 elementor-top-column elementor-element elementor-element-224ddae\" data-id=\"224ddae\" data-element_type=\"column\" data-e-type=\"column\">\n\t\t\t<div class=\"elementor-widget-wrap elementor-element-populated\">\n\t\t\t\t\t\t<div class=\"elementor-element elementor-element-8c973f9 elementor-widget elementor-widget-heading\" data-id=\"8c973f9\" data-element_type=\"widget\" data-e-type=\"widget\" data-widget_type=\"heading.default\">\n\t\t\t\t<div class=\"elementor-widget-container\">\n\t\t\t\t\t<h2 class=\"elementor-heading-title elementor-size-default\">Wie benutze ich die H\u00f6rsysteme im Geh\u00f6rgang vollst\u00e4ndig?<\/h2>\t\t\t\t<\/div>\n\t\t\t\t<\/div>\n\t\t\t\t<div class=\"elementor-element elementor-element-6c23a6c elementor-widget elementor-widget-text-editor\" data-id=\"6c23a6c\" data-element_type=\"widget\" data-e-type=\"widget\" data-widget_type=\"text-editor.default\">\n\t\t\t\t<div class=\"elementor-widget-container\">\n\t\t\t\t\t\t\t\t\t<ul>\n<li>Stellen Sie die Lautst\u00e4rke auf das Minimum ein oder schalten Sie sie vor dem Tragen aus.<\/li>\n<li>W\u00e4hlen Sie die richtige Gr\u00f6\u00dfe der Ohrst\u00f6psel, um zus\u00e4tzlichen L\u00e4rm zu vermeiden.<\/li>\n<li>Erh\u00f6hen Sie die Lautst\u00e4rke allm\u00e4hlich, um einen pl\u00f6tzlichen Anstieg des Tons zu vermeiden.<\/li>\n<li>Wenn Sie einen quietschenden Ton h\u00f6ren, pr\u00fcfen Sie, ob das Ohr (Kieselgel) geeignet ist, und wenn die Ohrpass-St\u00fccke eng anliegen, stellen Sie sicher, dass keine Luft austritt.<\/li>\n<li>Bitte reinigen Sie die Ohrst\u00f6psel regelm\u00e4\u00dfig, um einen normalen Gebrauch der H\u00f6rsysteme zu gew\u00e4hrleisten.<\/li>\n<li>Bei l\u00e4ngerem Gebrauch entfernen Sie bitte die Batterien, um ein Verrotten der H\u00f6rger\u00e4tekomponenten zu vermeiden.<\/li>\n<\/ul>\n\t\t\t\t\t\t\t\t<\/div>\n\t\t\t\t<\/div>\n\t\t\t\t\t<\/div>\n\t\t<\/div>\n\t\t\t\t\t<\/div>\n\t\t<\/section>\n\t\t\t\t<\/div>\n\t\t","protected":false},"excerpt":{"rendered":"<p>Das H\u00f6rger\u00e4t ist ideal f\u00fcr Menschen, die eine L\u00f6sung f\u00fcr H\u00f6rprobleme und Taubheit suchen.<\/p>\n","protected":false},"featured_media":28373,"comment_status":"open","ping_status":"closed","template":"","meta":[],"product_brand":[1689],"product_cat":[1599],"product_tag":[],"class_list":{"0":"post-7997","1":"product","2":"type-product","3":"status-publish","4":"has-post-thumbnail","6":"product_brand-bio-gestion","7":"product_cat-zubehoer","9":"first","10":"instock","11":"sale","12":"taxable","13":"shipping-taxable","14":"purchasable","15":"product-type-variable"},"yoast_head":"<!-- This site is optimized with the Yoast SEO Premium plugin v27.3 (Yoast SEO v27.3) - https:\/\/yoast.com\/product\/yoast-seo-premium-wordpress\/ -->\n<title>H\u00f6rger\u00e4t | Geh\u00f6rlosigkeit | Gesundheitszubeh\u00f6r | Bio-Gestion<\/title>\n<meta name=\"description\" content=\"Das H\u00f6rger\u00e4t ist ideal f\u00fcr Menschen, die eine L\u00f6sung f\u00fcr H\u00f6rprobleme und Geh\u00f6rlosigkeit suchen. Links und Recht \u00d6hr zum Wahl.\" \/>\n<meta name=\"robots\" content=\"index, follow, max-snippet:-1, max-image-preview:large, max-video-preview:-1\" \/>\n<link rel=\"canonical\" href=\"https:\/\/biogestion.ch\/de\/shop\/sale\/horgerat\/\" \/>\n<meta name=\"twitter:label1\" content=\"Verf\u00fcgbarkeit\" \/>\n\t<meta name=\"twitter:data1\" content=\"Auf Lager\" \/>\n<script type=\"application\/ld+json\" class=\"yoast-schema-graph\">{\"@context\":\"https:\\\/\\\/schema.org\",\"@graph\":[{\"@type\":\"WebPage\",\"@id\":\"https:\\\/\\\/biogestion.ch\\\/de\\\/shop\\\/sale\\\/horgerat\\\/\",\"url\":\"https:\\\/\\\/biogestion.ch\\\/de\\\/shop\\\/sale\\\/horgerat\\\/\",\"name\":\"H\u00f6rger\u00e4t | Geh\u00f6rlosigkeit | Gesundheitszubeh\u00f6r | Bio-Gestion\",\"isPartOf\":{\"@id\":\"https:\\\/\\\/biogestion.ch\\\/de\\\/#website\"},\"primaryImageOfPage\":{\"@id\":\"https:\\\/\\\/biogestion.ch\\\/de\\\/shop\\\/sale\\\/horgerat\\\/#primaryimage\"},\"image\":{\"@id\":\"https:\\\/\\\/biogestion.ch\\\/de\\\/shop\\\/sale\\\/horgerat\\\/#primaryimage\"},\"thumbnailUrl\":\"https:\\\/\\\/biogestion.ch\\\/wp-content\\\/uploads\\\/2025\\\/10\\\/BG_2025_Aide-Auditive.png\",\"datePublished\":\"2020-11-11T13:46:35+00:00\",\"dateModified\":\"2025-06-26T13:26:13+00:00\",\"description\":\"Das H\u00f6rger\u00e4t ist ideal f\u00fcr Menschen, die eine L\u00f6sung f\u00fcr H\u00f6rprobleme und Geh\u00f6rlosigkeit suchen. Links und Recht \u00d6hr zum Wahl.\",\"breadcrumb\":{\"@id\":\"https:\\\/\\\/biogestion.ch\\\/de\\\/shop\\\/sale\\\/horgerat\\\/#breadcrumb\"},\"inLanguage\":\"de\",\"potentialAction\":[{\"@type\":\"ReadAction\",\"target\":[\"https:\\\/\\\/biogestion.ch\\\/de\\\/shop\\\/sale\\\/horgerat\\\/\"]}]},{\"@type\":\"ImageObject\",\"inLanguage\":\"de\",\"@id\":\"https:\\\/\\\/biogestion.ch\\\/de\\\/shop\\\/sale\\\/horgerat\\\/#primaryimage\",\"url\":\"https:\\\/\\\/biogestion.ch\\\/wp-content\\\/uploads\\\/2025\\\/10\\\/BG_2025_Aide-Auditive.png\",\"contentUrl\":\"https:\\\/\\\/biogestion.ch\\\/wp-content\\\/uploads\\\/2025\\\/10\\\/BG_2025_Aide-Auditive.png\",\"width\":840,\"height\":839},{\"@type\":\"BreadcrumbList\",\"@id\":\"https:\\\/\\\/biogestion.ch\\\/de\\\/shop\\\/sale\\\/horgerat\\\/#breadcrumb\",\"itemListElement\":[{\"@type\":\"ListItem\",\"position\":1,\"name\":\"Bio-Gestion\",\"item\":\"https:\\\/\\\/biogestion.ch\\\/\"},{\"@type\":\"ListItem\",\"position\":2,\"name\":\"Shop\",\"item\":\"https:\\\/\\\/biogestion.ch\\\/de\\\/shop\\\/\"},{\"@type\":\"ListItem\",\"position\":3,\"name\":\"H\u00f6rger\u00e4t\"}]},{\"@type\":\"WebSite\",\"@id\":\"https:\\\/\\\/biogestion.ch\\\/de\\\/#website\",\"url\":\"https:\\\/\\\/biogestion.ch\\\/de\\\/\",\"name\":\"Bio-Gestion\",\"description\":\"Les compl\u00e9ments alimentaires suisses\",\"publisher\":{\"@id\":\"https:\\\/\\\/biogestion.ch\\\/de\\\/#organization\"},\"potentialAction\":[{\"@type\":\"SearchAction\",\"target\":{\"@type\":\"EntryPoint\",\"urlTemplate\":\"https:\\\/\\\/biogestion.ch\\\/de\\\/?s={search_term_string}\"},\"query-input\":{\"@type\":\"PropertyValueSpecification\",\"valueRequired\":true,\"valueName\":\"search_term_string\"}}],\"inLanguage\":\"de\"},{\"@type\":\"Organization\",\"@id\":\"https:\\\/\\\/biogestion.ch\\\/de\\\/#organization\",\"name\":\"Bio-Gestion SA\",\"url\":\"https:\\\/\\\/biogestion.ch\\\/de\\\/\",\"logo\":{\"@type\":\"ImageObject\",\"inLanguage\":\"de\",\"@id\":\"https:\\\/\\\/biogestion.ch\\\/de\\\/#\\\/schema\\\/logo\\\/image\\\/\",\"url\":\"https:\\\/\\\/biogestion.ch\\\/wp-content\\\/uploads\\\/2016\\\/05\\\/logo.png\",\"contentUrl\":\"https:\\\/\\\/biogestion.ch\\\/wp-content\\\/uploads\\\/2016\\\/05\\\/logo.png\",\"width\":200,\"height\":38,\"caption\":\"Bio-Gestion SA\"},\"image\":{\"@id\":\"https:\\\/\\\/biogestion.ch\\\/de\\\/#\\\/schema\\\/logo\\\/image\\\/\"}}]}<\/script>\n<meta property=\"og:availability\" content=\"instock\" \/>\n<meta property=\"product:availability\" content=\"instock\" \/>\n<meta property=\"product:condition\" content=\"new\" \/>\n<!-- \/ Yoast SEO Premium plugin. -->","yoast_head_json":{"title":"H\u00f6rger\u00e4t | Geh\u00f6rlosigkeit | Gesundheitszubeh\u00f6r | Bio-Gestion","description":"Das H\u00f6rger\u00e4t ist ideal f\u00fcr Menschen, die eine L\u00f6sung f\u00fcr H\u00f6rprobleme und Geh\u00f6rlosigkeit suchen. Links und Recht \u00d6hr zum Wahl.","robots":{"index":"index","follow":"follow","max-snippet":"max-snippet:-1","max-image-preview":"max-image-preview:large","max-video-preview":"max-video-preview:-1"},"canonical":"https:\/\/biogestion.ch\/de\/shop\/sale\/horgerat\/","twitter_misc":{"Verf\u00fcgbarkeit":"Auf Lager"},"schema":{"@context":"https:\/\/schema.org","@graph":[{"@type":"WebPage","@id":"https:\/\/biogestion.ch\/de\/shop\/sale\/horgerat\/","url":"https:\/\/biogestion.ch\/de\/shop\/sale\/horgerat\/","name":"H\u00f6rger\u00e4t | Geh\u00f6rlosigkeit | Gesundheitszubeh\u00f6r | Bio-Gestion","isPartOf":{"@id":"https:\/\/biogestion.ch\/de\/#website"},"primaryImageOfPage":{"@id":"https:\/\/biogestion.ch\/de\/shop\/sale\/horgerat\/#primaryimage"},"image":{"@id":"https:\/\/biogestion.ch\/de\/shop\/sale\/horgerat\/#primaryimage"},"thumbnailUrl":"https:\/\/biogestion.ch\/wp-content\/uploads\/2025\/10\/BG_2025_Aide-Auditive.png","datePublished":"2020-11-11T13:46:35+00:00","dateModified":"2025-06-26T13:26:13+00:00","description":"Das H\u00f6rger\u00e4t ist ideal f\u00fcr Menschen, die eine L\u00f6sung f\u00fcr H\u00f6rprobleme und Geh\u00f6rlosigkeit suchen. Links und Recht \u00d6hr zum Wahl.","breadcrumb":{"@id":"https:\/\/biogestion.ch\/de\/shop\/sale\/horgerat\/#breadcrumb"},"inLanguage":"de","potentialAction":[{"@type":"ReadAction","target":["https:\/\/biogestion.ch\/de\/shop\/sale\/horgerat\/"]}]},{"@type":"ImageObject","inLanguage":"de","@id":"https:\/\/biogestion.ch\/de\/shop\/sale\/horgerat\/#primaryimage","url":"https:\/\/biogestion.ch\/wp-content\/uploads\/2025\/10\/BG_2025_Aide-Auditive.png","contentUrl":"https:\/\/biogestion.ch\/wp-content\/uploads\/2025\/10\/BG_2025_Aide-Auditive.png","width":840,"height":839},{"@type":"BreadcrumbList","@id":"https:\/\/biogestion.ch\/de\/shop\/sale\/horgerat\/#breadcrumb","itemListElement":[{"@type":"ListItem","position":1,"name":"Bio-Gestion","item":"https:\/\/biogestion.ch\/"},{"@type":"ListItem","position":2,"name":"Shop","item":"https:\/\/biogestion.ch\/de\/shop\/"},{"@type":"ListItem","position":3,"name":"H\u00f6rger\u00e4t"}]},{"@type":"WebSite","@id":"https:\/\/biogestion.ch\/de\/#website","url":"https:\/\/biogestion.ch\/de\/","name":"Bio-Gestion","description":"Les compl\u00e9ments alimentaires suisses","publisher":{"@id":"https:\/\/biogestion.ch\/de\/#organization"},"potentialAction":[{"@type":"SearchAction","target":{"@type":"EntryPoint","urlTemplate":"https:\/\/biogestion.ch\/de\/?s={search_term_string}"},"query-input":{"@type":"PropertyValueSpecification","valueRequired":true,"valueName":"search_term_string"}}],"inLanguage":"de"},{"@type":"Organization","@id":"https:\/\/biogestion.ch\/de\/#organization","name":"Bio-Gestion SA","url":"https:\/\/biogestion.ch\/de\/","logo":{"@type":"ImageObject","inLanguage":"de","@id":"https:\/\/biogestion.ch\/de\/#\/schema\/logo\/image\/","url":"https:\/\/biogestion.ch\/wp-content\/uploads\/2016\/05\/logo.png","contentUrl":"https:\/\/biogestion.ch\/wp-content\/uploads\/2016\/05\/logo.png","width":200,"height":38,"caption":"Bio-Gestion SA"},"image":{"@id":"https:\/\/biogestion.ch\/de\/#\/schema\/logo\/image\/"}}]},"og_availability":"instock","product_availability":"instock","product_condition":"new"},"_links":{"self":[{"href":"https:\/\/biogestion.ch\/de\/wp-json\/wp\/v2\/product\/7997","targetHints":{"allow":["GET"]}}],"collection":[{"href":"https:\/\/biogestion.ch\/de\/wp-json\/wp\/v2\/product"}],"about":[{"href":"https:\/\/biogestion.ch\/de\/wp-json\/wp\/v2\/types\/product"}],"replies":[{"embeddable":true,"href":"https:\/\/biogestion.ch\/de\/wp-json\/wp\/v2\/comments?post=7997"}],"version-history":[{"count":0,"href":"https:\/\/biogestion.ch\/de\/wp-json\/wp\/v2\/product\/7997\/revisions"}],"wp:featuredmedia":[{"embeddable":true,"href":"https:\/\/biogestion.ch\/de\/wp-json\/wp\/v2\/media\/28373"}],"wp:attachment":[{"href":"https:\/\/biogestion.ch\/de\/wp-json\/wp\/v2\/media?parent=7997"}],"wp:term":[{"taxonomy":"product_brand","embeddable":true,"href":"https:\/\/biogestion.ch\/de\/wp-json\/wp\/v2\/product_brand?post=7997"},{"taxonomy":"product_cat","embeddable":true,"href":"https:\/\/biogestion.ch\/de\/wp-json\/wp\/v2\/product_cat?post=7997"},{"taxonomy":"product_tag","embeddable":true,"href":"https:\/\/biogestion.ch\/de\/wp-json\/wp\/v2\/product_tag?post=7997"}],"curies":[{"name":"wp","href":"https:\/\/api.w.org\/{rel}","templated":true}]}}