{"id":7986,"date":"2020-11-11T14:46:50","date_gmt":"2020-11-11T13:46:50","guid":{"rendered":"https:\/\/biogestion.ch\/?post_type=product&#038;p=7986"},"modified":"2026-04-02T15:29:27","modified_gmt":"2026-04-02T13:29:27","slug":"kontaktloses-thermometer","status":"publish","type":"product","link":"https:\/\/biogestion.ch\/de\/shop\/sale\/kontaktloses-thermometer\/","title":{"rendered":"Kontaktloses Thermometer"},"content":{"rendered":"<h2>Die neueste Generation des kontaktlosen Infrarot-Stirnthermometers, praktisch und einfach in der Anwendung.<\/h2>\n<p>Rektal- oder Achselh\u00f6hlenmessungen sind oft unbequem und unhygienisch. Mit diesem neuen ber\u00fchrungslosen Thermometer k\u00f6nnen Sie die Temperatur ganz einfach mit nur einem Klick messen.<\/p>\n<p>Platzieren Sie dieses Thermometer 3-5 cm von Ihrer Stirn entfernt und Sie wissen sofort Ihre Temperatur.<\/p>\n<p>Sie ber\u00fchren die Haut nicht mehr. Sein beleuchtetes Display erm\u00f6glicht es, die Temperatur auch bei Nacht gut abzulesen.<\/p>\n<p>Im Falle von Sch\u00fcttelfrost und Unwohlsein gen\u00fcgt ein einfacher Klick und Sie wissen, ob Sie Fieber haben.<\/p>\n<p>Es funktioniert dank eines Infrarotstrahls, der die von der Stirn erzeugte W\u00e4rme mit gro\u00dfer Pr\u00e4zision auswertet.<\/p>\n<p>Das einfache Ablesen erfolgt auf einem Bildschirm, der je nach K\u00f6rpertemperatur rot, orange oder gr\u00fcn aufleuchtet.<br \/>\n<br \/><em>Einheitspreis: 69.90 CHF\/St\u00fcck<\/em><br \/>\n<em>Ab 3 St\u00fcck: 65.20 CHF\/St\u00fcck<\/em><\/p>\n","protected":false},"excerpt":{"rendered":"<p>Ein kontaktloses Infrarot-Stirnthermometer der neuesten Generation, das praktisch und einfach zu bedienen ist.<\/p>\n","protected":false},"featured_media":28359,"comment_status":"open","ping_status":"closed","template":"","meta":[],"product_brand":[1689],"product_cat":[1587,1599],"product_tag":[],"class_list":{"0":"post-7986","1":"product","2":"type-product","3":"status-publish","4":"has-post-thumbnail","6":"product_brand-bio-gestion","7":"product_cat-sale","8":"product_cat-zubehoer","10":"first","11":"instock","12":"sale","13":"taxable","14":"shipping-taxable","15":"purchasable","16":"product-type-simple"},"yoast_head":"<!-- This site is optimized with the Yoast SEO Premium plugin v27.3 (Yoast SEO v27.3) - https:\/\/yoast.com\/product\/yoast-seo-premium-wordpress\/ -->\n<title>Kontaktloses Thermometer | Gesundheitszubeh\u00f6r | Bio-Gestion<\/title>\n<meta name=\"description\" content=\"Die neueste Generation des kontaktlosen Infrarot-Stirnthermometers, praktisch und einfach in der Anwendung.\" \/>\n<meta name=\"robots\" content=\"index, follow, max-snippet:-1, max-image-preview:large, max-video-preview:-1\" \/>\n<link rel=\"canonical\" href=\"https:\/\/biogestion.ch\/de\/shop\/sale\/kontaktloses-thermometer\/\" \/>\n<meta name=\"twitter:label1\" content=\"Preis\" \/>\n\t<meta name=\"twitter:data1\" content=\"39.00&nbsp;&#067;&#072;&#070;\" \/>\n\t<meta name=\"twitter:label2\" content=\"Verf\u00fcgbarkeit\" \/>\n\t<meta name=\"twitter:data2\" content=\"Auf Lager\" \/>\n<script type=\"application\/ld+json\" class=\"yoast-schema-graph\">{\"@context\":\"https:\\\/\\\/schema.org\",\"@graph\":[{\"@type\":\"WebPage\",\"@id\":\"https:\\\/\\\/biogestion.ch\\\/de\\\/shop\\\/sale\\\/kontaktloses-thermometer\\\/\",\"url\":\"https:\\\/\\\/biogestion.ch\\\/de\\\/shop\\\/sale\\\/kontaktloses-thermometer\\\/\",\"name\":\"Kontaktloses Thermometer | Gesundheitszubeh\u00f6r | Bio-Gestion\",\"isPartOf\":{\"@id\":\"https:\\\/\\\/biogestion.ch\\\/de\\\/#website\"},\"primaryImageOfPage\":{\"@id\":\"https:\\\/\\\/biogestion.ch\\\/de\\\/shop\\\/sale\\\/kontaktloses-thermometer\\\/#primaryimage\"},\"image\":{\"@id\":\"https:\\\/\\\/biogestion.ch\\\/de\\\/shop\\\/sale\\\/kontaktloses-thermometer\\\/#primaryimage\"},\"thumbnailUrl\":\"https:\\\/\\\/biogestion.ch\\\/wp-content\\\/uploads\\\/2025\\\/10\\\/BG_2025_Thermometre-Sans-Contact.png\",\"datePublished\":\"2020-11-11T13:46:50+00:00\",\"dateModified\":\"2026-04-02T13:29:27+00:00\",\"description\":\"Die neueste Generation des kontaktlosen Infrarot-Stirnthermometers, praktisch und einfach in der Anwendung.\",\"breadcrumb\":{\"@id\":\"https:\\\/\\\/biogestion.ch\\\/de\\\/shop\\\/sale\\\/kontaktloses-thermometer\\\/#breadcrumb\"},\"inLanguage\":\"de\",\"potentialAction\":[{\"@type\":\"ReadAction\",\"target\":[\"https:\\\/\\\/biogestion.ch\\\/de\\\/shop\\\/sale\\\/kontaktloses-thermometer\\\/\"]}]},{\"@type\":\"ImageObject\",\"inLanguage\":\"de\",\"@id\":\"https:\\\/\\\/biogestion.ch\\\/de\\\/shop\\\/sale\\\/kontaktloses-thermometer\\\/#primaryimage\",\"url\":\"https:\\\/\\\/biogestion.ch\\\/wp-content\\\/uploads\\\/2025\\\/10\\\/BG_2025_Thermometre-Sans-Contact.png\",\"contentUrl\":\"https:\\\/\\\/biogestion.ch\\\/wp-content\\\/uploads\\\/2025\\\/10\\\/BG_2025_Thermometre-Sans-Contact.png\",\"width\":907,\"height\":836},{\"@type\":\"BreadcrumbList\",\"@id\":\"https:\\\/\\\/biogestion.ch\\\/de\\\/shop\\\/sale\\\/kontaktloses-thermometer\\\/#breadcrumb\",\"itemListElement\":[{\"@type\":\"ListItem\",\"position\":1,\"name\":\"Bio-Gestion\",\"item\":\"https:\\\/\\\/biogestion.ch\\\/\"},{\"@type\":\"ListItem\",\"position\":2,\"name\":\"Shop\",\"item\":\"https:\\\/\\\/biogestion.ch\\\/de\\\/shop\\\/\"},{\"@type\":\"ListItem\",\"position\":3,\"name\":\"Kontaktloses Thermometer\"}]},{\"@type\":\"WebSite\",\"@id\":\"https:\\\/\\\/biogestion.ch\\\/de\\\/#website\",\"url\":\"https:\\\/\\\/biogestion.ch\\\/de\\\/\",\"name\":\"Bio-Gestion\",\"description\":\"Les compl\u00e9ments alimentaires suisses\",\"publisher\":{\"@id\":\"https:\\\/\\\/biogestion.ch\\\/de\\\/#organization\"},\"potentialAction\":[{\"@type\":\"SearchAction\",\"target\":{\"@type\":\"EntryPoint\",\"urlTemplate\":\"https:\\\/\\\/biogestion.ch\\\/de\\\/?s={search_term_string}\"},\"query-input\":{\"@type\":\"PropertyValueSpecification\",\"valueRequired\":true,\"valueName\":\"search_term_string\"}}],\"inLanguage\":\"de\"},{\"@type\":\"Organization\",\"@id\":\"https:\\\/\\\/biogestion.ch\\\/de\\\/#organization\",\"name\":\"Bio-Gestion SA\",\"url\":\"https:\\\/\\\/biogestion.ch\\\/de\\\/\",\"logo\":{\"@type\":\"ImageObject\",\"inLanguage\":\"de\",\"@id\":\"https:\\\/\\\/biogestion.ch\\\/de\\\/#\\\/schema\\\/logo\\\/image\\\/\",\"url\":\"https:\\\/\\\/biogestion.ch\\\/wp-content\\\/uploads\\\/2016\\\/05\\\/logo.png\",\"contentUrl\":\"https:\\\/\\\/biogestion.ch\\\/wp-content\\\/uploads\\\/2016\\\/05\\\/logo.png\",\"width\":200,\"height\":38,\"caption\":\"Bio-Gestion SA\"},\"image\":{\"@id\":\"https:\\\/\\\/biogestion.ch\\\/de\\\/#\\\/schema\\\/logo\\\/image\\\/\"}}]}<\/script>\n<meta property=\"product:price:amount\" content=\"39.00\" \/>\n<meta property=\"product:price:currency\" content=\"CHF\" \/>\n<meta property=\"og:availability\" content=\"instock\" \/>\n<meta property=\"product:availability\" content=\"instock\" \/>\n<meta property=\"product:condition\" content=\"new\" \/>\n<!-- \/ Yoast SEO Premium plugin. -->","yoast_head_json":{"title":"Kontaktloses Thermometer | Gesundheitszubeh\u00f6r | Bio-Gestion","description":"Die neueste Generation des kontaktlosen Infrarot-Stirnthermometers, praktisch und einfach in der Anwendung.","robots":{"index":"index","follow":"follow","max-snippet":"max-snippet:-1","max-image-preview":"max-image-preview:large","max-video-preview":"max-video-preview:-1"},"canonical":"https:\/\/biogestion.ch\/de\/shop\/sale\/kontaktloses-thermometer\/","twitter_misc":{"Preis":"39.00&nbsp;&#67;&#72;&#70;","Verf\u00fcgbarkeit":"Auf Lager"},"schema":{"@context":"https:\/\/schema.org","@graph":[{"@type":"WebPage","@id":"https:\/\/biogestion.ch\/de\/shop\/sale\/kontaktloses-thermometer\/","url":"https:\/\/biogestion.ch\/de\/shop\/sale\/kontaktloses-thermometer\/","name":"Kontaktloses Thermometer | Gesundheitszubeh\u00f6r | Bio-Gestion","isPartOf":{"@id":"https:\/\/biogestion.ch\/de\/#website"},"primaryImageOfPage":{"@id":"https:\/\/biogestion.ch\/de\/shop\/sale\/kontaktloses-thermometer\/#primaryimage"},"image":{"@id":"https:\/\/biogestion.ch\/de\/shop\/sale\/kontaktloses-thermometer\/#primaryimage"},"thumbnailUrl":"https:\/\/biogestion.ch\/wp-content\/uploads\/2025\/10\/BG_2025_Thermometre-Sans-Contact.png","datePublished":"2020-11-11T13:46:50+00:00","dateModified":"2026-04-02T13:29:27+00:00","description":"Die neueste Generation des kontaktlosen Infrarot-Stirnthermometers, praktisch und einfach in der Anwendung.","breadcrumb":{"@id":"https:\/\/biogestion.ch\/de\/shop\/sale\/kontaktloses-thermometer\/#breadcrumb"},"inLanguage":"de","potentialAction":[{"@type":"ReadAction","target":["https:\/\/biogestion.ch\/de\/shop\/sale\/kontaktloses-thermometer\/"]}]},{"@type":"ImageObject","inLanguage":"de","@id":"https:\/\/biogestion.ch\/de\/shop\/sale\/kontaktloses-thermometer\/#primaryimage","url":"https:\/\/biogestion.ch\/wp-content\/uploads\/2025\/10\/BG_2025_Thermometre-Sans-Contact.png","contentUrl":"https:\/\/biogestion.ch\/wp-content\/uploads\/2025\/10\/BG_2025_Thermometre-Sans-Contact.png","width":907,"height":836},{"@type":"BreadcrumbList","@id":"https:\/\/biogestion.ch\/de\/shop\/sale\/kontaktloses-thermometer\/#breadcrumb","itemListElement":[{"@type":"ListItem","position":1,"name":"Bio-Gestion","item":"https:\/\/biogestion.ch\/"},{"@type":"ListItem","position":2,"name":"Shop","item":"https:\/\/biogestion.ch\/de\/shop\/"},{"@type":"ListItem","position":3,"name":"Kontaktloses Thermometer"}]},{"@type":"WebSite","@id":"https:\/\/biogestion.ch\/de\/#website","url":"https:\/\/biogestion.ch\/de\/","name":"Bio-Gestion","description":"Les compl\u00e9ments alimentaires suisses","publisher":{"@id":"https:\/\/biogestion.ch\/de\/#organization"},"potentialAction":[{"@type":"SearchAction","target":{"@type":"EntryPoint","urlTemplate":"https:\/\/biogestion.ch\/de\/?s={search_term_string}"},"query-input":{"@type":"PropertyValueSpecification","valueRequired":true,"valueName":"search_term_string"}}],"inLanguage":"de"},{"@type":"Organization","@id":"https:\/\/biogestion.ch\/de\/#organization","name":"Bio-Gestion SA","url":"https:\/\/biogestion.ch\/de\/","logo":{"@type":"ImageObject","inLanguage":"de","@id":"https:\/\/biogestion.ch\/de\/#\/schema\/logo\/image\/","url":"https:\/\/biogestion.ch\/wp-content\/uploads\/2016\/05\/logo.png","contentUrl":"https:\/\/biogestion.ch\/wp-content\/uploads\/2016\/05\/logo.png","width":200,"height":38,"caption":"Bio-Gestion SA"},"image":{"@id":"https:\/\/biogestion.ch\/de\/#\/schema\/logo\/image\/"}}]},"product_price_amount":"39.00","product_price_currency":"CHF","og_availability":"instock","product_availability":"instock","product_condition":"new"},"_links":{"self":[{"href":"https:\/\/biogestion.ch\/de\/wp-json\/wp\/v2\/product\/7986","targetHints":{"allow":["GET"]}}],"collection":[{"href":"https:\/\/biogestion.ch\/de\/wp-json\/wp\/v2\/product"}],"about":[{"href":"https:\/\/biogestion.ch\/de\/wp-json\/wp\/v2\/types\/product"}],"replies":[{"embeddable":true,"href":"https:\/\/biogestion.ch\/de\/wp-json\/wp\/v2\/comments?post=7986"}],"version-history":[{"count":0,"href":"https:\/\/biogestion.ch\/de\/wp-json\/wp\/v2\/product\/7986\/revisions"}],"wp:featuredmedia":[{"embeddable":true,"href":"https:\/\/biogestion.ch\/de\/wp-json\/wp\/v2\/media\/28359"}],"wp:attachment":[{"href":"https:\/\/biogestion.ch\/de\/wp-json\/wp\/v2\/media?parent=7986"}],"wp:term":[{"taxonomy":"product_brand","embeddable":true,"href":"https:\/\/biogestion.ch\/de\/wp-json\/wp\/v2\/product_brand?post=7986"},{"taxonomy":"product_cat","embeddable":true,"href":"https:\/\/biogestion.ch\/de\/wp-json\/wp\/v2\/product_cat?post=7986"},{"taxonomy":"product_tag","embeddable":true,"href":"https:\/\/biogestion.ch\/de\/wp-json\/wp\/v2\/product_tag?post=7986"}],"curies":[{"name":"wp","href":"https:\/\/api.w.org\/{rel}","templated":true}]}}