{"id":647,"date":"2016-06-07T08:49:59","date_gmt":"2016-06-07T06:49:59","guid":{"rendered":"http:\/\/biogestion.ch\/de\/boutique\/non%20class\u00e9\/poudre-dortie\/"},"modified":"2025-12-30T11:19:15","modified_gmt":"2025-12-30T10:19:15","slug":"brennnessel","status":"publish","type":"product","link":"https:\/\/biogestion.ch\/de\/shop\/vegan-de\/brennnessel\/","title":{"rendered":"Brennnessel Bio"},"content":{"rendered":"<h2>Optimieren Sie Ihre Zufuhr an essenziellen N\u00e4hrstoffen mit Brennnessel Bio, einem nat\u00fcrlichen Nahrungserg\u00e4nzungsmittel, das reich an Vitaminen und Mineralstoffen ist.<\/h2>\n<p>Das Bio-Brennnesselpulver ist ein nat\u00fcrliches Nahrungserg\u00e4nzungsmittel, das aus den Bl\u00e4ttern der Brennnessel gewonnen wird, die f\u00fcr ihr bemerkenswertes N\u00e4hrstoffprofil bekannt sind. Dieses Pulver bietet eine praktische, stichfreie und wirksame M\u00f6glichkeit, von den Eigenschaften der Brennnessel zu profitieren, einer Pflanze, die f\u00fcr ihre zahlreichen wohltuenden Wirkungen bekannt ist.<\/p>\n<p>Reich an Mineralstoffen wie Kalium, Kalzium, Magnesium und Phosphor sowie an essenziellen Elementen wie bioverf\u00fcgbarem Eisen, Zink, Mangan und Selen ist das Brennnesselpulver eine wichtige N\u00e4hrstoffquelle. Es enth\u00e4lt auch eine beachtliche Menge an Proteinen.<\/p>\n<p>Brennnessel ist ideal f\u00fcr alle, die ihre Ern\u00e4hrung mit einer nat\u00fcrlichen Quelle an Mineralien und Vitaminen anreichern m\u00f6chten. Sie kann besonders vorteilhaft f\u00fcr Personen sein, die ihre Aufnahme von essenziellen N\u00e4hrstoffen wie Eisen, Kalzium, Zink und Selen erh\u00f6hen m\u00f6chten.<\/p>\n<p>Unser Pulver wird aus biologischen Brennnesselbl\u00e4ttern gewonnen, die zur Erhaltung ihrer wohltuenden Wirkungen bei niedriger Temperatur schonend getrocknet und anschliessend gemahlen werden. Kein chemischer Prozess ver\u00e4ndert unser Brennnesselpulver. Es enth\u00e4lt keine Schwermetalle.<\/p>\n<div data-pm-slice=\"1 1 []\" data-en-clipboard=\"true\">\n<p><em>In Frankreich hergestellt.<\/em><\/p>\n<p><em>Einheitspreis: 29.80 CHF\/St\u00fcck<\/em><br \/>\n<em>Ab 3 St\u00fcck: 27.50 CHF\/St\u00fcck<\/em><\/p>\n<\/div>\n","protected":false},"excerpt":{"rendered":"<p>Optimieren Sie Ihre N\u00e4hrstoffversorgung mit Brennnessel Bio, einem nat\u00fcrlichen Nahrungserg\u00e4nzungsmittel, das reich an Vitaminen und Mineralstoffen ist.<\/p>\n","protected":false},"featured_media":28191,"comment_status":"open","ping_status":"closed","template":"","meta":[],"product_brand":[1689],"product_cat":[1497,1512],"product_tag":[],"class_list":{"0":"post-647","1":"product","2":"type-product","3":"status-publish","4":"has-post-thumbnail","6":"product_brand-bio-gestion","7":"product_cat-vegan-de","8":"product_cat-gesundheit-immunsystem","10":"first","11":"instock","12":"sale","13":"taxable","14":"shipping-taxable","15":"purchasable","16":"product-type-simple"},"yoast_head":"<!-- This site is optimized with the Yoast SEO Premium plugin v27.3 (Yoast SEO v27.3) - https:\/\/yoast.com\/product\/yoast-seo-premium-wordpress\/ -->\n<title>Brennnessel Bio | Kalium, Kalzium, Magnesium und Phosphor<\/title>\n<meta name=\"description\" content=\"Optimieren Sie Ihre N\u00e4hrstoffversorgung mit Brennnessel Bio, einem nat\u00fcrlichen Nahrungserg\u00e4nzungsmittel, das reich an Vitaminen und Mineralstoffen ist.\" \/>\n<meta name=\"robots\" content=\"index, follow, max-snippet:-1, max-image-preview:large, max-video-preview:-1\" \/>\n<link rel=\"canonical\" href=\"https:\/\/biogestion.ch\/de\/shop\/vegan-de\/brennnessel\/\" \/>\n<meta name=\"twitter:label1\" content=\"Preis\" \/>\n\t<meta name=\"twitter:data1\" content=\"22.35&nbsp;&#067;&#072;&#070;\" \/>\n\t<meta name=\"twitter:label2\" content=\"Verf\u00fcgbarkeit\" \/>\n\t<meta name=\"twitter:data2\" content=\"Auf Lager\" \/>\n<script type=\"application\/ld+json\" class=\"yoast-schema-graph\">{\"@context\":\"https:\\\/\\\/schema.org\",\"@graph\":[{\"@type\":\"WebPage\",\"@id\":\"https:\\\/\\\/biogestion.ch\\\/de\\\/shop\\\/vegan-de\\\/brennnessel\\\/\",\"url\":\"https:\\\/\\\/biogestion.ch\\\/de\\\/shop\\\/vegan-de\\\/brennnessel\\\/\",\"name\":\"Brennnessel Bio | Kalium, Kalzium, Magnesium und Phosphor\",\"isPartOf\":{\"@id\":\"https:\\\/\\\/biogestion.ch\\\/de\\\/#website\"},\"primaryImageOfPage\":{\"@id\":\"https:\\\/\\\/biogestion.ch\\\/de\\\/shop\\\/vegan-de\\\/brennnessel\\\/#primaryimage\"},\"image\":{\"@id\":\"https:\\\/\\\/biogestion.ch\\\/de\\\/shop\\\/vegan-de\\\/brennnessel\\\/#primaryimage\"},\"thumbnailUrl\":\"https:\\\/\\\/biogestion.ch\\\/wp-content\\\/uploads\\\/2025\\\/10\\\/BG_2024_Ortie-Piquante.jpeg\",\"datePublished\":\"2016-06-07T06:49:59+00:00\",\"dateModified\":\"2025-12-30T10:19:15+00:00\",\"description\":\"Optimieren Sie Ihre N\u00e4hrstoffversorgung mit Brennnessel Bio, einem nat\u00fcrlichen Nahrungserg\u00e4nzungsmittel, das reich an Vitaminen und Mineralstoffen ist.\",\"breadcrumb\":{\"@id\":\"https:\\\/\\\/biogestion.ch\\\/de\\\/shop\\\/vegan-de\\\/brennnessel\\\/#breadcrumb\"},\"inLanguage\":\"de\",\"potentialAction\":[{\"@type\":\"ReadAction\",\"target\":[\"https:\\\/\\\/biogestion.ch\\\/de\\\/shop\\\/vegan-de\\\/brennnessel\\\/\"]}]},{\"@type\":\"ImageObject\",\"inLanguage\":\"de\",\"@id\":\"https:\\\/\\\/biogestion.ch\\\/de\\\/shop\\\/vegan-de\\\/brennnessel\\\/#primaryimage\",\"url\":\"https:\\\/\\\/biogestion.ch\\\/wp-content\\\/uploads\\\/2025\\\/10\\\/BG_2024_Ortie-Piquante.jpeg\",\"contentUrl\":\"https:\\\/\\\/biogestion.ch\\\/wp-content\\\/uploads\\\/2025\\\/10\\\/BG_2024_Ortie-Piquante.jpeg\",\"width\":1024,\"height\":1024},{\"@type\":\"BreadcrumbList\",\"@id\":\"https:\\\/\\\/biogestion.ch\\\/de\\\/shop\\\/vegan-de\\\/brennnessel\\\/#breadcrumb\",\"itemListElement\":[{\"@type\":\"ListItem\",\"position\":1,\"name\":\"Bio-Gestion\",\"item\":\"https:\\\/\\\/biogestion.ch\\\/\"},{\"@type\":\"ListItem\",\"position\":2,\"name\":\"Shop\",\"item\":\"https:\\\/\\\/biogestion.ch\\\/de\\\/shop\\\/\"},{\"@type\":\"ListItem\",\"position\":3,\"name\":\"Brennnessel Bio\"}]},{\"@type\":\"WebSite\",\"@id\":\"https:\\\/\\\/biogestion.ch\\\/de\\\/#website\",\"url\":\"https:\\\/\\\/biogestion.ch\\\/de\\\/\",\"name\":\"Bio-Gestion\",\"description\":\"Les compl\u00e9ments alimentaires suisses\",\"publisher\":{\"@id\":\"https:\\\/\\\/biogestion.ch\\\/de\\\/#organization\"},\"potentialAction\":[{\"@type\":\"SearchAction\",\"target\":{\"@type\":\"EntryPoint\",\"urlTemplate\":\"https:\\\/\\\/biogestion.ch\\\/de\\\/?s={search_term_string}\"},\"query-input\":{\"@type\":\"PropertyValueSpecification\",\"valueRequired\":true,\"valueName\":\"search_term_string\"}}],\"inLanguage\":\"de\"},{\"@type\":\"Organization\",\"@id\":\"https:\\\/\\\/biogestion.ch\\\/de\\\/#organization\",\"name\":\"Bio-Gestion SA\",\"url\":\"https:\\\/\\\/biogestion.ch\\\/de\\\/\",\"logo\":{\"@type\":\"ImageObject\",\"inLanguage\":\"de\",\"@id\":\"https:\\\/\\\/biogestion.ch\\\/de\\\/#\\\/schema\\\/logo\\\/image\\\/\",\"url\":\"https:\\\/\\\/biogestion.ch\\\/wp-content\\\/uploads\\\/2016\\\/05\\\/logo.png\",\"contentUrl\":\"https:\\\/\\\/biogestion.ch\\\/wp-content\\\/uploads\\\/2016\\\/05\\\/logo.png\",\"width\":200,\"height\":38,\"caption\":\"Bio-Gestion SA\"},\"image\":{\"@id\":\"https:\\\/\\\/biogestion.ch\\\/de\\\/#\\\/schema\\\/logo\\\/image\\\/\"}}]}<\/script>\n<meta property=\"product:price:amount\" content=\"22.35\" \/>\n<meta property=\"product:price:currency\" content=\"CHF\" \/>\n<meta property=\"og:availability\" content=\"instock\" \/>\n<meta property=\"product:availability\" content=\"instock\" \/>\n<meta property=\"product:condition\" content=\"new\" \/>\n<!-- \/ Yoast SEO Premium plugin. -->","yoast_head_json":{"title":"Brennnessel Bio | Kalium, Kalzium, Magnesium und Phosphor","description":"Optimieren Sie Ihre N\u00e4hrstoffversorgung mit Brennnessel Bio, einem nat\u00fcrlichen Nahrungserg\u00e4nzungsmittel, das reich an Vitaminen und Mineralstoffen ist.","robots":{"index":"index","follow":"follow","max-snippet":"max-snippet:-1","max-image-preview":"max-image-preview:large","max-video-preview":"max-video-preview:-1"},"canonical":"https:\/\/biogestion.ch\/de\/shop\/vegan-de\/brennnessel\/","twitter_misc":{"Preis":"22.35&nbsp;&#67;&#72;&#70;","Verf\u00fcgbarkeit":"Auf Lager"},"schema":{"@context":"https:\/\/schema.org","@graph":[{"@type":"WebPage","@id":"https:\/\/biogestion.ch\/de\/shop\/vegan-de\/brennnessel\/","url":"https:\/\/biogestion.ch\/de\/shop\/vegan-de\/brennnessel\/","name":"Brennnessel Bio | Kalium, Kalzium, Magnesium und Phosphor","isPartOf":{"@id":"https:\/\/biogestion.ch\/de\/#website"},"primaryImageOfPage":{"@id":"https:\/\/biogestion.ch\/de\/shop\/vegan-de\/brennnessel\/#primaryimage"},"image":{"@id":"https:\/\/biogestion.ch\/de\/shop\/vegan-de\/brennnessel\/#primaryimage"},"thumbnailUrl":"https:\/\/biogestion.ch\/wp-content\/uploads\/2025\/10\/BG_2024_Ortie-Piquante.jpeg","datePublished":"2016-06-07T06:49:59+00:00","dateModified":"2025-12-30T10:19:15+00:00","description":"Optimieren Sie Ihre N\u00e4hrstoffversorgung mit Brennnessel Bio, einem nat\u00fcrlichen Nahrungserg\u00e4nzungsmittel, das reich an Vitaminen und Mineralstoffen ist.","breadcrumb":{"@id":"https:\/\/biogestion.ch\/de\/shop\/vegan-de\/brennnessel\/#breadcrumb"},"inLanguage":"de","potentialAction":[{"@type":"ReadAction","target":["https:\/\/biogestion.ch\/de\/shop\/vegan-de\/brennnessel\/"]}]},{"@type":"ImageObject","inLanguage":"de","@id":"https:\/\/biogestion.ch\/de\/shop\/vegan-de\/brennnessel\/#primaryimage","url":"https:\/\/biogestion.ch\/wp-content\/uploads\/2025\/10\/BG_2024_Ortie-Piquante.jpeg","contentUrl":"https:\/\/biogestion.ch\/wp-content\/uploads\/2025\/10\/BG_2024_Ortie-Piquante.jpeg","width":1024,"height":1024},{"@type":"BreadcrumbList","@id":"https:\/\/biogestion.ch\/de\/shop\/vegan-de\/brennnessel\/#breadcrumb","itemListElement":[{"@type":"ListItem","position":1,"name":"Bio-Gestion","item":"https:\/\/biogestion.ch\/"},{"@type":"ListItem","position":2,"name":"Shop","item":"https:\/\/biogestion.ch\/de\/shop\/"},{"@type":"ListItem","position":3,"name":"Brennnessel Bio"}]},{"@type":"WebSite","@id":"https:\/\/biogestion.ch\/de\/#website","url":"https:\/\/biogestion.ch\/de\/","name":"Bio-Gestion","description":"Les compl\u00e9ments alimentaires suisses","publisher":{"@id":"https:\/\/biogestion.ch\/de\/#organization"},"potentialAction":[{"@type":"SearchAction","target":{"@type":"EntryPoint","urlTemplate":"https:\/\/biogestion.ch\/de\/?s={search_term_string}"},"query-input":{"@type":"PropertyValueSpecification","valueRequired":true,"valueName":"search_term_string"}}],"inLanguage":"de"},{"@type":"Organization","@id":"https:\/\/biogestion.ch\/de\/#organization","name":"Bio-Gestion SA","url":"https:\/\/biogestion.ch\/de\/","logo":{"@type":"ImageObject","inLanguage":"de","@id":"https:\/\/biogestion.ch\/de\/#\/schema\/logo\/image\/","url":"https:\/\/biogestion.ch\/wp-content\/uploads\/2016\/05\/logo.png","contentUrl":"https:\/\/biogestion.ch\/wp-content\/uploads\/2016\/05\/logo.png","width":200,"height":38,"caption":"Bio-Gestion SA"},"image":{"@id":"https:\/\/biogestion.ch\/de\/#\/schema\/logo\/image\/"}}]},"product_price_amount":"22.35","product_price_currency":"CHF","og_availability":"instock","product_availability":"instock","product_condition":"new"},"_links":{"self":[{"href":"https:\/\/biogestion.ch\/de\/wp-json\/wp\/v2\/product\/647","targetHints":{"allow":["GET"]}}],"collection":[{"href":"https:\/\/biogestion.ch\/de\/wp-json\/wp\/v2\/product"}],"about":[{"href":"https:\/\/biogestion.ch\/de\/wp-json\/wp\/v2\/types\/product"}],"replies":[{"embeddable":true,"href":"https:\/\/biogestion.ch\/de\/wp-json\/wp\/v2\/comments?post=647"}],"version-history":[{"count":0,"href":"https:\/\/biogestion.ch\/de\/wp-json\/wp\/v2\/product\/647\/revisions"}],"wp:featuredmedia":[{"embeddable":true,"href":"https:\/\/biogestion.ch\/de\/wp-json\/wp\/v2\/media\/28191"}],"wp:attachment":[{"href":"https:\/\/biogestion.ch\/de\/wp-json\/wp\/v2\/media?parent=647"}],"wp:term":[{"taxonomy":"product_brand","embeddable":true,"href":"https:\/\/biogestion.ch\/de\/wp-json\/wp\/v2\/product_brand?post=647"},{"taxonomy":"product_cat","embeddable":true,"href":"https:\/\/biogestion.ch\/de\/wp-json\/wp\/v2\/product_cat?post=647"},{"taxonomy":"product_tag","embeddable":true,"href":"https:\/\/biogestion.ch\/de\/wp-json\/wp\/v2\/product_tag?post=647"}],"curies":[{"name":"wp","href":"https:\/\/api.w.org\/{rel}","templated":true}]}}