{"id":609,"date":"2016-06-06T15:31:48","date_gmt":"2016-06-06T13:31:48","guid":{"rendered":"http:\/\/biogestion.ch\/de\/boutique\/non%20class\u00e9\/calmagtif\/"},"modified":"2026-03-26T14:30:38","modified_gmt":"2026-03-26T13:30:38","slug":"calmagtif","status":"publish","type":"product","link":"https:\/\/biogestion.ch\/de\/shop\/sale\/calmagtif\/","title":{"rendered":"CalMagTif (Magnesium, Calcium und Pflanzen)"},"content":{"rendered":"<h2 draggable=\"false\" data-pm-slice=\"1 1 []\" data-en-clipboard=\"true\">Die Tradition beruhigender Kr\u00e4utertees, neu interpretiert in moderner Kapselform.<\/h2>\n<p draggable=\"false\"><strong>CalMagTif<\/strong> kombiniert Magnesium und Calcium mit nat\u00fcrlichen Inhaltsstoffen wie Bierhefe, Weizenkeimen, Melisse und Bitterorange.<\/p>\n<p draggable=\"false\">Wenn das Bed\u00fcrfnis nach Ruhe sp\u00fcrbar wird, bietet CalMagTif eine entspannende Unterst\u00fctzung, ohne m\u00fcde zu machen.<\/p>\n<ul>\n<li draggable=\"false\"><b>Magnesium<\/b> tr\u00e4gt zur Verringerung von M\u00fcdigkeit bei sowie zu einer normalen Funktion des Nervensystems und zu einer normalen psychologischen Funktion.<\/li>\n<\/ul>\n<p>\n<span style=\"text-decoration: underline;\">Nicht alle Magnesiumformen sind gleich<\/span>. CalMagTif enth\u00e4lt Magnesiumlactat, eine gut vertr\u00e4gliche und vom K\u00f6rper gut aufnehmbare Form, ideal f\u00fcr eine t\u00e4gliche und nachhaltige Anwendung, auch in Zeiten von Stress oder empfindlicher Verdauung.<\/p>\n<ul>\n<li draggable=\"false\"><b>Calcium<\/b> tr\u00e4gt zu einer normalen Muskelfunktion und zu einer normalen Funktion des Nervensystems sowie zur Erhaltung normaler Knochen bei.<\/li>\n<li draggable=\"false\"><b>Bierhefe<\/b> (reich an B-Vitaminen). B-Vitamine tragen zu einer normalen Funktion des Nervensystems bei.<\/li>\n<li draggable=\"false\"><b>Melisse<\/b>, traditionell in Wellness-Routinen verwendet, wird mit Momenten der Entspannung und des Wohlbefindens in Verbindung gebracht.<\/li>\n<li draggable=\"false\"><b>Bitterorange<\/b> wird seit langem in Zubereitungen eingesetzt, die dem emotionalen Gleichgewicht gewidmet sind.<\/li>\n<\/ul>\n<p><\/p>\n<p draggable=\"false\">CalMagTif: Wenn der Druck steigt, g\u00f6nnen Sie Ihrem K\u00f6rper die Unterst\u00fctzung, die er verdient.<\/p>\n<h4 draggable=\"false\">Warum CalMagTif w\u00e4hlen?<\/h4>\n<ul>\n<li draggable=\"false\">Mit Magnesium und Calcium <strong>aus nat\u00fcrlichen Quellen angereicherte Formel<\/strong> f\u00fcr eine umfassende Unterst\u00fctzung des Nervensystems<\/li>\n<li draggable=\"false\"><strong>Hochwertige Inhaltsstoffe:<\/strong> sorgf\u00e4ltig ausgew\u00e4hlte Pflanzenstoffe und gut vertr\u00e4gliche N\u00e4hrstoffe<\/li>\n<li draggable=\"false\"><strong>F\u00fcr aktive Lebensstile geeignet<\/strong>: einfach in die t\u00e4gliche Routine integrierbar<\/li>\n<li draggable=\"false\">L\u00f6sung ohne Gew\u00f6hnungseffekt, ohne M\u00fcdigkeit, ohne Nebenwirkungen<\/li>\n<\/ul>\n<p><\/p>\n<h4 draggable=\"false\">F\u00fcr wen ist CalMagTif geeignet?<\/h4>\n<p draggable=\"false\">CalMagTif richtet sich an alle, die anspruchsvolle Momente mit mehr Gelassenheit angehen m\u00f6chten, sei es ein wichtiges Treffen, ein entscheidendes Gespr\u00e4ch oder eine emotional herausfordernde Situation.<\/p>\n<p><em>In Frankreich hergestellt.<\/em><\/p>\n<p><em>Einheitspreis: 49.70 CHF\/St\u00fcck<\/em><br \/>\n<em>Ab 3 St\u00fcck: 45.80 CHF\/St\u00fcck<\/em><\/p>\n","protected":false},"excerpt":{"rendered":"<p>Die Tradition beruhigender Kr\u00e4utertees, neu interpretiert in moderner Kapselform.<\/p>\n","protected":false},"featured_media":28269,"comment_status":"open","ping_status":"closed","template":"","meta":[],"product_brand":[1689],"product_cat":[1587,1512],"product_tag":[],"class_list":{"0":"post-609","1":"product","2":"type-product","3":"status-publish","4":"has-post-thumbnail","6":"product_brand-bio-gestion","7":"product_cat-sale","8":"product_cat-gesundheit-immunsystem","10":"first","11":"instock","12":"sale","13":"featured","14":"taxable","15":"shipping-taxable","16":"purchasable","17":"product-type-simple"},"yoast_head":"<!-- This site is optimized with the Yoast SEO Premium plugin v27.3 (Yoast SEO v27.3) - https:\/\/yoast.com\/product\/yoast-seo-premium-wordpress\/ -->\n<title>CalMagtif | Kalzium, Magnesium, Weizenkeime | Bio-Gestion<\/title>\n<meta name=\"description\" content=\"CalMagTif kombiniert Magnesium und Calcium mit nat\u00fcrlichen Inhaltsstoffen wie Bierhefe, Weizenkeimen, Melisse und Bitterorange.\" \/>\n<meta name=\"robots\" content=\"index, follow, max-snippet:-1, max-image-preview:large, max-video-preview:-1\" \/>\n<link rel=\"canonical\" href=\"https:\/\/biogestion.ch\/shop\/sante-immunitaire\/calmagtif\/\" \/>\n<meta name=\"twitter:label1\" content=\"Preis\" \/>\n\t<meta name=\"twitter:data1\" content=\"37.20&nbsp;&#067;&#072;&#070;\" \/>\n\t<meta name=\"twitter:label2\" content=\"Verf\u00fcgbarkeit\" \/>\n\t<meta name=\"twitter:data2\" content=\"Auf Lager\" \/>\n<script type=\"application\/ld+json\" class=\"yoast-schema-graph\">{\"@context\":\"https:\\\/\\\/schema.org\",\"@graph\":[{\"@type\":\"WebPage\",\"@id\":\"https:\\\/\\\/biogestion.ch\\\/shop\\\/sante-immunitaire\\\/calmagtif\\\/\",\"url\":\"https:\\\/\\\/biogestion.ch\\\/shop\\\/sante-immunitaire\\\/calmagtif\\\/\",\"name\":\"CalMagtif | Kalzium, Magnesium, Weizenkeime | Bio-Gestion\",\"isPartOf\":{\"@id\":\"https:\\\/\\\/biogestion.ch\\\/de\\\/#website\"},\"primaryImageOfPage\":{\"@id\":\"https:\\\/\\\/biogestion.ch\\\/shop\\\/sante-immunitaire\\\/calmagtif\\\/#primaryimage\"},\"image\":{\"@id\":\"https:\\\/\\\/biogestion.ch\\\/shop\\\/sante-immunitaire\\\/calmagtif\\\/#primaryimage\"},\"thumbnailUrl\":\"https:\\\/\\\/biogestion.ch\\\/wp-content\\\/uploads\\\/2025\\\/10\\\/BG_2024_Web_Calmagtif.jpeg\",\"datePublished\":\"2016-06-06T13:31:48+00:00\",\"dateModified\":\"2026-03-26T13:30:38+00:00\",\"description\":\"CalMagTif kombiniert Magnesium und Calcium mit nat\u00fcrlichen Inhaltsstoffen wie Bierhefe, Weizenkeimen, Melisse und Bitterorange.\",\"breadcrumb\":{\"@id\":\"https:\\\/\\\/biogestion.ch\\\/shop\\\/sante-immunitaire\\\/calmagtif\\\/#breadcrumb\"},\"inLanguage\":\"de\",\"potentialAction\":[{\"@type\":\"ReadAction\",\"target\":[\"https:\\\/\\\/biogestion.ch\\\/shop\\\/sante-immunitaire\\\/calmagtif\\\/\"]}]},{\"@type\":\"ImageObject\",\"inLanguage\":\"de\",\"@id\":\"https:\\\/\\\/biogestion.ch\\\/shop\\\/sante-immunitaire\\\/calmagtif\\\/#primaryimage\",\"url\":\"https:\\\/\\\/biogestion.ch\\\/wp-content\\\/uploads\\\/2025\\\/10\\\/BG_2024_Web_Calmagtif.jpeg\",\"contentUrl\":\"https:\\\/\\\/biogestion.ch\\\/wp-content\\\/uploads\\\/2025\\\/10\\\/BG_2024_Web_Calmagtif.jpeg\",\"width\":1024,\"height\":1024,\"caption\":\"CalMagtif contient en outre de la m\u00e9lisse, du cynorrhodon, de la levure de bi\u00e8re, des extrait de tilleul et germes de bl\u00e9.\"},{\"@type\":\"BreadcrumbList\",\"@id\":\"https:\\\/\\\/biogestion.ch\\\/shop\\\/sante-immunitaire\\\/calmagtif\\\/#breadcrumb\",\"itemListElement\":[{\"@type\":\"ListItem\",\"position\":1,\"name\":\"Bio-Gestion\",\"item\":\"https:\\\/\\\/biogestion.ch\\\/\"},{\"@type\":\"ListItem\",\"position\":2,\"name\":\"Shop\",\"item\":\"https:\\\/\\\/biogestion.ch\\\/de\\\/shop\\\/\"},{\"@type\":\"ListItem\",\"position\":3,\"name\":\"CalMagTif (Magnesium, Calcium und Pflanzen)\"}]},{\"@type\":\"WebSite\",\"@id\":\"https:\\\/\\\/biogestion.ch\\\/de\\\/#website\",\"url\":\"https:\\\/\\\/biogestion.ch\\\/de\\\/\",\"name\":\"Bio-Gestion\",\"description\":\"Les compl\u00e9ments alimentaires suisses\",\"publisher\":{\"@id\":\"https:\\\/\\\/biogestion.ch\\\/de\\\/#organization\"},\"potentialAction\":[{\"@type\":\"SearchAction\",\"target\":{\"@type\":\"EntryPoint\",\"urlTemplate\":\"https:\\\/\\\/biogestion.ch\\\/de\\\/?s={search_term_string}\"},\"query-input\":{\"@type\":\"PropertyValueSpecification\",\"valueRequired\":true,\"valueName\":\"search_term_string\"}}],\"inLanguage\":\"de\"},{\"@type\":\"Organization\",\"@id\":\"https:\\\/\\\/biogestion.ch\\\/de\\\/#organization\",\"name\":\"Bio-Gestion SA\",\"url\":\"https:\\\/\\\/biogestion.ch\\\/de\\\/\",\"logo\":{\"@type\":\"ImageObject\",\"inLanguage\":\"de\",\"@id\":\"https:\\\/\\\/biogestion.ch\\\/de\\\/#\\\/schema\\\/logo\\\/image\\\/\",\"url\":\"https:\\\/\\\/biogestion.ch\\\/wp-content\\\/uploads\\\/2016\\\/05\\\/logo.png\",\"contentUrl\":\"https:\\\/\\\/biogestion.ch\\\/wp-content\\\/uploads\\\/2016\\\/05\\\/logo.png\",\"width\":200,\"height\":38,\"caption\":\"Bio-Gestion SA\"},\"image\":{\"@id\":\"https:\\\/\\\/biogestion.ch\\\/de\\\/#\\\/schema\\\/logo\\\/image\\\/\"}}]}<\/script>\n<meta property=\"product:price:amount\" content=\"37.20\" \/>\n<meta property=\"product:price:currency\" content=\"CHF\" \/>\n<meta property=\"og:availability\" content=\"instock\" \/>\n<meta property=\"product:availability\" content=\"instock\" \/>\n<meta property=\"product:condition\" content=\"new\" \/>\n<!-- \/ Yoast SEO Premium plugin. -->","yoast_head_json":{"title":"CalMagtif | Kalzium, Magnesium, Weizenkeime | Bio-Gestion","description":"CalMagTif kombiniert Magnesium und Calcium mit nat\u00fcrlichen Inhaltsstoffen wie Bierhefe, Weizenkeimen, Melisse und Bitterorange.","robots":{"index":"index","follow":"follow","max-snippet":"max-snippet:-1","max-image-preview":"max-image-preview:large","max-video-preview":"max-video-preview:-1"},"canonical":"https:\/\/biogestion.ch\/shop\/sante-immunitaire\/calmagtif\/","twitter_misc":{"Preis":"37.20&nbsp;&#67;&#72;&#70;","Verf\u00fcgbarkeit":"Auf Lager"},"schema":{"@context":"https:\/\/schema.org","@graph":[{"@type":"WebPage","@id":"https:\/\/biogestion.ch\/shop\/sante-immunitaire\/calmagtif\/","url":"https:\/\/biogestion.ch\/shop\/sante-immunitaire\/calmagtif\/","name":"CalMagtif | Kalzium, Magnesium, Weizenkeime | Bio-Gestion","isPartOf":{"@id":"https:\/\/biogestion.ch\/de\/#website"},"primaryImageOfPage":{"@id":"https:\/\/biogestion.ch\/shop\/sante-immunitaire\/calmagtif\/#primaryimage"},"image":{"@id":"https:\/\/biogestion.ch\/shop\/sante-immunitaire\/calmagtif\/#primaryimage"},"thumbnailUrl":"https:\/\/biogestion.ch\/wp-content\/uploads\/2025\/10\/BG_2024_Web_Calmagtif.jpeg","datePublished":"2016-06-06T13:31:48+00:00","dateModified":"2026-03-26T13:30:38+00:00","description":"CalMagTif kombiniert Magnesium und Calcium mit nat\u00fcrlichen Inhaltsstoffen wie Bierhefe, Weizenkeimen, Melisse und Bitterorange.","breadcrumb":{"@id":"https:\/\/biogestion.ch\/shop\/sante-immunitaire\/calmagtif\/#breadcrumb"},"inLanguage":"de","potentialAction":[{"@type":"ReadAction","target":["https:\/\/biogestion.ch\/shop\/sante-immunitaire\/calmagtif\/"]}]},{"@type":"ImageObject","inLanguage":"de","@id":"https:\/\/biogestion.ch\/shop\/sante-immunitaire\/calmagtif\/#primaryimage","url":"https:\/\/biogestion.ch\/wp-content\/uploads\/2025\/10\/BG_2024_Web_Calmagtif.jpeg","contentUrl":"https:\/\/biogestion.ch\/wp-content\/uploads\/2025\/10\/BG_2024_Web_Calmagtif.jpeg","width":1024,"height":1024,"caption":"CalMagtif contient en outre de la m\u00e9lisse, du cynorrhodon, de la levure de bi\u00e8re, des extrait de tilleul et germes de bl\u00e9."},{"@type":"BreadcrumbList","@id":"https:\/\/biogestion.ch\/shop\/sante-immunitaire\/calmagtif\/#breadcrumb","itemListElement":[{"@type":"ListItem","position":1,"name":"Bio-Gestion","item":"https:\/\/biogestion.ch\/"},{"@type":"ListItem","position":2,"name":"Shop","item":"https:\/\/biogestion.ch\/de\/shop\/"},{"@type":"ListItem","position":3,"name":"CalMagTif (Magnesium, Calcium und Pflanzen)"}]},{"@type":"WebSite","@id":"https:\/\/biogestion.ch\/de\/#website","url":"https:\/\/biogestion.ch\/de\/","name":"Bio-Gestion","description":"Les compl\u00e9ments alimentaires suisses","publisher":{"@id":"https:\/\/biogestion.ch\/de\/#organization"},"potentialAction":[{"@type":"SearchAction","target":{"@type":"EntryPoint","urlTemplate":"https:\/\/biogestion.ch\/de\/?s={search_term_string}"},"query-input":{"@type":"PropertyValueSpecification","valueRequired":true,"valueName":"search_term_string"}}],"inLanguage":"de"},{"@type":"Organization","@id":"https:\/\/biogestion.ch\/de\/#organization","name":"Bio-Gestion SA","url":"https:\/\/biogestion.ch\/de\/","logo":{"@type":"ImageObject","inLanguage":"de","@id":"https:\/\/biogestion.ch\/de\/#\/schema\/logo\/image\/","url":"https:\/\/biogestion.ch\/wp-content\/uploads\/2016\/05\/logo.png","contentUrl":"https:\/\/biogestion.ch\/wp-content\/uploads\/2016\/05\/logo.png","width":200,"height":38,"caption":"Bio-Gestion SA"},"image":{"@id":"https:\/\/biogestion.ch\/de\/#\/schema\/logo\/image\/"}}]},"product_price_amount":"37.20","product_price_currency":"CHF","og_availability":"instock","product_availability":"instock","product_condition":"new"},"_links":{"self":[{"href":"https:\/\/biogestion.ch\/de\/wp-json\/wp\/v2\/product\/609","targetHints":{"allow":["GET"]}}],"collection":[{"href":"https:\/\/biogestion.ch\/de\/wp-json\/wp\/v2\/product"}],"about":[{"href":"https:\/\/biogestion.ch\/de\/wp-json\/wp\/v2\/types\/product"}],"replies":[{"embeddable":true,"href":"https:\/\/biogestion.ch\/de\/wp-json\/wp\/v2\/comments?post=609"}],"version-history":[{"count":0,"href":"https:\/\/biogestion.ch\/de\/wp-json\/wp\/v2\/product\/609\/revisions"}],"wp:featuredmedia":[{"embeddable":true,"href":"https:\/\/biogestion.ch\/de\/wp-json\/wp\/v2\/media\/28269"}],"wp:attachment":[{"href":"https:\/\/biogestion.ch\/de\/wp-json\/wp\/v2\/media?parent=609"}],"wp:term":[{"taxonomy":"product_brand","embeddable":true,"href":"https:\/\/biogestion.ch\/de\/wp-json\/wp\/v2\/product_brand?post=609"},{"taxonomy":"product_cat","embeddable":true,"href":"https:\/\/biogestion.ch\/de\/wp-json\/wp\/v2\/product_cat?post=609"},{"taxonomy":"product_tag","embeddable":true,"href":"https:\/\/biogestion.ch\/de\/wp-json\/wp\/v2\/product_tag?post=609"}],"curies":[{"name":"wp","href":"https:\/\/api.w.org\/{rel}","templated":true}]}}