{"id":515,"date":"2016-06-03T13:51:59","date_gmt":"2016-06-03T11:51:59","guid":{"rendered":"http:\/\/biogestion.ch\/de\/boutique\/non%20class\u00e9\/activtrans\/"},"modified":"2026-04-09T15:27:18","modified_gmt":"2026-04-09T13:27:18","slug":"activtrans","status":"publish","type":"product","link":"https:\/\/biogestion.ch\/de\/shop\/abnehmen\/activtrans\/","title":{"rendered":"ActivTrans"},"content":{"rendered":"<h2>ActivTrans ist ein Konzentrat aus nat\u00fcrlichen Inhaltsstoffen zur Unterst\u00fctzung der Verdauung.<\/h2>\n<p>Das nat\u00fcrliche Inulin aus Chicor\u00e9e tr\u00e4gt zu einer normalen Darmfunktion bei, indem es die Stuhlgangfrequenz erh\u00f6ht.<\/p>\n<p>ActivTrans ist eine nat\u00fcrliche Mischung aus Pflaumen- und Birnensaft mit Chicor\u00e9e und Rosmarin, die aufgrund ihrer nat\u00fcrlichen Eigenschaften ausgew\u00e4hlt wurden.<\/p>\n<p>Pflaumensaft tr\u00e4gt zu einer normalen Darmfunktion bei, w\u00e4hrend Birnensaft wertvolle l\u00f6sliche Ballaststoffe liefert. Chicor\u00e9e ist f\u00fcr seine nat\u00fcrlichen Eigenschaften bekannt und Rosmarin wird seit jeher wegen seinen wohlbekannten positiven Wirkungen verwendet. Glycerin nat\u00fcrlichen Ursprungs unterst\u00fctzt die Wirksamkeit von ActivTrans.<\/p>\n<h4>Tipps von Marcello, dem Wellness-Sportcoach von Bio-Gestion f\u00fcr eine gute Darmfunktion<\/h4>\n<ul>\n<li><strong>Ausreichend Wasser trinken<\/strong> ist f\u00fcr einen weichen Stuhlgang unerl\u00e4sslich. Ich empfehle, t\u00e4glich etwa 8 Gl\u00e4ser Wasser zu trinken.<\/li>\n<li><strong>Essen Sie eine ballaststoffreiche Kost<\/strong>: Ballaststoffe sind entscheidend f\u00fcr einen regelm\u00e4ssigen Stuhlgang. Ballaststoffreiche Lebensmittel sind Obst, Gem\u00fcse, Vollkornprodukte, H\u00fclsenfr\u00fcchte und N\u00fcsse.<\/li>\n<li><strong>Vermeiden Sie verarbeitete Lebensmittel<\/strong>: Verarbeitete Lebensmittel, die reich an Fett und arm an Ballaststoffen sind, k\u00f6nnen zu Verstopfung beitragen. Bevorzugen Sie so oft wie m\u00f6glich ganze und frische Lebensmittel.<\/li>\n<li><strong>Etablieren Sie eine Routine<\/strong>: Versuchen Sie, jeden Tag zur gleichen Zeit auf die Toilette zu gehen. Dies kann helfen, einen regelm\u00e4ssigen Rhythmus f\u00fcr die Darmbewegungen zu schaffen.<\/li>\n<li><strong>Vermeiden Sie es, den nat\u00fcrlichen Stuhlgang hinauszuz\u00f6gern<\/strong>: Wenn Sie das Bed\u00fcrfnis versp\u00fcren, auf die Toilette gehen,zu m\u00fcssen, versuchen Sie, diesem Drang prompt nachzukommen, um zu vermeiden, dass der Stuhlgang schwer zu entleeren wird.<\/li>\n<p>\n<\/ul>\n<p><em>In Frankreich hergestellt.<\/em><\/p>\n<p><em>Einheitspreis: 39.90 CHF\/St\u00fcck<\/em><br \/>\n<em>Ab 3 St\u00fcck: 36.60 CHF\/St\u00fcck<\/em><\/p>\n","protected":false},"excerpt":{"rendered":"<p>ActivTrans, eine nat\u00fcrliche Mischung aus Pflaume, Birne, Zichorie und Rosmarin, f\u00f6rdert die Verdauung.<\/p>\n","protected":false},"featured_media":28263,"comment_status":"open","ping_status":"closed","template":"","meta":[],"product_brand":[],"product_cat":[1503,1497],"product_tag":[],"class_list":{"0":"post-515","1":"product","2":"type-product","3":"status-publish","4":"has-post-thumbnail","6":"product_cat-abnehmen","7":"product_cat-vegan-de","9":"first","10":"instock","11":"featured","12":"taxable","13":"shipping-taxable","14":"purchasable","15":"product-type-simple"},"yoast_head":"<!-- This site is optimized with the Yoast SEO Premium plugin v27.4 (Yoast SEO v27.4) - https:\/\/yoast.com\/product\/yoast-seo-premium-wordpress\/ -->\n<title>ActivTrans | Pflaume, Birne, Chicor\u00e9e, Rosmarin | Bio-Gestion<\/title>\n<meta name=\"description\" content=\"ActivTrans, eine nat\u00fcrliche Mischung aus Pflaume, Birne, Zichorie und Rosmarin, f\u00f6rdert die Verdauung. Inulin aus der Wegwarte verbessert die Darmfunktion.\" \/>\n<meta name=\"robots\" content=\"index, follow, max-snippet:-1, max-image-preview:large, max-video-preview:-1\" \/>\n<link rel=\"canonical\" href=\"https:\/\/biogestion.ch\/shop\/minceur\/activtrans\/\" \/>\n<meta name=\"twitter:label1\" content=\"Preis\" \/>\n\t<meta name=\"twitter:data1\" content=\"39.90&nbsp;&#067;&#072;&#070;\" \/>\n\t<meta name=\"twitter:label2\" content=\"Verf\u00fcgbarkeit\" \/>\n\t<meta name=\"twitter:data2\" content=\"Auf Lager\" \/>\n<script type=\"application\/ld+json\" class=\"yoast-schema-graph\">{\"@context\":\"https:\\\/\\\/schema.org\",\"@graph\":[{\"@type\":\"WebPage\",\"@id\":\"https:\\\/\\\/biogestion.ch\\\/shop\\\/minceur\\\/activtrans\\\/\",\"url\":\"https:\\\/\\\/biogestion.ch\\\/shop\\\/minceur\\\/activtrans\\\/\",\"name\":\"ActivTrans | Pflaume, Birne, Chicor\u00e9e, Rosmarin | Bio-Gestion\",\"isPartOf\":{\"@id\":\"https:\\\/\\\/biogestion.ch\\\/de\\\/#website\"},\"primaryImageOfPage\":{\"@id\":\"https:\\\/\\\/biogestion.ch\\\/shop\\\/minceur\\\/activtrans\\\/#primaryimage\"},\"image\":{\"@id\":\"https:\\\/\\\/biogestion.ch\\\/shop\\\/minceur\\\/activtrans\\\/#primaryimage\"},\"thumbnailUrl\":\"https:\\\/\\\/biogestion.ch\\\/wp-content\\\/uploads\\\/2025\\\/10\\\/BG_2024_Web_ActivTrans.jpeg\",\"datePublished\":\"2016-06-03T11:51:59+00:00\",\"dateModified\":\"2026-04-09T13:27:18+00:00\",\"description\":\"ActivTrans, eine nat\u00fcrliche Mischung aus Pflaume, Birne, Zichorie und Rosmarin, f\u00f6rdert die Verdauung. Inulin aus der Wegwarte verbessert die Darmfunktion.\",\"breadcrumb\":{\"@id\":\"https:\\\/\\\/biogestion.ch\\\/shop\\\/minceur\\\/activtrans\\\/#breadcrumb\"},\"inLanguage\":\"de\",\"potentialAction\":[{\"@type\":\"ReadAction\",\"target\":[\"https:\\\/\\\/biogestion.ch\\\/shop\\\/minceur\\\/activtrans\\\/\"]}]},{\"@type\":\"ImageObject\",\"inLanguage\":\"de\",\"@id\":\"https:\\\/\\\/biogestion.ch\\\/shop\\\/minceur\\\/activtrans\\\/#primaryimage\",\"url\":\"https:\\\/\\\/biogestion.ch\\\/wp-content\\\/uploads\\\/2025\\\/10\\\/BG_2024_Web_ActivTrans.jpeg\",\"contentUrl\":\"https:\\\/\\\/biogestion.ch\\\/wp-content\\\/uploads\\\/2025\\\/10\\\/BG_2024_Web_ActivTrans.jpeg\",\"width\":1024,\"height\":1024,\"caption\":\"ActivTrans, m\u00e9lange naturel de pruneau, poire, chicor\u00e9e et romarin, soutient le bien-\u00eatre digestif.\"},{\"@type\":\"BreadcrumbList\",\"@id\":\"https:\\\/\\\/biogestion.ch\\\/shop\\\/minceur\\\/activtrans\\\/#breadcrumb\",\"itemListElement\":[{\"@type\":\"ListItem\",\"position\":1,\"name\":\"Bio-Gestion\",\"item\":\"https:\\\/\\\/biogestion.ch\\\/\"},{\"@type\":\"ListItem\",\"position\":2,\"name\":\"Shop\",\"item\":\"https:\\\/\\\/biogestion.ch\\\/de\\\/shop\\\/\"},{\"@type\":\"ListItem\",\"position\":3,\"name\":\"ActivTrans\"}]},{\"@type\":\"WebSite\",\"@id\":\"https:\\\/\\\/biogestion.ch\\\/de\\\/#website\",\"url\":\"https:\\\/\\\/biogestion.ch\\\/de\\\/\",\"name\":\"Bio-Gestion\",\"description\":\"Les compl\u00e9ments alimentaires suisses\",\"publisher\":{\"@id\":\"https:\\\/\\\/biogestion.ch\\\/de\\\/#organization\"},\"potentialAction\":[{\"@type\":\"SearchAction\",\"target\":{\"@type\":\"EntryPoint\",\"urlTemplate\":\"https:\\\/\\\/biogestion.ch\\\/de\\\/?s={search_term_string}\"},\"query-input\":{\"@type\":\"PropertyValueSpecification\",\"valueRequired\":true,\"valueName\":\"search_term_string\"}}],\"inLanguage\":\"de\"},{\"@type\":\"Organization\",\"@id\":\"https:\\\/\\\/biogestion.ch\\\/de\\\/#organization\",\"name\":\"Bio-Gestion SA\",\"url\":\"https:\\\/\\\/biogestion.ch\\\/de\\\/\",\"logo\":{\"@type\":\"ImageObject\",\"inLanguage\":\"de\",\"@id\":\"https:\\\/\\\/biogestion.ch\\\/de\\\/#\\\/schema\\\/logo\\\/image\\\/\",\"url\":\"https:\\\/\\\/biogestion.ch\\\/wp-content\\\/uploads\\\/2016\\\/05\\\/logo.png\",\"contentUrl\":\"https:\\\/\\\/biogestion.ch\\\/wp-content\\\/uploads\\\/2016\\\/05\\\/logo.png\",\"width\":200,\"height\":38,\"caption\":\"Bio-Gestion SA\"},\"image\":{\"@id\":\"https:\\\/\\\/biogestion.ch\\\/de\\\/#\\\/schema\\\/logo\\\/image\\\/\"}}]}<\/script>\n<meta property=\"product:price:amount\" content=\"39.90\" \/>\n<meta property=\"product:price:currency\" content=\"CHF\" \/>\n<meta property=\"og:availability\" content=\"instock\" \/>\n<meta property=\"product:availability\" content=\"instock\" \/>\n<meta property=\"product:condition\" content=\"new\" \/>\n<!-- \/ Yoast SEO Premium plugin. -->","yoast_head_json":{"title":"ActivTrans | Pflaume, Birne, Chicor\u00e9e, Rosmarin | Bio-Gestion","description":"ActivTrans, eine nat\u00fcrliche Mischung aus Pflaume, Birne, Zichorie und Rosmarin, f\u00f6rdert die Verdauung. Inulin aus der Wegwarte verbessert die Darmfunktion.","robots":{"index":"index","follow":"follow","max-snippet":"max-snippet:-1","max-image-preview":"max-image-preview:large","max-video-preview":"max-video-preview:-1"},"canonical":"https:\/\/biogestion.ch\/shop\/minceur\/activtrans\/","twitter_misc":{"Preis":"39.90&nbsp;&#67;&#72;&#70;","Verf\u00fcgbarkeit":"Auf Lager"},"schema":{"@context":"https:\/\/schema.org","@graph":[{"@type":"WebPage","@id":"https:\/\/biogestion.ch\/shop\/minceur\/activtrans\/","url":"https:\/\/biogestion.ch\/shop\/minceur\/activtrans\/","name":"ActivTrans | Pflaume, Birne, Chicor\u00e9e, Rosmarin | Bio-Gestion","isPartOf":{"@id":"https:\/\/biogestion.ch\/de\/#website"},"primaryImageOfPage":{"@id":"https:\/\/biogestion.ch\/shop\/minceur\/activtrans\/#primaryimage"},"image":{"@id":"https:\/\/biogestion.ch\/shop\/minceur\/activtrans\/#primaryimage"},"thumbnailUrl":"https:\/\/biogestion.ch\/wp-content\/uploads\/2025\/10\/BG_2024_Web_ActivTrans.jpeg","datePublished":"2016-06-03T11:51:59+00:00","dateModified":"2026-04-09T13:27:18+00:00","description":"ActivTrans, eine nat\u00fcrliche Mischung aus Pflaume, Birne, Zichorie und Rosmarin, f\u00f6rdert die Verdauung. Inulin aus der Wegwarte verbessert die Darmfunktion.","breadcrumb":{"@id":"https:\/\/biogestion.ch\/shop\/minceur\/activtrans\/#breadcrumb"},"inLanguage":"de","potentialAction":[{"@type":"ReadAction","target":["https:\/\/biogestion.ch\/shop\/minceur\/activtrans\/"]}]},{"@type":"ImageObject","inLanguage":"de","@id":"https:\/\/biogestion.ch\/shop\/minceur\/activtrans\/#primaryimage","url":"https:\/\/biogestion.ch\/wp-content\/uploads\/2025\/10\/BG_2024_Web_ActivTrans.jpeg","contentUrl":"https:\/\/biogestion.ch\/wp-content\/uploads\/2025\/10\/BG_2024_Web_ActivTrans.jpeg","width":1024,"height":1024,"caption":"ActivTrans, m\u00e9lange naturel de pruneau, poire, chicor\u00e9e et romarin, soutient le bien-\u00eatre digestif."},{"@type":"BreadcrumbList","@id":"https:\/\/biogestion.ch\/shop\/minceur\/activtrans\/#breadcrumb","itemListElement":[{"@type":"ListItem","position":1,"name":"Bio-Gestion","item":"https:\/\/biogestion.ch\/"},{"@type":"ListItem","position":2,"name":"Shop","item":"https:\/\/biogestion.ch\/de\/shop\/"},{"@type":"ListItem","position":3,"name":"ActivTrans"}]},{"@type":"WebSite","@id":"https:\/\/biogestion.ch\/de\/#website","url":"https:\/\/biogestion.ch\/de\/","name":"Bio-Gestion","description":"Les compl\u00e9ments alimentaires suisses","publisher":{"@id":"https:\/\/biogestion.ch\/de\/#organization"},"potentialAction":[{"@type":"SearchAction","target":{"@type":"EntryPoint","urlTemplate":"https:\/\/biogestion.ch\/de\/?s={search_term_string}"},"query-input":{"@type":"PropertyValueSpecification","valueRequired":true,"valueName":"search_term_string"}}],"inLanguage":"de"},{"@type":"Organization","@id":"https:\/\/biogestion.ch\/de\/#organization","name":"Bio-Gestion SA","url":"https:\/\/biogestion.ch\/de\/","logo":{"@type":"ImageObject","inLanguage":"de","@id":"https:\/\/biogestion.ch\/de\/#\/schema\/logo\/image\/","url":"https:\/\/biogestion.ch\/wp-content\/uploads\/2016\/05\/logo.png","contentUrl":"https:\/\/biogestion.ch\/wp-content\/uploads\/2016\/05\/logo.png","width":200,"height":38,"caption":"Bio-Gestion SA"},"image":{"@id":"https:\/\/biogestion.ch\/de\/#\/schema\/logo\/image\/"}}]},"product_price_amount":"39.90","product_price_currency":"CHF","og_availability":"instock","product_availability":"instock","product_condition":"new"},"_links":{"self":[{"href":"https:\/\/biogestion.ch\/de\/wp-json\/wp\/v2\/product\/515","targetHints":{"allow":["GET"]}}],"collection":[{"href":"https:\/\/biogestion.ch\/de\/wp-json\/wp\/v2\/product"}],"about":[{"href":"https:\/\/biogestion.ch\/de\/wp-json\/wp\/v2\/types\/product"}],"replies":[{"embeddable":true,"href":"https:\/\/biogestion.ch\/de\/wp-json\/wp\/v2\/comments?post=515"}],"version-history":[{"count":0,"href":"https:\/\/biogestion.ch\/de\/wp-json\/wp\/v2\/product\/515\/revisions"}],"wp:featuredmedia":[{"embeddable":true,"href":"https:\/\/biogestion.ch\/de\/wp-json\/wp\/v2\/media\/28263"}],"wp:attachment":[{"href":"https:\/\/biogestion.ch\/de\/wp-json\/wp\/v2\/media?parent=515"}],"wp:term":[{"taxonomy":"product_brand","embeddable":true,"href":"https:\/\/biogestion.ch\/de\/wp-json\/wp\/v2\/product_brand?post=515"},{"taxonomy":"product_cat","embeddable":true,"href":"https:\/\/biogestion.ch\/de\/wp-json\/wp\/v2\/product_cat?post=515"},{"taxonomy":"product_tag","embeddable":true,"href":"https:\/\/biogestion.ch\/de\/wp-json\/wp\/v2\/product_tag?post=515"}],"curies":[{"name":"wp","href":"https:\/\/api.w.org\/{rel}","templated":true}]}}