{"id":508,"date":"2016-06-03T13:30:41","date_gmt":"2016-06-03T11:30:41","guid":{"rendered":"http:\/\/biogestion.ch\/de\/boutique\/non%20class\u00e9\/gelee-royale-sur-miel\/"},"modified":"2025-11-06T14:29:26","modified_gmt":"2025-11-06T13:29:26","slug":"gelee-royale-mit-honig","status":"publish","type":"product","link":"https:\/\/biogestion.ch\/de\/shop\/gesundheit-immunsystem\/gelee-royale-mit-honig\/","title":{"rendered":"Gelee Royale mit Honig"},"content":{"rendered":"<h2>Geniessen Sie die kombinierten Vorteile von Gel\u00e9e Royale und Honig.<\/h2>\n<p>Gel\u00e9e Royale mit Honig kombiniert die aussergew\u00f6hnlichen Eigenschaften von Gel\u00e9e Royale, dem \u201eKaviar des Bienenstocks\u201c, mit der S\u00fcsse und den wohltuenden Wirkstoffen von Bl\u00fctenhonig. Diese einzigartige Mischung bietet ein bemerkenswertes N\u00e4hrstoffkonzentrat.<\/p>\n<p>Gelee Royale, die exklusive Nahrung der Bienenk\u00f6nigin, ist ein wahrer Schatz des Bienenstocks, der es der K\u00f6nigin erm\u00f6glicht, bis zu 50 Mal l\u00e4nger zu leben als die Arbeiterbienen. Es ist reich an B-Vitaminen, essenziellen Spurenelementen, Aminos\u00e4uren und dem Neurotransmitter Acetylcholin.<\/p>\n<p>Der Honig wiederum verleiht diesem Produkt einen angenehmen Geschmack und bringt seine eigenen ern\u00e4hrungsphysiologischen Vorteile mit sich. Die Kombination von frischem Gel\u00e9e Royale und Bl\u00fctenhonig ergibt ein schmackhaftes und sch\u00fctzendes Produkt.<\/p>\n<p>Gel\u00e9e Royale mit Honig ist besonders f\u00fcr den regelm\u00e4ssigen Verzehr geeignet und bietet eine genussvolle M\u00f6glichkeit, diese wichtigen N\u00e4hrstoffe in die t\u00e4gliche Ern\u00e4hrung zu integrieren. Es kann saisonal oder das ganze Jahr \u00fcber eingenommen werden.<\/p>\n<p><em>In Frankreich hergestellt.<\/em><\/p>\n<p><em>Einheitspreis: 39.80 CHF\/St\u00fcck<\/em><br \/>\n<em>Ab 3 St\u00fcck: 33.90 CHF\/St\u00fcck<\/em><\/p>\n","protected":false},"excerpt":{"rendered":"<p>Gel\u00e9e Royale mit Honig vereint die Vorz\u00fcge von reines Gel\u00e9e Royale, dem &#8222;Kaviar des Bienenstocks&#8220;, mit der S\u00fcsse und den Vorteilen von Bl\u00fctenhonig.<\/p>\n","protected":false},"featured_media":28253,"comment_status":"open","ping_status":"closed","template":"","meta":[],"product_brand":[],"product_cat":[1512],"product_tag":[],"class_list":{"0":"post-508","1":"product","2":"type-product","3":"status-publish","4":"has-post-thumbnail","6":"product_cat-gesundheit-immunsystem","8":"first","9":"instock","10":"taxable","11":"shipping-taxable","12":"purchasable","13":"product-type-simple"},"yoast_head":"<!-- This site is optimized with the Yoast SEO Premium plugin v27.4 (Yoast SEO v27.5) - https:\/\/yoast.com\/product\/yoast-seo-premium-wordpress\/ -->\n<title>Gel\u00e9e Royale mit Honig | Reines Gel\u00e9e Royale und Bl\u00fctenhonig<\/title>\n<meta name=\"description\" content=\"Gel\u00e9e Royale mit Honig vereint die Vorz\u00fcge von reines Gel\u00e9e Royale, dem &quot;Kaviar des Bienenstocks&quot;, mit der S\u00fcsse und den Vorteilen von Bl\u00fctenhonig.\" \/>\n<meta name=\"robots\" content=\"index, follow, max-snippet:-1, max-image-preview:large, max-video-preview:-1\" \/>\n<link rel=\"canonical\" href=\"https:\/\/biogestion.ch\/shop\/sante-immunitaire\/gelee-royale-sur-miel\/\" \/>\n<meta name=\"twitter:label1\" content=\"Preis\" \/>\n\t<meta name=\"twitter:data1\" content=\"39.80&nbsp;&#067;&#072;&#070;\" \/>\n\t<meta name=\"twitter:label2\" content=\"Verf\u00fcgbarkeit\" \/>\n\t<meta name=\"twitter:data2\" content=\"Auf Lager\" \/>\n<script type=\"application\/ld+json\" class=\"yoast-schema-graph\">{\"@context\":\"https:\\\/\\\/schema.org\",\"@graph\":[{\"@type\":\"WebPage\",\"@id\":\"https:\\\/\\\/biogestion.ch\\\/shop\\\/sante-immunitaire\\\/gelee-royale-sur-miel\\\/\",\"url\":\"https:\\\/\\\/biogestion.ch\\\/shop\\\/sante-immunitaire\\\/gelee-royale-sur-miel\\\/\",\"name\":\"Gel\u00e9e Royale mit Honig | Reines Gel\u00e9e Royale und Bl\u00fctenhonig\",\"isPartOf\":{\"@id\":\"https:\\\/\\\/biogestion.ch\\\/de\\\/#website\"},\"primaryImageOfPage\":{\"@id\":\"https:\\\/\\\/biogestion.ch\\\/shop\\\/sante-immunitaire\\\/gelee-royale-sur-miel\\\/#primaryimage\"},\"image\":{\"@id\":\"https:\\\/\\\/biogestion.ch\\\/shop\\\/sante-immunitaire\\\/gelee-royale-sur-miel\\\/#primaryimage\"},\"thumbnailUrl\":\"https:\\\/\\\/biogestion.ch\\\/wp-content\\\/uploads\\\/2025\\\/10\\\/BG_2024_Web_Miel-Gelee-Royale.jpeg\",\"datePublished\":\"2016-06-03T11:30:41+00:00\",\"dateModified\":\"2025-11-06T13:29:26+00:00\",\"description\":\"Gel\u00e9e Royale mit Honig vereint die Vorz\u00fcge von reines Gel\u00e9e Royale, dem \\\"Kaviar des Bienenstocks\\\", mit der S\u00fcsse und den Vorteilen von Bl\u00fctenhonig.\",\"breadcrumb\":{\"@id\":\"https:\\\/\\\/biogestion.ch\\\/shop\\\/sante-immunitaire\\\/gelee-royale-sur-miel\\\/#breadcrumb\"},\"inLanguage\":\"de\",\"potentialAction\":[{\"@type\":\"ReadAction\",\"target\":[\"https:\\\/\\\/biogestion.ch\\\/shop\\\/sante-immunitaire\\\/gelee-royale-sur-miel\\\/\"]}]},{\"@type\":\"ImageObject\",\"inLanguage\":\"de\",\"@id\":\"https:\\\/\\\/biogestion.ch\\\/shop\\\/sante-immunitaire\\\/gelee-royale-sur-miel\\\/#primaryimage\",\"url\":\"https:\\\/\\\/biogestion.ch\\\/wp-content\\\/uploads\\\/2025\\\/10\\\/BG_2024_Web_Miel-Gelee-Royale.jpeg\",\"contentUrl\":\"https:\\\/\\\/biogestion.ch\\\/wp-content\\\/uploads\\\/2025\\\/10\\\/BG_2024_Web_Miel-Gelee-Royale.jpeg\",\"width\":1024,\"height\":1024,\"caption\":\"Riche en vitamines B et oligo-\u00e9l\u00e9ments et encore meilleure avec du miel, la Gel\u00e9e Royale regorge de propri\u00e9t\u00e9s particuli\u00e8rement efficaces pour la sant\u00e9.\"},{\"@type\":\"BreadcrumbList\",\"@id\":\"https:\\\/\\\/biogestion.ch\\\/shop\\\/sante-immunitaire\\\/gelee-royale-sur-miel\\\/#breadcrumb\",\"itemListElement\":[{\"@type\":\"ListItem\",\"position\":1,\"name\":\"Bio-Gestion\",\"item\":\"https:\\\/\\\/biogestion.ch\\\/\"},{\"@type\":\"ListItem\",\"position\":2,\"name\":\"Shop\",\"item\":\"https:\\\/\\\/biogestion.ch\\\/de\\\/shop\\\/\"},{\"@type\":\"ListItem\",\"position\":3,\"name\":\"Gelee Royale mit Honig\"}]},{\"@type\":\"WebSite\",\"@id\":\"https:\\\/\\\/biogestion.ch\\\/de\\\/#website\",\"url\":\"https:\\\/\\\/biogestion.ch\\\/de\\\/\",\"name\":\"Bio-Gestion\",\"description\":\"Les compl\u00e9ments alimentaires suisses\",\"publisher\":{\"@id\":\"https:\\\/\\\/biogestion.ch\\\/de\\\/#organization\"},\"potentialAction\":[{\"@type\":\"SearchAction\",\"target\":{\"@type\":\"EntryPoint\",\"urlTemplate\":\"https:\\\/\\\/biogestion.ch\\\/de\\\/?s={search_term_string}\"},\"query-input\":{\"@type\":\"PropertyValueSpecification\",\"valueRequired\":true,\"valueName\":\"search_term_string\"}}],\"inLanguage\":\"de\"},{\"@type\":\"Organization\",\"@id\":\"https:\\\/\\\/biogestion.ch\\\/de\\\/#organization\",\"name\":\"Bio-Gestion SA\",\"url\":\"https:\\\/\\\/biogestion.ch\\\/de\\\/\",\"logo\":{\"@type\":\"ImageObject\",\"inLanguage\":\"de\",\"@id\":\"https:\\\/\\\/biogestion.ch\\\/de\\\/#\\\/schema\\\/logo\\\/image\\\/\",\"url\":\"https:\\\/\\\/biogestion.ch\\\/wp-content\\\/uploads\\\/2016\\\/05\\\/logo.png\",\"contentUrl\":\"https:\\\/\\\/biogestion.ch\\\/wp-content\\\/uploads\\\/2016\\\/05\\\/logo.png\",\"width\":200,\"height\":38,\"caption\":\"Bio-Gestion SA\"},\"image\":{\"@id\":\"https:\\\/\\\/biogestion.ch\\\/de\\\/#\\\/schema\\\/logo\\\/image\\\/\"}}]}<\/script>\n<meta property=\"product:price:amount\" content=\"39.80\" \/>\n<meta property=\"product:price:currency\" content=\"CHF\" \/>\n<meta property=\"og:availability\" content=\"instock\" \/>\n<meta property=\"product:availability\" content=\"instock\" \/>\n<meta property=\"product:condition\" content=\"new\" \/>\n<!-- \/ Yoast SEO Premium plugin. -->","yoast_head_json":{"title":"Gel\u00e9e Royale mit Honig | Reines Gel\u00e9e Royale und Bl\u00fctenhonig","description":"Gel\u00e9e Royale mit Honig vereint die Vorz\u00fcge von reines Gel\u00e9e Royale, dem \"Kaviar des Bienenstocks\", mit der S\u00fcsse und den Vorteilen von Bl\u00fctenhonig.","robots":{"index":"index","follow":"follow","max-snippet":"max-snippet:-1","max-image-preview":"max-image-preview:large","max-video-preview":"max-video-preview:-1"},"canonical":"https:\/\/biogestion.ch\/shop\/sante-immunitaire\/gelee-royale-sur-miel\/","twitter_misc":{"Preis":"39.80&nbsp;&#67;&#72;&#70;","Verf\u00fcgbarkeit":"Auf Lager"},"schema":{"@context":"https:\/\/schema.org","@graph":[{"@type":"WebPage","@id":"https:\/\/biogestion.ch\/shop\/sante-immunitaire\/gelee-royale-sur-miel\/","url":"https:\/\/biogestion.ch\/shop\/sante-immunitaire\/gelee-royale-sur-miel\/","name":"Gel\u00e9e Royale mit Honig | Reines Gel\u00e9e Royale und Bl\u00fctenhonig","isPartOf":{"@id":"https:\/\/biogestion.ch\/de\/#website"},"primaryImageOfPage":{"@id":"https:\/\/biogestion.ch\/shop\/sante-immunitaire\/gelee-royale-sur-miel\/#primaryimage"},"image":{"@id":"https:\/\/biogestion.ch\/shop\/sante-immunitaire\/gelee-royale-sur-miel\/#primaryimage"},"thumbnailUrl":"https:\/\/biogestion.ch\/wp-content\/uploads\/2025\/10\/BG_2024_Web_Miel-Gelee-Royale.jpeg","datePublished":"2016-06-03T11:30:41+00:00","dateModified":"2025-11-06T13:29:26+00:00","description":"Gel\u00e9e Royale mit Honig vereint die Vorz\u00fcge von reines Gel\u00e9e Royale, dem \"Kaviar des Bienenstocks\", mit der S\u00fcsse und den Vorteilen von Bl\u00fctenhonig.","breadcrumb":{"@id":"https:\/\/biogestion.ch\/shop\/sante-immunitaire\/gelee-royale-sur-miel\/#breadcrumb"},"inLanguage":"de","potentialAction":[{"@type":"ReadAction","target":["https:\/\/biogestion.ch\/shop\/sante-immunitaire\/gelee-royale-sur-miel\/"]}]},{"@type":"ImageObject","inLanguage":"de","@id":"https:\/\/biogestion.ch\/shop\/sante-immunitaire\/gelee-royale-sur-miel\/#primaryimage","url":"https:\/\/biogestion.ch\/wp-content\/uploads\/2025\/10\/BG_2024_Web_Miel-Gelee-Royale.jpeg","contentUrl":"https:\/\/biogestion.ch\/wp-content\/uploads\/2025\/10\/BG_2024_Web_Miel-Gelee-Royale.jpeg","width":1024,"height":1024,"caption":"Riche en vitamines B et oligo-\u00e9l\u00e9ments et encore meilleure avec du miel, la Gel\u00e9e Royale regorge de propri\u00e9t\u00e9s particuli\u00e8rement efficaces pour la sant\u00e9."},{"@type":"BreadcrumbList","@id":"https:\/\/biogestion.ch\/shop\/sante-immunitaire\/gelee-royale-sur-miel\/#breadcrumb","itemListElement":[{"@type":"ListItem","position":1,"name":"Bio-Gestion","item":"https:\/\/biogestion.ch\/"},{"@type":"ListItem","position":2,"name":"Shop","item":"https:\/\/biogestion.ch\/de\/shop\/"},{"@type":"ListItem","position":3,"name":"Gelee Royale mit Honig"}]},{"@type":"WebSite","@id":"https:\/\/biogestion.ch\/de\/#website","url":"https:\/\/biogestion.ch\/de\/","name":"Bio-Gestion","description":"Les compl\u00e9ments alimentaires suisses","publisher":{"@id":"https:\/\/biogestion.ch\/de\/#organization"},"potentialAction":[{"@type":"SearchAction","target":{"@type":"EntryPoint","urlTemplate":"https:\/\/biogestion.ch\/de\/?s={search_term_string}"},"query-input":{"@type":"PropertyValueSpecification","valueRequired":true,"valueName":"search_term_string"}}],"inLanguage":"de"},{"@type":"Organization","@id":"https:\/\/biogestion.ch\/de\/#organization","name":"Bio-Gestion SA","url":"https:\/\/biogestion.ch\/de\/","logo":{"@type":"ImageObject","inLanguage":"de","@id":"https:\/\/biogestion.ch\/de\/#\/schema\/logo\/image\/","url":"https:\/\/biogestion.ch\/wp-content\/uploads\/2016\/05\/logo.png","contentUrl":"https:\/\/biogestion.ch\/wp-content\/uploads\/2016\/05\/logo.png","width":200,"height":38,"caption":"Bio-Gestion SA"},"image":{"@id":"https:\/\/biogestion.ch\/de\/#\/schema\/logo\/image\/"}}]},"product_price_amount":"39.80","product_price_currency":"CHF","og_availability":"instock","product_availability":"instock","product_condition":"new"},"_links":{"self":[{"href":"https:\/\/biogestion.ch\/de\/wp-json\/wp\/v2\/product\/508","targetHints":{"allow":["GET"]}}],"collection":[{"href":"https:\/\/biogestion.ch\/de\/wp-json\/wp\/v2\/product"}],"about":[{"href":"https:\/\/biogestion.ch\/de\/wp-json\/wp\/v2\/types\/product"}],"replies":[{"embeddable":true,"href":"https:\/\/biogestion.ch\/de\/wp-json\/wp\/v2\/comments?post=508"}],"version-history":[{"count":0,"href":"https:\/\/biogestion.ch\/de\/wp-json\/wp\/v2\/product\/508\/revisions"}],"wp:featuredmedia":[{"embeddable":true,"href":"https:\/\/biogestion.ch\/de\/wp-json\/wp\/v2\/media\/28253"}],"wp:attachment":[{"href":"https:\/\/biogestion.ch\/de\/wp-json\/wp\/v2\/media?parent=508"}],"wp:term":[{"taxonomy":"product_brand","embeddable":true,"href":"https:\/\/biogestion.ch\/de\/wp-json\/wp\/v2\/product_brand?post=508"},{"taxonomy":"product_cat","embeddable":true,"href":"https:\/\/biogestion.ch\/de\/wp-json\/wp\/v2\/product_cat?post=508"},{"taxonomy":"product_tag","embeddable":true,"href":"https:\/\/biogestion.ch\/de\/wp-json\/wp\/v2\/product_tag?post=508"}],"curies":[{"name":"wp","href":"https:\/\/api.w.org\/{rel}","templated":true}]}}