{"id":502,"date":"2016-06-03T13:23:54","date_gmt":"2016-06-03T11:23:54","guid":{"rendered":"http:\/\/biogestion.ch\/de\/boutique\/non%20class\u00e9\/gelee-royale-lyophilisee\/"},"modified":"2026-04-23T15:27:29","modified_gmt":"2026-04-23T13:27:29","slug":"gelee-royale-gefriergetrocknet","status":"publish","type":"product","link":"https:\/\/biogestion.ch\/de\/shop\/unkategorisiert\/gelee-royale-gefriergetrocknet\/","title":{"rendered":"Gelee Royale gefriergetrocknet"},"content":{"rendered":"<h2>Gefriergetrocknetes Gel\u00e9e Royale, ein N\u00e4hrstoffschatz aus dem Bienenstock<\/h2>\n<p>Gefriergetrocknetes Gelee Royale ist eine praktische und konzentrierte Form von Gel\u00e9e Royale, dem &#8222;Kaviar des Bienenstocks&#8220;, das von den Bienen abgesondert wird, um ausschliesslich ihre K\u00f6nigin zu ern\u00e4hren. Dank dieser einzigartigen Ern\u00e4hrung geniesst die Bienenk\u00f6nigin eine bemerkenswerte Langlebigkeit und lebt bis zu 50 Mal l\u00e4nger als ihre Artgenossen.<\/p>\n<p>Diese gefriergetrocknete Form des Gelee Royale bewahrt alle ern\u00e4hrungsphysiologischen Vorteile seiner urspr\u00fcnglichen Form. Es ist besonders reich an B-Vitaminen, essenziellen Spurenelementen und Aminos\u00e4uren.<\/p>\n<p>Gefriergetrocknetes Gel\u00e9e Royale enth\u00e4lt auch Proteine, Kohlenhydrate, haupts\u00e4chlich in Form von Fructose und Glucose, sowie Lipide und stellt somit eine komplette Quelle essenzieller N\u00e4hrstoffe dar.<\/p>\n<p>Das gefriergetrocknete Gel\u00e9e Royale ist ideal f\u00fcr eine saisonale oder regelm\u00e4ssige Einnahme w\u00e4hrend des ganzen Jahres. Dank des praktischen Kapselformats ist es ideal f\u00fcr all jene, die diese N\u00e4hrstoffe auf einfache Weise in ihre t\u00e4gliche Ern\u00e4hrung integrieren m\u00f6chten.<\/p>\n<p><em>In Frankreich hergestellt.<\/em><\/p>\n<p><em>Einheitspreis: 39.50 CHF\/St\u00fcck<\/em><br \/>\n<em>Ab 3 St\u00fcck: 32.90 CHF\/St\u00fcck<\/em><\/p>\n","protected":false},"excerpt":{"rendered":"<p>Gefriergetrocknetes Gel\u00e9e Royale ist eine praktische und konzentrierte Form von Gel\u00e9e Royale, das von den Bienen abgesondert wird, um ausschliesslich ihre K\u00f6nigin zu ern\u00e4hren.<\/p>\n","protected":false},"featured_media":25718,"comment_status":"open","ping_status":"closed","template":"","meta":[],"product_brand":[1689],"product_cat":[],"product_tag":[],"class_list":{"0":"post-502","1":"product","2":"type-product","3":"status-publish","4":"has-post-thumbnail","6":"product_brand-bio-gestion","8":"first","9":"outofstock","10":"taxable","11":"shipping-taxable","12":"purchasable","13":"product-type-simple"},"yoast_head":"<!-- This site is optimized with the Yoast SEO Premium plugin v27.4 (Yoast SEO v27.5) - https:\/\/yoast.com\/product\/yoast-seo-premium-wordpress\/ -->\n<title>Gel\u00e9e Royale in Kapseln | B-Vitamine, Spurenelemente<\/title>\n<meta name=\"description\" content=\"Gefriergetrocknetes Gel\u00e9e Royale ist eine praktische, konzentrierte Form, die von Bienen zur Ern\u00e4hrung ihrer K\u00f6nigin abgesondert wird.\" \/>\n<meta name=\"robots\" content=\"index, follow, max-snippet:-1, max-image-preview:large, max-video-preview:-1\" \/>\n<link rel=\"canonical\" href=\"https:\/\/biogestion.ch\/shop\/sante-immunitaire\/gelee-royale-lyophilisee\/\" \/>\n<meta name=\"twitter:label1\" content=\"Preis\" \/>\n\t<meta name=\"twitter:data1\" content=\"39.50&nbsp;&#067;&#072;&#070;\" \/>\n\t<meta name=\"twitter:label2\" content=\"Verf\u00fcgbarkeit\" \/>\n\t<meta name=\"twitter:data2\" content=\"ausverkauft\" \/>\n<script type=\"application\/ld+json\" class=\"yoast-schema-graph\">{\"@context\":\"https:\\\/\\\/schema.org\",\"@graph\":[{\"@type\":\"WebPage\",\"@id\":\"https:\\\/\\\/biogestion.ch\\\/shop\\\/sante-immunitaire\\\/gelee-royale-lyophilisee\\\/\",\"url\":\"https:\\\/\\\/biogestion.ch\\\/shop\\\/sante-immunitaire\\\/gelee-royale-lyophilisee\\\/\",\"name\":\"Gel\u00e9e Royale in Kapseln | B-Vitamine, Spurenelemente\",\"isPartOf\":{\"@id\":\"https:\\\/\\\/biogestion.ch\\\/de\\\/#website\"},\"primaryImageOfPage\":{\"@id\":\"https:\\\/\\\/biogestion.ch\\\/shop\\\/sante-immunitaire\\\/gelee-royale-lyophilisee\\\/#primaryimage\"},\"image\":{\"@id\":\"https:\\\/\\\/biogestion.ch\\\/shop\\\/sante-immunitaire\\\/gelee-royale-lyophilisee\\\/#primaryimage\"},\"thumbnailUrl\":\"https:\\\/\\\/biogestion.ch\\\/wp-content\\\/uploads\\\/2025\\\/01\\\/Bio-Gestion_2024_Gelee-Royale-Lyophilisee_1200x1200.jpg\",\"datePublished\":\"2016-06-03T11:23:54+00:00\",\"dateModified\":\"2026-04-23T13:27:29+00:00\",\"description\":\"Gefriergetrocknetes Gel\u00e9e Royale ist eine praktische, konzentrierte Form, die von Bienen zur Ern\u00e4hrung ihrer K\u00f6nigin abgesondert wird.\",\"breadcrumb\":{\"@id\":\"https:\\\/\\\/biogestion.ch\\\/shop\\\/sante-immunitaire\\\/gelee-royale-lyophilisee\\\/#breadcrumb\"},\"inLanguage\":\"de\",\"potentialAction\":[{\"@type\":\"ReadAction\",\"target\":[\"https:\\\/\\\/biogestion.ch\\\/shop\\\/sante-immunitaire\\\/gelee-royale-lyophilisee\\\/\"]}]},{\"@type\":\"ImageObject\",\"inLanguage\":\"de\",\"@id\":\"https:\\\/\\\/biogestion.ch\\\/shop\\\/sante-immunitaire\\\/gelee-royale-lyophilisee\\\/#primaryimage\",\"url\":\"https:\\\/\\\/biogestion.ch\\\/wp-content\\\/uploads\\\/2025\\\/01\\\/Bio-Gestion_2024_Gelee-Royale-Lyophilisee_1200x1200.jpg\",\"contentUrl\":\"https:\\\/\\\/biogestion.ch\\\/wp-content\\\/uploads\\\/2025\\\/01\\\/Bio-Gestion_2024_Gelee-Royale-Lyophilisee_1200x1200.jpg\",\"width\":1200,\"height\":1200,\"caption\":\"Gelee Royale gefriergetrocknet\"},{\"@type\":\"BreadcrumbList\",\"@id\":\"https:\\\/\\\/biogestion.ch\\\/shop\\\/sante-immunitaire\\\/gelee-royale-lyophilisee\\\/#breadcrumb\",\"itemListElement\":[{\"@type\":\"ListItem\",\"position\":1,\"name\":\"Bio-Gestion\",\"item\":\"https:\\\/\\\/biogestion.ch\\\/\"},{\"@type\":\"ListItem\",\"position\":2,\"name\":\"Shop\",\"item\":\"https:\\\/\\\/biogestion.ch\\\/de\\\/shop\\\/\"},{\"@type\":\"ListItem\",\"position\":3,\"name\":\"Gelee Royale gefriergetrocknet\"}]},{\"@type\":\"WebSite\",\"@id\":\"https:\\\/\\\/biogestion.ch\\\/de\\\/#website\",\"url\":\"https:\\\/\\\/biogestion.ch\\\/de\\\/\",\"name\":\"Bio-Gestion\",\"description\":\"Les compl\u00e9ments alimentaires suisses\",\"publisher\":{\"@id\":\"https:\\\/\\\/biogestion.ch\\\/de\\\/#organization\"},\"potentialAction\":[{\"@type\":\"SearchAction\",\"target\":{\"@type\":\"EntryPoint\",\"urlTemplate\":\"https:\\\/\\\/biogestion.ch\\\/de\\\/?s={search_term_string}\"},\"query-input\":{\"@type\":\"PropertyValueSpecification\",\"valueRequired\":true,\"valueName\":\"search_term_string\"}}],\"inLanguage\":\"de\"},{\"@type\":\"Organization\",\"@id\":\"https:\\\/\\\/biogestion.ch\\\/de\\\/#organization\",\"name\":\"Bio-Gestion SA\",\"url\":\"https:\\\/\\\/biogestion.ch\\\/de\\\/\",\"logo\":{\"@type\":\"ImageObject\",\"inLanguage\":\"de\",\"@id\":\"https:\\\/\\\/biogestion.ch\\\/de\\\/#\\\/schema\\\/logo\\\/image\\\/\",\"url\":\"https:\\\/\\\/biogestion.ch\\\/wp-content\\\/uploads\\\/2016\\\/05\\\/logo.png\",\"contentUrl\":\"https:\\\/\\\/biogestion.ch\\\/wp-content\\\/uploads\\\/2016\\\/05\\\/logo.png\",\"width\":200,\"height\":38,\"caption\":\"Bio-Gestion SA\"},\"image\":{\"@id\":\"https:\\\/\\\/biogestion.ch\\\/de\\\/#\\\/schema\\\/logo\\\/image\\\/\"}}]}<\/script>\n<meta property=\"product:price:amount\" content=\"39.50\" \/>\n<meta property=\"product:price:currency\" content=\"CHF\" \/>\n<meta property=\"og:availability\" content=\"out of stock\" \/>\n<meta property=\"product:availability\" content=\"out of stock\" \/>\n<meta property=\"product:condition\" content=\"new\" \/>\n<!-- \/ Yoast SEO Premium plugin. -->","yoast_head_json":{"title":"Gel\u00e9e Royale in Kapseln | B-Vitamine, Spurenelemente","description":"Gefriergetrocknetes Gel\u00e9e Royale ist eine praktische, konzentrierte Form, die von Bienen zur Ern\u00e4hrung ihrer K\u00f6nigin abgesondert wird.","robots":{"index":"index","follow":"follow","max-snippet":"max-snippet:-1","max-image-preview":"max-image-preview:large","max-video-preview":"max-video-preview:-1"},"canonical":"https:\/\/biogestion.ch\/shop\/sante-immunitaire\/gelee-royale-lyophilisee\/","twitter_misc":{"Preis":"39.50&nbsp;&#67;&#72;&#70;","Verf\u00fcgbarkeit":"ausverkauft"},"schema":{"@context":"https:\/\/schema.org","@graph":[{"@type":"WebPage","@id":"https:\/\/biogestion.ch\/shop\/sante-immunitaire\/gelee-royale-lyophilisee\/","url":"https:\/\/biogestion.ch\/shop\/sante-immunitaire\/gelee-royale-lyophilisee\/","name":"Gel\u00e9e Royale in Kapseln | B-Vitamine, Spurenelemente","isPartOf":{"@id":"https:\/\/biogestion.ch\/de\/#website"},"primaryImageOfPage":{"@id":"https:\/\/biogestion.ch\/shop\/sante-immunitaire\/gelee-royale-lyophilisee\/#primaryimage"},"image":{"@id":"https:\/\/biogestion.ch\/shop\/sante-immunitaire\/gelee-royale-lyophilisee\/#primaryimage"},"thumbnailUrl":"https:\/\/biogestion.ch\/wp-content\/uploads\/2025\/01\/Bio-Gestion_2024_Gelee-Royale-Lyophilisee_1200x1200.jpg","datePublished":"2016-06-03T11:23:54+00:00","dateModified":"2026-04-23T13:27:29+00:00","description":"Gefriergetrocknetes Gel\u00e9e Royale ist eine praktische, konzentrierte Form, die von Bienen zur Ern\u00e4hrung ihrer K\u00f6nigin abgesondert wird.","breadcrumb":{"@id":"https:\/\/biogestion.ch\/shop\/sante-immunitaire\/gelee-royale-lyophilisee\/#breadcrumb"},"inLanguage":"de","potentialAction":[{"@type":"ReadAction","target":["https:\/\/biogestion.ch\/shop\/sante-immunitaire\/gelee-royale-lyophilisee\/"]}]},{"@type":"ImageObject","inLanguage":"de","@id":"https:\/\/biogestion.ch\/shop\/sante-immunitaire\/gelee-royale-lyophilisee\/#primaryimage","url":"https:\/\/biogestion.ch\/wp-content\/uploads\/2025\/01\/Bio-Gestion_2024_Gelee-Royale-Lyophilisee_1200x1200.jpg","contentUrl":"https:\/\/biogestion.ch\/wp-content\/uploads\/2025\/01\/Bio-Gestion_2024_Gelee-Royale-Lyophilisee_1200x1200.jpg","width":1200,"height":1200,"caption":"Gelee Royale gefriergetrocknet"},{"@type":"BreadcrumbList","@id":"https:\/\/biogestion.ch\/shop\/sante-immunitaire\/gelee-royale-lyophilisee\/#breadcrumb","itemListElement":[{"@type":"ListItem","position":1,"name":"Bio-Gestion","item":"https:\/\/biogestion.ch\/"},{"@type":"ListItem","position":2,"name":"Shop","item":"https:\/\/biogestion.ch\/de\/shop\/"},{"@type":"ListItem","position":3,"name":"Gelee Royale gefriergetrocknet"}]},{"@type":"WebSite","@id":"https:\/\/biogestion.ch\/de\/#website","url":"https:\/\/biogestion.ch\/de\/","name":"Bio-Gestion","description":"Les compl\u00e9ments alimentaires suisses","publisher":{"@id":"https:\/\/biogestion.ch\/de\/#organization"},"potentialAction":[{"@type":"SearchAction","target":{"@type":"EntryPoint","urlTemplate":"https:\/\/biogestion.ch\/de\/?s={search_term_string}"},"query-input":{"@type":"PropertyValueSpecification","valueRequired":true,"valueName":"search_term_string"}}],"inLanguage":"de"},{"@type":"Organization","@id":"https:\/\/biogestion.ch\/de\/#organization","name":"Bio-Gestion SA","url":"https:\/\/biogestion.ch\/de\/","logo":{"@type":"ImageObject","inLanguage":"de","@id":"https:\/\/biogestion.ch\/de\/#\/schema\/logo\/image\/","url":"https:\/\/biogestion.ch\/wp-content\/uploads\/2016\/05\/logo.png","contentUrl":"https:\/\/biogestion.ch\/wp-content\/uploads\/2016\/05\/logo.png","width":200,"height":38,"caption":"Bio-Gestion SA"},"image":{"@id":"https:\/\/biogestion.ch\/de\/#\/schema\/logo\/image\/"}}]},"product_price_amount":"39.50","product_price_currency":"CHF","og_availability":"out of stock","product_availability":"out of stock","product_condition":"new"},"_links":{"self":[{"href":"https:\/\/biogestion.ch\/de\/wp-json\/wp\/v2\/product\/502","targetHints":{"allow":["GET"]}}],"collection":[{"href":"https:\/\/biogestion.ch\/de\/wp-json\/wp\/v2\/product"}],"about":[{"href":"https:\/\/biogestion.ch\/de\/wp-json\/wp\/v2\/types\/product"}],"replies":[{"embeddable":true,"href":"https:\/\/biogestion.ch\/de\/wp-json\/wp\/v2\/comments?post=502"}],"version-history":[{"count":0,"href":"https:\/\/biogestion.ch\/de\/wp-json\/wp\/v2\/product\/502\/revisions"}],"wp:featuredmedia":[{"embeddable":true,"href":"https:\/\/biogestion.ch\/de\/wp-json\/wp\/v2\/media\/25718"}],"wp:attachment":[{"href":"https:\/\/biogestion.ch\/de\/wp-json\/wp\/v2\/media?parent=502"}],"wp:term":[{"taxonomy":"product_brand","embeddable":true,"href":"https:\/\/biogestion.ch\/de\/wp-json\/wp\/v2\/product_brand?post=502"},{"taxonomy":"product_cat","embeddable":true,"href":"https:\/\/biogestion.ch\/de\/wp-json\/wp\/v2\/product_cat?post=502"},{"taxonomy":"product_tag","embeddable":true,"href":"https:\/\/biogestion.ch\/de\/wp-json\/wp\/v2\/product_tag?post=502"}],"curies":[{"name":"wp","href":"https:\/\/api.w.org\/{rel}","templated":true}]}}