{"id":484,"date":"2016-06-03T07:28:10","date_gmt":"2016-06-03T05:28:10","guid":{"rendered":"http:\/\/biogestion.ch\/de\/boutique\/non%20class\u00e9\/opti-m-opti-memo\/"},"modified":"2026-02-27T08:52:22","modified_gmt":"2026-02-27T07:52:22","slug":"opti-m-opti-memo","status":"publish","type":"product","link":"https:\/\/biogestion.ch\/de\/shop\/sale\/opti-m-opti-memo\/","title":{"rendered":"Opti-M"},"content":{"rendered":"<h2 draggable=\"false\" data-pm-slice=\"1 3 []\" data-en-clipboard=\"true\">Eine nat\u00fcrliche Synergie f\u00fcr Gehirn und Nervensystem.<\/h2>\n<p draggable=\"false\">OPTI-M unterst\u00fctzt das mentale und emotionale Gleichgewicht, insbesondere in \u00dcbergangsphasen oder bei vor\u00fcbergehender Motivationsminderung.<\/p>\n<p draggable=\"false\">In einer multitasking-gepr\u00e4gten Welt, in der das Gehirn st\u00e4ndig gefordert ist, bietet Opti-M eine gezielte N\u00e4hrstoffunterst\u00fctzung f\u00fcr intellektuelle und kognitive Funktionen.<\/p>\n<p draggable=\"false\">Opti-M unterst\u00fctzt die geistige Leistungsf\u00e4higkeit dank seines Gehalts an Vitamin B12* und B6*.<\/p>\n<p draggable=\"false\"><i>*Vitamin B12\/B6 tragen zu einer normalen Funktion des Nervensystems bei.<\/i><\/p>\n<p draggable=\"false\"><i>*Vitamin B12\/B6 tragen zu normalen psychologischen Funktionen bei.<\/i><\/p>\n<p draggable=\"false\"><i>*Vitamin B12\/B6 tragen zur Verringerung von M\u00fcdigkeit bei.<\/i><\/p>\n<p draggable=\"false\">Die Wirkstoffe von Opti-M und ihre wesentlichen Funktionen<\/p>\n<h4 draggable=\"false\">Braunalgen (Laminaria digitata)<\/h4>\n<ul>\n<li draggable=\"false\">Reich an nat\u00fcrlichem Jod, das zu einer normalen kognitiven Funktion und zu einem normalen Energiestoffwechsel beitr\u00e4gt<\/li>\n<li draggable=\"false\">Liefert marine Spurenelemente zur Unterst\u00fctzung der allgemeinen Vitalit\u00e4t des Nervensystems<\/li>\n<li draggable=\"false\">Enth\u00e4lt nat\u00fcrliche Ballaststoffe (Alginate), die im Rahmen einer ausgewogenen Ern\u00e4hrung f\u00fcr ihre F\u00e4higkeit bekannt sind, bestimmte unerw\u00fcnschte Stoffe zu binden<\/li>\n<\/ul>\n<p><\/p>\n<h4 draggable=\"false\">Sojaproteinisolat: f\u00fcr Gehirn und K\u00f6rper<\/h4>\n<ul>\n<li draggable=\"false\">Hochwertige pflanzliche Proteinquelle mit allen essenziellen Aminos\u00e4uren, die f\u00fcr die Synthese von Neurotransmittern (Dopamin, Serotonin, Acetylcholin) erforderlich sind<\/li>\n<li draggable=\"false\">Unterst\u00fctzt das hormonelle Gleichgewicht<\/li>\n<\/ul>\n<p><\/p>\n<h4 draggable=\"false\">Gelee Royale: gefriergetrocknet zur optimalen N\u00e4hrstofferhaltung<\/h4>\n<ul>\n<li draggable=\"false\"><b>Wertvolles Bienenprodukt<\/b>, nat\u00fcrlich reich an B-Vitaminen, Aminos\u00e4uren, Spurenelementen, Acetylcholin und Antioxidantien<\/li>\n<li draggable=\"false\">Bekannt zur Unterst\u00fctzung kognitiver Funktionen und bei M\u00fcdigkeit<\/li>\n<\/ul>\n<p><\/p>\n<h4 draggable=\"false\">Vitamin B6<\/h4>\n<ul>\n<li>Tr\u00e4gt zu einer normalen psychologischen Funktion bei<\/li>\n<li>Beteiligt an der normalen Synthese von Neurotransmittern (Serotonin, GABA, Dopamin)<\/li>\n<li>Tr\u00e4gt zur Verringerung von M\u00fcdigkeit bei<\/li>\n<\/ul>\n<p><\/p>\n<h4 draggable=\"false\">Vitamin B12<\/h4>\n<ul>\n<li>Unterst\u00fctzt die normale Funktion des Nervensystems<\/li>\n<li>Tr\u00e4gt zur Bildung roter Blutk\u00f6rperchen bei, die f\u00fcr die Sauerstoffversorgung des Gehirns wichtig sind<\/li>\n<li>Tr\u00e4gt zu einem normalen Energiestoffwechsel bei<\/li>\n<\/ul>\n<p><\/p>\n<h4 draggable=\"false\">Warum Opti-M w\u00e4hlen?<\/h4>\n<ul>\n<li>Konzentration, Ged\u00e4chtnis, Aufmerksamkeit<\/li>\n<li>Enth\u00e4lt gut vertr\u00e4gliche nat\u00fcrliche Wirkstoffe<\/li>\n<li>Synergie aus N\u00e4hrstoffen f\u00fcr kognitive und energetische Unterst\u00fctzung<\/li>\n<li>Premium-Nahrungserg\u00e4nzung f\u00fcr die Anforderungen des modernen Gehirns<\/li>\n<\/ul>\n<p><\/p>\n<h4 draggable=\"false\">F\u00fcr wen ist Opti-M geeignet?<\/h4>\n<ul>\n<li>F\u00fcr Erwachsene in Phasen hoher kognitiver Belastung (intensive Meetings, Pr\u00fcfungen, anspruchsvolle Situationen)<\/li>\n<li>F\u00fcr Senioren, die ihre kognitiven Funktionen wie Ged\u00e4chtnis und Aufmerksamkeit unterst\u00fctzen m\u00f6chten<\/li>\n<\/ul>\n<p><em>In Frankreich hergestellt.<\/em><\/p>\n<p><em>Einheitspreis: 68.80 CHF\/St\u00fcck<\/em><br \/>\n<em>Ab 3 St\u00fcck: 62.00 CHF\/St\u00fcck<\/em><\/p>\n","protected":false},"excerpt":{"rendered":"<p draggable=\"false\" data-pm-slice=\"1 1 []\" data-en-clipboard=\"true\">Eine nat\u00fcrliche Synergie f\u00fcr Gehirn und Nervensystem.<\/p>\n","protected":false},"featured_media":28193,"comment_status":"open","ping_status":"closed","template":"","meta":[],"product_brand":[1689],"product_cat":[1587,1512],"product_tag":[],"class_list":{"0":"post-484","1":"product","2":"type-product","3":"status-publish","4":"has-post-thumbnail","6":"product_brand-bio-gestion","7":"product_cat-sale","8":"product_cat-gesundheit-immunsystem","10":"first","11":"instock","12":"sale","13":"featured","14":"taxable","15":"shipping-taxable","16":"purchasable","17":"product-type-simple"},"yoast_head":"<!-- This site is optimized with the Yoast SEO Premium plugin v27.3 (Yoast SEO v27.3) - https:\/\/yoast.com\/product\/yoast-seo-premium-wordpress\/ -->\n<title>Opti-M | Laminaria-Algen, Gelee Royale, Vitamin B6 und B12<\/title>\n<meta name=\"description\" content=\"Opti-M kombiniert Laminaria-Algen, Sojaprotein, gefriergetrocknetes Gel\u00e9e Royale und einen Zusatz der Vitamine B6 und B12.\" \/>\n<meta name=\"robots\" content=\"index, follow, max-snippet:-1, max-image-preview:large, max-video-preview:-1\" \/>\n<link rel=\"canonical\" href=\"https:\/\/biogestion.ch\/shop\/sante-immunitaire\/opti-m-opti-memo\/\" \/>\n<meta name=\"twitter:label1\" content=\"Preis\" \/>\n\t<meta name=\"twitter:data1\" content=\"51.60&nbsp;&#067;&#072;&#070;\" \/>\n\t<meta name=\"twitter:label2\" content=\"Verf\u00fcgbarkeit\" \/>\n\t<meta name=\"twitter:data2\" content=\"Auf Lager\" \/>\n<script type=\"application\/ld+json\" class=\"yoast-schema-graph\">{\"@context\":\"https:\\\/\\\/schema.org\",\"@graph\":[{\"@type\":\"WebPage\",\"@id\":\"https:\\\/\\\/biogestion.ch\\\/shop\\\/sante-immunitaire\\\/opti-m-opti-memo\\\/\",\"url\":\"https:\\\/\\\/biogestion.ch\\\/shop\\\/sante-immunitaire\\\/opti-m-opti-memo\\\/\",\"name\":\"Opti-M | Laminaria-Algen, Gelee Royale, Vitamin B6 und B12\",\"isPartOf\":{\"@id\":\"https:\\\/\\\/biogestion.ch\\\/de\\\/#website\"},\"primaryImageOfPage\":{\"@id\":\"https:\\\/\\\/biogestion.ch\\\/shop\\\/sante-immunitaire\\\/opti-m-opti-memo\\\/#primaryimage\"},\"image\":{\"@id\":\"https:\\\/\\\/biogestion.ch\\\/shop\\\/sante-immunitaire\\\/opti-m-opti-memo\\\/#primaryimage\"},\"thumbnailUrl\":\"https:\\\/\\\/biogestion.ch\\\/wp-content\\\/uploads\\\/2025\\\/10\\\/BG_2024_Opti-M.jpeg\",\"datePublished\":\"2016-06-03T05:28:10+00:00\",\"dateModified\":\"2026-02-27T07:52:22+00:00\",\"description\":\"Opti-M kombiniert Laminaria-Algen, Sojaprotein, gefriergetrocknetes Gel\u00e9e Royale und einen Zusatz der Vitamine B6 und B12.\",\"breadcrumb\":{\"@id\":\"https:\\\/\\\/biogestion.ch\\\/shop\\\/sante-immunitaire\\\/opti-m-opti-memo\\\/#breadcrumb\"},\"inLanguage\":\"de\",\"potentialAction\":[{\"@type\":\"ReadAction\",\"target\":[\"https:\\\/\\\/biogestion.ch\\\/shop\\\/sante-immunitaire\\\/opti-m-opti-memo\\\/\"]}]},{\"@type\":\"ImageObject\",\"inLanguage\":\"de\",\"@id\":\"https:\\\/\\\/biogestion.ch\\\/shop\\\/sante-immunitaire\\\/opti-m-opti-memo\\\/#primaryimage\",\"url\":\"https:\\\/\\\/biogestion.ch\\\/wp-content\\\/uploads\\\/2025\\\/10\\\/BG_2024_Opti-M.jpeg\",\"contentUrl\":\"https:\\\/\\\/biogestion.ch\\\/wp-content\\\/uploads\\\/2025\\\/10\\\/BG_2024_Opti-M.jpeg\",\"width\":1024,\"height\":1024},{\"@type\":\"BreadcrumbList\",\"@id\":\"https:\\\/\\\/biogestion.ch\\\/shop\\\/sante-immunitaire\\\/opti-m-opti-memo\\\/#breadcrumb\",\"itemListElement\":[{\"@type\":\"ListItem\",\"position\":1,\"name\":\"Bio-Gestion\",\"item\":\"https:\\\/\\\/biogestion.ch\\\/\"},{\"@type\":\"ListItem\",\"position\":2,\"name\":\"Shop\",\"item\":\"https:\\\/\\\/biogestion.ch\\\/de\\\/shop\\\/\"},{\"@type\":\"ListItem\",\"position\":3,\"name\":\"Opti-M\"}]},{\"@type\":\"WebSite\",\"@id\":\"https:\\\/\\\/biogestion.ch\\\/de\\\/#website\",\"url\":\"https:\\\/\\\/biogestion.ch\\\/de\\\/\",\"name\":\"Bio-Gestion\",\"description\":\"Les compl\u00e9ments alimentaires suisses\",\"publisher\":{\"@id\":\"https:\\\/\\\/biogestion.ch\\\/de\\\/#organization\"},\"potentialAction\":[{\"@type\":\"SearchAction\",\"target\":{\"@type\":\"EntryPoint\",\"urlTemplate\":\"https:\\\/\\\/biogestion.ch\\\/de\\\/?s={search_term_string}\"},\"query-input\":{\"@type\":\"PropertyValueSpecification\",\"valueRequired\":true,\"valueName\":\"search_term_string\"}}],\"inLanguage\":\"de\"},{\"@type\":\"Organization\",\"@id\":\"https:\\\/\\\/biogestion.ch\\\/de\\\/#organization\",\"name\":\"Bio-Gestion SA\",\"url\":\"https:\\\/\\\/biogestion.ch\\\/de\\\/\",\"logo\":{\"@type\":\"ImageObject\",\"inLanguage\":\"de\",\"@id\":\"https:\\\/\\\/biogestion.ch\\\/de\\\/#\\\/schema\\\/logo\\\/image\\\/\",\"url\":\"https:\\\/\\\/biogestion.ch\\\/wp-content\\\/uploads\\\/2016\\\/05\\\/logo.png\",\"contentUrl\":\"https:\\\/\\\/biogestion.ch\\\/wp-content\\\/uploads\\\/2016\\\/05\\\/logo.png\",\"width\":200,\"height\":38,\"caption\":\"Bio-Gestion SA\"},\"image\":{\"@id\":\"https:\\\/\\\/biogestion.ch\\\/de\\\/#\\\/schema\\\/logo\\\/image\\\/\"}}]}<\/script>\n<meta property=\"product:price:amount\" content=\"51.60\" \/>\n<meta property=\"product:price:currency\" content=\"CHF\" \/>\n<meta property=\"og:availability\" content=\"instock\" \/>\n<meta property=\"product:availability\" content=\"instock\" \/>\n<meta property=\"product:condition\" content=\"new\" \/>\n<!-- \/ Yoast SEO Premium plugin. -->","yoast_head_json":{"title":"Opti-M | Laminaria-Algen, Gelee Royale, Vitamin B6 und B12","description":"Opti-M kombiniert Laminaria-Algen, Sojaprotein, gefriergetrocknetes Gel\u00e9e Royale und einen Zusatz der Vitamine B6 und B12.","robots":{"index":"index","follow":"follow","max-snippet":"max-snippet:-1","max-image-preview":"max-image-preview:large","max-video-preview":"max-video-preview:-1"},"canonical":"https:\/\/biogestion.ch\/shop\/sante-immunitaire\/opti-m-opti-memo\/","twitter_misc":{"Preis":"51.60&nbsp;&#67;&#72;&#70;","Verf\u00fcgbarkeit":"Auf Lager"},"schema":{"@context":"https:\/\/schema.org","@graph":[{"@type":"WebPage","@id":"https:\/\/biogestion.ch\/shop\/sante-immunitaire\/opti-m-opti-memo\/","url":"https:\/\/biogestion.ch\/shop\/sante-immunitaire\/opti-m-opti-memo\/","name":"Opti-M | Laminaria-Algen, Gelee Royale, Vitamin B6 und B12","isPartOf":{"@id":"https:\/\/biogestion.ch\/de\/#website"},"primaryImageOfPage":{"@id":"https:\/\/biogestion.ch\/shop\/sante-immunitaire\/opti-m-opti-memo\/#primaryimage"},"image":{"@id":"https:\/\/biogestion.ch\/shop\/sante-immunitaire\/opti-m-opti-memo\/#primaryimage"},"thumbnailUrl":"https:\/\/biogestion.ch\/wp-content\/uploads\/2025\/10\/BG_2024_Opti-M.jpeg","datePublished":"2016-06-03T05:28:10+00:00","dateModified":"2026-02-27T07:52:22+00:00","description":"Opti-M kombiniert Laminaria-Algen, Sojaprotein, gefriergetrocknetes Gel\u00e9e Royale und einen Zusatz der Vitamine B6 und B12.","breadcrumb":{"@id":"https:\/\/biogestion.ch\/shop\/sante-immunitaire\/opti-m-opti-memo\/#breadcrumb"},"inLanguage":"de","potentialAction":[{"@type":"ReadAction","target":["https:\/\/biogestion.ch\/shop\/sante-immunitaire\/opti-m-opti-memo\/"]}]},{"@type":"ImageObject","inLanguage":"de","@id":"https:\/\/biogestion.ch\/shop\/sante-immunitaire\/opti-m-opti-memo\/#primaryimage","url":"https:\/\/biogestion.ch\/wp-content\/uploads\/2025\/10\/BG_2024_Opti-M.jpeg","contentUrl":"https:\/\/biogestion.ch\/wp-content\/uploads\/2025\/10\/BG_2024_Opti-M.jpeg","width":1024,"height":1024},{"@type":"BreadcrumbList","@id":"https:\/\/biogestion.ch\/shop\/sante-immunitaire\/opti-m-opti-memo\/#breadcrumb","itemListElement":[{"@type":"ListItem","position":1,"name":"Bio-Gestion","item":"https:\/\/biogestion.ch\/"},{"@type":"ListItem","position":2,"name":"Shop","item":"https:\/\/biogestion.ch\/de\/shop\/"},{"@type":"ListItem","position":3,"name":"Opti-M"}]},{"@type":"WebSite","@id":"https:\/\/biogestion.ch\/de\/#website","url":"https:\/\/biogestion.ch\/de\/","name":"Bio-Gestion","description":"Les compl\u00e9ments alimentaires suisses","publisher":{"@id":"https:\/\/biogestion.ch\/de\/#organization"},"potentialAction":[{"@type":"SearchAction","target":{"@type":"EntryPoint","urlTemplate":"https:\/\/biogestion.ch\/de\/?s={search_term_string}"},"query-input":{"@type":"PropertyValueSpecification","valueRequired":true,"valueName":"search_term_string"}}],"inLanguage":"de"},{"@type":"Organization","@id":"https:\/\/biogestion.ch\/de\/#organization","name":"Bio-Gestion SA","url":"https:\/\/biogestion.ch\/de\/","logo":{"@type":"ImageObject","inLanguage":"de","@id":"https:\/\/biogestion.ch\/de\/#\/schema\/logo\/image\/","url":"https:\/\/biogestion.ch\/wp-content\/uploads\/2016\/05\/logo.png","contentUrl":"https:\/\/biogestion.ch\/wp-content\/uploads\/2016\/05\/logo.png","width":200,"height":38,"caption":"Bio-Gestion SA"},"image":{"@id":"https:\/\/biogestion.ch\/de\/#\/schema\/logo\/image\/"}}]},"product_price_amount":"51.60","product_price_currency":"CHF","og_availability":"instock","product_availability":"instock","product_condition":"new"},"_links":{"self":[{"href":"https:\/\/biogestion.ch\/de\/wp-json\/wp\/v2\/product\/484","targetHints":{"allow":["GET"]}}],"collection":[{"href":"https:\/\/biogestion.ch\/de\/wp-json\/wp\/v2\/product"}],"about":[{"href":"https:\/\/biogestion.ch\/de\/wp-json\/wp\/v2\/types\/product"}],"replies":[{"embeddable":true,"href":"https:\/\/biogestion.ch\/de\/wp-json\/wp\/v2\/comments?post=484"}],"version-history":[{"count":0,"href":"https:\/\/biogestion.ch\/de\/wp-json\/wp\/v2\/product\/484\/revisions"}],"wp:featuredmedia":[{"embeddable":true,"href":"https:\/\/biogestion.ch\/de\/wp-json\/wp\/v2\/media\/28193"}],"wp:attachment":[{"href":"https:\/\/biogestion.ch\/de\/wp-json\/wp\/v2\/media?parent=484"}],"wp:term":[{"taxonomy":"product_brand","embeddable":true,"href":"https:\/\/biogestion.ch\/de\/wp-json\/wp\/v2\/product_brand?post=484"},{"taxonomy":"product_cat","embeddable":true,"href":"https:\/\/biogestion.ch\/de\/wp-json\/wp\/v2\/product_cat?post=484"},{"taxonomy":"product_tag","embeddable":true,"href":"https:\/\/biogestion.ch\/de\/wp-json\/wp\/v2\/product_tag?post=484"}],"curies":[{"name":"wp","href":"https:\/\/api.w.org\/{rel}","templated":true}]}}