{"id":401,"date":"2016-05-31T10:01:54","date_gmt":"2016-05-31T08:01:54","guid":{"rendered":"http:\/\/biogestion.ch\/boutique\/non%20class\u00e9\/spirulina-2\/"},"modified":"2026-04-10T00:56:55","modified_gmt":"2026-04-09T22:56:55","slug":"spirulina","status":"publish","type":"product","link":"https:\/\/biogestion.ch\/de\/shop\/abnehmen\/spirulina\/","title":{"rendered":"Spirulina"},"content":{"rendered":"<h2>Spirulina, ein Konzentrat essenzieller N\u00e4hrstoffe f\u00fcr das t\u00e4gliche Wohlbefinden.<\/h2>\n<p>Spirulina ist ein nat\u00fcrliches Superfood, das f\u00fcr seinen hohen N\u00e4hrwert bekannt ist. Sie enth\u00e4lt eine grosse Menge wichtiger N\u00e4hrstoffe wie Eisen, Phycocyanin, Beta-Carotin und pflanzliche Proteine.<\/p>\n<p>Diese blaugr\u00fcne Alge ist f\u00fcr ihre hohe Proteinkonzentration bekannt, die die meisten anderen Lebensmittel \u00fcbertrifft. Sie zeichnet sich durch ihren Gehalt an Eisen und Beta-Carotin aus.<\/p>\n<p>Mineralstoffe wie Phosphor, Kalzium und Magnesium sind in beachtlichen Mengen enthalten.<\/p>\n<p>Die Spirulina von Bio-Gestion ist <a href=\"https:\/\/biogestion.ch\/de\/shop\/vegan-de\/spirulina-bio-pulver\/\">auch in Pulverform erh\u00e4ltlich<\/a> und bietet eine praktische Alternative, um dieses Superfood in Ihre t\u00e4gliche Ern\u00e4hrung zu integrieren.<\/p>\n<p>Spirulina ist ideal als Erg\u00e4nzung zu einer ausgewogenen Ern\u00e4hrung, insbesondere f\u00fcr all jene, die ihre Zufuhr an essenziellen N\u00e4hrstoffen erh\u00f6hen m\u00f6chten. Sie wird besonders von Sportlern gesch\u00e4tzt und wird bei N\u00e4hrstoffmangel oder erh\u00f6htem N\u00e4hrstoffbedarf empfohlen.<\/p>\n<p><em>In Frankreich hergestellt.<\/em><\/p>\n<p><em>Einheitspreis: 24.20 CHF\/St\u00fcck<\/em><br \/>\n<em>Ab 3 St\u00fcck: 22.00 CHF\/St\u00fcck<\/em><\/p>\n","protected":false},"excerpt":{"rendered":"<p>Spirulina, ein nat\u00fcrliches Superfood, ist reich an essentiellen N\u00e4hrstoffen wie Eisen, Phycocyanin, Beta-Carotin und pflanzlichen Proteinen.<\/p>\n","protected":false},"featured_media":25081,"comment_status":"open","ping_status":"closed","template":"","meta":[],"product_brand":[1689],"product_cat":[1503,1511,1497],"product_tag":[],"class_list":{"0":"post-401","1":"product","2":"type-product","3":"status-publish","4":"has-post-thumbnail","6":"product_brand-bio-gestion","7":"product_cat-abnehmen","8":"product_cat-sport","9":"product_cat-vegan-de","11":"first","12":"instock","13":"sale","14":"taxable","15":"shipping-taxable","16":"purchasable","17":"product-type-simple"},"yoast_head":"<!-- This site is optimized with the Yoast SEO Premium plugin v27.3 (Yoast SEO v27.3) - https:\/\/yoast.com\/product\/yoast-seo-premium-wordpress\/ -->\n<title>Spirulina Tabletten | Eisen, Phycocyanin, Beta-Carotin\u00a0| Bio-Gestion<\/title>\n<meta name=\"description\" content=\"Spirulina, ein nat\u00fcrliches Superfood, ist reich an essentiellen N\u00e4hrstoffen wie Eisen, Phycocyanin, Beta-Carotin und pflanzlichen Proteinen.\" \/>\n<meta name=\"robots\" content=\"index, follow, max-snippet:-1, max-image-preview:large, max-video-preview:-1\" \/>\n<link rel=\"canonical\" href=\"https:\/\/biogestion.ch\/shop\/minceur\/spirulina-spiruline\/\" \/>\n<meta name=\"twitter:label1\" content=\"Preis\" \/>\n\t<meta name=\"twitter:data1\" content=\"18.15&nbsp;&#067;&#072;&#070;\" \/>\n\t<meta name=\"twitter:label2\" content=\"Verf\u00fcgbarkeit\" \/>\n\t<meta name=\"twitter:data2\" content=\"Auf Lager\" \/>\n<script type=\"application\/ld+json\" class=\"yoast-schema-graph\">{\"@context\":\"https:\\\/\\\/schema.org\",\"@graph\":[{\"@type\":\"WebPage\",\"@id\":\"https:\\\/\\\/biogestion.ch\\\/shop\\\/minceur\\\/spirulina-spiruline\\\/\",\"url\":\"https:\\\/\\\/biogestion.ch\\\/shop\\\/minceur\\\/spirulina-spiruline\\\/\",\"name\":\"Spirulina Tabletten | Eisen, Phycocyanin, Beta-Carotin\u00a0| Bio-Gestion\",\"isPartOf\":{\"@id\":\"https:\\\/\\\/biogestion.ch\\\/de\\\/#website\"},\"primaryImageOfPage\":{\"@id\":\"https:\\\/\\\/biogestion.ch\\\/shop\\\/minceur\\\/spirulina-spiruline\\\/#primaryimage\"},\"image\":{\"@id\":\"https:\\\/\\\/biogestion.ch\\\/shop\\\/minceur\\\/spirulina-spiruline\\\/#primaryimage\"},\"thumbnailUrl\":\"https:\\\/\\\/biogestion.ch\\\/wp-content\\\/uploads\\\/2024\\\/11\\\/Bio-Gestion_2024_Spirulina-1200x1200-1.jpg\",\"datePublished\":\"2016-05-31T08:01:54+00:00\",\"dateModified\":\"2026-04-09T22:56:55+00:00\",\"description\":\"Spirulina, ein nat\u00fcrliches Superfood, ist reich an essentiellen N\u00e4hrstoffen wie Eisen, Phycocyanin, Beta-Carotin und pflanzlichen Proteinen.\",\"breadcrumb\":{\"@id\":\"https:\\\/\\\/biogestion.ch\\\/shop\\\/minceur\\\/spirulina-spiruline\\\/#breadcrumb\"},\"inLanguage\":\"de\",\"potentialAction\":[{\"@type\":\"ReadAction\",\"target\":[\"https:\\\/\\\/biogestion.ch\\\/shop\\\/minceur\\\/spirulina-spiruline\\\/\"]}]},{\"@type\":\"ImageObject\",\"inLanguage\":\"de\",\"@id\":\"https:\\\/\\\/biogestion.ch\\\/shop\\\/minceur\\\/spirulina-spiruline\\\/#primaryimage\",\"url\":\"https:\\\/\\\/biogestion.ch\\\/wp-content\\\/uploads\\\/2024\\\/11\\\/Bio-Gestion_2024_Spirulina-1200x1200-1.jpg\",\"contentUrl\":\"https:\\\/\\\/biogestion.ch\\\/wp-content\\\/uploads\\\/2024\\\/11\\\/Bio-Gestion_2024_Spirulina-1200x1200-1.jpg\",\"width\":1200,\"height\":1200,\"caption\":\"Spiruline (Spirulina)\"},{\"@type\":\"BreadcrumbList\",\"@id\":\"https:\\\/\\\/biogestion.ch\\\/shop\\\/minceur\\\/spirulina-spiruline\\\/#breadcrumb\",\"itemListElement\":[{\"@type\":\"ListItem\",\"position\":1,\"name\":\"Bio-Gestion\",\"item\":\"https:\\\/\\\/biogestion.ch\\\/\"},{\"@type\":\"ListItem\",\"position\":2,\"name\":\"Shop\",\"item\":\"https:\\\/\\\/biogestion.ch\\\/de\\\/shop\\\/\"},{\"@type\":\"ListItem\",\"position\":3,\"name\":\"Spirulina\"}]},{\"@type\":\"WebSite\",\"@id\":\"https:\\\/\\\/biogestion.ch\\\/de\\\/#website\",\"url\":\"https:\\\/\\\/biogestion.ch\\\/de\\\/\",\"name\":\"Bio-Gestion\",\"description\":\"Les compl\u00e9ments alimentaires suisses\",\"publisher\":{\"@id\":\"https:\\\/\\\/biogestion.ch\\\/de\\\/#organization\"},\"potentialAction\":[{\"@type\":\"SearchAction\",\"target\":{\"@type\":\"EntryPoint\",\"urlTemplate\":\"https:\\\/\\\/biogestion.ch\\\/de\\\/?s={search_term_string}\"},\"query-input\":{\"@type\":\"PropertyValueSpecification\",\"valueRequired\":true,\"valueName\":\"search_term_string\"}}],\"inLanguage\":\"de\"},{\"@type\":\"Organization\",\"@id\":\"https:\\\/\\\/biogestion.ch\\\/de\\\/#organization\",\"name\":\"Bio-Gestion SA\",\"url\":\"https:\\\/\\\/biogestion.ch\\\/de\\\/\",\"logo\":{\"@type\":\"ImageObject\",\"inLanguage\":\"de\",\"@id\":\"https:\\\/\\\/biogestion.ch\\\/de\\\/#\\\/schema\\\/logo\\\/image\\\/\",\"url\":\"https:\\\/\\\/biogestion.ch\\\/wp-content\\\/uploads\\\/2016\\\/05\\\/logo.png\",\"contentUrl\":\"https:\\\/\\\/biogestion.ch\\\/wp-content\\\/uploads\\\/2016\\\/05\\\/logo.png\",\"width\":200,\"height\":38,\"caption\":\"Bio-Gestion SA\"},\"image\":{\"@id\":\"https:\\\/\\\/biogestion.ch\\\/de\\\/#\\\/schema\\\/logo\\\/image\\\/\"}}]}<\/script>\n<meta property=\"product:price:amount\" content=\"18.15\" \/>\n<meta property=\"product:price:currency\" content=\"CHF\" \/>\n<meta property=\"og:availability\" content=\"instock\" \/>\n<meta property=\"product:availability\" content=\"instock\" \/>\n<meta property=\"product:condition\" content=\"new\" \/>\n<!-- \/ Yoast SEO Premium plugin. -->","yoast_head_json":{"title":"Spirulina Tabletten | Eisen, Phycocyanin, Beta-Carotin\u00a0| Bio-Gestion","description":"Spirulina, ein nat\u00fcrliches Superfood, ist reich an essentiellen N\u00e4hrstoffen wie Eisen, Phycocyanin, Beta-Carotin und pflanzlichen Proteinen.","robots":{"index":"index","follow":"follow","max-snippet":"max-snippet:-1","max-image-preview":"max-image-preview:large","max-video-preview":"max-video-preview:-1"},"canonical":"https:\/\/biogestion.ch\/shop\/minceur\/spirulina-spiruline\/","twitter_misc":{"Preis":"18.15&nbsp;&#67;&#72;&#70;","Verf\u00fcgbarkeit":"Auf Lager"},"schema":{"@context":"https:\/\/schema.org","@graph":[{"@type":"WebPage","@id":"https:\/\/biogestion.ch\/shop\/minceur\/spirulina-spiruline\/","url":"https:\/\/biogestion.ch\/shop\/minceur\/spirulina-spiruline\/","name":"Spirulina Tabletten | Eisen, Phycocyanin, Beta-Carotin\u00a0| Bio-Gestion","isPartOf":{"@id":"https:\/\/biogestion.ch\/de\/#website"},"primaryImageOfPage":{"@id":"https:\/\/biogestion.ch\/shop\/minceur\/spirulina-spiruline\/#primaryimage"},"image":{"@id":"https:\/\/biogestion.ch\/shop\/minceur\/spirulina-spiruline\/#primaryimage"},"thumbnailUrl":"https:\/\/biogestion.ch\/wp-content\/uploads\/2024\/11\/Bio-Gestion_2024_Spirulina-1200x1200-1.jpg","datePublished":"2016-05-31T08:01:54+00:00","dateModified":"2026-04-09T22:56:55+00:00","description":"Spirulina, ein nat\u00fcrliches Superfood, ist reich an essentiellen N\u00e4hrstoffen wie Eisen, Phycocyanin, Beta-Carotin und pflanzlichen Proteinen.","breadcrumb":{"@id":"https:\/\/biogestion.ch\/shop\/minceur\/spirulina-spiruline\/#breadcrumb"},"inLanguage":"de","potentialAction":[{"@type":"ReadAction","target":["https:\/\/biogestion.ch\/shop\/minceur\/spirulina-spiruline\/"]}]},{"@type":"ImageObject","inLanguage":"de","@id":"https:\/\/biogestion.ch\/shop\/minceur\/spirulina-spiruline\/#primaryimage","url":"https:\/\/biogestion.ch\/wp-content\/uploads\/2024\/11\/Bio-Gestion_2024_Spirulina-1200x1200-1.jpg","contentUrl":"https:\/\/biogestion.ch\/wp-content\/uploads\/2024\/11\/Bio-Gestion_2024_Spirulina-1200x1200-1.jpg","width":1200,"height":1200,"caption":"Spiruline (Spirulina)"},{"@type":"BreadcrumbList","@id":"https:\/\/biogestion.ch\/shop\/minceur\/spirulina-spiruline\/#breadcrumb","itemListElement":[{"@type":"ListItem","position":1,"name":"Bio-Gestion","item":"https:\/\/biogestion.ch\/"},{"@type":"ListItem","position":2,"name":"Shop","item":"https:\/\/biogestion.ch\/de\/shop\/"},{"@type":"ListItem","position":3,"name":"Spirulina"}]},{"@type":"WebSite","@id":"https:\/\/biogestion.ch\/de\/#website","url":"https:\/\/biogestion.ch\/de\/","name":"Bio-Gestion","description":"Les compl\u00e9ments alimentaires suisses","publisher":{"@id":"https:\/\/biogestion.ch\/de\/#organization"},"potentialAction":[{"@type":"SearchAction","target":{"@type":"EntryPoint","urlTemplate":"https:\/\/biogestion.ch\/de\/?s={search_term_string}"},"query-input":{"@type":"PropertyValueSpecification","valueRequired":true,"valueName":"search_term_string"}}],"inLanguage":"de"},{"@type":"Organization","@id":"https:\/\/biogestion.ch\/de\/#organization","name":"Bio-Gestion SA","url":"https:\/\/biogestion.ch\/de\/","logo":{"@type":"ImageObject","inLanguage":"de","@id":"https:\/\/biogestion.ch\/de\/#\/schema\/logo\/image\/","url":"https:\/\/biogestion.ch\/wp-content\/uploads\/2016\/05\/logo.png","contentUrl":"https:\/\/biogestion.ch\/wp-content\/uploads\/2016\/05\/logo.png","width":200,"height":38,"caption":"Bio-Gestion SA"},"image":{"@id":"https:\/\/biogestion.ch\/de\/#\/schema\/logo\/image\/"}}]},"product_price_amount":"18.15","product_price_currency":"CHF","og_availability":"instock","product_availability":"instock","product_condition":"new"},"_links":{"self":[{"href":"https:\/\/biogestion.ch\/de\/wp-json\/wp\/v2\/product\/401","targetHints":{"allow":["GET"]}}],"collection":[{"href":"https:\/\/biogestion.ch\/de\/wp-json\/wp\/v2\/product"}],"about":[{"href":"https:\/\/biogestion.ch\/de\/wp-json\/wp\/v2\/types\/product"}],"replies":[{"embeddable":true,"href":"https:\/\/biogestion.ch\/de\/wp-json\/wp\/v2\/comments?post=401"}],"version-history":[{"count":0,"href":"https:\/\/biogestion.ch\/de\/wp-json\/wp\/v2\/product\/401\/revisions"}],"wp:featuredmedia":[{"embeddable":true,"href":"https:\/\/biogestion.ch\/de\/wp-json\/wp\/v2\/media\/25081"}],"wp:attachment":[{"href":"https:\/\/biogestion.ch\/de\/wp-json\/wp\/v2\/media?parent=401"}],"wp:term":[{"taxonomy":"product_brand","embeddable":true,"href":"https:\/\/biogestion.ch\/de\/wp-json\/wp\/v2\/product_brand?post=401"},{"taxonomy":"product_cat","embeddable":true,"href":"https:\/\/biogestion.ch\/de\/wp-json\/wp\/v2\/product_cat?post=401"},{"taxonomy":"product_tag","embeddable":true,"href":"https:\/\/biogestion.ch\/de\/wp-json\/wp\/v2\/product_tag?post=401"}],"curies":[{"name":"wp","href":"https:\/\/api.w.org\/{rel}","templated":true}]}}