{"id":388,"date":"2016-05-31T09:40:11","date_gmt":"2016-05-31T07:40:11","guid":{"rendered":"http:\/\/biogestion.ch\/boutique\/non%20class\u00e9\/chitosan-lipo-elimination-2\/"},"modified":"2026-04-28T11:55:12","modified_gmt":"2026-04-28T09:55:12","slug":"lipo-elimination","status":"publish","type":"product","link":"https:\/\/biogestion.ch\/de\/shop\/abnehmen\/lipo-elimination\/","title":{"rendered":"Chitosan (Lipo-Elimination)"},"content":{"rendered":"<h2 draggable=\"false\" data-pm-slice=\"1 1 []\" data-en-clipboard=\"true\">Lipo-Elimination enth\u00e4lt Chitosan, eine nat\u00fcrliche Faser marinen Ursprungs, die aus den Schalen von Krustentieren gewonnen wird.<\/h2>\n<p draggable=\"false\">Chitosan ist eine <b>l\u00f6sliche Ballaststofffaser<\/b>, die durch Verarbeitung von Chitin \u2014 dem Hauptbestandteil der Schalen von Garnelen und anderen Krustentieren \u2014 gewonnen wird. Dank seiner molekularen Struktur besitzt es eine hohe <b>Affinit\u00e4t zu Lipiden<\/b> : In Kontakt mit Nahrungsfetten bildet es im Verdauungstrakt ein viskoses Gel, das deren teilweise Aufnahme reduziert.<\/p>\n<p draggable=\"false\">Im Rahmen einer <b>abwechslungsreichen und ausgewogenen Ern\u00e4hrung<\/b> sowie eines <b>gesunden Lebensstils<\/b> leistet Chitosan einen Beitrag zur Ballaststoffversorgung und unterst\u00fctzt das Verdauungswohlbefinden.<\/p>\n<h4 draggable=\"false\">Von der EFSA best\u00e4tigte Aussage<\/h4>\n<p draggable=\"false\"><b>Chitosan tr\u00e4gt zur Aufrechterhaltung eines normalen Blutcholesterinspiegels bei<\/b>, gem\u00e4ss der europ\u00e4ischen Verordnung \u00fcber n\u00e4hrwert- und gesundheitsbezogene Angaben.<\/p>\n<h4 draggable=\"false\">Qualit\u00e4t &amp; Reinheit<\/h4>\n<p draggable=\"false\">Unser Chitosan ist <b>schwermetallfrei<\/b> und wird nach strengen Qualit\u00e4tsstandards hergestellt. In Frankreich hergestellt.<\/p>\n<h4 draggable=\"false\">F\u00fcr wen ist Lipo-Elimination geeignet?<\/h4>\n<ul>\n<li draggable=\"false\">F\u00fcr Erwachsene, die ihr <b>Lipidgleichgewicht<\/b> im Rahmen einer kontrollierten Ern\u00e4hrung unterst\u00fctzen m\u00f6chten<\/li>\n<li draggable=\"false\">F\u00fcr Personen, die ihre t\u00e4gliche <b>Ballaststoffzufuhr<\/b> erh\u00f6hen m\u00f6chten<\/li>\n<p>\n<\/ul>\n<h6 draggable=\"false\">Wissenschaftliche und regulatorische Grundlagen<\/h6>\n<p draggable=\"false\">Chitosan tr\u00e4gt zur Aufrechterhaltung eines normalen Blutcholesterinspiegels bei. Aussage best\u00e4tigt durch die Verordnung des Eidgen\u00f6ssischen Departements des Innern \u00fcber Lebensmittel und Gebrauchsgegenst\u00e4nde (LGV) sowie durch die Europ\u00e4ische Beh\u00f6rde f\u00fcr Lebensmittelsicherheit (EFSA).<\/p>\n<p><em>In Frankreich hergestellt.<\/em><\/p>\n<p><em>Einheitspreis: 59.80 CHF\/St\u00fcck<\/em><br \/>\n<em>Ab 3 St\u00fcck: 52.80 CHF\/St\u00fcck<\/em><\/p>\n","protected":false},"excerpt":{"rendered":"<p>Lipo-Elimination enth\u00e4lt Chitosan, eine nat\u00fcrliche Faser marinen Ursprungs, die aus den Schalen von Krustentieren gewonnen wird.<\/p>\n","protected":false},"featured_media":28251,"comment_status":"open","ping_status":"closed","template":"","meta":[],"product_brand":[],"product_cat":[1503],"product_tag":[],"class_list":{"0":"post-388","1":"product","2":"type-product","3":"status-publish","4":"has-post-thumbnail","6":"product_cat-abnehmen","8":"first","9":"instock","10":"taxable","11":"shipping-taxable","12":"purchasable","13":"product-type-simple"},"yoast_head":"<!-- This site is optimized with the Yoast SEO Premium plugin v27.5 (Yoast SEO v27.5) - https:\/\/yoast.com\/product\/yoast-seo-premium-wordpress\/ -->\n<title>Lipo-Elimination (Chitosan) | Flakon von 120 Kapseln | Bio-Gestion<\/title>\n<meta name=\"description\" content=\"Lipo-Elimination enth\u00e4lt Chitosan, eine nat\u00fcrliche Faser marinen Ursprungs, die aus den Schalen von Krustentieren gewonnen wird.\" \/>\n<meta name=\"robots\" content=\"index, follow, max-snippet:-1, max-image-preview:large, max-video-preview:-1\" \/>\n<link rel=\"canonical\" href=\"https:\/\/biogestion.ch\/de\/shop\/abnehmen\/lipo-elimination\/\" \/>\n<meta name=\"twitter:label1\" content=\"Preis\" \/>\n\t<meta name=\"twitter:data1\" content=\"59.80&nbsp;&#067;&#072;&#070;\" \/>\n\t<meta name=\"twitter:label2\" content=\"Verf\u00fcgbarkeit\" \/>\n\t<meta name=\"twitter:data2\" content=\"Auf Lager\" \/>\n<script type=\"application\/ld+json\" class=\"yoast-schema-graph\">{\"@context\":\"https:\\\/\\\/schema.org\",\"@graph\":[{\"@type\":\"WebPage\",\"@id\":\"https:\\\/\\\/biogestion.ch\\\/de\\\/shop\\\/abnehmen\\\/lipo-elimination\\\/\",\"url\":\"https:\\\/\\\/biogestion.ch\\\/de\\\/shop\\\/abnehmen\\\/lipo-elimination\\\/\",\"name\":\"Lipo-Elimination (Chitosan) | Flakon von 120 Kapseln | Bio-Gestion\",\"isPartOf\":{\"@id\":\"https:\\\/\\\/biogestion.ch\\\/de\\\/#website\"},\"primaryImageOfPage\":{\"@id\":\"https:\\\/\\\/biogestion.ch\\\/de\\\/shop\\\/abnehmen\\\/lipo-elimination\\\/#primaryimage\"},\"image\":{\"@id\":\"https:\\\/\\\/biogestion.ch\\\/de\\\/shop\\\/abnehmen\\\/lipo-elimination\\\/#primaryimage\"},\"thumbnailUrl\":\"https:\\\/\\\/biogestion.ch\\\/wp-content\\\/uploads\\\/2025\\\/10\\\/BG_2024_Web_Chitosan.jpeg\",\"datePublished\":\"2016-05-31T07:40:11+00:00\",\"dateModified\":\"2026-04-28T09:55:12+00:00\",\"description\":\"Lipo-Elimination enth\u00e4lt Chitosan, eine nat\u00fcrliche Faser marinen Ursprungs, die aus den Schalen von Krustentieren gewonnen wird.\",\"breadcrumb\":{\"@id\":\"https:\\\/\\\/biogestion.ch\\\/de\\\/shop\\\/abnehmen\\\/lipo-elimination\\\/#breadcrumb\"},\"inLanguage\":\"de\",\"potentialAction\":[{\"@type\":\"ReadAction\",\"target\":[\"https:\\\/\\\/biogestion.ch\\\/de\\\/shop\\\/abnehmen\\\/lipo-elimination\\\/\"]}]},{\"@type\":\"ImageObject\",\"inLanguage\":\"de\",\"@id\":\"https:\\\/\\\/biogestion.ch\\\/de\\\/shop\\\/abnehmen\\\/lipo-elimination\\\/#primaryimage\",\"url\":\"https:\\\/\\\/biogestion.ch\\\/wp-content\\\/uploads\\\/2025\\\/10\\\/BG_2024_Web_Chitosan.jpeg\",\"contentUrl\":\"https:\\\/\\\/biogestion.ch\\\/wp-content\\\/uploads\\\/2025\\\/10\\\/BG_2024_Web_Chitosan.jpeg\",\"width\":1024,\"height\":1024,\"caption\":\"Lipo-Elimination contient du chitosan, une fibre naturelle surnomm\u00e9e le \u201cpi\u00e8ge \u00e0 graisses\u201d qui agit comme une \u201c\u00e9ponge\u201d \u00e0 lipides.\"},{\"@type\":\"BreadcrumbList\",\"@id\":\"https:\\\/\\\/biogestion.ch\\\/de\\\/shop\\\/abnehmen\\\/lipo-elimination\\\/#breadcrumb\",\"itemListElement\":[{\"@type\":\"ListItem\",\"position\":1,\"name\":\"Bio-Gestion\",\"item\":\"https:\\\/\\\/biogestion.ch\\\/\"},{\"@type\":\"ListItem\",\"position\":2,\"name\":\"Shop\",\"item\":\"https:\\\/\\\/biogestion.ch\\\/de\\\/shop\\\/\"},{\"@type\":\"ListItem\",\"position\":3,\"name\":\"Chitosan (Lipo-Elimination)\"}]},{\"@type\":\"WebSite\",\"@id\":\"https:\\\/\\\/biogestion.ch\\\/de\\\/#website\",\"url\":\"https:\\\/\\\/biogestion.ch\\\/de\\\/\",\"name\":\"Bio-Gestion\",\"description\":\"Les compl\u00e9ments alimentaires suisses\",\"publisher\":{\"@id\":\"https:\\\/\\\/biogestion.ch\\\/de\\\/#organization\"},\"potentialAction\":[{\"@type\":\"SearchAction\",\"target\":{\"@type\":\"EntryPoint\",\"urlTemplate\":\"https:\\\/\\\/biogestion.ch\\\/de\\\/?s={search_term_string}\"},\"query-input\":{\"@type\":\"PropertyValueSpecification\",\"valueRequired\":true,\"valueName\":\"search_term_string\"}}],\"inLanguage\":\"de\"},{\"@type\":\"Organization\",\"@id\":\"https:\\\/\\\/biogestion.ch\\\/de\\\/#organization\",\"name\":\"Bio-Gestion SA\",\"url\":\"https:\\\/\\\/biogestion.ch\\\/de\\\/\",\"logo\":{\"@type\":\"ImageObject\",\"inLanguage\":\"de\",\"@id\":\"https:\\\/\\\/biogestion.ch\\\/de\\\/#\\\/schema\\\/logo\\\/image\\\/\",\"url\":\"https:\\\/\\\/biogestion.ch\\\/wp-content\\\/uploads\\\/2016\\\/05\\\/logo.png\",\"contentUrl\":\"https:\\\/\\\/biogestion.ch\\\/wp-content\\\/uploads\\\/2016\\\/05\\\/logo.png\",\"width\":200,\"height\":38,\"caption\":\"Bio-Gestion SA\"},\"image\":{\"@id\":\"https:\\\/\\\/biogestion.ch\\\/de\\\/#\\\/schema\\\/logo\\\/image\\\/\"}}]}<\/script>\n<meta property=\"product:price:amount\" content=\"59.80\" \/>\n<meta property=\"product:price:currency\" content=\"CHF\" \/>\n<meta property=\"og:availability\" content=\"instock\" \/>\n<meta property=\"product:availability\" content=\"instock\" \/>\n<meta property=\"product:condition\" content=\"new\" \/>\n<!-- \/ Yoast SEO Premium plugin. -->","yoast_head_json":{"title":"Lipo-Elimination (Chitosan) | Flakon von 120 Kapseln | Bio-Gestion","description":"Lipo-Elimination enth\u00e4lt Chitosan, eine nat\u00fcrliche Faser marinen Ursprungs, die aus den Schalen von Krustentieren gewonnen wird.","robots":{"index":"index","follow":"follow","max-snippet":"max-snippet:-1","max-image-preview":"max-image-preview:large","max-video-preview":"max-video-preview:-1"},"canonical":"https:\/\/biogestion.ch\/de\/shop\/abnehmen\/lipo-elimination\/","twitter_misc":{"Preis":"59.80&nbsp;&#67;&#72;&#70;","Verf\u00fcgbarkeit":"Auf Lager"},"schema":{"@context":"https:\/\/schema.org","@graph":[{"@type":"WebPage","@id":"https:\/\/biogestion.ch\/de\/shop\/abnehmen\/lipo-elimination\/","url":"https:\/\/biogestion.ch\/de\/shop\/abnehmen\/lipo-elimination\/","name":"Lipo-Elimination (Chitosan) | Flakon von 120 Kapseln | Bio-Gestion","isPartOf":{"@id":"https:\/\/biogestion.ch\/de\/#website"},"primaryImageOfPage":{"@id":"https:\/\/biogestion.ch\/de\/shop\/abnehmen\/lipo-elimination\/#primaryimage"},"image":{"@id":"https:\/\/biogestion.ch\/de\/shop\/abnehmen\/lipo-elimination\/#primaryimage"},"thumbnailUrl":"https:\/\/biogestion.ch\/wp-content\/uploads\/2025\/10\/BG_2024_Web_Chitosan.jpeg","datePublished":"2016-05-31T07:40:11+00:00","dateModified":"2026-04-28T09:55:12+00:00","description":"Lipo-Elimination enth\u00e4lt Chitosan, eine nat\u00fcrliche Faser marinen Ursprungs, die aus den Schalen von Krustentieren gewonnen wird.","breadcrumb":{"@id":"https:\/\/biogestion.ch\/de\/shop\/abnehmen\/lipo-elimination\/#breadcrumb"},"inLanguage":"de","potentialAction":[{"@type":"ReadAction","target":["https:\/\/biogestion.ch\/de\/shop\/abnehmen\/lipo-elimination\/"]}]},{"@type":"ImageObject","inLanguage":"de","@id":"https:\/\/biogestion.ch\/de\/shop\/abnehmen\/lipo-elimination\/#primaryimage","url":"https:\/\/biogestion.ch\/wp-content\/uploads\/2025\/10\/BG_2024_Web_Chitosan.jpeg","contentUrl":"https:\/\/biogestion.ch\/wp-content\/uploads\/2025\/10\/BG_2024_Web_Chitosan.jpeg","width":1024,"height":1024,"caption":"Lipo-Elimination contient du chitosan, une fibre naturelle surnomm\u00e9e le \u201cpi\u00e8ge \u00e0 graisses\u201d qui agit comme une \u201c\u00e9ponge\u201d \u00e0 lipides."},{"@type":"BreadcrumbList","@id":"https:\/\/biogestion.ch\/de\/shop\/abnehmen\/lipo-elimination\/#breadcrumb","itemListElement":[{"@type":"ListItem","position":1,"name":"Bio-Gestion","item":"https:\/\/biogestion.ch\/"},{"@type":"ListItem","position":2,"name":"Shop","item":"https:\/\/biogestion.ch\/de\/shop\/"},{"@type":"ListItem","position":3,"name":"Chitosan (Lipo-Elimination)"}]},{"@type":"WebSite","@id":"https:\/\/biogestion.ch\/de\/#website","url":"https:\/\/biogestion.ch\/de\/","name":"Bio-Gestion","description":"Les compl\u00e9ments alimentaires suisses","publisher":{"@id":"https:\/\/biogestion.ch\/de\/#organization"},"potentialAction":[{"@type":"SearchAction","target":{"@type":"EntryPoint","urlTemplate":"https:\/\/biogestion.ch\/de\/?s={search_term_string}"},"query-input":{"@type":"PropertyValueSpecification","valueRequired":true,"valueName":"search_term_string"}}],"inLanguage":"de"},{"@type":"Organization","@id":"https:\/\/biogestion.ch\/de\/#organization","name":"Bio-Gestion SA","url":"https:\/\/biogestion.ch\/de\/","logo":{"@type":"ImageObject","inLanguage":"de","@id":"https:\/\/biogestion.ch\/de\/#\/schema\/logo\/image\/","url":"https:\/\/biogestion.ch\/wp-content\/uploads\/2016\/05\/logo.png","contentUrl":"https:\/\/biogestion.ch\/wp-content\/uploads\/2016\/05\/logo.png","width":200,"height":38,"caption":"Bio-Gestion SA"},"image":{"@id":"https:\/\/biogestion.ch\/de\/#\/schema\/logo\/image\/"}}]},"product_price_amount":"59.80","product_price_currency":"CHF","og_availability":"instock","product_availability":"instock","product_condition":"new"},"_links":{"self":[{"href":"https:\/\/biogestion.ch\/de\/wp-json\/wp\/v2\/product\/388","targetHints":{"allow":["GET"]}}],"collection":[{"href":"https:\/\/biogestion.ch\/de\/wp-json\/wp\/v2\/product"}],"about":[{"href":"https:\/\/biogestion.ch\/de\/wp-json\/wp\/v2\/types\/product"}],"replies":[{"embeddable":true,"href":"https:\/\/biogestion.ch\/de\/wp-json\/wp\/v2\/comments?post=388"}],"version-history":[{"count":0,"href":"https:\/\/biogestion.ch\/de\/wp-json\/wp\/v2\/product\/388\/revisions"}],"wp:featuredmedia":[{"embeddable":true,"href":"https:\/\/biogestion.ch\/de\/wp-json\/wp\/v2\/media\/28251"}],"wp:attachment":[{"href":"https:\/\/biogestion.ch\/de\/wp-json\/wp\/v2\/media?parent=388"}],"wp:term":[{"taxonomy":"product_brand","embeddable":true,"href":"https:\/\/biogestion.ch\/de\/wp-json\/wp\/v2\/product_brand?post=388"},{"taxonomy":"product_cat","embeddable":true,"href":"https:\/\/biogestion.ch\/de\/wp-json\/wp\/v2\/product_cat?post=388"},{"taxonomy":"product_tag","embeddable":true,"href":"https:\/\/biogestion.ch\/de\/wp-json\/wp\/v2\/product_tag?post=388"}],"curies":[{"name":"wp","href":"https:\/\/api.w.org\/{rel}","templated":true}]}}