{"id":3848,"date":"2018-09-10T09:36:01","date_gmt":"2018-09-10T07:36:01","guid":{"rendered":"https:\/\/biogestion.ch\/?post_type=product&#038;p=3848"},"modified":"2025-11-06T14:31:36","modified_gmt":"2025-11-06T13:31:36","slug":"vista-plus-lutein","status":"publish","type":"product","link":"https:\/\/biogestion.ch\/de\/shop\/sale\/vista-plus-lutein\/","title":{"rendered":"Vista Plus"},"content":{"rendered":"<h2>Vista Plus ist eine einzigartige Kombination von N\u00e4hrstoffen und nat\u00fcrlichen Extrakten.<\/h2>\n<p>Vista Plus vereint Extrakte aus Heidelbeeren (Vaccinium myrtillus), die traditionell f\u00fcr ihre nat\u00fcrlichen Eigenschaften gesch\u00e4tzt werden, mit einem Extrakt aus Bl\u00fcten der Afrikanischen Studentenblume (Tagetes erecta), einer Quelle von Lutein und Zeaxanthin.<\/p>\n<p>Die Formel ist angereichert mit den Vitaminen C, E und A sowie Zink, einem essenziellen Mineralstoff, der zum Erhalt einer normalen Sehkraft beitr\u00e4gt.<\/p>\n<p>Die Vitamine E und C tragen dazu bei, die Zellen vor oxidativem Stress zu sch\u00fctzen. Vitamin A tr\u00e4gt zum Erhalt einer normalen Sehkraft bei.<\/p>\n<p>Jede Kapsel bietet eine sorgf\u00e4ltig abgestimmte Kombination aus antioxidativen Mikron\u00e4hrstoffen und ausgew\u00e4hlten Pflanzenextrakten, die das t\u00e4gliche visuelle Wohlbefinden unterst\u00fctzen.<\/p>\n<p>Vista Plus kann als Erg\u00e4nzung zu einer abwechslungsreichen und ausgewogenen Ern\u00e4hrung von all jenen Personen eingenommen werden, die ihren Sehkomfort und die gute Sehfunktion erhalten m\u00f6chten.<\/p>\n<p>Dieses Nahrungserg\u00e4nzungsmittel entspricht den veganen Standards, ist laktosefrei, ohne GVO und glutenfrei.<\/p>\n<h4>Tipps von Marcello, dem Wellness-Sportcoach von Bio-Gestion f\u00fcr eine gute Sehkraft<\/h4>\n<ul>\n<li>Achten Sie auf eine Ern\u00e4hrung, die viele N\u00e4hrstoffe enth\u00e4lt, die n\u00fctzlich f\u00fcr die Augen sind. Lebensmittel wie Karotten, Spinat, Zitrusfr\u00fcchte, N\u00fcsse und fetter Fisch sind gut f\u00fcr die Augen.<\/li>\n<li>Tragen Sie eine Sonnenbrille, die UV-Strahlen filtert, um Ihre Augen vor Sch\u00e4den durch lange Sonneneinstrahlung zu sch\u00fctzen.<\/li>\n<li>Wenn Sie lange vor einem Computerbildschirm arbeiten, legen Sie regelm\u00e4ssig Pausen ein, um Ihre Augen zu entspannen. Versuchen Sie, h\u00e4ufig zu blinzeln, um die Augen feucht zu halten.<\/li>\n<li>Lassen Sie Ihre Augen regelm\u00e4ssig von einem Augenarzt untersuchen. Fr\u00fch erkannte Augenprobleme k\u00f6nnen effizienter behandelt werden.<\/li>\n<li>Rauchen ist mit einem erh\u00f6hten Risiko f\u00fcr Augenkrankheiten, einschliesslich altersbedingter Makuladegeneration, verbunden.<\/li>\n<li>Achten Sie beim Lesen oder Arbeiten bei schlechten Lichtverh\u00e4ltnissen auf eine ausreichende Beleuchtung.<\/li>\n<p>\n<\/ul>\n<p><em>In Frankreich hergestellt.<\/em><\/p>\n<p><em>Einheitspreis: 49.70 CHF\/St\u00fcck<\/em><br \/>\n<em>Ab 3 St\u00fcck: 45.90 CHF\/St\u00fcck<\/em><\/p>\n","protected":false},"excerpt":{"rendered":"<p>Pflanzliche Formel mit Lutein, Zink und Vitaminen zur Erhaltung der Sehkraft und zum Schutz der Zellen vor oxidativem Stress.<\/p>\n","protected":false},"featured_media":28170,"comment_status":"open","ping_status":"closed","template":"","meta":[],"product_brand":[1689],"product_cat":[1587,1512],"product_tag":[],"class_list":{"0":"post-3848","1":"product","2":"type-product","3":"status-publish","4":"has-post-thumbnail","6":"product_brand-bio-gestion","7":"product_cat-sale","8":"product_cat-gesundheit-immunsystem","10":"first","11":"instock","12":"sale","13":"featured","14":"taxable","15":"shipping-taxable","16":"purchasable","17":"product-type-simple"},"yoast_head":"<!-- This site is optimized with the Yoast SEO Premium plugin v27.3 (Yoast SEO v27.3) - https:\/\/yoast.com\/product\/yoast-seo-premium-wordpress\/ -->\n<title>Vista Plus | Lutein, Zeaxanthin, Heidelbeerextrakt und Zink<\/title>\n<meta name=\"description\" content=\"Pflanzliche Formel mit Lutein, Zink und Vitaminen zur Erhaltung der Sehkraft und zum Schutz der Zellen vor oxidativem Stress.\" \/>\n<meta name=\"robots\" content=\"index, follow, max-snippet:-1, max-image-preview:large, max-video-preview:-1\" \/>\n<link rel=\"canonical\" href=\"https:\/\/biogestion.ch\/de\/shop\/gesundheit-immunsystem\/vista-plus-lutein\/\" \/>\n<meta name=\"twitter:label1\" content=\"Preis\" \/>\n\t<meta name=\"twitter:data1\" content=\"37.20&nbsp;&#067;&#072;&#070;\" \/>\n\t<meta name=\"twitter:label2\" content=\"Verf\u00fcgbarkeit\" \/>\n\t<meta name=\"twitter:data2\" content=\"Auf Lager\" \/>\n<script type=\"application\/ld+json\" class=\"yoast-schema-graph\">{\"@context\":\"https:\\\/\\\/schema.org\",\"@graph\":[{\"@type\":\"WebPage\",\"@id\":\"https:\\\/\\\/biogestion.ch\\\/de\\\/shop\\\/gesundheit-immunsystem\\\/vista-plus-lutein\\\/\",\"url\":\"https:\\\/\\\/biogestion.ch\\\/de\\\/shop\\\/gesundheit-immunsystem\\\/vista-plus-lutein\\\/\",\"name\":\"Vista Plus | Lutein, Zeaxanthin, Heidelbeerextrakt und Zink\",\"isPartOf\":{\"@id\":\"https:\\\/\\\/biogestion.ch\\\/de\\\/#website\"},\"primaryImageOfPage\":{\"@id\":\"https:\\\/\\\/biogestion.ch\\\/de\\\/shop\\\/gesundheit-immunsystem\\\/vista-plus-lutein\\\/#primaryimage\"},\"image\":{\"@id\":\"https:\\\/\\\/biogestion.ch\\\/de\\\/shop\\\/gesundheit-immunsystem\\\/vista-plus-lutein\\\/#primaryimage\"},\"thumbnailUrl\":\"https:\\\/\\\/biogestion.ch\\\/wp-content\\\/uploads\\\/2025\\\/10\\\/BG_2024_Vista-Plus.jpeg\",\"datePublished\":\"2018-09-10T07:36:01+00:00\",\"dateModified\":\"2025-11-06T13:31:36+00:00\",\"description\":\"Pflanzliche Formel mit Lutein, Zink und Vitaminen zur Erhaltung der Sehkraft und zum Schutz der Zellen vor oxidativem Stress.\",\"breadcrumb\":{\"@id\":\"https:\\\/\\\/biogestion.ch\\\/de\\\/shop\\\/gesundheit-immunsystem\\\/vista-plus-lutein\\\/#breadcrumb\"},\"inLanguage\":\"de\",\"potentialAction\":[{\"@type\":\"ReadAction\",\"target\":[\"https:\\\/\\\/biogestion.ch\\\/de\\\/shop\\\/gesundheit-immunsystem\\\/vista-plus-lutein\\\/\"]}]},{\"@type\":\"ImageObject\",\"inLanguage\":\"de\",\"@id\":\"https:\\\/\\\/biogestion.ch\\\/de\\\/shop\\\/gesundheit-immunsystem\\\/vista-plus-lutein\\\/#primaryimage\",\"url\":\"https:\\\/\\\/biogestion.ch\\\/wp-content\\\/uploads\\\/2025\\\/10\\\/BG_2024_Vista-Plus.jpeg\",\"contentUrl\":\"https:\\\/\\\/biogestion.ch\\\/wp-content\\\/uploads\\\/2025\\\/10\\\/BG_2024_Vista-Plus.jpeg\",\"width\":1024,\"height\":1024},{\"@type\":\"BreadcrumbList\",\"@id\":\"https:\\\/\\\/biogestion.ch\\\/de\\\/shop\\\/gesundheit-immunsystem\\\/vista-plus-lutein\\\/#breadcrumb\",\"itemListElement\":[{\"@type\":\"ListItem\",\"position\":1,\"name\":\"Bio-Gestion\",\"item\":\"https:\\\/\\\/biogestion.ch\\\/\"},{\"@type\":\"ListItem\",\"position\":2,\"name\":\"Shop\",\"item\":\"https:\\\/\\\/biogestion.ch\\\/de\\\/shop\\\/\"},{\"@type\":\"ListItem\",\"position\":3,\"name\":\"Vista Plus\"}]},{\"@type\":\"WebSite\",\"@id\":\"https:\\\/\\\/biogestion.ch\\\/de\\\/#website\",\"url\":\"https:\\\/\\\/biogestion.ch\\\/de\\\/\",\"name\":\"Bio-Gestion\",\"description\":\"Les compl\u00e9ments alimentaires suisses\",\"publisher\":{\"@id\":\"https:\\\/\\\/biogestion.ch\\\/de\\\/#organization\"},\"potentialAction\":[{\"@type\":\"SearchAction\",\"target\":{\"@type\":\"EntryPoint\",\"urlTemplate\":\"https:\\\/\\\/biogestion.ch\\\/de\\\/?s={search_term_string}\"},\"query-input\":{\"@type\":\"PropertyValueSpecification\",\"valueRequired\":true,\"valueName\":\"search_term_string\"}}],\"inLanguage\":\"de\"},{\"@type\":\"Organization\",\"@id\":\"https:\\\/\\\/biogestion.ch\\\/de\\\/#organization\",\"name\":\"Bio-Gestion SA\",\"url\":\"https:\\\/\\\/biogestion.ch\\\/de\\\/\",\"logo\":{\"@type\":\"ImageObject\",\"inLanguage\":\"de\",\"@id\":\"https:\\\/\\\/biogestion.ch\\\/de\\\/#\\\/schema\\\/logo\\\/image\\\/\",\"url\":\"https:\\\/\\\/biogestion.ch\\\/wp-content\\\/uploads\\\/2016\\\/05\\\/logo.png\",\"contentUrl\":\"https:\\\/\\\/biogestion.ch\\\/wp-content\\\/uploads\\\/2016\\\/05\\\/logo.png\",\"width\":200,\"height\":38,\"caption\":\"Bio-Gestion SA\"},\"image\":{\"@id\":\"https:\\\/\\\/biogestion.ch\\\/de\\\/#\\\/schema\\\/logo\\\/image\\\/\"}}]}<\/script>\n<meta property=\"product:price:amount\" content=\"37.20\" \/>\n<meta property=\"product:price:currency\" content=\"CHF\" \/>\n<meta property=\"og:availability\" content=\"instock\" \/>\n<meta property=\"product:availability\" content=\"instock\" \/>\n<meta property=\"product:condition\" content=\"new\" \/>\n<!-- \/ Yoast SEO Premium plugin. -->","yoast_head_json":{"title":"Vista Plus | Lutein, Zeaxanthin, Heidelbeerextrakt und Zink","description":"Pflanzliche Formel mit Lutein, Zink und Vitaminen zur Erhaltung der Sehkraft und zum Schutz der Zellen vor oxidativem Stress.","robots":{"index":"index","follow":"follow","max-snippet":"max-snippet:-1","max-image-preview":"max-image-preview:large","max-video-preview":"max-video-preview:-1"},"canonical":"https:\/\/biogestion.ch\/de\/shop\/gesundheit-immunsystem\/vista-plus-lutein\/","twitter_misc":{"Preis":"37.20&nbsp;&#67;&#72;&#70;","Verf\u00fcgbarkeit":"Auf Lager"},"schema":{"@context":"https:\/\/schema.org","@graph":[{"@type":"WebPage","@id":"https:\/\/biogestion.ch\/de\/shop\/gesundheit-immunsystem\/vista-plus-lutein\/","url":"https:\/\/biogestion.ch\/de\/shop\/gesundheit-immunsystem\/vista-plus-lutein\/","name":"Vista Plus | Lutein, Zeaxanthin, Heidelbeerextrakt und Zink","isPartOf":{"@id":"https:\/\/biogestion.ch\/de\/#website"},"primaryImageOfPage":{"@id":"https:\/\/biogestion.ch\/de\/shop\/gesundheit-immunsystem\/vista-plus-lutein\/#primaryimage"},"image":{"@id":"https:\/\/biogestion.ch\/de\/shop\/gesundheit-immunsystem\/vista-plus-lutein\/#primaryimage"},"thumbnailUrl":"https:\/\/biogestion.ch\/wp-content\/uploads\/2025\/10\/BG_2024_Vista-Plus.jpeg","datePublished":"2018-09-10T07:36:01+00:00","dateModified":"2025-11-06T13:31:36+00:00","description":"Pflanzliche Formel mit Lutein, Zink und Vitaminen zur Erhaltung der Sehkraft und zum Schutz der Zellen vor oxidativem Stress.","breadcrumb":{"@id":"https:\/\/biogestion.ch\/de\/shop\/gesundheit-immunsystem\/vista-plus-lutein\/#breadcrumb"},"inLanguage":"de","potentialAction":[{"@type":"ReadAction","target":["https:\/\/biogestion.ch\/de\/shop\/gesundheit-immunsystem\/vista-plus-lutein\/"]}]},{"@type":"ImageObject","inLanguage":"de","@id":"https:\/\/biogestion.ch\/de\/shop\/gesundheit-immunsystem\/vista-plus-lutein\/#primaryimage","url":"https:\/\/biogestion.ch\/wp-content\/uploads\/2025\/10\/BG_2024_Vista-Plus.jpeg","contentUrl":"https:\/\/biogestion.ch\/wp-content\/uploads\/2025\/10\/BG_2024_Vista-Plus.jpeg","width":1024,"height":1024},{"@type":"BreadcrumbList","@id":"https:\/\/biogestion.ch\/de\/shop\/gesundheit-immunsystem\/vista-plus-lutein\/#breadcrumb","itemListElement":[{"@type":"ListItem","position":1,"name":"Bio-Gestion","item":"https:\/\/biogestion.ch\/"},{"@type":"ListItem","position":2,"name":"Shop","item":"https:\/\/biogestion.ch\/de\/shop\/"},{"@type":"ListItem","position":3,"name":"Vista Plus"}]},{"@type":"WebSite","@id":"https:\/\/biogestion.ch\/de\/#website","url":"https:\/\/biogestion.ch\/de\/","name":"Bio-Gestion","description":"Les compl\u00e9ments alimentaires suisses","publisher":{"@id":"https:\/\/biogestion.ch\/de\/#organization"},"potentialAction":[{"@type":"SearchAction","target":{"@type":"EntryPoint","urlTemplate":"https:\/\/biogestion.ch\/de\/?s={search_term_string}"},"query-input":{"@type":"PropertyValueSpecification","valueRequired":true,"valueName":"search_term_string"}}],"inLanguage":"de"},{"@type":"Organization","@id":"https:\/\/biogestion.ch\/de\/#organization","name":"Bio-Gestion SA","url":"https:\/\/biogestion.ch\/de\/","logo":{"@type":"ImageObject","inLanguage":"de","@id":"https:\/\/biogestion.ch\/de\/#\/schema\/logo\/image\/","url":"https:\/\/biogestion.ch\/wp-content\/uploads\/2016\/05\/logo.png","contentUrl":"https:\/\/biogestion.ch\/wp-content\/uploads\/2016\/05\/logo.png","width":200,"height":38,"caption":"Bio-Gestion SA"},"image":{"@id":"https:\/\/biogestion.ch\/de\/#\/schema\/logo\/image\/"}}]},"product_price_amount":"37.20","product_price_currency":"CHF","og_availability":"instock","product_availability":"instock","product_condition":"new"},"_links":{"self":[{"href":"https:\/\/biogestion.ch\/de\/wp-json\/wp\/v2\/product\/3848","targetHints":{"allow":["GET"]}}],"collection":[{"href":"https:\/\/biogestion.ch\/de\/wp-json\/wp\/v2\/product"}],"about":[{"href":"https:\/\/biogestion.ch\/de\/wp-json\/wp\/v2\/types\/product"}],"replies":[{"embeddable":true,"href":"https:\/\/biogestion.ch\/de\/wp-json\/wp\/v2\/comments?post=3848"}],"version-history":[{"count":0,"href":"https:\/\/biogestion.ch\/de\/wp-json\/wp\/v2\/product\/3848\/revisions"}],"wp:featuredmedia":[{"embeddable":true,"href":"https:\/\/biogestion.ch\/de\/wp-json\/wp\/v2\/media\/28170"}],"wp:attachment":[{"href":"https:\/\/biogestion.ch\/de\/wp-json\/wp\/v2\/media?parent=3848"}],"wp:term":[{"taxonomy":"product_brand","embeddable":true,"href":"https:\/\/biogestion.ch\/de\/wp-json\/wp\/v2\/product_brand?post=3848"},{"taxonomy":"product_cat","embeddable":true,"href":"https:\/\/biogestion.ch\/de\/wp-json\/wp\/v2\/product_cat?post=3848"},{"taxonomy":"product_tag","embeddable":true,"href":"https:\/\/biogestion.ch\/de\/wp-json\/wp\/v2\/product_tag?post=3848"}],"curies":[{"name":"wp","href":"https:\/\/api.w.org\/{rel}","templated":true}]}}