{"id":377,"date":"2024-12-10T09:11:10","date_gmt":"2024-12-10T08:11:10","guid":{"rendered":"http:\/\/biogestion.ch\/boutique\/non%20class\u00e9\/flexinol-gel-2\/"},"modified":"2026-04-28T15:54:40","modified_gmt":"2026-04-28T13:54:40","slug":"flexinol-gel","status":"publish","type":"product","link":"https:\/\/biogestion.ch\/de\/shop\/mobilitaet\/flexinol-gel\/","title":{"rendered":"Flexinol Gel"},"content":{"rendered":"<h2 draggable=\"false\" data-pm-slice=\"1 1 []\" data-en-clipboard=\"true\">Flexinol Gel, das Massagegel mit organischem Silizium von Bio-Gestion.<\/h2>\n<p draggable=\"false\">Silizium ist ein nat\u00fcrlich im K\u00f6rper vorkommendes Mineral \u2014 in Knochen, Haut, Knorpeln und Bindegewebe. Flexinol Gel wurde auf Basis von organischem Silizium formuliert, um dessen Aufnahme durch die Haut zu erleichtern und das Wohlbefinden der behandelten Stellen im Alltag zu unterst\u00fctzen.<\/p>\n<h4 draggable=\"false\">Ein remineralisierendes Massagegel<\/h4>\n<p draggable=\"false\">Flexinol Gel vermittelt schon bei der ersten Anwendung ein <b>angenehmes Frischegef\u00fchl<\/b>. Seine leichte Textur zieht schnell ein, ohne einen fettigen R\u00fcckstand zu hinterlassen \u2014 ein praktischer Begleiter im Alltag wie nach dem Sport.<\/p>\n<p draggable=\"false\">Reich an <b>organischem Silizium<\/b> tr\u00e4gt Flexinol zur Remineralisierung der behandelten Stellen bei und unterst\u00fctzt das Wohlbefinden der Haut- und Gelenkgewebe. Silizium ist ein Strukturmineral, das an der Qualit\u00e4t des Bindegewebes \u2014 Haut, Sehnen, Knorpel \u2014 beteiligt ist.<\/p>\n<h4 draggable=\"false\">F\u00fcr Sportlerinnen, Sportler und aktive Personen<\/h4>\n<p draggable=\"false\">Als Massagegel begleitet Flexinol Erholungs- und Entspannungsmomente nach der Belastung. Eine regelm\u00e4ssige Massage der beanspruchten Stellen, wie <b>Knie, H\u00fcften, Schultern, R\u00fccken, H\u00e4nde<\/b>, unterst\u00fctzt das Gelenkwohlbefinden und die Geschmeidigkeit des Gewebes.<\/p>\n<p draggable=\"false\"><b>Wie wird Flexinol Gel angewendet?<\/b><\/p>\n<ol>\n<li draggable=\"false\"><b>Lokale Anwendung<\/b> : direkt auf die betroffenen Stellen auftragen. Sanft einmassieren, um die Aufnahme zu f\u00f6rdern.<\/li>\n<li draggable=\"false\"><b>H\u00e4ufigkeit<\/b> : je nach Bedarf 3- bis 4-mal t\u00e4glich anwenden, \u00fcber einen Zeitraum von 1 bis 3 Monaten, der bei Bedarf wiederholt werden kann.<\/li>\n<p>\n<\/ol>\n<h4 draggable=\"false\">Qualit\u00e4t Bio-Gestion<\/h4>\n<p draggable=\"false\">Flexinol Gel ist das Ergebnis eines seit \u00fcber 30 Jahren entwickelten Know-hows. Formuliert f\u00fcr eine schnelle Aufnahme und eine ausgezeichnete Hautvertr\u00e4glichkeit. Alle unsere Produkte werden aus der Schweiz versandt.<\/p>\n<p><em>In Frankreich hergestellt.<\/em><\/p>\n<p><em>Einheitspreis: 64.90 CHF\/St\u00fcck<\/em><br \/>\n<em>Ab 3 St\u00fcck: 59.90 CHF\/St\u00fcck<\/em><\/p>\n","protected":false},"excerpt":{"rendered":"<p>Flexinol Gel, das Massagegel mit organischem Silizium von Bio-Gestion.<\/p>\n","protected":false},"featured_media":28257,"comment_status":"open","ping_status":"closed","template":"","meta":[],"product_brand":[],"product_cat":[1507,1511,1497],"product_tag":[],"class_list":{"0":"post-377","1":"product","2":"type-product","3":"status-publish","4":"has-post-thumbnail","6":"product_cat-mobilitaet","7":"product_cat-sport","8":"product_cat-vegan-de","10":"first","11":"instock","12":"featured","13":"taxable","14":"shipping-taxable","15":"purchasable","16":"product-type-simple"},"yoast_head":"<!-- This site is optimized with the Yoast SEO Premium plugin v27.4 (Yoast SEO v27.5) - https:\/\/yoast.com\/product\/yoast-seo-premium-wordpress\/ -->\n<title>Flexinol Gel | Organischem Silizium | Bio-Gestion<\/title>\n<meta name=\"description\" content=\"Flexinol Gel ist ein Massagegel mit organischem Silizium, remineralisierend und schnell einziehend, f\u00fcr t\u00e4gliches Gelenk- und Hautwohlbefinden.\" \/>\n<meta name=\"robots\" content=\"index, follow, max-snippet:-1, max-image-preview:large, max-video-preview:-1\" \/>\n<link rel=\"canonical\" href=\"https:\/\/biogestion.ch\/de\/shop\/mobilitaet\/flexinol-gel\/\" \/>\n<meta name=\"twitter:label1\" content=\"Preis\" \/>\n\t<meta name=\"twitter:data1\" content=\"64.90&nbsp;&#067;&#072;&#070;\" \/>\n\t<meta name=\"twitter:label2\" content=\"Verf\u00fcgbarkeit\" \/>\n\t<meta name=\"twitter:data2\" content=\"Auf Lager\" \/>\n<script type=\"application\/ld+json\" class=\"yoast-schema-graph\">{\"@context\":\"https:\\\/\\\/schema.org\",\"@graph\":[{\"@type\":\"WebPage\",\"@id\":\"https:\\\/\\\/biogestion.ch\\\/de\\\/shop\\\/mobilitaet\\\/flexinol-gel\\\/\",\"url\":\"https:\\\/\\\/biogestion.ch\\\/de\\\/shop\\\/mobilitaet\\\/flexinol-gel\\\/\",\"name\":\"Flexinol Gel | Organischem Silizium | Bio-Gestion\",\"isPartOf\":{\"@id\":\"https:\\\/\\\/biogestion.ch\\\/de\\\/#website\"},\"primaryImageOfPage\":{\"@id\":\"https:\\\/\\\/biogestion.ch\\\/de\\\/shop\\\/mobilitaet\\\/flexinol-gel\\\/#primaryimage\"},\"image\":{\"@id\":\"https:\\\/\\\/biogestion.ch\\\/de\\\/shop\\\/mobilitaet\\\/flexinol-gel\\\/#primaryimage\"},\"thumbnailUrl\":\"https:\\\/\\\/biogestion.ch\\\/wp-content\\\/uploads\\\/2025\\\/10\\\/BG_2024_Web_Flexinol.jpeg\",\"datePublished\":\"2024-12-10T08:11:10+00:00\",\"dateModified\":\"2026-04-28T13:54:40+00:00\",\"description\":\"Flexinol Gel ist ein Massagegel mit organischem Silizium, remineralisierend und schnell einziehend, f\u00fcr t\u00e4gliches Gelenk- und Hautwohlbefinden.\",\"breadcrumb\":{\"@id\":\"https:\\\/\\\/biogestion.ch\\\/de\\\/shop\\\/mobilitaet\\\/flexinol-gel\\\/#breadcrumb\"},\"inLanguage\":\"de\",\"potentialAction\":[{\"@type\":\"ReadAction\",\"target\":[\"https:\\\/\\\/biogestion.ch\\\/de\\\/shop\\\/mobilitaet\\\/flexinol-gel\\\/\"]}]},{\"@type\":\"ImageObject\",\"inLanguage\":\"de\",\"@id\":\"https:\\\/\\\/biogestion.ch\\\/de\\\/shop\\\/mobilitaet\\\/flexinol-gel\\\/#primaryimage\",\"url\":\"https:\\\/\\\/biogestion.ch\\\/wp-content\\\/uploads\\\/2025\\\/10\\\/BG_2024_Web_Flexinol.jpeg\",\"contentUrl\":\"https:\\\/\\\/biogestion.ch\\\/wp-content\\\/uploads\\\/2025\\\/10\\\/BG_2024_Web_Flexinol.jpeg\",\"width\":1024,\"height\":1024,\"caption\":\"Concentr\u00e9 de silicium organique, Flexinol contribue \u00e0 plus de souplesse et de confort aux articulations, muscles et tendons.\"},{\"@type\":\"BreadcrumbList\",\"@id\":\"https:\\\/\\\/biogestion.ch\\\/de\\\/shop\\\/mobilitaet\\\/flexinol-gel\\\/#breadcrumb\",\"itemListElement\":[{\"@type\":\"ListItem\",\"position\":1,\"name\":\"Bio-Gestion\",\"item\":\"https:\\\/\\\/biogestion.ch\\\/\"},{\"@type\":\"ListItem\",\"position\":2,\"name\":\"Shop\",\"item\":\"https:\\\/\\\/biogestion.ch\\\/de\\\/shop\\\/\"},{\"@type\":\"ListItem\",\"position\":3,\"name\":\"Flexinol Gel\"}]},{\"@type\":\"WebSite\",\"@id\":\"https:\\\/\\\/biogestion.ch\\\/de\\\/#website\",\"url\":\"https:\\\/\\\/biogestion.ch\\\/de\\\/\",\"name\":\"Bio-Gestion\",\"description\":\"Les compl\u00e9ments alimentaires suisses\",\"publisher\":{\"@id\":\"https:\\\/\\\/biogestion.ch\\\/de\\\/#organization\"},\"potentialAction\":[{\"@type\":\"SearchAction\",\"target\":{\"@type\":\"EntryPoint\",\"urlTemplate\":\"https:\\\/\\\/biogestion.ch\\\/de\\\/?s={search_term_string}\"},\"query-input\":{\"@type\":\"PropertyValueSpecification\",\"valueRequired\":true,\"valueName\":\"search_term_string\"}}],\"inLanguage\":\"de\"},{\"@type\":\"Organization\",\"@id\":\"https:\\\/\\\/biogestion.ch\\\/de\\\/#organization\",\"name\":\"Bio-Gestion SA\",\"url\":\"https:\\\/\\\/biogestion.ch\\\/de\\\/\",\"logo\":{\"@type\":\"ImageObject\",\"inLanguage\":\"de\",\"@id\":\"https:\\\/\\\/biogestion.ch\\\/de\\\/#\\\/schema\\\/logo\\\/image\\\/\",\"url\":\"https:\\\/\\\/biogestion.ch\\\/wp-content\\\/uploads\\\/2016\\\/05\\\/logo.png\",\"contentUrl\":\"https:\\\/\\\/biogestion.ch\\\/wp-content\\\/uploads\\\/2016\\\/05\\\/logo.png\",\"width\":200,\"height\":38,\"caption\":\"Bio-Gestion SA\"},\"image\":{\"@id\":\"https:\\\/\\\/biogestion.ch\\\/de\\\/#\\\/schema\\\/logo\\\/image\\\/\"}}]}<\/script>\n<meta property=\"product:price:amount\" content=\"64.90\" \/>\n<meta property=\"product:price:currency\" content=\"CHF\" \/>\n<meta property=\"og:availability\" content=\"instock\" \/>\n<meta property=\"product:availability\" content=\"instock\" \/>\n<meta property=\"product:condition\" content=\"new\" \/>\n<!-- \/ Yoast SEO Premium plugin. -->","yoast_head_json":{"title":"Flexinol Gel | Organischem Silizium | Bio-Gestion","description":"Flexinol Gel ist ein Massagegel mit organischem Silizium, remineralisierend und schnell einziehend, f\u00fcr t\u00e4gliches Gelenk- und Hautwohlbefinden.","robots":{"index":"index","follow":"follow","max-snippet":"max-snippet:-1","max-image-preview":"max-image-preview:large","max-video-preview":"max-video-preview:-1"},"canonical":"https:\/\/biogestion.ch\/de\/shop\/mobilitaet\/flexinol-gel\/","twitter_misc":{"Preis":"64.90&nbsp;&#67;&#72;&#70;","Verf\u00fcgbarkeit":"Auf Lager"},"schema":{"@context":"https:\/\/schema.org","@graph":[{"@type":"WebPage","@id":"https:\/\/biogestion.ch\/de\/shop\/mobilitaet\/flexinol-gel\/","url":"https:\/\/biogestion.ch\/de\/shop\/mobilitaet\/flexinol-gel\/","name":"Flexinol Gel | Organischem Silizium | Bio-Gestion","isPartOf":{"@id":"https:\/\/biogestion.ch\/de\/#website"},"primaryImageOfPage":{"@id":"https:\/\/biogestion.ch\/de\/shop\/mobilitaet\/flexinol-gel\/#primaryimage"},"image":{"@id":"https:\/\/biogestion.ch\/de\/shop\/mobilitaet\/flexinol-gel\/#primaryimage"},"thumbnailUrl":"https:\/\/biogestion.ch\/wp-content\/uploads\/2025\/10\/BG_2024_Web_Flexinol.jpeg","datePublished":"2024-12-10T08:11:10+00:00","dateModified":"2026-04-28T13:54:40+00:00","description":"Flexinol Gel ist ein Massagegel mit organischem Silizium, remineralisierend und schnell einziehend, f\u00fcr t\u00e4gliches Gelenk- und Hautwohlbefinden.","breadcrumb":{"@id":"https:\/\/biogestion.ch\/de\/shop\/mobilitaet\/flexinol-gel\/#breadcrumb"},"inLanguage":"de","potentialAction":[{"@type":"ReadAction","target":["https:\/\/biogestion.ch\/de\/shop\/mobilitaet\/flexinol-gel\/"]}]},{"@type":"ImageObject","inLanguage":"de","@id":"https:\/\/biogestion.ch\/de\/shop\/mobilitaet\/flexinol-gel\/#primaryimage","url":"https:\/\/biogestion.ch\/wp-content\/uploads\/2025\/10\/BG_2024_Web_Flexinol.jpeg","contentUrl":"https:\/\/biogestion.ch\/wp-content\/uploads\/2025\/10\/BG_2024_Web_Flexinol.jpeg","width":1024,"height":1024,"caption":"Concentr\u00e9 de silicium organique, Flexinol contribue \u00e0 plus de souplesse et de confort aux articulations, muscles et tendons."},{"@type":"BreadcrumbList","@id":"https:\/\/biogestion.ch\/de\/shop\/mobilitaet\/flexinol-gel\/#breadcrumb","itemListElement":[{"@type":"ListItem","position":1,"name":"Bio-Gestion","item":"https:\/\/biogestion.ch\/"},{"@type":"ListItem","position":2,"name":"Shop","item":"https:\/\/biogestion.ch\/de\/shop\/"},{"@type":"ListItem","position":3,"name":"Flexinol Gel"}]},{"@type":"WebSite","@id":"https:\/\/biogestion.ch\/de\/#website","url":"https:\/\/biogestion.ch\/de\/","name":"Bio-Gestion","description":"Les compl\u00e9ments alimentaires suisses","publisher":{"@id":"https:\/\/biogestion.ch\/de\/#organization"},"potentialAction":[{"@type":"SearchAction","target":{"@type":"EntryPoint","urlTemplate":"https:\/\/biogestion.ch\/de\/?s={search_term_string}"},"query-input":{"@type":"PropertyValueSpecification","valueRequired":true,"valueName":"search_term_string"}}],"inLanguage":"de"},{"@type":"Organization","@id":"https:\/\/biogestion.ch\/de\/#organization","name":"Bio-Gestion SA","url":"https:\/\/biogestion.ch\/de\/","logo":{"@type":"ImageObject","inLanguage":"de","@id":"https:\/\/biogestion.ch\/de\/#\/schema\/logo\/image\/","url":"https:\/\/biogestion.ch\/wp-content\/uploads\/2016\/05\/logo.png","contentUrl":"https:\/\/biogestion.ch\/wp-content\/uploads\/2016\/05\/logo.png","width":200,"height":38,"caption":"Bio-Gestion SA"},"image":{"@id":"https:\/\/biogestion.ch\/de\/#\/schema\/logo\/image\/"}}]},"product_price_amount":"64.90","product_price_currency":"CHF","og_availability":"instock","product_availability":"instock","product_condition":"new"},"_links":{"self":[{"href":"https:\/\/biogestion.ch\/de\/wp-json\/wp\/v2\/product\/377","targetHints":{"allow":["GET"]}}],"collection":[{"href":"https:\/\/biogestion.ch\/de\/wp-json\/wp\/v2\/product"}],"about":[{"href":"https:\/\/biogestion.ch\/de\/wp-json\/wp\/v2\/types\/product"}],"replies":[{"embeddable":true,"href":"https:\/\/biogestion.ch\/de\/wp-json\/wp\/v2\/comments?post=377"}],"version-history":[{"count":0,"href":"https:\/\/biogestion.ch\/de\/wp-json\/wp\/v2\/product\/377\/revisions"}],"wp:featuredmedia":[{"embeddable":true,"href":"https:\/\/biogestion.ch\/de\/wp-json\/wp\/v2\/media\/28257"}],"wp:attachment":[{"href":"https:\/\/biogestion.ch\/de\/wp-json\/wp\/v2\/media?parent=377"}],"wp:term":[{"taxonomy":"product_brand","embeddable":true,"href":"https:\/\/biogestion.ch\/de\/wp-json\/wp\/v2\/product_brand?post=377"},{"taxonomy":"product_cat","embeddable":true,"href":"https:\/\/biogestion.ch\/de\/wp-json\/wp\/v2\/product_cat?post=377"},{"taxonomy":"product_tag","embeddable":true,"href":"https:\/\/biogestion.ch\/de\/wp-json\/wp\/v2\/product_tag?post=377"}],"curies":[{"name":"wp","href":"https:\/\/api.w.org\/{rel}","templated":true}]}}