{"id":357,"date":"2016-05-31T08:50:33","date_gmt":"2016-05-31T06:50:33","guid":{"rendered":"http:\/\/biogestion.ch\/boutique\/beweglichkeit\/gelaform-protein-gold-pulver-copie\/?lang=de"},"modified":"2026-04-13T09:49:53","modified_gmt":"2026-04-13T07:49:53","slug":"gelaform-protein-gold-kapseln","status":"publish","type":"product","link":"https:\/\/biogestion.ch\/de\/shop\/mobilitaet\/gelaform-protein-gold-kapseln\/","title":{"rendered":"GELAFORM Collagen+ \u00abGold\u00bb &#8211; Kapseln"},"content":{"rendered":"<h2>GELAFORM Collagen+ \u201eGold\u201c, unser Bestseller seit 40 Jahren<\/h2>\n<p>Mit zunehmendem Alter produziert Ihr K\u00f6rper von Natur aus immer weniger Kollagen. Schon im Alter von 20-25 Jahren verliert der K\u00f6rper etwa 1% Kollagen pro Jahr! Dieser Verlust kann sich mit den Jahren noch verst\u00e4rken.<\/p>\n<p>GELAFORM Collagen+ \u201eGold\u201c wurde in der Schweiz entdeckt und besteht aus Kollagenpeptiden, die aus hydrolysiertem Knorpel gewonnen werden. Diese Kollagenpeptide werden vom K\u00f6rper leicht aufgenommen. Proteine tragen zur Erhaltung normaler Knochen bei. Proteine tragen zu einer Zunahme an Muskelmasse bei.<\/p>\n<p>Das Produkt ist frei von Zusatzstoffen, Cholesterin, Konservierungsstoffen und GVO und enth\u00e4lt weder Gluten noch Laktose. Gelaform ist f\u00fcr die meisten Ern\u00e4hrungsformen geeignet. Dank seines neutralen Geschmacks und seiner guten L\u00f6slichkeit l\u00e4sst es sich leicht in Ihre t\u00e4gliche Nahrungsroutine integrieren.<\/p>\n<p>Seit 1983 von Zehntausenden von Kunden in der Schweiz wie auch in Europa gesch\u00e4tzt, entdecken Sie, warum GELAFORM Collagen+ \u201eGold\u201c Ihre Top-Wahl ist.<\/p>\n<p>GELAFORM ist in Dosen zu <a href=\"https:\/\/biogestion.ch\/de\/shop\/mobilitaet\/gelaform-protein-gold-pulver\/\">360 g<\/a> (f\u00fcr 30 Tage), <a href=\"https:\/\/biogestion.ch\/de\/shop\/mobilitaet\/gelaform-protein-gold-pulver\/\">600 g<\/a> (f\u00fcr 50 Tage) und in Kapseln erh\u00e4ltlich.<\/p>\n<h4>Tipps von Marcello, dem Wellness-Sportcoach von Bio-Gestion f\u00fcr eine gute Beweglichkeit<\/h4>\n<ul>\n<li><strong>Beweglichkeits- und Dehnungs\u00fcbungen<\/strong>: Integrieren Sie Dehnungs\u00fcbungen in Ihre t\u00e4gliche Routine. Regelm\u00e4ssiges Stretching hilft, Muskeln und Gelenke geschmeidig zu halten. Auch Aktivit\u00e4ten wie Yoga und Tai-Chi k\u00f6nnen die Beweglichkeit der Gelenke verbessern.<\/li>\n<li><strong>Muskelaufbau<\/strong>: St\u00e4rken Sie die Muskeln, die Ihre Gelenke umgeben. Ein guter Muskeltonus kann den Gelenken strukturellen Halt geben und helfen, Verletzungen vorzubeugen. Konzentrieren Sie sich auf den Aufbau der Rumpf-, Bein- und R\u00fcckenmuskulatur.<\/li>\n<li><strong>Halten Sie ein gesundes K\u00f6rpergewicht<\/strong>: Halten Sie ein optimales K\u00f6rpergewicht, um die Belastung der Gelenke, insbesondere der Knie, der H\u00fcften und der Wirbels\u00e4ule, zu verringern. \u00dcbergewicht kann die Abnutzung der Gelenke beschleunigen und ihre Beweglichkeit einschr\u00e4nken.<\/li>\n<li><strong>Fl\u00fcssigkeitszufuhr und ausgewogene Ern\u00e4hrung<\/strong>: Achten Sie auf eine ausreichende Fl\u00fcssigkeitszufuhr, da Wasser eine wichtige Rolle bei der Schmierung der Gelenke spielt.<\/li>\n<p>\n<\/ul>\n<p><em>In Frankreich und Belgien hergestellt.<\/em><\/p>\n<div data-pm-slice=\"1 1 []\" data-en-clipboard=\"true\">\n<div>\n<p><em>Einheitspreis: 39.50 CHF\/St\u00fcck<\/em><br \/>\n<em>Ab 3 St\u00fcck: 33.90 CHF\/St\u00fcck<\/em><\/p>\n<\/div>\n<\/div>\n","protected":false},"excerpt":{"rendered":"<p>GELAFORM Collagen+ &#8222;Gold&#8220;, seit 40 Jahren ein Bestseller, ist reich an Kollagenpeptiden und erh\u00e4lt Knochen- und Muskelmasse.<\/p>\n","protected":false},"featured_media":29081,"comment_status":"open","ping_status":"closed","template":"","meta":[],"product_brand":[],"product_cat":[1507,1511],"product_tag":[],"class_list":{"0":"post-357","1":"product","2":"type-product","3":"status-publish","4":"has-post-thumbnail","6":"product_cat-mobilitaet","7":"product_cat-sport","9":"first","10":"instock","11":"featured","12":"taxable","13":"shipping-taxable","14":"purchasable","15":"product-type-simple"},"yoast_head":"<!-- This site is optimized with the Yoast SEO Premium plugin v27.4 (Yoast SEO v27.4) - https:\/\/yoast.com\/product\/yoast-seo-premium-wordpress\/ -->\n<title>GELAFORM Collagen+ \u00ab Gold \u00bb | Kollagenpeptide in Kapselform<\/title>\n<meta name=\"description\" content=\"GELAFORM Collagen+ &quot;Gold&quot;, seit 40 Jahren ein Bestseller, ist reich an Kollagenpeptiden und erh\u00e4lt Knochen- und Muskelmasse.\" \/>\n<meta name=\"robots\" content=\"index, follow, max-snippet:-1, max-image-preview:large, max-video-preview:-1\" \/>\n<link rel=\"canonical\" href=\"https:\/\/biogestion.ch\/shop\/mobilite\/gelaform-proteine-gold-gelules\/\" \/>\n<meta name=\"twitter:label1\" content=\"Preis\" \/>\n\t<meta name=\"twitter:data1\" content=\"39.50&nbsp;&#067;&#072;&#070;\" \/>\n\t<meta name=\"twitter:label2\" content=\"Verf\u00fcgbarkeit\" \/>\n\t<meta name=\"twitter:data2\" content=\"Auf Lager\" \/>\n<script type=\"application\/ld+json\" class=\"yoast-schema-graph\">{\"@context\":\"https:\\\/\\\/schema.org\",\"@graph\":[{\"@type\":\"WebPage\",\"@id\":\"https:\\\/\\\/biogestion.ch\\\/shop\\\/mobilite\\\/gelaform-proteine-gold-gelules\\\/\",\"url\":\"https:\\\/\\\/biogestion.ch\\\/shop\\\/mobilite\\\/gelaform-proteine-gold-gelules\\\/\",\"name\":\"GELAFORM Collagen+ \u00ab Gold \u00bb | Kollagenpeptide in Kapselform\",\"isPartOf\":{\"@id\":\"https:\\\/\\\/biogestion.ch\\\/de\\\/#website\"},\"primaryImageOfPage\":{\"@id\":\"https:\\\/\\\/biogestion.ch\\\/shop\\\/mobilite\\\/gelaform-proteine-gold-gelules\\\/#primaryimage\"},\"image\":{\"@id\":\"https:\\\/\\\/biogestion.ch\\\/shop\\\/mobilite\\\/gelaform-proteine-gold-gelules\\\/#primaryimage\"},\"thumbnailUrl\":\"https:\\\/\\\/biogestion.ch\\\/wp-content\\\/uploads\\\/2026\\\/02\\\/BG_2026_Web_Gelaform-Gelules.jpeg\",\"datePublished\":\"2016-05-31T06:50:33+00:00\",\"dateModified\":\"2026-04-13T07:49:53+00:00\",\"description\":\"GELAFORM Collagen+ \\\"Gold\\\", seit 40 Jahren ein Bestseller, ist reich an Kollagenpeptiden und erh\u00e4lt Knochen- und Muskelmasse.\",\"breadcrumb\":{\"@id\":\"https:\\\/\\\/biogestion.ch\\\/shop\\\/mobilite\\\/gelaform-proteine-gold-gelules\\\/#breadcrumb\"},\"inLanguage\":\"de\",\"potentialAction\":[{\"@type\":\"ReadAction\",\"target\":[\"https:\\\/\\\/biogestion.ch\\\/shop\\\/mobilite\\\/gelaform-proteine-gold-gelules\\\/\"]}]},{\"@type\":\"ImageObject\",\"inLanguage\":\"de\",\"@id\":\"https:\\\/\\\/biogestion.ch\\\/shop\\\/mobilite\\\/gelaform-proteine-gold-gelules\\\/#primaryimage\",\"url\":\"https:\\\/\\\/biogestion.ch\\\/wp-content\\\/uploads\\\/2026\\\/02\\\/BG_2026_Web_Gelaform-Gelules.jpeg\",\"contentUrl\":\"https:\\\/\\\/biogestion.ch\\\/wp-content\\\/uploads\\\/2026\\\/02\\\/BG_2026_Web_Gelaform-Gelules.jpeg\",\"width\":1024,\"height\":1024,\"caption\":\"Peptides de collag\u00e8ne\"},{\"@type\":\"BreadcrumbList\",\"@id\":\"https:\\\/\\\/biogestion.ch\\\/shop\\\/mobilite\\\/gelaform-proteine-gold-gelules\\\/#breadcrumb\",\"itemListElement\":[{\"@type\":\"ListItem\",\"position\":1,\"name\":\"Bio-Gestion\",\"item\":\"https:\\\/\\\/biogestion.ch\\\/\"},{\"@type\":\"ListItem\",\"position\":2,\"name\":\"Shop\",\"item\":\"https:\\\/\\\/biogestion.ch\\\/de\\\/shop\\\/\"},{\"@type\":\"ListItem\",\"position\":3,\"name\":\"GELAFORM Collagen+ \u00abGold\u00bb &#8211; Kapseln\"}]},{\"@type\":\"WebSite\",\"@id\":\"https:\\\/\\\/biogestion.ch\\\/de\\\/#website\",\"url\":\"https:\\\/\\\/biogestion.ch\\\/de\\\/\",\"name\":\"Bio-Gestion\",\"description\":\"Les compl\u00e9ments alimentaires suisses\",\"publisher\":{\"@id\":\"https:\\\/\\\/biogestion.ch\\\/de\\\/#organization\"},\"potentialAction\":[{\"@type\":\"SearchAction\",\"target\":{\"@type\":\"EntryPoint\",\"urlTemplate\":\"https:\\\/\\\/biogestion.ch\\\/de\\\/?s={search_term_string}\"},\"query-input\":{\"@type\":\"PropertyValueSpecification\",\"valueRequired\":true,\"valueName\":\"search_term_string\"}}],\"inLanguage\":\"de\"},{\"@type\":\"Organization\",\"@id\":\"https:\\\/\\\/biogestion.ch\\\/de\\\/#organization\",\"name\":\"Bio-Gestion SA\",\"url\":\"https:\\\/\\\/biogestion.ch\\\/de\\\/\",\"logo\":{\"@type\":\"ImageObject\",\"inLanguage\":\"de\",\"@id\":\"https:\\\/\\\/biogestion.ch\\\/de\\\/#\\\/schema\\\/logo\\\/image\\\/\",\"url\":\"https:\\\/\\\/biogestion.ch\\\/wp-content\\\/uploads\\\/2016\\\/05\\\/logo.png\",\"contentUrl\":\"https:\\\/\\\/biogestion.ch\\\/wp-content\\\/uploads\\\/2016\\\/05\\\/logo.png\",\"width\":200,\"height\":38,\"caption\":\"Bio-Gestion SA\"},\"image\":{\"@id\":\"https:\\\/\\\/biogestion.ch\\\/de\\\/#\\\/schema\\\/logo\\\/image\\\/\"}}]}<\/script>\n<meta property=\"product:price:amount\" content=\"39.50\" \/>\n<meta property=\"product:price:currency\" content=\"CHF\" \/>\n<meta property=\"og:availability\" content=\"instock\" \/>\n<meta property=\"product:availability\" content=\"instock\" \/>\n<meta property=\"product:condition\" content=\"new\" \/>\n<!-- \/ Yoast SEO Premium plugin. -->","yoast_head_json":{"title":"GELAFORM Collagen+ \u00ab Gold \u00bb | Kollagenpeptide in Kapselform","description":"GELAFORM Collagen+ \"Gold\", seit 40 Jahren ein Bestseller, ist reich an Kollagenpeptiden und erh\u00e4lt Knochen- und Muskelmasse.","robots":{"index":"index","follow":"follow","max-snippet":"max-snippet:-1","max-image-preview":"max-image-preview:large","max-video-preview":"max-video-preview:-1"},"canonical":"https:\/\/biogestion.ch\/shop\/mobilite\/gelaform-proteine-gold-gelules\/","twitter_misc":{"Preis":"39.50&nbsp;&#67;&#72;&#70;","Verf\u00fcgbarkeit":"Auf Lager"},"schema":{"@context":"https:\/\/schema.org","@graph":[{"@type":"WebPage","@id":"https:\/\/biogestion.ch\/shop\/mobilite\/gelaform-proteine-gold-gelules\/","url":"https:\/\/biogestion.ch\/shop\/mobilite\/gelaform-proteine-gold-gelules\/","name":"GELAFORM Collagen+ \u00ab Gold \u00bb | Kollagenpeptide in Kapselform","isPartOf":{"@id":"https:\/\/biogestion.ch\/de\/#website"},"primaryImageOfPage":{"@id":"https:\/\/biogestion.ch\/shop\/mobilite\/gelaform-proteine-gold-gelules\/#primaryimage"},"image":{"@id":"https:\/\/biogestion.ch\/shop\/mobilite\/gelaform-proteine-gold-gelules\/#primaryimage"},"thumbnailUrl":"https:\/\/biogestion.ch\/wp-content\/uploads\/2026\/02\/BG_2026_Web_Gelaform-Gelules.jpeg","datePublished":"2016-05-31T06:50:33+00:00","dateModified":"2026-04-13T07:49:53+00:00","description":"GELAFORM Collagen+ \"Gold\", seit 40 Jahren ein Bestseller, ist reich an Kollagenpeptiden und erh\u00e4lt Knochen- und Muskelmasse.","breadcrumb":{"@id":"https:\/\/biogestion.ch\/shop\/mobilite\/gelaform-proteine-gold-gelules\/#breadcrumb"},"inLanguage":"de","potentialAction":[{"@type":"ReadAction","target":["https:\/\/biogestion.ch\/shop\/mobilite\/gelaform-proteine-gold-gelules\/"]}]},{"@type":"ImageObject","inLanguage":"de","@id":"https:\/\/biogestion.ch\/shop\/mobilite\/gelaform-proteine-gold-gelules\/#primaryimage","url":"https:\/\/biogestion.ch\/wp-content\/uploads\/2026\/02\/BG_2026_Web_Gelaform-Gelules.jpeg","contentUrl":"https:\/\/biogestion.ch\/wp-content\/uploads\/2026\/02\/BG_2026_Web_Gelaform-Gelules.jpeg","width":1024,"height":1024,"caption":"Peptides de collag\u00e8ne"},{"@type":"BreadcrumbList","@id":"https:\/\/biogestion.ch\/shop\/mobilite\/gelaform-proteine-gold-gelules\/#breadcrumb","itemListElement":[{"@type":"ListItem","position":1,"name":"Bio-Gestion","item":"https:\/\/biogestion.ch\/"},{"@type":"ListItem","position":2,"name":"Shop","item":"https:\/\/biogestion.ch\/de\/shop\/"},{"@type":"ListItem","position":3,"name":"GELAFORM Collagen+ \u00abGold\u00bb &#8211; Kapseln"}]},{"@type":"WebSite","@id":"https:\/\/biogestion.ch\/de\/#website","url":"https:\/\/biogestion.ch\/de\/","name":"Bio-Gestion","description":"Les compl\u00e9ments alimentaires suisses","publisher":{"@id":"https:\/\/biogestion.ch\/de\/#organization"},"potentialAction":[{"@type":"SearchAction","target":{"@type":"EntryPoint","urlTemplate":"https:\/\/biogestion.ch\/de\/?s={search_term_string}"},"query-input":{"@type":"PropertyValueSpecification","valueRequired":true,"valueName":"search_term_string"}}],"inLanguage":"de"},{"@type":"Organization","@id":"https:\/\/biogestion.ch\/de\/#organization","name":"Bio-Gestion SA","url":"https:\/\/biogestion.ch\/de\/","logo":{"@type":"ImageObject","inLanguage":"de","@id":"https:\/\/biogestion.ch\/de\/#\/schema\/logo\/image\/","url":"https:\/\/biogestion.ch\/wp-content\/uploads\/2016\/05\/logo.png","contentUrl":"https:\/\/biogestion.ch\/wp-content\/uploads\/2016\/05\/logo.png","width":200,"height":38,"caption":"Bio-Gestion SA"},"image":{"@id":"https:\/\/biogestion.ch\/de\/#\/schema\/logo\/image\/"}}]},"product_price_amount":"39.50","product_price_currency":"CHF","og_availability":"instock","product_availability":"instock","product_condition":"new"},"_links":{"self":[{"href":"https:\/\/biogestion.ch\/de\/wp-json\/wp\/v2\/product\/357","targetHints":{"allow":["GET"]}}],"collection":[{"href":"https:\/\/biogestion.ch\/de\/wp-json\/wp\/v2\/product"}],"about":[{"href":"https:\/\/biogestion.ch\/de\/wp-json\/wp\/v2\/types\/product"}],"replies":[{"embeddable":true,"href":"https:\/\/biogestion.ch\/de\/wp-json\/wp\/v2\/comments?post=357"}],"version-history":[{"count":0,"href":"https:\/\/biogestion.ch\/de\/wp-json\/wp\/v2\/product\/357\/revisions"}],"wp:featuredmedia":[{"embeddable":true,"href":"https:\/\/biogestion.ch\/de\/wp-json\/wp\/v2\/media\/29081"}],"wp:attachment":[{"href":"https:\/\/biogestion.ch\/de\/wp-json\/wp\/v2\/media?parent=357"}],"wp:term":[{"taxonomy":"product_brand","embeddable":true,"href":"https:\/\/biogestion.ch\/de\/wp-json\/wp\/v2\/product_brand?post=357"},{"taxonomy":"product_cat","embeddable":true,"href":"https:\/\/biogestion.ch\/de\/wp-json\/wp\/v2\/product_cat?post=357"},{"taxonomy":"product_tag","embeddable":true,"href":"https:\/\/biogestion.ch\/de\/wp-json\/wp\/v2\/product_tag?post=357"}],"curies":[{"name":"wp","href":"https:\/\/api.w.org\/{rel}","templated":true}]}}