{"id":28017,"date":"2025-10-09T14:41:28","date_gmt":"2025-10-09T12:41:28","guid":{"rendered":"https:\/\/biogestion.ch\/?post_type=product&#038;p=28017"},"modified":"2025-10-24T10:03:49","modified_gmt":"2025-10-24T08:03:49","slug":"immun-d3","status":"publish","type":"product","link":"https:\/\/biogestion.ch\/de\/shop\/gesundheit-immunsystem\/immun-d3\/","title":{"rendered":"Immun+ D3"},"content":{"rendered":"<h2 draggable=\"false\" data-pm-slice=\"1 1 []\" data-en-clipboard=\"true\">In besonders anspruchsvollen Zeiten unterst\u00fctzt Immun+ D3 Ihre Vitalit\u00e4t und Ihre Abwehrkr\u00e4fte!<\/h2>\n<p>Seine innovative Formel verbindet nat\u00fcrlichen Schutz und Ausgeglichenheit. Immun+ D3 ist ein Komplex aus Vitaminen, Mineralien und Pflanzenextrakten, die daf\u00fcr bekannt sind, die Abwehrkr\u00e4fte und das Wohlbefinden Tag f\u00fcr Tag zu unterst\u00fctzen.<\/p>\n<p draggable=\"false\"><b>Immun+ D3<\/b> kombiniert 3 anerkannte essenzielle Mikron\u00e4hrstoffe:<\/p>\n<ol>\n<li draggable=\"false\">\n<p draggable=\"false\"><b>Vitamin C<\/b> tr\u00e4gt zur Verringerung von M\u00fcdigkeit bei. Es sch\u00fctzt Ihre Zellen vor oxidativem Stress und unterst\u00fctzt Ihre nat\u00fcrlichen Abwehrkr\u00e4fte. Vitamin C tr\u00e4gt zur normalen Funktion des Nervensystems bei. Vitamin C tr\u00e4gt zur normalen Funktion des Immunsystems bei.<\/p>\n<\/li>\n<li draggable=\"false\">\n<p draggable=\"false\"><b>Vitamin D3<\/b> ist das \u201eSonnenvitamin\u201d. Es ist f\u00fcr eine gute Immunit\u00e4t und optimale Vitalit\u00e4t unerl\u00e4sslich, insbesondere im Herbst und Winter. Vitamin D tr\u00e4gt zur normalen Funktion des Immunsystems bei. Dar\u00fcber hinaus tr\u00e4gt Vitamin D dazu bei, das Sturzrisiko zu verringern, das mit Haltungsinstabilit\u00e4t und Muskelschw\u00e4che verbunden ist. St\u00fcrze sind ein Risikofaktor f\u00fcr Knochenbr\u00fcche bei M\u00e4nnern und Frauen ab 60 Jahren.<\/p>\n<\/li>\n<li draggable=\"false\">\n<p draggable=\"false\"><b>Zink<\/b> ist ein sehr wichtiger Mineralstoff, der zur normalen Funktion des Immunsystems beitr\u00e4gt.<\/p>\n<\/li>\n<p>\n<\/ol>\n<p draggable=\"false\">Zink tr\u00e4gt auch zu folgenden Prozessen bei:<\/p>\n<ul>\n<li draggable=\"false\">einem normalen S\u00e4ure-Basen-Stoffwechsel<\/li>\n<li draggable=\"false\">einer normalen kognitiven Funktion<\/li>\n<li draggable=\"false\">der Erhaltung normaler Knochen<\/li>\n<li draggable=\"false\">dem Schutz der Zellen vor oxidativem Stress<\/li>\n<\/ul>\n<p><\/p>\n<p draggable=\"false\">F\u00fcr eine optimale Synergie st\u00fctzt sich <b>Immun+ D3<\/b> auf drei einzigartige Pflanzen, die f\u00fcr ihre nat\u00fcrlichen Eigenschaften anerkannt sind:<\/p>\n<ol>\n<li draggable=\"false\"><b>Shiitake:<\/b> Dieser seit alters her in der chinesischen Medizin verwendete Pilz ist f\u00fcr seine stimulierenden Eigenschaften und seine Rolle f\u00fcr das allgemeine Wohlbefinden bekannt.<\/li>\n<li draggable=\"false\"><b>Ginseng<\/b>: Wird traditionell als Hilfe zur Erhaltung der Vitalit\u00e4t und zur Unterst\u00fctzung der k\u00f6rperlichen und geistigen Leistungsf\u00e4higkeit verwendet.<\/li>\n<li draggable=\"false\"><b>Echinacea:<\/b> Eine bew\u00e4hrte Pflanze, die seit jeher dazu beitr\u00e4gt, die nat\u00fcrlichen Abwehrkr\u00e4fte des K\u00f6rpers zu wahren.<\/li>\n<\/ol>\n<p><\/p>\n<p draggable=\"false\"><b>Geben Sie Ihrem K\u00f6rper die Unterst\u00fctzung, die er verdient. <\/b>Diese neue Formel:<b> Immun+ D3 <\/b>bietet Ihnen einen innovativen synergetischen Schutz, der den K\u00f6rper im Laufe der Jahreszeiten begleitet. Einfach in den Alltag zu integrieren, bietet Immun+ D3 eine ausgewogene L\u00f6sung, ganz ohne k\u00fcnstliche Zus\u00e4tze.<\/p>\n<p draggable=\"false\">Dieses sorgf\u00e4ltig hergestellte Produkt entspricht den h\u00f6chsten Qualit\u00e4tsstandards und zeichnet sich durch seine klare Zusammensetzung und die richtige Dosierung aus. Ob zur Bereicherung Ihrer Wohlf\u00fchl-Routine oder einfach als gezielte und nat\u00fcrliche Nahrungserg\u00e4nzung, Immun+ D3 ist eine zuverl\u00e4ssige Wahl.<\/p>\n<p><em>In Frankreich hergestellt.<\/em><\/p>\n<p><em>Einheitspreis: 49.90 CHF<\/em><\/p>\n<p><em>Ab 3 St\u00fcck: 45.90 CHF\/St\u00fcck<\/em><\/p>\n","protected":false},"excerpt":{"rendered":"<p>In besonders anspruchsvollen Zeiten unterst\u00fctzt Immun+ D3 Ihre Vitalit\u00e4t und Ihre Abwehrkr\u00e4fte!<\/p>\n","protected":false},"featured_media":28172,"comment_status":"open","ping_status":"closed","template":"","meta":[],"product_brand":[1689],"product_cat":[1512],"product_tag":[],"class_list":{"0":"post-28017","1":"product","2":"type-product","3":"status-publish","4":"has-post-thumbnail","6":"product_brand-bio-gestion","7":"product_cat-gesundheit-immunsystem","9":"first","10":"instock","11":"sale","12":"taxable","13":"shipping-taxable","14":"purchasable","15":"product-type-simple"},"yoast_head":"<!-- This site is optimized with the Yoast SEO Premium plugin v27.3 (Yoast SEO v27.3) - https:\/\/yoast.com\/product\/yoast-seo-premium-wordpress\/ -->\n<title>Immun+ D3 | Vitamin C, D3, Zink, Shiitake, Echinacea, Ginseng<\/title>\n<meta name=\"description\" content=\"Immun+ D3 ist ein Komplex aus Vitaminen, Mineralien und Pflanzenextrakten, die die Abwehrkr\u00e4fte und das Wohlbefinden Tag f\u00fcr Tag zu unterst\u00fctzen.\" \/>\n<meta name=\"robots\" content=\"index, follow, max-snippet:-1, max-image-preview:large, max-video-preview:-1\" \/>\n<link rel=\"canonical\" href=\"https:\/\/biogestion.ch\/shop\/sante-immunitaire\/immun-d3\/\" \/>\n<meta name=\"twitter:label1\" content=\"Preis\" \/>\n\t<meta name=\"twitter:data1\" content=\"37.40&nbsp;&#067;&#072;&#070;\" \/>\n\t<meta name=\"twitter:label2\" content=\"Verf\u00fcgbarkeit\" \/>\n\t<meta name=\"twitter:data2\" content=\"Auf Lager\" \/>\n<script type=\"application\/ld+json\" class=\"yoast-schema-graph\">{\"@context\":\"https:\\\/\\\/schema.org\",\"@graph\":[{\"@type\":\"WebPage\",\"@id\":\"https:\\\/\\\/biogestion.ch\\\/shop\\\/sante-immunitaire\\\/immun-d3\\\/\",\"url\":\"https:\\\/\\\/biogestion.ch\\\/shop\\\/sante-immunitaire\\\/immun-d3\\\/\",\"name\":\"Immun+ D3 | Vitamin C, D3, Zink, Shiitake, Echinacea, Ginseng\",\"isPartOf\":{\"@id\":\"https:\\\/\\\/biogestion.ch\\\/de\\\/#website\"},\"primaryImageOfPage\":{\"@id\":\"https:\\\/\\\/biogestion.ch\\\/shop\\\/sante-immunitaire\\\/immun-d3\\\/#primaryimage\"},\"image\":{\"@id\":\"https:\\\/\\\/biogestion.ch\\\/shop\\\/sante-immunitaire\\\/immun-d3\\\/#primaryimage\"},\"thumbnailUrl\":\"https:\\\/\\\/biogestion.ch\\\/wp-content\\\/uploads\\\/2025\\\/10\\\/BG_2024_Immun-D3.jpeg\",\"datePublished\":\"2025-10-09T12:41:28+00:00\",\"dateModified\":\"2025-10-24T08:03:49+00:00\",\"description\":\"Immun+ D3 ist ein Komplex aus Vitaminen, Mineralien und Pflanzenextrakten, die die Abwehrkr\u00e4fte und das Wohlbefinden Tag f\u00fcr Tag zu unterst\u00fctzen.\",\"breadcrumb\":{\"@id\":\"https:\\\/\\\/biogestion.ch\\\/shop\\\/sante-immunitaire\\\/immun-d3\\\/#breadcrumb\"},\"inLanguage\":\"de\",\"potentialAction\":[{\"@type\":\"ReadAction\",\"target\":[\"https:\\\/\\\/biogestion.ch\\\/shop\\\/sante-immunitaire\\\/immun-d3\\\/\"]}]},{\"@type\":\"ImageObject\",\"inLanguage\":\"de\",\"@id\":\"https:\\\/\\\/biogestion.ch\\\/shop\\\/sante-immunitaire\\\/immun-d3\\\/#primaryimage\",\"url\":\"https:\\\/\\\/biogestion.ch\\\/wp-content\\\/uploads\\\/2025\\\/10\\\/BG_2024_Immun-D3.jpeg\",\"contentUrl\":\"https:\\\/\\\/biogestion.ch\\\/wp-content\\\/uploads\\\/2025\\\/10\\\/BG_2024_Immun-D3.jpeg\",\"width\":1024,\"height\":1024},{\"@type\":\"BreadcrumbList\",\"@id\":\"https:\\\/\\\/biogestion.ch\\\/shop\\\/sante-immunitaire\\\/immun-d3\\\/#breadcrumb\",\"itemListElement\":[{\"@type\":\"ListItem\",\"position\":1,\"name\":\"Bio-Gestion\",\"item\":\"https:\\\/\\\/biogestion.ch\\\/\"},{\"@type\":\"ListItem\",\"position\":2,\"name\":\"Shop\",\"item\":\"https:\\\/\\\/biogestion.ch\\\/de\\\/shop\\\/\"},{\"@type\":\"ListItem\",\"position\":3,\"name\":\"Immun+ D3\"}]},{\"@type\":\"WebSite\",\"@id\":\"https:\\\/\\\/biogestion.ch\\\/de\\\/#website\",\"url\":\"https:\\\/\\\/biogestion.ch\\\/de\\\/\",\"name\":\"Bio-Gestion\",\"description\":\"Les compl\u00e9ments alimentaires suisses\",\"publisher\":{\"@id\":\"https:\\\/\\\/biogestion.ch\\\/de\\\/#organization\"},\"potentialAction\":[{\"@type\":\"SearchAction\",\"target\":{\"@type\":\"EntryPoint\",\"urlTemplate\":\"https:\\\/\\\/biogestion.ch\\\/de\\\/?s={search_term_string}\"},\"query-input\":{\"@type\":\"PropertyValueSpecification\",\"valueRequired\":true,\"valueName\":\"search_term_string\"}}],\"inLanguage\":\"de\"},{\"@type\":\"Organization\",\"@id\":\"https:\\\/\\\/biogestion.ch\\\/de\\\/#organization\",\"name\":\"Bio-Gestion SA\",\"url\":\"https:\\\/\\\/biogestion.ch\\\/de\\\/\",\"logo\":{\"@type\":\"ImageObject\",\"inLanguage\":\"de\",\"@id\":\"https:\\\/\\\/biogestion.ch\\\/de\\\/#\\\/schema\\\/logo\\\/image\\\/\",\"url\":\"https:\\\/\\\/biogestion.ch\\\/wp-content\\\/uploads\\\/2016\\\/05\\\/logo.png\",\"contentUrl\":\"https:\\\/\\\/biogestion.ch\\\/wp-content\\\/uploads\\\/2016\\\/05\\\/logo.png\",\"width\":200,\"height\":38,\"caption\":\"Bio-Gestion SA\"},\"image\":{\"@id\":\"https:\\\/\\\/biogestion.ch\\\/de\\\/#\\\/schema\\\/logo\\\/image\\\/\"}}]}<\/script>\n<meta property=\"product:price:amount\" content=\"37.40\" \/>\n<meta property=\"product:price:currency\" content=\"CHF\" \/>\n<meta property=\"og:availability\" content=\"instock\" \/>\n<meta property=\"product:availability\" content=\"instock\" \/>\n<meta property=\"product:condition\" content=\"new\" \/>\n<!-- \/ Yoast SEO Premium plugin. -->","yoast_head_json":{"title":"Immun+ D3 | Vitamin C, D3, Zink, Shiitake, Echinacea, Ginseng","description":"Immun+ D3 ist ein Komplex aus Vitaminen, Mineralien und Pflanzenextrakten, die die Abwehrkr\u00e4fte und das Wohlbefinden Tag f\u00fcr Tag zu unterst\u00fctzen.","robots":{"index":"index","follow":"follow","max-snippet":"max-snippet:-1","max-image-preview":"max-image-preview:large","max-video-preview":"max-video-preview:-1"},"canonical":"https:\/\/biogestion.ch\/shop\/sante-immunitaire\/immun-d3\/","twitter_misc":{"Preis":"37.40&nbsp;&#67;&#72;&#70;","Verf\u00fcgbarkeit":"Auf Lager"},"schema":{"@context":"https:\/\/schema.org","@graph":[{"@type":"WebPage","@id":"https:\/\/biogestion.ch\/shop\/sante-immunitaire\/immun-d3\/","url":"https:\/\/biogestion.ch\/shop\/sante-immunitaire\/immun-d3\/","name":"Immun+ D3 | Vitamin C, D3, Zink, Shiitake, Echinacea, Ginseng","isPartOf":{"@id":"https:\/\/biogestion.ch\/de\/#website"},"primaryImageOfPage":{"@id":"https:\/\/biogestion.ch\/shop\/sante-immunitaire\/immun-d3\/#primaryimage"},"image":{"@id":"https:\/\/biogestion.ch\/shop\/sante-immunitaire\/immun-d3\/#primaryimage"},"thumbnailUrl":"https:\/\/biogestion.ch\/wp-content\/uploads\/2025\/10\/BG_2024_Immun-D3.jpeg","datePublished":"2025-10-09T12:41:28+00:00","dateModified":"2025-10-24T08:03:49+00:00","description":"Immun+ D3 ist ein Komplex aus Vitaminen, Mineralien und Pflanzenextrakten, die die Abwehrkr\u00e4fte und das Wohlbefinden Tag f\u00fcr Tag zu unterst\u00fctzen.","breadcrumb":{"@id":"https:\/\/biogestion.ch\/shop\/sante-immunitaire\/immun-d3\/#breadcrumb"},"inLanguage":"de","potentialAction":[{"@type":"ReadAction","target":["https:\/\/biogestion.ch\/shop\/sante-immunitaire\/immun-d3\/"]}]},{"@type":"ImageObject","inLanguage":"de","@id":"https:\/\/biogestion.ch\/shop\/sante-immunitaire\/immun-d3\/#primaryimage","url":"https:\/\/biogestion.ch\/wp-content\/uploads\/2025\/10\/BG_2024_Immun-D3.jpeg","contentUrl":"https:\/\/biogestion.ch\/wp-content\/uploads\/2025\/10\/BG_2024_Immun-D3.jpeg","width":1024,"height":1024},{"@type":"BreadcrumbList","@id":"https:\/\/biogestion.ch\/shop\/sante-immunitaire\/immun-d3\/#breadcrumb","itemListElement":[{"@type":"ListItem","position":1,"name":"Bio-Gestion","item":"https:\/\/biogestion.ch\/"},{"@type":"ListItem","position":2,"name":"Shop","item":"https:\/\/biogestion.ch\/de\/shop\/"},{"@type":"ListItem","position":3,"name":"Immun+ D3"}]},{"@type":"WebSite","@id":"https:\/\/biogestion.ch\/de\/#website","url":"https:\/\/biogestion.ch\/de\/","name":"Bio-Gestion","description":"Les compl\u00e9ments alimentaires suisses","publisher":{"@id":"https:\/\/biogestion.ch\/de\/#organization"},"potentialAction":[{"@type":"SearchAction","target":{"@type":"EntryPoint","urlTemplate":"https:\/\/biogestion.ch\/de\/?s={search_term_string}"},"query-input":{"@type":"PropertyValueSpecification","valueRequired":true,"valueName":"search_term_string"}}],"inLanguage":"de"},{"@type":"Organization","@id":"https:\/\/biogestion.ch\/de\/#organization","name":"Bio-Gestion SA","url":"https:\/\/biogestion.ch\/de\/","logo":{"@type":"ImageObject","inLanguage":"de","@id":"https:\/\/biogestion.ch\/de\/#\/schema\/logo\/image\/","url":"https:\/\/biogestion.ch\/wp-content\/uploads\/2016\/05\/logo.png","contentUrl":"https:\/\/biogestion.ch\/wp-content\/uploads\/2016\/05\/logo.png","width":200,"height":38,"caption":"Bio-Gestion SA"},"image":{"@id":"https:\/\/biogestion.ch\/de\/#\/schema\/logo\/image\/"}}]},"product_price_amount":"37.40","product_price_currency":"CHF","og_availability":"instock","product_availability":"instock","product_condition":"new"},"_links":{"self":[{"href":"https:\/\/biogestion.ch\/de\/wp-json\/wp\/v2\/product\/28017","targetHints":{"allow":["GET"]}}],"collection":[{"href":"https:\/\/biogestion.ch\/de\/wp-json\/wp\/v2\/product"}],"about":[{"href":"https:\/\/biogestion.ch\/de\/wp-json\/wp\/v2\/types\/product"}],"replies":[{"embeddable":true,"href":"https:\/\/biogestion.ch\/de\/wp-json\/wp\/v2\/comments?post=28017"}],"version-history":[{"count":0,"href":"https:\/\/biogestion.ch\/de\/wp-json\/wp\/v2\/product\/28017\/revisions"}],"wp:featuredmedia":[{"embeddable":true,"href":"https:\/\/biogestion.ch\/de\/wp-json\/wp\/v2\/media\/28172"}],"wp:attachment":[{"href":"https:\/\/biogestion.ch\/de\/wp-json\/wp\/v2\/media?parent=28017"}],"wp:term":[{"taxonomy":"product_brand","embeddable":true,"href":"https:\/\/biogestion.ch\/de\/wp-json\/wp\/v2\/product_brand?post=28017"},{"taxonomy":"product_cat","embeddable":true,"href":"https:\/\/biogestion.ch\/de\/wp-json\/wp\/v2\/product_cat?post=28017"},{"taxonomy":"product_tag","embeddable":true,"href":"https:\/\/biogestion.ch\/de\/wp-json\/wp\/v2\/product_tag?post=28017"}],"curies":[{"name":"wp","href":"https:\/\/api.w.org\/{rel}","templated":true}]}}