{"id":27525,"date":"2025-08-14T11:13:19","date_gmt":"2025-08-14T09:13:19","guid":{"rendered":"https:\/\/biogestion.ch\/?post_type=product&#038;p=27525"},"modified":"2025-08-14T11:22:22","modified_gmt":"2025-08-14T09:22:22","slug":"rote-weinrebe-bio-3-pack","status":"publish","type":"product","link":"https:\/\/biogestion.ch\/de\/shop\/mobilitaet\/rote-weinrebe-bio-3-pack\/","title":{"rendered":"Rote Weinrebe Bio (3-Pack)"},"content":{"rendered":"<h2>Unsere Rote Weinrebe Bio (Vitis Vinifera L) wird aus den Bl\u00e4ttern gewonnen. Sie ist in vegetarischen Kapseln abgef\u00fcllt und enth\u00e4lt keine GVO.<\/h2>\n<p>Die Rote Weinrebe ersetzt keine Kompressionstherapie, aber es gibt viele zufriedene Anwenderberichte. Die Rote Weinrebe Bio wird besonders von Personen gesch\u00e4tzt, die lange stehend arbeiten m\u00fcssen, lange Reisen unternehmen oder k\u00f6rperlich schwer arbeiten.<\/p>\n<h4>Tipps von Marcello, dem Wellness-Sportcoach von Bio-Gestion bei schweren oder m\u00fcden Beinen<\/h4>\n<ul>\n<li>Vermeiden Sie langes Stehen oder Sitzen.<\/li>\n<li>Vermeiden Sie enge Kleidung, Hitze und hohe Abs\u00e4tze.<\/li>\n<li>Duschen Sie Ihre Beine am Ende des Tages mit kaltem Wasser ab.<\/li>\n<li>Machen Sie sanfte k\u00f6rperliche \u00dcbungen und schlafen Sie mit leicht hochgelagerten Beinen.<\/li>\n<li>Sie k\u00f6nnen auch passende elastische Kompressionsstr\u00fcmpfe tragen. Sie lindern das Schweregef\u00fchl in den Beinen und beugen der Bildung von Krampfadern vor.<\/li>\n<p>\n<\/ul>\n<p><em>In Frankreich hergestellt.<\/em><\/p>\n","protected":false},"excerpt":{"rendered":"<p>Die Rote Weinrebe Bio wird besonders von Menschen gesch\u00e4tzt, die lange im Stehen arbeiten m\u00fcssen oder k\u00f6rperlich sehr aktiv sind.<\/p>\n","protected":false},"featured_media":27527,"comment_status":"open","ping_status":"closed","template":"","meta":[],"product_brand":[1689],"product_cat":[1507,1497,1512],"product_tag":[],"class_list":{"0":"post-27525","1":"product","2":"type-product","3":"status-publish","4":"has-post-thumbnail","6":"product_brand-bio-gestion","7":"product_cat-mobilitaet","8":"product_cat-vegan-de","9":"product_cat-gesundheit-immunsystem","11":"first","12":"outofstock","13":"taxable","14":"shipping-taxable","15":"purchasable","16":"product-type-simple"},"yoast_head":"<!-- This site is optimized with the Yoast SEO Premium plugin v27.3 (Yoast SEO v27.4) - https:\/\/yoast.com\/product\/yoast-seo-premium-wordpress\/ -->\n<title>Rote Weinrebe Bio (3-Pack) | Bio-Gestion<\/title>\n<meta name=\"description\" content=\"Die Rote Weinrebe Bio wird besonders von Menschen gesch\u00e4tzt, die lange im Stehen arbeiten m\u00fcssen oder k\u00f6rperlich sehr aktiv sind.\" \/>\n<meta name=\"robots\" content=\"index, follow, max-snippet:-1, max-image-preview:large, max-video-preview:-1\" \/>\n<link rel=\"canonical\" href=\"https:\/\/biogestion.ch\/shop\/mobilite\/vigne-rouge-bio-3-pack\/\" \/>\n<meta name=\"twitter:label1\" content=\"Preis\" \/>\n\t<meta name=\"twitter:data1\" content=\"74.70&nbsp;&#067;&#072;&#070;\" \/>\n\t<meta name=\"twitter:label2\" content=\"Verf\u00fcgbarkeit\" \/>\n\t<meta name=\"twitter:data2\" content=\"ausverkauft\" \/>\n<script type=\"application\/ld+json\" class=\"yoast-schema-graph\">{\"@context\":\"https:\\\/\\\/schema.org\",\"@graph\":[{\"@type\":\"WebPage\",\"@id\":\"https:\\\/\\\/biogestion.ch\\\/shop\\\/mobilite\\\/vigne-rouge-bio-3-pack\\\/\",\"url\":\"https:\\\/\\\/biogestion.ch\\\/shop\\\/mobilite\\\/vigne-rouge-bio-3-pack\\\/\",\"name\":\"Rote Weinrebe Bio (3-Pack) | Bio-Gestion\",\"isPartOf\":{\"@id\":\"https:\\\/\\\/biogestion.ch\\\/de\\\/#website\"},\"primaryImageOfPage\":{\"@id\":\"https:\\\/\\\/biogestion.ch\\\/shop\\\/mobilite\\\/vigne-rouge-bio-3-pack\\\/#primaryimage\"},\"image\":{\"@id\":\"https:\\\/\\\/biogestion.ch\\\/shop\\\/mobilite\\\/vigne-rouge-bio-3-pack\\\/#primaryimage\"},\"thumbnailUrl\":\"https:\\\/\\\/biogestion.ch\\\/wp-content\\\/uploads\\\/2025\\\/08\\\/Vigne-Rouge-3x.jpg\",\"datePublished\":\"2025-08-14T09:13:19+00:00\",\"dateModified\":\"2025-08-14T09:22:22+00:00\",\"description\":\"Die Rote Weinrebe Bio wird besonders von Menschen gesch\u00e4tzt, die lange im Stehen arbeiten m\u00fcssen oder k\u00f6rperlich sehr aktiv sind.\",\"breadcrumb\":{\"@id\":\"https:\\\/\\\/biogestion.ch\\\/shop\\\/mobilite\\\/vigne-rouge-bio-3-pack\\\/#breadcrumb\"},\"inLanguage\":\"de\",\"potentialAction\":[{\"@type\":\"ReadAction\",\"target\":[\"https:\\\/\\\/biogestion.ch\\\/shop\\\/mobilite\\\/vigne-rouge-bio-3-pack\\\/\"]}]},{\"@type\":\"ImageObject\",\"inLanguage\":\"de\",\"@id\":\"https:\\\/\\\/biogestion.ch\\\/shop\\\/mobilite\\\/vigne-rouge-bio-3-pack\\\/#primaryimage\",\"url\":\"https:\\\/\\\/biogestion.ch\\\/wp-content\\\/uploads\\\/2025\\\/08\\\/Vigne-Rouge-3x.jpg\",\"contentUrl\":\"https:\\\/\\\/biogestion.ch\\\/wp-content\\\/uploads\\\/2025\\\/08\\\/Vigne-Rouge-3x.jpg\",\"width\":1200,\"height\":1200,\"caption\":\"Vigne Rouge Bio (3-Pack)\"},{\"@type\":\"BreadcrumbList\",\"@id\":\"https:\\\/\\\/biogestion.ch\\\/shop\\\/mobilite\\\/vigne-rouge-bio-3-pack\\\/#breadcrumb\",\"itemListElement\":[{\"@type\":\"ListItem\",\"position\":1,\"name\":\"Bio-Gestion\",\"item\":\"https:\\\/\\\/biogestion.ch\\\/\"},{\"@type\":\"ListItem\",\"position\":2,\"name\":\"Shop\",\"item\":\"https:\\\/\\\/biogestion.ch\\\/de\\\/shop\\\/\"},{\"@type\":\"ListItem\",\"position\":3,\"name\":\"Rote Weinrebe Bio (3-Pack)\"}]},{\"@type\":\"WebSite\",\"@id\":\"https:\\\/\\\/biogestion.ch\\\/de\\\/#website\",\"url\":\"https:\\\/\\\/biogestion.ch\\\/de\\\/\",\"name\":\"Bio-Gestion\",\"description\":\"Les compl\u00e9ments alimentaires suisses\",\"publisher\":{\"@id\":\"https:\\\/\\\/biogestion.ch\\\/de\\\/#organization\"},\"potentialAction\":[{\"@type\":\"SearchAction\",\"target\":{\"@type\":\"EntryPoint\",\"urlTemplate\":\"https:\\\/\\\/biogestion.ch\\\/de\\\/?s={search_term_string}\"},\"query-input\":{\"@type\":\"PropertyValueSpecification\",\"valueRequired\":true,\"valueName\":\"search_term_string\"}}],\"inLanguage\":\"de\"},{\"@type\":\"Organization\",\"@id\":\"https:\\\/\\\/biogestion.ch\\\/de\\\/#organization\",\"name\":\"Bio-Gestion SA\",\"url\":\"https:\\\/\\\/biogestion.ch\\\/de\\\/\",\"logo\":{\"@type\":\"ImageObject\",\"inLanguage\":\"de\",\"@id\":\"https:\\\/\\\/biogestion.ch\\\/de\\\/#\\\/schema\\\/logo\\\/image\\\/\",\"url\":\"https:\\\/\\\/biogestion.ch\\\/wp-content\\\/uploads\\\/2016\\\/05\\\/logo.png\",\"contentUrl\":\"https:\\\/\\\/biogestion.ch\\\/wp-content\\\/uploads\\\/2016\\\/05\\\/logo.png\",\"width\":200,\"height\":38,\"caption\":\"Bio-Gestion SA\"},\"image\":{\"@id\":\"https:\\\/\\\/biogestion.ch\\\/de\\\/#\\\/schema\\\/logo\\\/image\\\/\"}}]}<\/script>\n<meta property=\"product:price:amount\" content=\"74.70\" \/>\n<meta property=\"product:price:currency\" content=\"CHF\" \/>\n<meta property=\"og:availability\" content=\"out of stock\" \/>\n<meta property=\"product:availability\" content=\"out of stock\" \/>\n<meta property=\"product:condition\" content=\"new\" \/>\n<!-- \/ Yoast SEO Premium plugin. -->","yoast_head_json":{"title":"Rote Weinrebe Bio (3-Pack) | Bio-Gestion","description":"Die Rote Weinrebe Bio wird besonders von Menschen gesch\u00e4tzt, die lange im Stehen arbeiten m\u00fcssen oder k\u00f6rperlich sehr aktiv sind.","robots":{"index":"index","follow":"follow","max-snippet":"max-snippet:-1","max-image-preview":"max-image-preview:large","max-video-preview":"max-video-preview:-1"},"canonical":"https:\/\/biogestion.ch\/shop\/mobilite\/vigne-rouge-bio-3-pack\/","twitter_misc":{"Preis":"74.70&nbsp;&#67;&#72;&#70;","Verf\u00fcgbarkeit":"ausverkauft"},"schema":{"@context":"https:\/\/schema.org","@graph":[{"@type":"WebPage","@id":"https:\/\/biogestion.ch\/shop\/mobilite\/vigne-rouge-bio-3-pack\/","url":"https:\/\/biogestion.ch\/shop\/mobilite\/vigne-rouge-bio-3-pack\/","name":"Rote Weinrebe Bio (3-Pack) | Bio-Gestion","isPartOf":{"@id":"https:\/\/biogestion.ch\/de\/#website"},"primaryImageOfPage":{"@id":"https:\/\/biogestion.ch\/shop\/mobilite\/vigne-rouge-bio-3-pack\/#primaryimage"},"image":{"@id":"https:\/\/biogestion.ch\/shop\/mobilite\/vigne-rouge-bio-3-pack\/#primaryimage"},"thumbnailUrl":"https:\/\/biogestion.ch\/wp-content\/uploads\/2025\/08\/Vigne-Rouge-3x.jpg","datePublished":"2025-08-14T09:13:19+00:00","dateModified":"2025-08-14T09:22:22+00:00","description":"Die Rote Weinrebe Bio wird besonders von Menschen gesch\u00e4tzt, die lange im Stehen arbeiten m\u00fcssen oder k\u00f6rperlich sehr aktiv sind.","breadcrumb":{"@id":"https:\/\/biogestion.ch\/shop\/mobilite\/vigne-rouge-bio-3-pack\/#breadcrumb"},"inLanguage":"de","potentialAction":[{"@type":"ReadAction","target":["https:\/\/biogestion.ch\/shop\/mobilite\/vigne-rouge-bio-3-pack\/"]}]},{"@type":"ImageObject","inLanguage":"de","@id":"https:\/\/biogestion.ch\/shop\/mobilite\/vigne-rouge-bio-3-pack\/#primaryimage","url":"https:\/\/biogestion.ch\/wp-content\/uploads\/2025\/08\/Vigne-Rouge-3x.jpg","contentUrl":"https:\/\/biogestion.ch\/wp-content\/uploads\/2025\/08\/Vigne-Rouge-3x.jpg","width":1200,"height":1200,"caption":"Vigne Rouge Bio (3-Pack)"},{"@type":"BreadcrumbList","@id":"https:\/\/biogestion.ch\/shop\/mobilite\/vigne-rouge-bio-3-pack\/#breadcrumb","itemListElement":[{"@type":"ListItem","position":1,"name":"Bio-Gestion","item":"https:\/\/biogestion.ch\/"},{"@type":"ListItem","position":2,"name":"Shop","item":"https:\/\/biogestion.ch\/de\/shop\/"},{"@type":"ListItem","position":3,"name":"Rote Weinrebe Bio (3-Pack)"}]},{"@type":"WebSite","@id":"https:\/\/biogestion.ch\/de\/#website","url":"https:\/\/biogestion.ch\/de\/","name":"Bio-Gestion","description":"Les compl\u00e9ments alimentaires suisses","publisher":{"@id":"https:\/\/biogestion.ch\/de\/#organization"},"potentialAction":[{"@type":"SearchAction","target":{"@type":"EntryPoint","urlTemplate":"https:\/\/biogestion.ch\/de\/?s={search_term_string}"},"query-input":{"@type":"PropertyValueSpecification","valueRequired":true,"valueName":"search_term_string"}}],"inLanguage":"de"},{"@type":"Organization","@id":"https:\/\/biogestion.ch\/de\/#organization","name":"Bio-Gestion SA","url":"https:\/\/biogestion.ch\/de\/","logo":{"@type":"ImageObject","inLanguage":"de","@id":"https:\/\/biogestion.ch\/de\/#\/schema\/logo\/image\/","url":"https:\/\/biogestion.ch\/wp-content\/uploads\/2016\/05\/logo.png","contentUrl":"https:\/\/biogestion.ch\/wp-content\/uploads\/2016\/05\/logo.png","width":200,"height":38,"caption":"Bio-Gestion SA"},"image":{"@id":"https:\/\/biogestion.ch\/de\/#\/schema\/logo\/image\/"}}]},"product_price_amount":"74.70","product_price_currency":"CHF","og_availability":"out of stock","product_availability":"out of stock","product_condition":"new"},"_links":{"self":[{"href":"https:\/\/biogestion.ch\/de\/wp-json\/wp\/v2\/product\/27525","targetHints":{"allow":["GET"]}}],"collection":[{"href":"https:\/\/biogestion.ch\/de\/wp-json\/wp\/v2\/product"}],"about":[{"href":"https:\/\/biogestion.ch\/de\/wp-json\/wp\/v2\/types\/product"}],"replies":[{"embeddable":true,"href":"https:\/\/biogestion.ch\/de\/wp-json\/wp\/v2\/comments?post=27525"}],"version-history":[{"count":0,"href":"https:\/\/biogestion.ch\/de\/wp-json\/wp\/v2\/product\/27525\/revisions"}],"wp:featuredmedia":[{"embeddable":true,"href":"https:\/\/biogestion.ch\/de\/wp-json\/wp\/v2\/media\/27527"}],"wp:attachment":[{"href":"https:\/\/biogestion.ch\/de\/wp-json\/wp\/v2\/media?parent=27525"}],"wp:term":[{"taxonomy":"product_brand","embeddable":true,"href":"https:\/\/biogestion.ch\/de\/wp-json\/wp\/v2\/product_brand?post=27525"},{"taxonomy":"product_cat","embeddable":true,"href":"https:\/\/biogestion.ch\/de\/wp-json\/wp\/v2\/product_cat?post=27525"},{"taxonomy":"product_tag","embeddable":true,"href":"https:\/\/biogestion.ch\/de\/wp-json\/wp\/v2\/product_tag?post=27525"}],"curies":[{"name":"wp","href":"https:\/\/api.w.org\/{rel}","templated":true}]}}