{"id":27355,"date":"2025-07-15T20:03:49","date_gmt":"2025-07-15T18:03:49","guid":{"rendered":"https:\/\/biogestion.ch\/?post_type=product&#038;p=27355"},"modified":"2026-04-17T09:19:22","modified_gmt":"2026-04-17T07:19:22","slug":"elan-vital","status":"publish","type":"product","link":"https:\/\/biogestion.ch\/de\/shop\/gesundheit-immunsystem\/elan-vital\/","title":{"rendered":"Elan Vital"},"content":{"rendered":"<h2 class=\"p1\">Nat\u00fcrliche Formel auf pflanzlicher Basis, entwickelt zur Unterst\u00fctzung einer harmonischen Vitalit\u00e4t, auch in der Intimsph\u00e4re.<\/h2>\n<p class=\"p1\"><b>Elan Vital<\/b> bietet Ihnen die besten Extrakte aus <b>Bio-Maca<\/b> (adaptogene Pflanze aus den Anden<b>), Bio-Ginseng<\/b> (asiatisches Wahrzeichen f\u00fcr Wohlbefinden), <b>Tribulus<\/b> (Vitalit\u00e4t), <b>L-Citrullin<\/b> (Ausdauer) sowie <b>Bio-Apfelfasern<\/b> f\u00fcr ein harmonisches, umfassendes und nat\u00fcrliches Konzept.<\/p>\n<p class=\"p1\"><b>Elan Vital<\/b> ist eine hochwertige Formel, die im Einklang mit dem nat\u00fcrlichen Gleichgewicht des K\u00f6rpers entwickelt wurde. Im Mittelpunkt dieser Premium-Zusammensetzung stehen:<\/p>\n<ul>\n<li><b>Bio-Maca<\/b>, das seit sehr langer Zeit in den Andenkulturen verwendet wird, um die schwierigen Lebensbedingungen in H\u00f6henlagen zu begleiten.<\/li>\n<\/ul>\n<p><\/p>\n<p class=\"p2\">Bio-Maca eignet sich ideal f\u00fcr eine nat\u00fcrliche Gesundheitsroutine.<\/p>\n<p class=\"p2\">Diese Wurzel wird schonend auf nat\u00fcrliche Weise getrocknet und ohne chemische L\u00f6sungsmittel verarbeitet.<\/p>\n<p class=\"p2\">Heute findet Maca dank seinem hohen Gehalt an essenziellen Mineralien (Kalzium, Kalium und Eisen) ganz nat\u00fcrlich seinen Platz in einer leistungsorientierten und anspruchsvollen Routine.<\/p>\n<ul>\n<li><b>Bio-Ginseng<\/b>, eine Wurzel, die sich auf nat\u00fcrliche Weise in eine auf Ausgeglichenheit und allgemeine Vitalit\u00e4t ausgerichtete Wellness-Routine integrieren l\u00e4sst.<\/li>\n<\/ul>\n<p class=\"p2\">Ginseng, eine in Asien verehrte \u201eheilige Wurzel\u201c, ist reich an Ginsenosiden; wertvolle Inhaltsstoffe, die den K\u00f6rper seit jeher in seinen nat\u00fcrlichen Energiezyklen begleiten. In <b>Elan Vital<\/b> wird er zu einer der tragenden S\u00e4ulen f\u00fcr ein lebendiges, fliessendes und pulsierendes Wohlbefinden.<\/p>\n<ul>\n<li><b>Tribulus<\/b>, eine in Asien und Indien beheimatete Pflanze, die wegen ihres nat\u00fcrlichen Gehalts an Tanninen und Flavonoiden gesch\u00e4tzt wird. In Asien wird Tribulus seit Generationen wegen seiner Rolle f\u00fcr das subtile Gleichgewicht zwischen innerer Kraft und k\u00f6rperlicher Ausdruckskraft verwendet.<\/li>\n<li><b>L-Citrullin<\/b>, eine Aminos\u00e4ure, die nat\u00fcrlicherweise in Wassermelonen vorkommt, wird in vielen N\u00e4hrstoffformeln zur Begleitung anhaltender Leistungsf\u00e4higkeit eingesetzt.<\/li>\n<li>Und <b>Bio-Apfelfasern<\/b>, eine Quelle l\u00f6slicher Ballaststoffe, f\u00fcr eine ausgewogene Ern\u00e4hrung.<\/li>\n<\/ul>\n<p><\/p>\n<p class=\"p1\"><b>Elan Vital<\/b> vereint Pflanzenextrakte, die traditionell zur Begleitung des K\u00f6rperrhythmus und zur Unterst\u00fctzung der Energie eingesetzt werden, auch in Momenten der Verbundenheit und Intimit\u00e4t.<\/p>\n<h4 class=\"p1\">F\u00fcr wen ist Elan Vital gedacht?<\/h4>\n<p class=\"p1\">F\u00fcr alle, die ihre innere Energie zwischen pers\u00f6nlicher Leistungsf\u00e4higkeit und Momenten der Zweisamkeit unterst\u00fctzen m\u00f6chten.<\/p>\n<p class=\"p1\">Es eignet sich auch f\u00fcr Menschen, die sich pflanzlich ern\u00e4hren und grossen Wert auf die Qualit\u00e4t der Inhaltsstoffe legen.<\/p>\n<h4 class=\"p1\">Warum Elan Vital w\u00e4hlen ?<\/h4>\n<ul>\n<li>Wegen seiner sorgf\u00e4ltig ausgew\u00e4hlten nat\u00fcrlichen und biologischen Inhaltsstoffe: Eine 100 % pflanzliche, vollst\u00e4ndige und ausgewogene Formel, ohne Farbstoffe, Gelatine, Laktose und Gluten.<\/li>\n<li>Als Begleiter f\u00fcr den Alltag, manchmal auch f\u00fcr ganz intime Momente.<\/li>\n<li>Elan Vital ist bestens mit einer veganen Ern\u00e4hrung und einem aktiven Lebensstil vereinbar und l\u00e4sst sich einfach und ohne \u00dcbermass leicht in den modernen Alltag integrieren.<\/li>\n<\/ul>\n<p><\/p>\n<h5 draggable=\"false\">N\u00e4hrwertangaben pro Tagesdosis (2 Kapseln):<\/h5>\n<ul>\n<li>Maca: 400 mg<\/li>\n<li>Tribulus: 50 mg<\/li>\n<li>L-Citrullin: 50 mg<\/li>\n<li>Ginseng: 40 mg<\/li>\n<p>\n<\/ul>\n<p><em>In Frankreich hergestellt.<\/em><\/p>\n","protected":false},"excerpt":{"rendered":"<p>Nat\u00fcrliche Formel auf pflanzlicher Basis, entwickelt zur Unterst\u00fctzung einer harmonischen Vitalit\u00e4t, auch im intimen Bereich.<\/p>\n","protected":false},"featured_media":28249,"comment_status":"open","ping_status":"closed","template":"","meta":[],"product_brand":[],"product_cat":[1512],"product_tag":[],"class_list":{"0":"post-27355","1":"product","2":"type-product","3":"status-publish","4":"has-post-thumbnail","6":"product_cat-gesundheit-immunsystem","8":"first","9":"instock","10":"taxable","11":"shipping-taxable","12":"purchasable","13":"product-type-simple"},"yoast_head":"<!-- This site is optimized with the Yoast SEO Premium plugin v27.4 (Yoast SEO v27.4) - https:\/\/yoast.com\/product\/yoast-seo-premium-wordpress\/ -->\n<title>Elan Vital | Bio-Maca, Bio-Ginseng, Tribulus | Bio-Gestion<\/title>\n<meta name=\"description\" content=\"Nat\u00fcrliche Premium-Formel aus Bio-Maca, Bio-Ginseng und Tribulus, die entwickelt wurde, um den Rhythmus des Alltags zu begleiten.\" \/>\n<meta name=\"robots\" content=\"index, follow, max-snippet:-1, max-image-preview:large, max-video-preview:-1\" \/>\n<link rel=\"canonical\" href=\"https:\/\/biogestion.ch\/de\/shop\/gesundheit-immunsystem\/elan-vital\/\" \/>\n<meta name=\"twitter:label1\" content=\"Preis\" \/>\n\t<meta name=\"twitter:data1\" content=\"49.80&nbsp;&#067;&#072;&#070;\" \/>\n\t<meta name=\"twitter:label2\" content=\"Verf\u00fcgbarkeit\" \/>\n\t<meta name=\"twitter:data2\" content=\"Auf Lager\" \/>\n<script type=\"application\/ld+json\" class=\"yoast-schema-graph\">{\"@context\":\"https:\\\/\\\/schema.org\",\"@graph\":[{\"@type\":\"WebPage\",\"@id\":\"https:\\\/\\\/biogestion.ch\\\/de\\\/shop\\\/gesundheit-immunsystem\\\/elan-vital\\\/\",\"url\":\"https:\\\/\\\/biogestion.ch\\\/de\\\/shop\\\/gesundheit-immunsystem\\\/elan-vital\\\/\",\"name\":\"Elan Vital | Bio-Maca, Bio-Ginseng, Tribulus | Bio-Gestion\",\"isPartOf\":{\"@id\":\"https:\\\/\\\/biogestion.ch\\\/de\\\/#website\"},\"primaryImageOfPage\":{\"@id\":\"https:\\\/\\\/biogestion.ch\\\/de\\\/shop\\\/gesundheit-immunsystem\\\/elan-vital\\\/#primaryimage\"},\"image\":{\"@id\":\"https:\\\/\\\/biogestion.ch\\\/de\\\/shop\\\/gesundheit-immunsystem\\\/elan-vital\\\/#primaryimage\"},\"thumbnailUrl\":\"https:\\\/\\\/biogestion.ch\\\/wp-content\\\/uploads\\\/2025\\\/10\\\/BG_2024_Web_Elan-Vital.jpeg\",\"datePublished\":\"2025-07-15T18:03:49+00:00\",\"dateModified\":\"2026-04-17T07:19:22+00:00\",\"description\":\"Nat\u00fcrliche Premium-Formel aus Bio-Maca, Bio-Ginseng und Tribulus, die entwickelt wurde, um den Rhythmus des Alltags zu begleiten.\",\"breadcrumb\":{\"@id\":\"https:\\\/\\\/biogestion.ch\\\/de\\\/shop\\\/gesundheit-immunsystem\\\/elan-vital\\\/#breadcrumb\"},\"inLanguage\":\"de\",\"potentialAction\":[{\"@type\":\"ReadAction\",\"target\":[\"https:\\\/\\\/biogestion.ch\\\/de\\\/shop\\\/gesundheit-immunsystem\\\/elan-vital\\\/\"]}]},{\"@type\":\"ImageObject\",\"inLanguage\":\"de\",\"@id\":\"https:\\\/\\\/biogestion.ch\\\/de\\\/shop\\\/gesundheit-immunsystem\\\/elan-vital\\\/#primaryimage\",\"url\":\"https:\\\/\\\/biogestion.ch\\\/wp-content\\\/uploads\\\/2025\\\/10\\\/BG_2024_Web_Elan-Vital.jpeg\",\"contentUrl\":\"https:\\\/\\\/biogestion.ch\\\/wp-content\\\/uploads\\\/2025\\\/10\\\/BG_2024_Web_Elan-Vital.jpeg\",\"width\":1024,\"height\":1024,\"caption\":\"Formule naturelle premium \u00e0 base de maca bio, ginseng bio et tribulus, con\u00e7ue pour accompagner les rythmes du quotidien.\"},{\"@type\":\"BreadcrumbList\",\"@id\":\"https:\\\/\\\/biogestion.ch\\\/de\\\/shop\\\/gesundheit-immunsystem\\\/elan-vital\\\/#breadcrumb\",\"itemListElement\":[{\"@type\":\"ListItem\",\"position\":1,\"name\":\"Bio-Gestion\",\"item\":\"https:\\\/\\\/biogestion.ch\\\/\"},{\"@type\":\"ListItem\",\"position\":2,\"name\":\"Shop\",\"item\":\"https:\\\/\\\/biogestion.ch\\\/de\\\/shop\\\/\"},{\"@type\":\"ListItem\",\"position\":3,\"name\":\"Elan Vital\"}]},{\"@type\":\"WebSite\",\"@id\":\"https:\\\/\\\/biogestion.ch\\\/de\\\/#website\",\"url\":\"https:\\\/\\\/biogestion.ch\\\/de\\\/\",\"name\":\"Bio-Gestion\",\"description\":\"Les compl\u00e9ments alimentaires suisses\",\"publisher\":{\"@id\":\"https:\\\/\\\/biogestion.ch\\\/de\\\/#organization\"},\"potentialAction\":[{\"@type\":\"SearchAction\",\"target\":{\"@type\":\"EntryPoint\",\"urlTemplate\":\"https:\\\/\\\/biogestion.ch\\\/de\\\/?s={search_term_string}\"},\"query-input\":{\"@type\":\"PropertyValueSpecification\",\"valueRequired\":true,\"valueName\":\"search_term_string\"}}],\"inLanguage\":\"de\"},{\"@type\":\"Organization\",\"@id\":\"https:\\\/\\\/biogestion.ch\\\/de\\\/#organization\",\"name\":\"Bio-Gestion SA\",\"url\":\"https:\\\/\\\/biogestion.ch\\\/de\\\/\",\"logo\":{\"@type\":\"ImageObject\",\"inLanguage\":\"de\",\"@id\":\"https:\\\/\\\/biogestion.ch\\\/de\\\/#\\\/schema\\\/logo\\\/image\\\/\",\"url\":\"https:\\\/\\\/biogestion.ch\\\/wp-content\\\/uploads\\\/2016\\\/05\\\/logo.png\",\"contentUrl\":\"https:\\\/\\\/biogestion.ch\\\/wp-content\\\/uploads\\\/2016\\\/05\\\/logo.png\",\"width\":200,\"height\":38,\"caption\":\"Bio-Gestion SA\"},\"image\":{\"@id\":\"https:\\\/\\\/biogestion.ch\\\/de\\\/#\\\/schema\\\/logo\\\/image\\\/\"}}]}<\/script>\n<meta property=\"product:price:amount\" content=\"49.80\" \/>\n<meta property=\"product:price:currency\" content=\"CHF\" \/>\n<meta property=\"og:availability\" content=\"instock\" \/>\n<meta property=\"product:availability\" content=\"instock\" \/>\n<meta property=\"product:condition\" content=\"new\" \/>\n<!-- \/ Yoast SEO Premium plugin. -->","yoast_head_json":{"title":"Elan Vital | Bio-Maca, Bio-Ginseng, Tribulus | Bio-Gestion","description":"Nat\u00fcrliche Premium-Formel aus Bio-Maca, Bio-Ginseng und Tribulus, die entwickelt wurde, um den Rhythmus des Alltags zu begleiten.","robots":{"index":"index","follow":"follow","max-snippet":"max-snippet:-1","max-image-preview":"max-image-preview:large","max-video-preview":"max-video-preview:-1"},"canonical":"https:\/\/biogestion.ch\/de\/shop\/gesundheit-immunsystem\/elan-vital\/","twitter_misc":{"Preis":"49.80&nbsp;&#67;&#72;&#70;","Verf\u00fcgbarkeit":"Auf Lager"},"schema":{"@context":"https:\/\/schema.org","@graph":[{"@type":"WebPage","@id":"https:\/\/biogestion.ch\/de\/shop\/gesundheit-immunsystem\/elan-vital\/","url":"https:\/\/biogestion.ch\/de\/shop\/gesundheit-immunsystem\/elan-vital\/","name":"Elan Vital | Bio-Maca, Bio-Ginseng, Tribulus | Bio-Gestion","isPartOf":{"@id":"https:\/\/biogestion.ch\/de\/#website"},"primaryImageOfPage":{"@id":"https:\/\/biogestion.ch\/de\/shop\/gesundheit-immunsystem\/elan-vital\/#primaryimage"},"image":{"@id":"https:\/\/biogestion.ch\/de\/shop\/gesundheit-immunsystem\/elan-vital\/#primaryimage"},"thumbnailUrl":"https:\/\/biogestion.ch\/wp-content\/uploads\/2025\/10\/BG_2024_Web_Elan-Vital.jpeg","datePublished":"2025-07-15T18:03:49+00:00","dateModified":"2026-04-17T07:19:22+00:00","description":"Nat\u00fcrliche Premium-Formel aus Bio-Maca, Bio-Ginseng und Tribulus, die entwickelt wurde, um den Rhythmus des Alltags zu begleiten.","breadcrumb":{"@id":"https:\/\/biogestion.ch\/de\/shop\/gesundheit-immunsystem\/elan-vital\/#breadcrumb"},"inLanguage":"de","potentialAction":[{"@type":"ReadAction","target":["https:\/\/biogestion.ch\/de\/shop\/gesundheit-immunsystem\/elan-vital\/"]}]},{"@type":"ImageObject","inLanguage":"de","@id":"https:\/\/biogestion.ch\/de\/shop\/gesundheit-immunsystem\/elan-vital\/#primaryimage","url":"https:\/\/biogestion.ch\/wp-content\/uploads\/2025\/10\/BG_2024_Web_Elan-Vital.jpeg","contentUrl":"https:\/\/biogestion.ch\/wp-content\/uploads\/2025\/10\/BG_2024_Web_Elan-Vital.jpeg","width":1024,"height":1024,"caption":"Formule naturelle premium \u00e0 base de maca bio, ginseng bio et tribulus, con\u00e7ue pour accompagner les rythmes du quotidien."},{"@type":"BreadcrumbList","@id":"https:\/\/biogestion.ch\/de\/shop\/gesundheit-immunsystem\/elan-vital\/#breadcrumb","itemListElement":[{"@type":"ListItem","position":1,"name":"Bio-Gestion","item":"https:\/\/biogestion.ch\/"},{"@type":"ListItem","position":2,"name":"Shop","item":"https:\/\/biogestion.ch\/de\/shop\/"},{"@type":"ListItem","position":3,"name":"Elan Vital"}]},{"@type":"WebSite","@id":"https:\/\/biogestion.ch\/de\/#website","url":"https:\/\/biogestion.ch\/de\/","name":"Bio-Gestion","description":"Les compl\u00e9ments alimentaires suisses","publisher":{"@id":"https:\/\/biogestion.ch\/de\/#organization"},"potentialAction":[{"@type":"SearchAction","target":{"@type":"EntryPoint","urlTemplate":"https:\/\/biogestion.ch\/de\/?s={search_term_string}"},"query-input":{"@type":"PropertyValueSpecification","valueRequired":true,"valueName":"search_term_string"}}],"inLanguage":"de"},{"@type":"Organization","@id":"https:\/\/biogestion.ch\/de\/#organization","name":"Bio-Gestion SA","url":"https:\/\/biogestion.ch\/de\/","logo":{"@type":"ImageObject","inLanguage":"de","@id":"https:\/\/biogestion.ch\/de\/#\/schema\/logo\/image\/","url":"https:\/\/biogestion.ch\/wp-content\/uploads\/2016\/05\/logo.png","contentUrl":"https:\/\/biogestion.ch\/wp-content\/uploads\/2016\/05\/logo.png","width":200,"height":38,"caption":"Bio-Gestion SA"},"image":{"@id":"https:\/\/biogestion.ch\/de\/#\/schema\/logo\/image\/"}}]},"product_price_amount":"49.80","product_price_currency":"CHF","og_availability":"instock","product_availability":"instock","product_condition":"new"},"_links":{"self":[{"href":"https:\/\/biogestion.ch\/de\/wp-json\/wp\/v2\/product\/27355","targetHints":{"allow":["GET"]}}],"collection":[{"href":"https:\/\/biogestion.ch\/de\/wp-json\/wp\/v2\/product"}],"about":[{"href":"https:\/\/biogestion.ch\/de\/wp-json\/wp\/v2\/types\/product"}],"replies":[{"embeddable":true,"href":"https:\/\/biogestion.ch\/de\/wp-json\/wp\/v2\/comments?post=27355"}],"version-history":[{"count":3,"href":"https:\/\/biogestion.ch\/de\/wp-json\/wp\/v2\/product\/27355\/revisions"}],"predecessor-version":[{"id":29865,"href":"https:\/\/biogestion.ch\/de\/wp-json\/wp\/v2\/product\/27355\/revisions\/29865"}],"wp:featuredmedia":[{"embeddable":true,"href":"https:\/\/biogestion.ch\/de\/wp-json\/wp\/v2\/media\/28249"}],"wp:attachment":[{"href":"https:\/\/biogestion.ch\/de\/wp-json\/wp\/v2\/media?parent=27355"}],"wp:term":[{"taxonomy":"product_brand","embeddable":true,"href":"https:\/\/biogestion.ch\/de\/wp-json\/wp\/v2\/product_brand?post=27355"},{"taxonomy":"product_cat","embeddable":true,"href":"https:\/\/biogestion.ch\/de\/wp-json\/wp\/v2\/product_cat?post=27355"},{"taxonomy":"product_tag","embeddable":true,"href":"https:\/\/biogestion.ch\/de\/wp-json\/wp\/v2\/product_tag?post=27355"}],"curies":[{"name":"wp","href":"https:\/\/api.w.org\/{rel}","templated":true}]}}