{"id":26458,"date":"2025-03-27T10:55:49","date_gmt":"2025-03-27T09:55:49","guid":{"rendered":"https:\/\/biogestion.ch\/?post_type=product&#038;p=26458"},"modified":"2026-02-25T06:25:54","modified_gmt":"2026-02-25T05:25:54","slug":"kompressionskniestruempfe-klasse-1","status":"publish","type":"product","link":"https:\/\/biogestion.ch\/de\/shop\/zubehoer\/kompressionskniestruempfe-klasse-1\/","title":{"rendered":"Kompressionskniestr\u00fcmpfe Klasse 1 (15\u201321 mmHg)"},"content":{"rendered":"\t\t<div data-elementor-type=\"product-post\" data-elementor-id=\"26458\" class=\"elementor elementor-26458 elementor-26457\" data-elementor-post-type=\"product\">\n\t\t\t\t\t\t<section class=\"elementor-section elementor-top-section elementor-element elementor-element-d062b69 elementor-section-boxed elementor-section-height-default elementor-section-height-default\" data-id=\"d062b69\" data-element_type=\"section\" data-e-type=\"section\">\n\t\t\t\t\t\t<div class=\"elementor-container elementor-column-gap-default\">\n\t\t\t\t\t<div class=\"elementor-column elementor-col-100 elementor-top-column elementor-element elementor-element-9220de4\" data-id=\"9220de4\" data-element_type=\"column\" data-e-type=\"column\">\n\t\t\t<div class=\"elementor-widget-wrap elementor-element-populated\">\n\t\t\t\t\t\t<div class=\"elementor-element elementor-element-111908a elementor-widget elementor-widget-text-editor\" data-id=\"111908a\" data-element_type=\"widget\" data-e-type=\"widget\" data-widget_type=\"text-editor.default\">\n\t\t\t\t<div class=\"elementor-widget-container\">\n\t\t\t\t\t\t\t\t\t<h2 draggable=\"false\" data-pm-slice=\"1 1 []\" data-en-clipboard=\"true\">Entlasten Sie Ihre Beine auf sanfte Weise, bei der Arbeit wie auf Reisen. Unauff\u00e4llig, bequem, leicht anzuziehen.<\/h2><p draggable=\"false\" data-pm-slice=\"1 1 []\" data-en-clipboard=\"true\">Entlasten Sie Ihre m\u00fcden Beine und verleihen Sie ihnen neue Vitalit\u00e4t, sei es <b>bei der Arbeit, auf Reisen oder einfach im Alltag<\/b>. Diese Kompressionskniestr\u00fcmpfe werden <b>Ihren Lebenskomfort<\/b> wirklich <b>ver\u00e4ndern<\/b>! Diese Kniestr\u00fcmpfe passen sich dank ihres weichen und dehnbaren Materials an alle Fussgr\u00f6ssen an und bieten so optimalen Komfort im Alltag.<\/p>\t\t\t\t\t\t\t\t<\/div>\n\t\t\t\t<\/div>\n\t\t\t\t<div class=\"elementor-element elementor-element-0ba5bb1 elementor-widget elementor-widget-text-editor\" data-id=\"0ba5bb1\" data-element_type=\"widget\" data-e-type=\"widget\" data-widget_type=\"text-editor.default\">\n\t\t\t\t<div class=\"elementor-widget-container\">\n\t\t\t\t\t\t\t\t\t<h4 draggable=\"false\" data-pm-slice=\"1 1 []\" data-en-clipboard=\"true\">Die 6 Supervorteile dieser Kompressionskniestr\u00fcmpfe:<\/h4><ol><li>Leichteres<b> An- und Ausziehen: <\/b><u>Weniger Kraftaufwand beim Anziehen<\/u> -&gt;\u00a0Im Gegensatz zu Str\u00fcmpfen, die das ganze Bein bedecken, enden Kniestr\u00fcmpfe unterhalb des Knies, was das An- und Ausziehen erheblich erleichtert.<\/li><li><b>Ideal bei Venenproblemen an den Waden: <\/b><u>Gezielte Wirkung auf den ven\u00f6sen Kreislauf der Beine<\/u> -&gt;\u00a0Sie sind ideal bei schweren Beinen, leichten bis mittelschweren Krampfadern und ven\u00f6ser Insuffizienz, die haupts\u00e4chlich die Waden und den Unterschenkel betrifft.<\/li><li><b>Komfortabler und passender: <\/b>Im Gegensatz zu Str\u00fcmpfen, die das ganze Bein bedecken, sind Kniestr\u00fcmpfe angenehmer zu tragen, auch im Sommer, wenn es heiss ist. <u>Bessere Bewegungsfreiheit<\/u> -&gt;\u00a0Mit diesen Kniestr\u00fcmpfen haben Sie kein Druckgef\u00fchl am Oberschenkel, was vor allem beim Gehen deutlich angenehmer ist.<\/li><li><b>Besserer Halt und weniger Verrutschen: <\/b><u>Kein Halteschwierigkeiten<\/u> -&gt; Im Gegensatz zu Str\u00fcmpfen, die verrutschen k\u00f6nnen, wenn sie nicht richtig sitzen, sitzen Kniestr\u00fcmpfe gut unter dem Knie.<\/li><li><b>Neues modernes und dezentes Design: <\/b><u>Mattes und seidiges Finish<\/u> -&gt; Sie suchen einen diskreten und nat\u00fcrlichen Effekt? Dieses neue, sehr \u00e4sthetische Modell in Hautfarbe passt perfekt zu allen Arten von Outfits und sorgt f\u00fcr sichtbare Eleganz im Alltag. Sie sehen aus wie eine klassische Strumpfhose und bieten gleichzeitig einen echten gesundheitlichen Nutzen.<\/li><li><b>Neuer Komfort: <\/b>Diese Kniestr\u00fcmpfe der neuesten Generation bieten optimalen Halt mit abgestufter Kompression, die an die Anatomie angepasst ist.<\/li><\/ol>\t\t\t\t\t\t\t\t<\/div>\n\t\t\t\t<\/div>\n\t\t\t\t<div class=\"elementor-element elementor-element-fb12524 elementor-widget elementor-widget-text-editor\" data-id=\"fb12524\" data-element_type=\"widget\" data-e-type=\"widget\" data-widget_type=\"text-editor.default\">\n\t\t\t\t<div class=\"elementor-widget-container\">\n\t\t\t\t\t\t\t\t\t<p draggable=\"false\" data-pm-slice=\"1 1 []\" data-en-clipboard=\"true\">Sie passen sich an alle Fussgr\u00f6ssen an. Sie sind d\u00fcnn, widerstandsf\u00e4hig (140 Denier) und sehr bequem, ohne N\u00e4hte an den Zehen.<\/p><p draggable=\"false\">Sie sind Klasse 1 und \u00fcben eine sanfte Kompression (10-15 mmHg) aus, die an die t\u00e4glichen Bed\u00fcrfnisse angepasst ist. Sie lassen sich leicht anziehen und bequem den ganzen Tag tragen.<\/p><p draggable=\"false\">Sie sind f\u00fcr Personen ohne fortgeschrittene Venenerkrankungen geeignet.<\/p>\t\t\t\t\t\t\t\t<\/div>\n\t\t\t\t<\/div>\n\t\t\t\t\t<\/div>\n\t\t<\/div>\n\t\t\t\t\t<\/div>\n\t\t<\/section>\n\t\t\t\t<section class=\"elementor-section elementor-top-section elementor-element elementor-element-cccb4e5 elementor-section-boxed elementor-section-height-default elementor-section-height-default\" data-id=\"cccb4e5\" data-element_type=\"section\" data-e-type=\"section\">\n\t\t\t\t\t\t<div class=\"elementor-container elementor-column-gap-default\">\n\t\t\t\t\t<div class=\"elementor-column elementor-col-100 elementor-top-column elementor-element elementor-element-c7d14a3\" data-id=\"c7d14a3\" data-element_type=\"column\" data-e-type=\"column\">\n\t\t\t<div class=\"elementor-widget-wrap elementor-element-populated\">\n\t\t\t\t\t\t<div class=\"elementor-element elementor-element-7fe6325 elementor-widget elementor-widget-image\" data-id=\"7fe6325\" data-element_type=\"widget\" data-e-type=\"widget\" data-widget_type=\"image.default\">\n\t\t\t\t<div class=\"elementor-widget-container\">\n\t\t\t\t\t\t\t\t\t\t\t\t\t\t\t<img fetchpriority=\"high\" decoding=\"async\" width=\"800\" height=\"450\" src=\"https:\/\/biogestion.ch\/wp-content\/uploads\/2025\/03\/Mi-bas-de-compression-1024x576.jpeg\" class=\"attachment-large size-large wp-image-26466\" alt=\"Ces mi-bas de derni\u00e8re g\u00e9n\u00e9ration offrent un maintien optimal avec une compression gradu\u00e9e adapt\u00e9e \u00e0 l\u2019anatomie.\" srcset=\"https:\/\/biogestion.ch\/wp-content\/uploads\/2025\/03\/Mi-bas-de-compression-1024x576.jpeg 1024w, https:\/\/biogestion.ch\/wp-content\/uploads\/2025\/03\/Mi-bas-de-compression-300x169.jpeg 300w, https:\/\/biogestion.ch\/wp-content\/uploads\/2025\/03\/Mi-bas-de-compression-768x432.jpeg 768w, https:\/\/biogestion.ch\/wp-content\/uploads\/2025\/03\/Mi-bas-de-compression-1536x864.jpeg 1536w, https:\/\/biogestion.ch\/wp-content\/uploads\/2025\/03\/Mi-bas-de-compression-280x158.jpeg 280w, https:\/\/biogestion.ch\/wp-content\/uploads\/2025\/03\/Mi-bas-de-compression-600x338.jpeg 600w, https:\/\/biogestion.ch\/wp-content\/uploads\/2025\/03\/Mi-bas-de-compression.jpeg 1920w\" sizes=\"(max-width: 800px) 100vw, 800px\" \/>\t\t\t\t\t\t\t\t\t\t\t\t\t\t\t<\/div>\n\t\t\t\t<\/div>\n\t\t\t\t\t<\/div>\n\t\t<\/div>\n\t\t\t\t\t<\/div>\n\t\t<\/section>\n\t\t\t\t<section class=\"elementor-section elementor-top-section elementor-element elementor-element-5017620 elementor-section-boxed elementor-section-height-default elementor-section-height-default\" data-id=\"5017620\" data-element_type=\"section\" data-e-type=\"section\">\n\t\t\t\t\t\t<div class=\"elementor-container elementor-column-gap-default\">\n\t\t\t\t\t<div class=\"elementor-column elementor-col-100 elementor-top-column elementor-element elementor-element-68df50a\" data-id=\"68df50a\" data-element_type=\"column\" data-e-type=\"column\">\n\t\t\t<div class=\"elementor-widget-wrap elementor-element-populated\">\n\t\t\t\t\t\t<div class=\"elementor-element elementor-element-2f7311a elementor-widget elementor-widget-text-editor\" data-id=\"2f7311a\" data-element_type=\"widget\" data-e-type=\"widget\" data-widget_type=\"text-editor.default\">\n\t\t\t\t<div class=\"elementor-widget-container\">\n\t\t\t\t\t\t\t\t\t<h4 draggable=\"false\" data-pm-slice=\"1 3 []\" data-en-clipboard=\"true\">Diese Kniestr\u00fcmpfe sind ideal f\u00fcr:<\/h4><ul><li draggable=\"false\">Schwere und m\u00fcde Beine<\/li><li draggable=\"false\">Vorbeugung von Krampfadern und Venenleiden<\/li><li draggable=\"false\">Reisen (Flugzeug, Auto, Zug), um Schwellungen zu vermeiden<\/li><li draggable=\"false\">Sitzende T\u00e4tigkeit oder langes Stehen<\/li><li draggable=\"false\">Sport und Erholung, um M\u00fcdigkeit zu begrenzen<\/li><li draggable=\"false\">Fit von einem Spaziergang zur\u00fcckkehren<\/li><li draggable=\"false\">Kellner und Kellnerinnen, Friseure und Friseurinnen, die im Stehen arbeiten, Postboten und Postb\u00e4uerinnen<\/li><\/ul>\t\t\t\t\t\t\t\t<\/div>\n\t\t\t\t<\/div>\n\t\t\t\t\t<\/div>\n\t\t<\/div>\n\t\t\t\t\t<\/div>\n\t\t<\/section>\n\t\t\t\t<section class=\"elementor-section elementor-top-section elementor-element elementor-element-e9e3423 elementor-section-boxed elementor-section-height-default elementor-section-height-default\" data-id=\"e9e3423\" data-element_type=\"section\" data-e-type=\"section\">\n\t\t\t\t\t\t<div class=\"elementor-container elementor-column-gap-default\">\n\t\t\t\t\t<div class=\"elementor-column elementor-col-100 elementor-top-column elementor-element elementor-element-b5b089c\" data-id=\"b5b089c\" data-element_type=\"column\" data-e-type=\"column\">\n\t\t\t<div class=\"elementor-widget-wrap elementor-element-populated\">\n\t\t\t\t\t\t<div class=\"elementor-element elementor-element-49e12cd elementor-widget elementor-widget-video\" data-id=\"49e12cd\" data-element_type=\"widget\" data-e-type=\"widget\" data-settings=\"{&quot;video_type&quot;:&quot;hosted&quot;,&quot;controls&quot;:&quot;yes&quot;}\" data-widget_type=\"video.default\">\n\t\t\t\t<div class=\"elementor-widget-container\">\n\t\t\t\t\t\t\t<div class=\"e-hosted-video elementor-wrapper elementor-open-inline\">\n\t\t\t\t\t<video class=\"elementor-video\" src=\"https:\/\/biogestion.ch\/wp-content\/uploads\/2025\/03\/BG_2025_Bas-de-Compression-DE.mp4\" controls=\"\" preload=\"metadata\" controlsList=\"nodownload\"><\/video>\n\t\t\t\t<\/div>\n\t\t\t\t\t\t<\/div>\n\t\t\t\t<\/div>\n\t\t\t\t\t<\/div>\n\t\t<\/div>\n\t\t\t\t\t<\/div>\n\t\t<\/section>\n\t\t\t\t<section class=\"elementor-section elementor-top-section elementor-element elementor-element-6c5deec elementor-section-boxed elementor-section-height-default elementor-section-height-default\" data-id=\"6c5deec\" data-element_type=\"section\" data-e-type=\"section\">\n\t\t\t\t\t\t<div class=\"elementor-container elementor-column-gap-default\">\n\t\t\t\t\t<div class=\"elementor-column elementor-col-100 elementor-top-column elementor-element elementor-element-2e1c8ff\" data-id=\"2e1c8ff\" data-element_type=\"column\" data-e-type=\"column\">\n\t\t\t<div class=\"elementor-widget-wrap elementor-element-populated\">\n\t\t\t\t\t\t<div class=\"elementor-element elementor-element-020d9f3 elementor-widget elementor-widget-text-editor\" data-id=\"020d9f3\" data-element_type=\"widget\" data-e-type=\"widget\" data-widget_type=\"text-editor.default\">\n\t\t\t\t<div class=\"elementor-widget-container\">\n\t\t\t\t\t\t\t\t\t<h4 draggable=\"false\" data-pm-slice=\"1 3 []\" data-en-clipboard=\"true\">Fragen \/ Antworten<\/h4>\t\t\t\t\t\t\t\t<\/div>\n\t\t\t\t<\/div>\n\t\t\t\t\t<\/div>\n\t\t<\/div>\n\t\t\t\t\t<\/div>\n\t\t<\/section>\n\t\t\t\t<section class=\"elementor-section elementor-top-section elementor-element elementor-element-a12df3e elementor-section-boxed elementor-section-height-default elementor-section-height-default\" data-id=\"a12df3e\" data-element_type=\"section\" data-e-type=\"section\">\n\t\t\t\t\t\t<div class=\"elementor-container elementor-column-gap-default\">\n\t\t\t\t\t<div class=\"elementor-column elementor-col-100 elementor-top-column elementor-element elementor-element-827e691\" data-id=\"827e691\" data-element_type=\"column\" data-e-type=\"column\">\n\t\t\t<div class=\"elementor-widget-wrap elementor-element-populated\">\n\t\t\t\t\t\t<div class=\"elementor-element elementor-element-42e80f3 elementor-widget elementor-widget-wl-faq\" data-id=\"42e80f3\" data-element_type=\"widget\" data-e-type=\"widget\" data-widget_type=\"wl-faq.default\">\n\t\t\t\t<div class=\"elementor-widget-container\">\n\t\t\t\t\t                \n            <div class=\"htwoolentor-faq htmove-icon-pos-after\" id=\"htwoolentor-faq-42e80f3\" data-settings=\"{&quot;showitem&quot;:true}\" >\n                                            <div class=\"htwoolentor-faq-card\">\n                                <div class=\"htwoolentor-faq-head\"><span class=\"htwoolentor-faq-head-text\">Ich habe keine Venenschw\u00e4che, das ist nichts f\u00fcr mich ?<\/span> <span class=\"htwoolentor-faq-head-indicator\"><\/span><\/div>                                <div class=\"htwoolentor-faq-body\">\n                                    <div class=\"htwoolentor-faq-content\">\n                                    <div data-pm-slice=\"1 1 []\" data-en-clipboard=\"true\">Kompressionsstr\u00fcmpfe sind ideal, um m\u00fcde Beine zu vermeiden. Sie geben Ihnen eine unerwartete Energie zur\u00fcck. Vor allem bei langen Spazierg\u00e4ngen oder wenn Sie manchmal auf Reisen sind oder lange sitzen. Es ist besser, etwas zu tun, bevor Sie unter M\u00fcdigkeit leiden.<\/div>                                    <\/div>\n                                <\/div>\n                            <\/div>\n                                                        <div class=\"htwoolentor-faq-card\">\n                                <div class=\"htwoolentor-faq-head\"><span class=\"htwoolentor-faq-head-text\">Ist es kompliziert, sie anzuziehen?<\/span> <span class=\"htwoolentor-faq-head-indicator\"><\/span><\/div>                                <div class=\"htwoolentor-faq-body\">\n                                    <div class=\"htwoolentor-faq-content\">\n                                    <div data-pm-slice=\"1 1 []\" data-en-clipboard=\"true\"><div data-pm-slice=\"1 1 []\" data-en-clipboard=\"true\">Mit der richtigen Technik und diesem aktuellen Modell ist es viel einfacher geworden. Diese Str\u00fcmpfe sind perfekt, um geschwollene Beine zu vermeiden. Dieses Modell beugt Schmerzen und M\u00fcdigkeit vor.<\/div><\/div>                                    <\/div>\n                                <\/div>\n                            <\/div>\n                                        <\/div>\n        \t\t\t\t<\/div>\n\t\t\t\t<\/div>\n\t\t\t\t<div class=\"elementor-element elementor-element-eb921cf elementor-widget elementor-widget-text-editor\" data-id=\"eb921cf\" data-element_type=\"widget\" data-e-type=\"widget\" data-widget_type=\"text-editor.default\">\n\t\t\t\t<div class=\"elementor-widget-container\">\n\t\t\t\t\t\t\t\t\t<h4 draggable=\"false\" data-pm-slice=\"1 1 []\" data-en-clipboard=\"true\">Die Vorteile von Kompressionsstr\u00fcmpfen<\/h4><ul><li draggable=\"false\"><b>Sie verringern das Erm\u00fcdungsgef\u00fchl:<\/b> Vor allem am Ende des Tages oder nach einer Anstrengung. Diese Kniestr\u00fcmpfe verhindern schwere und geschwollene Beine: Sie sind perfekt f\u00fcr anstrengende Tage, langes Stehen oder Sitzen und Reisen.<\/li><li draggable=\"false\"><b>\u201eZweite Haut\u201c-Effekt mit abgestufter Kompression: <\/b>Sie sind den ganzen Tag \u00fcber angenehm zu tragen.<\/li><li draggable=\"false\"><b>Sie verbessern die Durchblutung: <\/b>Sie verhindern die Ansammlung von Blut in den Beinen und beugen Krampfadern und Schmerzen vor. Sie verringern das Risiko von Venenentz\u00fcndungen und Thrombosen. Diese Kniestr\u00fcmpfe bieten Ihnen maximalen Komfort und absolutes Wohlbefinden im Alltag.<\/li><\/ul>\t\t\t\t\t\t\t\t<\/div>\n\t\t\t\t<\/div>\n\t\t\t\t\t<\/div>\n\t\t<\/div>\n\t\t\t\t\t<\/div>\n\t\t<\/section>\n\t\t\t\t<\/div>\n\t\t","protected":false},"excerpt":{"rendered":"<div data-pm-slice=\"1 1 []\" data-en-clipboard=\"true\">\n<div draggable=\"false\" data-pm-slice=\"1 1 []\" data-en-clipboard=\"true\">Entlasten Sie Ihre m\u00fcden Beine und verleihen Sie ihnen neue Vitalit\u00e4t, sei es <b>bei der Arbeit, auf Reisen oder einfach im Alltag<\/b>.<\/div>\n<\/div>\n","protected":false},"featured_media":28369,"comment_status":"open","ping_status":"closed","template":"","meta":[],"product_brand":[],"product_cat":[1599],"product_tag":[],"class_list":{"0":"post-26458","1":"product","2":"type-product","3":"status-publish","4":"has-post-thumbnail","6":"product_cat-zubehoer","8":"first","9":"instock","10":"taxable","11":"shipping-taxable","12":"purchasable","13":"product-type-simple"},"yoast_head":"<!-- This site is optimized with the Yoast SEO Premium plugin v27.3 (Yoast SEO v27.4) - https:\/\/yoast.com\/product\/yoast-seo-premium-wordpress\/ -->\n<title>Kompressionskniestr\u00fcmpfe Klasse 1 (15\u201321 mmHg) | Bio-Gestion<\/title>\n<meta name=\"description\" content=\"Entlasten Sie Ihre m\u00fcden Beine und verleihen Sie ihnen neue Vitalit\u00e4t, sei es bei der Arbeit, auf Reisen oder einfach im Alltag.\" \/>\n<meta name=\"robots\" content=\"index, follow, max-snippet:-1, max-image-preview:large, max-video-preview:-1\" \/>\n<link rel=\"canonical\" href=\"https:\/\/biogestion.ch\/shop\/accessoires\/mi-bas-de-compression-classe-1\/\" \/>\n<meta name=\"twitter:label1\" content=\"Preis\" \/>\n\t<meta name=\"twitter:data1\" content=\"32.50&nbsp;&#067;&#072;&#070;\" \/>\n\t<meta name=\"twitter:label2\" content=\"Verf\u00fcgbarkeit\" \/>\n\t<meta name=\"twitter:data2\" content=\"Auf Lager\" \/>\n<script type=\"application\/ld+json\" class=\"yoast-schema-graph\">{\"@context\":\"https:\\\/\\\/schema.org\",\"@graph\":[{\"@type\":\"WebPage\",\"@id\":\"https:\\\/\\\/biogestion.ch\\\/shop\\\/accessoires\\\/mi-bas-de-compression-classe-1\\\/\",\"url\":\"https:\\\/\\\/biogestion.ch\\\/shop\\\/accessoires\\\/mi-bas-de-compression-classe-1\\\/\",\"name\":\"Kompressionskniestr\u00fcmpfe Klasse 1 (15\u201321 mmHg) | Bio-Gestion\",\"isPartOf\":{\"@id\":\"https:\\\/\\\/biogestion.ch\\\/de\\\/#website\"},\"primaryImageOfPage\":{\"@id\":\"https:\\\/\\\/biogestion.ch\\\/shop\\\/accessoires\\\/mi-bas-de-compression-classe-1\\\/#primaryimage\"},\"image\":{\"@id\":\"https:\\\/\\\/biogestion.ch\\\/shop\\\/accessoires\\\/mi-bas-de-compression-classe-1\\\/#primaryimage\"},\"thumbnailUrl\":\"https:\\\/\\\/biogestion.ch\\\/wp-content\\\/uploads\\\/2025\\\/10\\\/BG_2025_Mi-Bas-de-Compression.png\",\"datePublished\":\"2025-03-27T09:55:49+00:00\",\"dateModified\":\"2026-02-25T05:25:54+00:00\",\"description\":\"Entlasten Sie Ihre m\u00fcden Beine und verleihen Sie ihnen neue Vitalit\u00e4t, sei es bei der Arbeit, auf Reisen oder einfach im Alltag.\",\"breadcrumb\":{\"@id\":\"https:\\\/\\\/biogestion.ch\\\/shop\\\/accessoires\\\/mi-bas-de-compression-classe-1\\\/#breadcrumb\"},\"inLanguage\":\"de\",\"potentialAction\":[{\"@type\":\"ReadAction\",\"target\":[\"https:\\\/\\\/biogestion.ch\\\/shop\\\/accessoires\\\/mi-bas-de-compression-classe-1\\\/\"]}]},{\"@type\":\"ImageObject\",\"inLanguage\":\"de\",\"@id\":\"https:\\\/\\\/biogestion.ch\\\/shop\\\/accessoires\\\/mi-bas-de-compression-classe-1\\\/#primaryimage\",\"url\":\"https:\\\/\\\/biogestion.ch\\\/wp-content\\\/uploads\\\/2025\\\/10\\\/BG_2025_Mi-Bas-de-Compression.png\",\"contentUrl\":\"https:\\\/\\\/biogestion.ch\\\/wp-content\\\/uploads\\\/2025\\\/10\\\/BG_2025_Mi-Bas-de-Compression.png\",\"width\":1024,\"height\":1024},{\"@type\":\"BreadcrumbList\",\"@id\":\"https:\\\/\\\/biogestion.ch\\\/shop\\\/accessoires\\\/mi-bas-de-compression-classe-1\\\/#breadcrumb\",\"itemListElement\":[{\"@type\":\"ListItem\",\"position\":1,\"name\":\"Bio-Gestion\",\"item\":\"https:\\\/\\\/biogestion.ch\\\/\"},{\"@type\":\"ListItem\",\"position\":2,\"name\":\"Shop\",\"item\":\"https:\\\/\\\/biogestion.ch\\\/de\\\/shop\\\/\"},{\"@type\":\"ListItem\",\"position\":3,\"name\":\"Kompressionskniestr\u00fcmpfe Klasse 1 (15\u201321 mmHg)\"}]},{\"@type\":\"WebSite\",\"@id\":\"https:\\\/\\\/biogestion.ch\\\/de\\\/#website\",\"url\":\"https:\\\/\\\/biogestion.ch\\\/de\\\/\",\"name\":\"Bio-Gestion\",\"description\":\"Les compl\u00e9ments alimentaires suisses\",\"publisher\":{\"@id\":\"https:\\\/\\\/biogestion.ch\\\/de\\\/#organization\"},\"potentialAction\":[{\"@type\":\"SearchAction\",\"target\":{\"@type\":\"EntryPoint\",\"urlTemplate\":\"https:\\\/\\\/biogestion.ch\\\/de\\\/?s={search_term_string}\"},\"query-input\":{\"@type\":\"PropertyValueSpecification\",\"valueRequired\":true,\"valueName\":\"search_term_string\"}}],\"inLanguage\":\"de\"},{\"@type\":\"Organization\",\"@id\":\"https:\\\/\\\/biogestion.ch\\\/de\\\/#organization\",\"name\":\"Bio-Gestion SA\",\"url\":\"https:\\\/\\\/biogestion.ch\\\/de\\\/\",\"logo\":{\"@type\":\"ImageObject\",\"inLanguage\":\"de\",\"@id\":\"https:\\\/\\\/biogestion.ch\\\/de\\\/#\\\/schema\\\/logo\\\/image\\\/\",\"url\":\"https:\\\/\\\/biogestion.ch\\\/wp-content\\\/uploads\\\/2016\\\/05\\\/logo.png\",\"contentUrl\":\"https:\\\/\\\/biogestion.ch\\\/wp-content\\\/uploads\\\/2016\\\/05\\\/logo.png\",\"width\":200,\"height\":38,\"caption\":\"Bio-Gestion SA\"},\"image\":{\"@id\":\"https:\\\/\\\/biogestion.ch\\\/de\\\/#\\\/schema\\\/logo\\\/image\\\/\"}}]}<\/script>\n<meta property=\"product:price:amount\" content=\"32.50\" \/>\n<meta property=\"product:price:currency\" content=\"CHF\" \/>\n<meta property=\"og:availability\" content=\"instock\" \/>\n<meta property=\"product:availability\" content=\"instock\" \/>\n<meta property=\"product:condition\" content=\"new\" \/>\n<!-- \/ Yoast SEO Premium plugin. -->","yoast_head_json":{"title":"Kompressionskniestr\u00fcmpfe Klasse 1 (15\u201321 mmHg) | Bio-Gestion","description":"Entlasten Sie Ihre m\u00fcden Beine und verleihen Sie ihnen neue Vitalit\u00e4t, sei es bei der Arbeit, auf Reisen oder einfach im Alltag.","robots":{"index":"index","follow":"follow","max-snippet":"max-snippet:-1","max-image-preview":"max-image-preview:large","max-video-preview":"max-video-preview:-1"},"canonical":"https:\/\/biogestion.ch\/shop\/accessoires\/mi-bas-de-compression-classe-1\/","twitter_misc":{"Preis":"32.50&nbsp;&#67;&#72;&#70;","Verf\u00fcgbarkeit":"Auf Lager"},"schema":{"@context":"https:\/\/schema.org","@graph":[{"@type":"WebPage","@id":"https:\/\/biogestion.ch\/shop\/accessoires\/mi-bas-de-compression-classe-1\/","url":"https:\/\/biogestion.ch\/shop\/accessoires\/mi-bas-de-compression-classe-1\/","name":"Kompressionskniestr\u00fcmpfe Klasse 1 (15\u201321 mmHg) | Bio-Gestion","isPartOf":{"@id":"https:\/\/biogestion.ch\/de\/#website"},"primaryImageOfPage":{"@id":"https:\/\/biogestion.ch\/shop\/accessoires\/mi-bas-de-compression-classe-1\/#primaryimage"},"image":{"@id":"https:\/\/biogestion.ch\/shop\/accessoires\/mi-bas-de-compression-classe-1\/#primaryimage"},"thumbnailUrl":"https:\/\/biogestion.ch\/wp-content\/uploads\/2025\/10\/BG_2025_Mi-Bas-de-Compression.png","datePublished":"2025-03-27T09:55:49+00:00","dateModified":"2026-02-25T05:25:54+00:00","description":"Entlasten Sie Ihre m\u00fcden Beine und verleihen Sie ihnen neue Vitalit\u00e4t, sei es bei der Arbeit, auf Reisen oder einfach im Alltag.","breadcrumb":{"@id":"https:\/\/biogestion.ch\/shop\/accessoires\/mi-bas-de-compression-classe-1\/#breadcrumb"},"inLanguage":"de","potentialAction":[{"@type":"ReadAction","target":["https:\/\/biogestion.ch\/shop\/accessoires\/mi-bas-de-compression-classe-1\/"]}]},{"@type":"ImageObject","inLanguage":"de","@id":"https:\/\/biogestion.ch\/shop\/accessoires\/mi-bas-de-compression-classe-1\/#primaryimage","url":"https:\/\/biogestion.ch\/wp-content\/uploads\/2025\/10\/BG_2025_Mi-Bas-de-Compression.png","contentUrl":"https:\/\/biogestion.ch\/wp-content\/uploads\/2025\/10\/BG_2025_Mi-Bas-de-Compression.png","width":1024,"height":1024},{"@type":"BreadcrumbList","@id":"https:\/\/biogestion.ch\/shop\/accessoires\/mi-bas-de-compression-classe-1\/#breadcrumb","itemListElement":[{"@type":"ListItem","position":1,"name":"Bio-Gestion","item":"https:\/\/biogestion.ch\/"},{"@type":"ListItem","position":2,"name":"Shop","item":"https:\/\/biogestion.ch\/de\/shop\/"},{"@type":"ListItem","position":3,"name":"Kompressionskniestr\u00fcmpfe Klasse 1 (15\u201321 mmHg)"}]},{"@type":"WebSite","@id":"https:\/\/biogestion.ch\/de\/#website","url":"https:\/\/biogestion.ch\/de\/","name":"Bio-Gestion","description":"Les compl\u00e9ments alimentaires suisses","publisher":{"@id":"https:\/\/biogestion.ch\/de\/#organization"},"potentialAction":[{"@type":"SearchAction","target":{"@type":"EntryPoint","urlTemplate":"https:\/\/biogestion.ch\/de\/?s={search_term_string}"},"query-input":{"@type":"PropertyValueSpecification","valueRequired":true,"valueName":"search_term_string"}}],"inLanguage":"de"},{"@type":"Organization","@id":"https:\/\/biogestion.ch\/de\/#organization","name":"Bio-Gestion SA","url":"https:\/\/biogestion.ch\/de\/","logo":{"@type":"ImageObject","inLanguage":"de","@id":"https:\/\/biogestion.ch\/de\/#\/schema\/logo\/image\/","url":"https:\/\/biogestion.ch\/wp-content\/uploads\/2016\/05\/logo.png","contentUrl":"https:\/\/biogestion.ch\/wp-content\/uploads\/2016\/05\/logo.png","width":200,"height":38,"caption":"Bio-Gestion SA"},"image":{"@id":"https:\/\/biogestion.ch\/de\/#\/schema\/logo\/image\/"}}]},"product_price_amount":"32.50","product_price_currency":"CHF","og_availability":"instock","product_availability":"instock","product_condition":"new"},"_links":{"self":[{"href":"https:\/\/biogestion.ch\/de\/wp-json\/wp\/v2\/product\/26458","targetHints":{"allow":["GET"]}}],"collection":[{"href":"https:\/\/biogestion.ch\/de\/wp-json\/wp\/v2\/product"}],"about":[{"href":"https:\/\/biogestion.ch\/de\/wp-json\/wp\/v2\/types\/product"}],"replies":[{"embeddable":true,"href":"https:\/\/biogestion.ch\/de\/wp-json\/wp\/v2\/comments?post=26458"}],"version-history":[{"count":0,"href":"https:\/\/biogestion.ch\/de\/wp-json\/wp\/v2\/product\/26458\/revisions"}],"wp:featuredmedia":[{"embeddable":true,"href":"https:\/\/biogestion.ch\/de\/wp-json\/wp\/v2\/media\/28369"}],"wp:attachment":[{"href":"https:\/\/biogestion.ch\/de\/wp-json\/wp\/v2\/media?parent=26458"}],"wp:term":[{"taxonomy":"product_brand","embeddable":true,"href":"https:\/\/biogestion.ch\/de\/wp-json\/wp\/v2\/product_brand?post=26458"},{"taxonomy":"product_cat","embeddable":true,"href":"https:\/\/biogestion.ch\/de\/wp-json\/wp\/v2\/product_cat?post=26458"},{"taxonomy":"product_tag","embeddable":true,"href":"https:\/\/biogestion.ch\/de\/wp-json\/wp\/v2\/product_tag?post=26458"}],"curies":[{"name":"wp","href":"https:\/\/api.w.org\/{rel}","templated":true}]}}