{"id":23727,"date":"2024-06-24T19:30:58","date_gmt":"2024-06-24T17:30:58","guid":{"rendered":"https:\/\/biogestion.ch\/?post_type=product&#038;p=23727"},"modified":"2026-04-28T16:57:31","modified_gmt":"2026-04-28T14:57:31","slug":"kuerbiskernoel","status":"publish","type":"product","link":"https:\/\/biogestion.ch\/de\/shop\/gesundheit-immunsystem\/kuerbiskernoel\/","title":{"rendered":"K\u00fcrbiskern\u00f6l"},"content":{"rendered":"<h2 draggable=\"false\" data-pm-slice=\"1 1 []\" data-en-clipboard=\"true\">K\u00fcrbiskern\u00f6l, die nat\u00fcrliche N\u00e4hrstoffpflege f\u00fcr den aktiven Mann.<\/h2>\n<p draggable=\"false\">K\u00fcrbiskern\u00f6l ist eine nat\u00fcrliche Quelle wichtiger N\u00e4hrstoffe, die besonders bei aktiven M\u00e4nnern ab 50 Jahren gesch\u00e4tzt wird. Sein Gehalt an <b>essenziellen Fetts\u00e4uren<\/b>, <b>Phytosterinen<\/b>, <b>Vitamin E<\/b> und <b>Zink<\/b> macht es zu einem vollwertigen Nahrungserg\u00e4nzungsmittel, das sich leicht in eine ausgewogene Ern\u00e4hrung integrieren l\u00e4sst.<\/p>\n<h4 draggable=\"false\">Hochwertige Qualit\u00e4t, kaltgepresst<\/h4>\n<p draggable=\"false\">Um alle N\u00e4hrstoffqualit\u00e4ten zu erhalten, wird unser K\u00fcrbiskern\u00f6l durch <b>mechanische Kaltpressung<\/b> gewonnen. Dieses Verfahren sichert die Erhaltung der essenziellen Fetts\u00e4uren (<b>Omega-3 und Omega-6<\/b>), der <b>Phytosterine<\/b>, der <b>Antioxidantien<\/b> und des nat\u00fcrlichen <b>Vitamin E<\/b>.<\/p>\n<h4 draggable=\"false\">N\u00e4hrstoffe mit anerkannten Funktionen<\/h4>\n<p draggable=\"false\">Jede Kapsel liefert eine ausgewogene Kombination von N\u00e4hrstoffen, deren Beitr\u00e4ge von der EFSA best\u00e4tigt wurden :<\/p>\n<ul>\n<li draggable=\"false\"><b>Vitamin E<\/b> tr\u00e4gt dazu bei, die Zellen vor <b>oxidativem Stress<\/b> zu sch\u00fctzen.*<\/li>\n<li draggable=\"false\"><b>Zink<\/b> tr\u00e4gt zur Aufrechterhaltung eines <b>normalen Testosteronspiegels<\/b> im Blut bei.**<\/li>\n<li draggable=\"false\"><b>Zink<\/b> tr\u00e4gt zur normalen Funktion des <b>Immunsystems<\/b> bei.***<\/li>\n<p>\n<\/ul>\n<h4 draggable=\"false\">F\u00fcr wen?<\/h4>\n<ul>\n<li draggable=\"false\">F\u00fcr M\u00e4nner, die ihr <b>N\u00e4hrstoffgleichgewicht<\/b> im Alltag unterst\u00fctzen m\u00f6chten<\/li>\n<li draggable=\"false\">F\u00fcr Personen, die ihre Zufuhr an <b>essenziellen Fetts\u00e4uren<\/b> und <b>Antioxidantien<\/b> erh\u00f6hen m\u00f6chten<\/li>\n<p>\n<\/ul>\n<h6 draggable=\"false\">Wissenschaftliche und regulatorische Grundlagen<\/h6>\n<p draggable=\"false\">* Vitamin E tr\u00e4gt dazu bei, die Zellen vor oxidativem Stress zu sch\u00fctzen.<\/p>\n<p draggable=\"false\">** Zink tr\u00e4gt zur Aufrechterhaltung eines normalen Testosteronspiegels im Blut bei.<\/p>\n<p draggable=\"false\">*** Zink tr\u00e4gt zur normalen Funktion des Immunsystems bei.<\/p>\n<p draggable=\"false\"><em>Aussagen best\u00e4tigt durch die LGV sowie durch die Europ\u00e4ische Beh\u00f6rde f\u00fcr Lebensmittelsicherheit (EFSA).<\/em><\/p>\n<p><em>In Frankreich hergestellt.<\/em><\/p>\n<p><em>Einheitspreis: 22.90 CHF\/St\u00fcck<\/em><br \/>\n<em>Ab 3 St\u00fcck: 21.- CHF\/St\u00fcck<\/em><\/p>\n","protected":false},"excerpt":{"rendered":"<p>Kaltgepresstes K\u00fcrbiskern\u00f6l, reich an Vitamin E, Phytosterinen und Zink. Eine nat\u00fcrliche N\u00e4hrstoffpflege f\u00fcr das Wohlbefinden des aktiven Mannes.<\/p>\n","protected":false},"featured_media":28247,"comment_status":"open","ping_status":"closed","template":"","meta":[],"product_brand":[],"product_cat":[1512],"product_tag":[],"class_list":{"0":"post-23727","1":"product","2":"type-product","3":"status-publish","4":"has-post-thumbnail","6":"product_cat-gesundheit-immunsystem","8":"first","9":"instock","10":"featured","11":"taxable","12":"shipping-taxable","13":"purchasable","14":"product-type-simple"},"yoast_head":"<!-- This site is optimized with the Yoast SEO Premium plugin v27.5 (Yoast SEO v27.6) - https:\/\/yoast.com\/product\/yoast-seo-premium-wordpress\/ -->\n<title>K\u00fcrbiskern\u00f6l | Vitamin E, Phytosterole und Zink | Bio-Gestion<\/title>\n<meta name=\"description\" content=\"Kaltgepresstes K\u00fcrbiskern\u00f6l, reich an Vitamin E, Phytosterinen und Zink. Eine nat\u00fcrliche N\u00e4hrstoffpflege f\u00fcr das Wohlbefinden des aktiven Mannes.\" \/>\n<meta name=\"robots\" content=\"index, follow, max-snippet:-1, max-image-preview:large, max-video-preview:-1\" \/>\n<link rel=\"canonical\" href=\"https:\/\/biogestion.ch\/boutique\/sante-immunitaire\/huile-de-pepins-de-courge\/\" \/>\n<meta name=\"twitter:label1\" content=\"Preis\" \/>\n\t<meta name=\"twitter:data1\" content=\"22.90&nbsp;&#067;&#072;&#070;\" \/>\n\t<meta name=\"twitter:label2\" content=\"Verf\u00fcgbarkeit\" \/>\n\t<meta name=\"twitter:data2\" content=\"Auf Lager\" \/>\n<script type=\"application\/ld+json\" class=\"yoast-schema-graph\">{\"@context\":\"https:\\\/\\\/schema.org\",\"@graph\":[{\"@type\":\"WebPage\",\"@id\":\"https:\\\/\\\/biogestion.ch\\\/boutique\\\/sante-immunitaire\\\/huile-de-pepins-de-courge\\\/\",\"url\":\"https:\\\/\\\/biogestion.ch\\\/boutique\\\/sante-immunitaire\\\/huile-de-pepins-de-courge\\\/\",\"name\":\"K\u00fcrbiskern\u00f6l | Vitamin E, Phytosterole und Zink | Bio-Gestion\",\"isPartOf\":{\"@id\":\"https:\\\/\\\/biogestion.ch\\\/de\\\/#website\"},\"primaryImageOfPage\":{\"@id\":\"https:\\\/\\\/biogestion.ch\\\/boutique\\\/sante-immunitaire\\\/huile-de-pepins-de-courge\\\/#primaryimage\"},\"image\":{\"@id\":\"https:\\\/\\\/biogestion.ch\\\/boutique\\\/sante-immunitaire\\\/huile-de-pepins-de-courge\\\/#primaryimage\"},\"thumbnailUrl\":\"https:\\\/\\\/biogestion.ch\\\/wp-content\\\/uploads\\\/2025\\\/10\\\/BG_2024_Web_Pepins-de-Courge.jpeg\",\"datePublished\":\"2024-06-24T17:30:58+00:00\",\"dateModified\":\"2026-04-28T14:57:31+00:00\",\"description\":\"Kaltgepresstes K\u00fcrbiskern\u00f6l, reich an Vitamin E, Phytosterinen und Zink. Eine nat\u00fcrliche N\u00e4hrstoffpflege f\u00fcr das Wohlbefinden des aktiven Mannes.\",\"breadcrumb\":{\"@id\":\"https:\\\/\\\/biogestion.ch\\\/boutique\\\/sante-immunitaire\\\/huile-de-pepins-de-courge\\\/#breadcrumb\"},\"inLanguage\":\"de\",\"potentialAction\":[{\"@type\":\"ReadAction\",\"target\":[\"https:\\\/\\\/biogestion.ch\\\/boutique\\\/sante-immunitaire\\\/huile-de-pepins-de-courge\\\/\"]}]},{\"@type\":\"ImageObject\",\"inLanguage\":\"de\",\"@id\":\"https:\\\/\\\/biogestion.ch\\\/boutique\\\/sante-immunitaire\\\/huile-de-pepins-de-courge\\\/#primaryimage\",\"url\":\"https:\\\/\\\/biogestion.ch\\\/wp-content\\\/uploads\\\/2025\\\/10\\\/BG_2024_Web_Pepins-de-Courge.jpeg\",\"contentUrl\":\"https:\\\/\\\/biogestion.ch\\\/wp-content\\\/uploads\\\/2025\\\/10\\\/BG_2024_Web_Pepins-de-Courge.jpeg\",\"width\":1024,\"height\":1024,\"caption\":\"L'Huile de p\u00e9pins de courge offre un m\u00e9lange d'om\u00e9ga-3 et om\u00e9ga-6, phytost\u00e9rols, vitamine E, des min\u00e9raux (comme le zinc) et des antioxydants.\"},{\"@type\":\"BreadcrumbList\",\"@id\":\"https:\\\/\\\/biogestion.ch\\\/boutique\\\/sante-immunitaire\\\/huile-de-pepins-de-courge\\\/#breadcrumb\",\"itemListElement\":[{\"@type\":\"ListItem\",\"position\":1,\"name\":\"Bio-Gestion\",\"item\":\"https:\\\/\\\/biogestion.ch\\\/\"},{\"@type\":\"ListItem\",\"position\":2,\"name\":\"Shop\",\"item\":\"https:\\\/\\\/biogestion.ch\\\/de\\\/shop\\\/\"},{\"@type\":\"ListItem\",\"position\":3,\"name\":\"K\u00fcrbiskern\u00f6l\"}]},{\"@type\":\"WebSite\",\"@id\":\"https:\\\/\\\/biogestion.ch\\\/de\\\/#website\",\"url\":\"https:\\\/\\\/biogestion.ch\\\/de\\\/\",\"name\":\"Bio-Gestion\",\"description\":\"Les compl\u00e9ments alimentaires suisses\",\"publisher\":{\"@id\":\"https:\\\/\\\/biogestion.ch\\\/de\\\/#organization\"},\"potentialAction\":[{\"@type\":\"SearchAction\",\"target\":{\"@type\":\"EntryPoint\",\"urlTemplate\":\"https:\\\/\\\/biogestion.ch\\\/de\\\/?s={search_term_string}\"},\"query-input\":{\"@type\":\"PropertyValueSpecification\",\"valueRequired\":true,\"valueName\":\"search_term_string\"}}],\"inLanguage\":\"de\"},{\"@type\":\"Organization\",\"@id\":\"https:\\\/\\\/biogestion.ch\\\/de\\\/#organization\",\"name\":\"Bio-Gestion SA\",\"url\":\"https:\\\/\\\/biogestion.ch\\\/de\\\/\",\"logo\":{\"@type\":\"ImageObject\",\"inLanguage\":\"de\",\"@id\":\"https:\\\/\\\/biogestion.ch\\\/de\\\/#\\\/schema\\\/logo\\\/image\\\/\",\"url\":\"https:\\\/\\\/biogestion.ch\\\/wp-content\\\/uploads\\\/2016\\\/05\\\/logo.png\",\"contentUrl\":\"https:\\\/\\\/biogestion.ch\\\/wp-content\\\/uploads\\\/2016\\\/05\\\/logo.png\",\"width\":200,\"height\":38,\"caption\":\"Bio-Gestion SA\"},\"image\":{\"@id\":\"https:\\\/\\\/biogestion.ch\\\/de\\\/#\\\/schema\\\/logo\\\/image\\\/\"}}]}<\/script>\n<meta property=\"product:price:amount\" content=\"22.90\" \/>\n<meta property=\"product:price:currency\" content=\"CHF\" \/>\n<meta property=\"og:availability\" content=\"instock\" \/>\n<meta property=\"product:availability\" content=\"instock\" \/>\n<meta property=\"product:condition\" content=\"new\" \/>\n<!-- \/ Yoast SEO Premium plugin. -->","yoast_head_json":{"title":"K\u00fcrbiskern\u00f6l | Vitamin E, Phytosterole und Zink | Bio-Gestion","description":"Kaltgepresstes K\u00fcrbiskern\u00f6l, reich an Vitamin E, Phytosterinen und Zink. Eine nat\u00fcrliche N\u00e4hrstoffpflege f\u00fcr das Wohlbefinden des aktiven Mannes.","robots":{"index":"index","follow":"follow","max-snippet":"max-snippet:-1","max-image-preview":"max-image-preview:large","max-video-preview":"max-video-preview:-1"},"canonical":"https:\/\/biogestion.ch\/boutique\/sante-immunitaire\/huile-de-pepins-de-courge\/","twitter_misc":{"Preis":"22.90&nbsp;&#67;&#72;&#70;","Verf\u00fcgbarkeit":"Auf Lager"},"schema":{"@context":"https:\/\/schema.org","@graph":[{"@type":"WebPage","@id":"https:\/\/biogestion.ch\/boutique\/sante-immunitaire\/huile-de-pepins-de-courge\/","url":"https:\/\/biogestion.ch\/boutique\/sante-immunitaire\/huile-de-pepins-de-courge\/","name":"K\u00fcrbiskern\u00f6l | Vitamin E, Phytosterole und Zink | Bio-Gestion","isPartOf":{"@id":"https:\/\/biogestion.ch\/de\/#website"},"primaryImageOfPage":{"@id":"https:\/\/biogestion.ch\/boutique\/sante-immunitaire\/huile-de-pepins-de-courge\/#primaryimage"},"image":{"@id":"https:\/\/biogestion.ch\/boutique\/sante-immunitaire\/huile-de-pepins-de-courge\/#primaryimage"},"thumbnailUrl":"https:\/\/biogestion.ch\/wp-content\/uploads\/2025\/10\/BG_2024_Web_Pepins-de-Courge.jpeg","datePublished":"2024-06-24T17:30:58+00:00","dateModified":"2026-04-28T14:57:31+00:00","description":"Kaltgepresstes K\u00fcrbiskern\u00f6l, reich an Vitamin E, Phytosterinen und Zink. Eine nat\u00fcrliche N\u00e4hrstoffpflege f\u00fcr das Wohlbefinden des aktiven Mannes.","breadcrumb":{"@id":"https:\/\/biogestion.ch\/boutique\/sante-immunitaire\/huile-de-pepins-de-courge\/#breadcrumb"},"inLanguage":"de","potentialAction":[{"@type":"ReadAction","target":["https:\/\/biogestion.ch\/boutique\/sante-immunitaire\/huile-de-pepins-de-courge\/"]}]},{"@type":"ImageObject","inLanguage":"de","@id":"https:\/\/biogestion.ch\/boutique\/sante-immunitaire\/huile-de-pepins-de-courge\/#primaryimage","url":"https:\/\/biogestion.ch\/wp-content\/uploads\/2025\/10\/BG_2024_Web_Pepins-de-Courge.jpeg","contentUrl":"https:\/\/biogestion.ch\/wp-content\/uploads\/2025\/10\/BG_2024_Web_Pepins-de-Courge.jpeg","width":1024,"height":1024,"caption":"L'Huile de p\u00e9pins de courge offre un m\u00e9lange d'om\u00e9ga-3 et om\u00e9ga-6, phytost\u00e9rols, vitamine E, des min\u00e9raux (comme le zinc) et des antioxydants."},{"@type":"BreadcrumbList","@id":"https:\/\/biogestion.ch\/boutique\/sante-immunitaire\/huile-de-pepins-de-courge\/#breadcrumb","itemListElement":[{"@type":"ListItem","position":1,"name":"Bio-Gestion","item":"https:\/\/biogestion.ch\/"},{"@type":"ListItem","position":2,"name":"Shop","item":"https:\/\/biogestion.ch\/de\/shop\/"},{"@type":"ListItem","position":3,"name":"K\u00fcrbiskern\u00f6l"}]},{"@type":"WebSite","@id":"https:\/\/biogestion.ch\/de\/#website","url":"https:\/\/biogestion.ch\/de\/","name":"Bio-Gestion","description":"Les compl\u00e9ments alimentaires suisses","publisher":{"@id":"https:\/\/biogestion.ch\/de\/#organization"},"potentialAction":[{"@type":"SearchAction","target":{"@type":"EntryPoint","urlTemplate":"https:\/\/biogestion.ch\/de\/?s={search_term_string}"},"query-input":{"@type":"PropertyValueSpecification","valueRequired":true,"valueName":"search_term_string"}}],"inLanguage":"de"},{"@type":"Organization","@id":"https:\/\/biogestion.ch\/de\/#organization","name":"Bio-Gestion SA","url":"https:\/\/biogestion.ch\/de\/","logo":{"@type":"ImageObject","inLanguage":"de","@id":"https:\/\/biogestion.ch\/de\/#\/schema\/logo\/image\/","url":"https:\/\/biogestion.ch\/wp-content\/uploads\/2016\/05\/logo.png","contentUrl":"https:\/\/biogestion.ch\/wp-content\/uploads\/2016\/05\/logo.png","width":200,"height":38,"caption":"Bio-Gestion SA"},"image":{"@id":"https:\/\/biogestion.ch\/de\/#\/schema\/logo\/image\/"}}]},"product_price_amount":"22.90","product_price_currency":"CHF","og_availability":"instock","product_availability":"instock","product_condition":"new"},"_links":{"self":[{"href":"https:\/\/biogestion.ch\/de\/wp-json\/wp\/v2\/product\/23727","targetHints":{"allow":["GET"]}}],"collection":[{"href":"https:\/\/biogestion.ch\/de\/wp-json\/wp\/v2\/product"}],"about":[{"href":"https:\/\/biogestion.ch\/de\/wp-json\/wp\/v2\/types\/product"}],"replies":[{"embeddable":true,"href":"https:\/\/biogestion.ch\/de\/wp-json\/wp\/v2\/comments?post=23727"}],"version-history":[{"count":0,"href":"https:\/\/biogestion.ch\/de\/wp-json\/wp\/v2\/product\/23727\/revisions"}],"wp:featuredmedia":[{"embeddable":true,"href":"https:\/\/biogestion.ch\/de\/wp-json\/wp\/v2\/media\/28247"}],"wp:attachment":[{"href":"https:\/\/biogestion.ch\/de\/wp-json\/wp\/v2\/media?parent=23727"}],"wp:term":[{"taxonomy":"product_brand","embeddable":true,"href":"https:\/\/biogestion.ch\/de\/wp-json\/wp\/v2\/product_brand?post=23727"},{"taxonomy":"product_cat","embeddable":true,"href":"https:\/\/biogestion.ch\/de\/wp-json\/wp\/v2\/product_cat?post=23727"},{"taxonomy":"product_tag","embeddable":true,"href":"https:\/\/biogestion.ch\/de\/wp-json\/wp\/v2\/product_tag?post=23727"}],"curies":[{"name":"wp","href":"https:\/\/api.w.org\/{rel}","templated":true}]}}