{"id":16292,"date":"2022-08-26T10:01:46","date_gmt":"2022-08-26T08:01:46","guid":{"rendered":"https:\/\/biogestion.ch\/?post_type=product&#038;p=16292"},"modified":"2025-02-12T16:40:34","modified_gmt":"2025-02-12T15:40:34","slug":"premium-omega-3-sport-performance","status":"publish","type":"product","link":"https:\/\/biogestion.ch\/de\/shop\/sport\/premium-omega-3-sport-performance\/","title":{"rendered":"Premium Omega-3 SPORT PERFORMANCE"},"content":{"rendered":"\t\t<div data-elementor-type=\"product-post\" data-elementor-id=\"16292\" class=\"elementor elementor-16292 elementor-16291\" data-elementor-post-type=\"product\">\n\t\t\t\t\t\t<section class=\"elementor-section elementor-top-section elementor-element elementor-element-237122d elementor-section-boxed elementor-section-height-default elementor-section-height-default\" data-id=\"237122d\" data-element_type=\"section\" data-e-type=\"section\">\n\t\t\t\t\t\t<div class=\"elementor-container elementor-column-gap-default\">\n\t\t\t\t\t<div class=\"elementor-column elementor-col-100 elementor-top-column elementor-element elementor-element-82301aa\" data-id=\"82301aa\" data-element_type=\"column\" data-e-type=\"column\">\n\t\t\t<div class=\"elementor-widget-wrap elementor-element-populated\">\n\t\t\t\t\t\t<div class=\"elementor-element elementor-element-307c312 elementor-widget elementor-widget-text-editor\" data-id=\"307c312\" data-element_type=\"widget\" data-e-type=\"widget\" data-widget_type=\"text-editor.default\">\n\t\t\t\t<div class=\"elementor-widget-container\">\n\t\t\t\t\t\t\t\t\t<h2>Gute sportliche Leistungen mit Premium Omega-3 SPORT PERFORMANCE, reich an essenziellen N\u00e4hrstoffen f\u00fcr Sportler.<\/h2><p>Premium Omega-3 SPORT PERFORMANCE bietet alle Vorteile von Krill\u00f6l, einer nat\u00fcrlichen Quelle der Omega-3-Fetts\u00e4uren EPA und DHA. Dieses Nahrungserg\u00e4nzungsmittel ist ideal auf die Bed\u00fcrfnisse von Sportlern abgestimmt und unterst\u00fctzt die Leistungsf\u00e4higkeit und Regeneration der Muskeln.<\/p><p>Das sagen Fitnesstrainer und Ern\u00e4hrungsexperten: Krill\u00f6l ist ein bemerkenswerter Verb\u00fcndeter, der mit fortschreitendem Alter umso wertvoller wird!<\/p><ul><li>Reiches Konzentrat an essenziellen Omega-3-Fetts\u00e4uren, EPA und DHA, die vom Organismus leicht assimiliert werden. In Verbindung mit der Schutzkraft von Astaxanthin und Cholin wirkt dieses hervorragende <strong>Krill\u00f6l<\/strong> tiefgehend f\u00fcr das Wohlbefinden Ihres <strong>Herzens*, Ihrer Gehirnfunktionen** und <u>Ihrer Sehkraft<\/u>****<\/strong>.<\/li><\/ul>\t\t\t\t\t\t\t\t<\/div>\n\t\t\t\t<\/div>\n\t\t\t\t<div class=\"elementor-element elementor-element-472c27e elementor-widget elementor-widget-text-editor\" data-id=\"472c27e\" data-element_type=\"widget\" data-e-type=\"widget\" data-widget_type=\"text-editor.default\">\n\t\t\t\t<div class=\"elementor-widget-container\">\n\t\t\t\t\t\t\t\t\t<p>Hier erfahren Sie, warum es anderen Omega-3-Quellen so \u00fcberlegen ist :<\/p><ol><li><strong> Hervorragende Verdaulichkeit\u00a0: <\/strong>Die Omega-3-Fetts\u00e4uren im Krill\u00f6l sind an Phospholipide gebunden (statt an Triglyceride, wie in Fisch\u00f6len). Diese Struktur macht eine wesentlich effizientere Aufnahme durch den K\u00f6rper m\u00f6glich, was einen maximalen Nutzen mit geringeren Dosierungen gew\u00e4hrleistet.<\/li><li><strong> Nat\u00fcrliches Vorhandensein von Astaxanthin\u00a0: <\/strong>Krill\u00f6l enth\u00e4lt Astaxanthin, das die Omega-3-Fetts\u00e4uren vor Oxidation sch\u00fctzt. Dies verbessert ihre Stabilit\u00e4t und Wirksamkeit.<\/li><li><strong> Kein Nachgeschmack : <\/strong>Im Gegensatz zu Fisch\u00f6l verursacht Krill\u00f6l keinen unangenehmen Nachgeschmack oder ein Aufstossen, was es viel angenehmer zum Verzehr macht.<\/li><li><strong> Erh\u00f6hte Reinheit\u00a0: <\/strong>Krill stammt aus den kalten und sauberen Gew\u00e4ssern der Antarktis, was Ihnen ein nat\u00fcrlich reineres \u00d6l garantiert, ohne das Risiko einer Verunreinigung durch Schwermetalle und andere Schadstoffe, die oft in fettem Fisch vorkommen.<\/li><li><strong> Ausgewogene Konzentration von DHA und EPA : <\/strong>Krill\u00f6l bietet eine optimale Kombination aus DHA und EPA.<\/li><li><strong> Marine Kraft und garantierte Reinheit: <\/strong>Krill\u00f6l, eine unumg\u00e4ngliche Erg\u00e4nzung f\u00fcr Sportler, Senioren und all jene, die ihr Wohlbefinden t\u00e4glich st\u00e4rken m\u00f6chten.<\/li><\/ol>\t\t\t\t\t\t\t\t<\/div>\n\t\t\t\t<\/div>\n\t\t\t\t<div class=\"elementor-element elementor-element-d7b2f94 elementor-widget elementor-widget-text-editor\" data-id=\"d7b2f94\" data-element_type=\"widget\" data-e-type=\"widget\" data-widget_type=\"text-editor.default\">\n\t\t\t\t<div class=\"elementor-widget-container\">\n\t\t\t\t\t\t\t\t\t<p>Sportler f\u00fcgen das Krill\u00f6l f\u00fcr ihre Performance und zur Regenerierung nach dem Sport in ihre Routine ein.<\/p><p>Viele <strong>Marathonl\u00e4ufer, Radfahrer, CrossFit-Praktizierende<\/strong> und sogar <strong>Profisportler <\/strong>in Mannschaftsdisziplinen erg\u00e4nzen ihre Ern\u00e4hrung mit Krill\u00f6l, um von seinen Eigenschaften in vollem Umfang zu profitieren.<\/p><p>Auch Senioren finden in Krill\u00f6l eine nat\u00fcrliche und umfassende L\u00f6sung, um ihre Lebensqualit\u00e4t zu erhalten und gleichzeitig ihre speziellen altersbedingten Bed\u00fcrfnisse zu decken.<\/p><p>Krill\u00f6l ist ein unentbehrlicher Meeresschatz, wenn Sie ein optimales und dauerhaftes Wohlbefinden f\u00f6rdern m\u00f6chten.<\/p><p>Die Verordnung des Eidgen\u00f6ssischen Departementes des Innern, das f\u00fcr die Altersvorsorge und die Gesundheit zust\u00e4ndig ist, sowie die Europ\u00e4ische Beh\u00f6rde f\u00fcr Lebensmittelsicherheit (EFSA) best\u00e4tigen es :<\/p><ul><li>**DHA tr\u00e4gt zur Erhaltung einer normalen Gehirnfunktion bei.<\/li><li>DHA tr\u00e4gt zur Aufrechterhaltung eines normalen Triglyceridspiegels im Blut bei.<\/li><li>****DHA tr\u00e4gt zur Erhaltung einer normalen Sehkraft bei.<\/li><li>DHA und EPA tragen zur Aufrechterhaltung eines normalen Blutdrucks bei.<\/li><li>*EPA und DHA tragen zu einer normalen Herzfunktion bei.<\/li><li>Cholin tr\u00e4gt zu einem normalen Homocystein-Stoffwechsel bei.<\/li><li>Cholin tr\u00e4gt zu einem normalen Fettstoffwechsel bei.<\/li><li>***Cholin tr\u00e4gt zur Erhaltung einer normalen Leberfunktion bei.<\/li><\/ul>\t\t\t\t\t\t\t\t<\/div>\n\t\t\t\t<\/div>\n\t\t\t\t<div class=\"elementor-element elementor-element-ffc1961 elementor-widget elementor-widget-text-editor\" data-id=\"ffc1961\" data-element_type=\"widget\" data-e-type=\"widget\" data-widget_type=\"text-editor.default\">\n\t\t\t\t<div class=\"elementor-widget-container\">\n\t\t\t\t\t\t\t\t\t<p><em>Hergestellt in Norwegen.<\/em><\/p><p><em>Einheitspreis: 36.80 CHF\/St\u00fcck<\/em><br \/><em>Ab 3 St\u00fcck: 33.50 CHF\/St\u00fcck<\/em><\/p>\t\t\t\t\t\t\t\t<\/div>\n\t\t\t\t<\/div>\n\t\t\t\t\t<\/div>\n\t\t<\/div>\n\t\t\t\t\t<\/div>\n\t\t<\/section>\n\t\t\t\t<\/div>\n\t\t","protected":false},"excerpt":{"rendered":"<p>Gute sportliche Leistungen mit Premium Omega-3 SPORT PERFORMANCE, reich an essenziellen N\u00e4hrstoffen f\u00fcr Sportler.<\/p>\n","protected":false},"featured_media":28245,"comment_status":"open","ping_status":"closed","template":"","meta":[],"product_brand":[],"product_cat":[1511,1512],"product_tag":[],"class_list":{"0":"post-16292","1":"product","2":"type-product","3":"status-publish","4":"has-post-thumbnail","6":"product_cat-sport","7":"product_cat-gesundheit-immunsystem","9":"first","10":"instock","11":"taxable","12":"shipping-taxable","13":"purchasable","14":"product-type-simple"},"yoast_head":"<!-- This site is optimized with the Yoast SEO Premium plugin v27.3 (Yoast SEO v27.4) - https:\/\/yoast.com\/product\/yoast-seo-premium-wordpress\/ -->\n<title>Premium Omega-3 SPORT PERFORMANCE | Bio-Gestion<\/title>\n<meta name=\"description\" content=\"Gute sportliche Leistungen mit Premium Omega-3 SPORT PERFORMANCE, reich an Krill\u00f6l und wichtigen N\u00e4hrstoffen f\u00fcr Sportler.\" \/>\n<meta name=\"robots\" content=\"index, follow, max-snippet:-1, max-image-preview:large, max-video-preview:-1\" \/>\n<link rel=\"canonical\" href=\"https:\/\/biogestion.ch\/de\/shop\/sport\/premium-omega-3-sport-performance\/\" \/>\n<meta name=\"twitter:label1\" content=\"Preis\" \/>\n\t<meta name=\"twitter:data1\" content=\"36.80&nbsp;&#067;&#072;&#070;\" \/>\n\t<meta name=\"twitter:label2\" content=\"Verf\u00fcgbarkeit\" \/>\n\t<meta name=\"twitter:data2\" content=\"Auf Lager\" \/>\n<script type=\"application\/ld+json\" class=\"yoast-schema-graph\">{\"@context\":\"https:\\\/\\\/schema.org\",\"@graph\":[{\"@type\":\"WebPage\",\"@id\":\"https:\\\/\\\/biogestion.ch\\\/de\\\/shop\\\/sport\\\/premium-omega-3-sport-performance\\\/\",\"url\":\"https:\\\/\\\/biogestion.ch\\\/de\\\/shop\\\/sport\\\/premium-omega-3-sport-performance\\\/\",\"name\":\"Premium Omega-3 SPORT PERFORMANCE | Bio-Gestion\",\"isPartOf\":{\"@id\":\"https:\\\/\\\/biogestion.ch\\\/de\\\/#website\"},\"primaryImageOfPage\":{\"@id\":\"https:\\\/\\\/biogestion.ch\\\/de\\\/shop\\\/sport\\\/premium-omega-3-sport-performance\\\/#primaryimage\"},\"image\":{\"@id\":\"https:\\\/\\\/biogestion.ch\\\/de\\\/shop\\\/sport\\\/premium-omega-3-sport-performance\\\/#primaryimage\"},\"thumbnailUrl\":\"https:\\\/\\\/biogestion.ch\\\/wp-content\\\/uploads\\\/2025\\\/10\\\/BG_2024_Web_Omega-3-Sport-Performance.jpeg\",\"datePublished\":\"2022-08-26T08:01:46+00:00\",\"dateModified\":\"2025-02-12T15:40:34+00:00\",\"description\":\"Gute sportliche Leistungen mit Premium Omega-3 SPORT PERFORMANCE, reich an Krill\u00f6l und wichtigen N\u00e4hrstoffen f\u00fcr Sportler.\",\"breadcrumb\":{\"@id\":\"https:\\\/\\\/biogestion.ch\\\/de\\\/shop\\\/sport\\\/premium-omega-3-sport-performance\\\/#breadcrumb\"},\"inLanguage\":\"de\",\"potentialAction\":[{\"@type\":\"ReadAction\",\"target\":[\"https:\\\/\\\/biogestion.ch\\\/de\\\/shop\\\/sport\\\/premium-omega-3-sport-performance\\\/\"]}]},{\"@type\":\"ImageObject\",\"inLanguage\":\"de\",\"@id\":\"https:\\\/\\\/biogestion.ch\\\/de\\\/shop\\\/sport\\\/premium-omega-3-sport-performance\\\/#primaryimage\",\"url\":\"https:\\\/\\\/biogestion.ch\\\/wp-content\\\/uploads\\\/2025\\\/10\\\/BG_2024_Web_Omega-3-Sport-Performance.jpeg\",\"contentUrl\":\"https:\\\/\\\/biogestion.ch\\\/wp-content\\\/uploads\\\/2025\\\/10\\\/BG_2024_Web_Omega-3-Sport-Performance.jpeg\",\"width\":1024,\"height\":1024,\"caption\":\"Des bonnes performances sportives avec Premium Omega-3 SPORT PERFORMANCE, riche en nutriments essentiels pour les athl\u00e8tes.\"},{\"@type\":\"BreadcrumbList\",\"@id\":\"https:\\\/\\\/biogestion.ch\\\/de\\\/shop\\\/sport\\\/premium-omega-3-sport-performance\\\/#breadcrumb\",\"itemListElement\":[{\"@type\":\"ListItem\",\"position\":1,\"name\":\"Bio-Gestion\",\"item\":\"https:\\\/\\\/biogestion.ch\\\/\"},{\"@type\":\"ListItem\",\"position\":2,\"name\":\"Shop\",\"item\":\"https:\\\/\\\/biogestion.ch\\\/de\\\/shop\\\/\"},{\"@type\":\"ListItem\",\"position\":3,\"name\":\"Premium Omega-3 SPORT PERFORMANCE\"}]},{\"@type\":\"WebSite\",\"@id\":\"https:\\\/\\\/biogestion.ch\\\/de\\\/#website\",\"url\":\"https:\\\/\\\/biogestion.ch\\\/de\\\/\",\"name\":\"Bio-Gestion\",\"description\":\"Les compl\u00e9ments alimentaires suisses\",\"publisher\":{\"@id\":\"https:\\\/\\\/biogestion.ch\\\/de\\\/#organization\"},\"potentialAction\":[{\"@type\":\"SearchAction\",\"target\":{\"@type\":\"EntryPoint\",\"urlTemplate\":\"https:\\\/\\\/biogestion.ch\\\/de\\\/?s={search_term_string}\"},\"query-input\":{\"@type\":\"PropertyValueSpecification\",\"valueRequired\":true,\"valueName\":\"search_term_string\"}}],\"inLanguage\":\"de\"},{\"@type\":\"Organization\",\"@id\":\"https:\\\/\\\/biogestion.ch\\\/de\\\/#organization\",\"name\":\"Bio-Gestion SA\",\"url\":\"https:\\\/\\\/biogestion.ch\\\/de\\\/\",\"logo\":{\"@type\":\"ImageObject\",\"inLanguage\":\"de\",\"@id\":\"https:\\\/\\\/biogestion.ch\\\/de\\\/#\\\/schema\\\/logo\\\/image\\\/\",\"url\":\"https:\\\/\\\/biogestion.ch\\\/wp-content\\\/uploads\\\/2016\\\/05\\\/logo.png\",\"contentUrl\":\"https:\\\/\\\/biogestion.ch\\\/wp-content\\\/uploads\\\/2016\\\/05\\\/logo.png\",\"width\":200,\"height\":38,\"caption\":\"Bio-Gestion SA\"},\"image\":{\"@id\":\"https:\\\/\\\/biogestion.ch\\\/de\\\/#\\\/schema\\\/logo\\\/image\\\/\"}}]}<\/script>\n<meta property=\"product:price:amount\" content=\"36.80\" \/>\n<meta property=\"product:price:currency\" content=\"CHF\" \/>\n<meta property=\"og:availability\" content=\"instock\" \/>\n<meta property=\"product:availability\" content=\"instock\" \/>\n<meta property=\"product:condition\" content=\"new\" \/>\n<!-- \/ Yoast SEO Premium plugin. -->","yoast_head_json":{"title":"Premium Omega-3 SPORT PERFORMANCE | Bio-Gestion","description":"Gute sportliche Leistungen mit Premium Omega-3 SPORT PERFORMANCE, reich an Krill\u00f6l und wichtigen N\u00e4hrstoffen f\u00fcr Sportler.","robots":{"index":"index","follow":"follow","max-snippet":"max-snippet:-1","max-image-preview":"max-image-preview:large","max-video-preview":"max-video-preview:-1"},"canonical":"https:\/\/biogestion.ch\/de\/shop\/sport\/premium-omega-3-sport-performance\/","twitter_misc":{"Preis":"36.80&nbsp;&#67;&#72;&#70;","Verf\u00fcgbarkeit":"Auf Lager"},"schema":{"@context":"https:\/\/schema.org","@graph":[{"@type":"WebPage","@id":"https:\/\/biogestion.ch\/de\/shop\/sport\/premium-omega-3-sport-performance\/","url":"https:\/\/biogestion.ch\/de\/shop\/sport\/premium-omega-3-sport-performance\/","name":"Premium Omega-3 SPORT PERFORMANCE | Bio-Gestion","isPartOf":{"@id":"https:\/\/biogestion.ch\/de\/#website"},"primaryImageOfPage":{"@id":"https:\/\/biogestion.ch\/de\/shop\/sport\/premium-omega-3-sport-performance\/#primaryimage"},"image":{"@id":"https:\/\/biogestion.ch\/de\/shop\/sport\/premium-omega-3-sport-performance\/#primaryimage"},"thumbnailUrl":"https:\/\/biogestion.ch\/wp-content\/uploads\/2025\/10\/BG_2024_Web_Omega-3-Sport-Performance.jpeg","datePublished":"2022-08-26T08:01:46+00:00","dateModified":"2025-02-12T15:40:34+00:00","description":"Gute sportliche Leistungen mit Premium Omega-3 SPORT PERFORMANCE, reich an Krill\u00f6l und wichtigen N\u00e4hrstoffen f\u00fcr Sportler.","breadcrumb":{"@id":"https:\/\/biogestion.ch\/de\/shop\/sport\/premium-omega-3-sport-performance\/#breadcrumb"},"inLanguage":"de","potentialAction":[{"@type":"ReadAction","target":["https:\/\/biogestion.ch\/de\/shop\/sport\/premium-omega-3-sport-performance\/"]}]},{"@type":"ImageObject","inLanguage":"de","@id":"https:\/\/biogestion.ch\/de\/shop\/sport\/premium-omega-3-sport-performance\/#primaryimage","url":"https:\/\/biogestion.ch\/wp-content\/uploads\/2025\/10\/BG_2024_Web_Omega-3-Sport-Performance.jpeg","contentUrl":"https:\/\/biogestion.ch\/wp-content\/uploads\/2025\/10\/BG_2024_Web_Omega-3-Sport-Performance.jpeg","width":1024,"height":1024,"caption":"Des bonnes performances sportives avec Premium Omega-3 SPORT PERFORMANCE, riche en nutriments essentiels pour les athl\u00e8tes."},{"@type":"BreadcrumbList","@id":"https:\/\/biogestion.ch\/de\/shop\/sport\/premium-omega-3-sport-performance\/#breadcrumb","itemListElement":[{"@type":"ListItem","position":1,"name":"Bio-Gestion","item":"https:\/\/biogestion.ch\/"},{"@type":"ListItem","position":2,"name":"Shop","item":"https:\/\/biogestion.ch\/de\/shop\/"},{"@type":"ListItem","position":3,"name":"Premium Omega-3 SPORT PERFORMANCE"}]},{"@type":"WebSite","@id":"https:\/\/biogestion.ch\/de\/#website","url":"https:\/\/biogestion.ch\/de\/","name":"Bio-Gestion","description":"Les compl\u00e9ments alimentaires suisses","publisher":{"@id":"https:\/\/biogestion.ch\/de\/#organization"},"potentialAction":[{"@type":"SearchAction","target":{"@type":"EntryPoint","urlTemplate":"https:\/\/biogestion.ch\/de\/?s={search_term_string}"},"query-input":{"@type":"PropertyValueSpecification","valueRequired":true,"valueName":"search_term_string"}}],"inLanguage":"de"},{"@type":"Organization","@id":"https:\/\/biogestion.ch\/de\/#organization","name":"Bio-Gestion SA","url":"https:\/\/biogestion.ch\/de\/","logo":{"@type":"ImageObject","inLanguage":"de","@id":"https:\/\/biogestion.ch\/de\/#\/schema\/logo\/image\/","url":"https:\/\/biogestion.ch\/wp-content\/uploads\/2016\/05\/logo.png","contentUrl":"https:\/\/biogestion.ch\/wp-content\/uploads\/2016\/05\/logo.png","width":200,"height":38,"caption":"Bio-Gestion SA"},"image":{"@id":"https:\/\/biogestion.ch\/de\/#\/schema\/logo\/image\/"}}]},"product_price_amount":"36.80","product_price_currency":"CHF","og_availability":"instock","product_availability":"instock","product_condition":"new"},"_links":{"self":[{"href":"https:\/\/biogestion.ch\/de\/wp-json\/wp\/v2\/product\/16292","targetHints":{"allow":["GET"]}}],"collection":[{"href":"https:\/\/biogestion.ch\/de\/wp-json\/wp\/v2\/product"}],"about":[{"href":"https:\/\/biogestion.ch\/de\/wp-json\/wp\/v2\/types\/product"}],"replies":[{"embeddable":true,"href":"https:\/\/biogestion.ch\/de\/wp-json\/wp\/v2\/comments?post=16292"}],"version-history":[{"count":0,"href":"https:\/\/biogestion.ch\/de\/wp-json\/wp\/v2\/product\/16292\/revisions"}],"wp:featuredmedia":[{"embeddable":true,"href":"https:\/\/biogestion.ch\/de\/wp-json\/wp\/v2\/media\/28245"}],"wp:attachment":[{"href":"https:\/\/biogestion.ch\/de\/wp-json\/wp\/v2\/media?parent=16292"}],"wp:term":[{"taxonomy":"product_brand","embeddable":true,"href":"https:\/\/biogestion.ch\/de\/wp-json\/wp\/v2\/product_brand?post=16292"},{"taxonomy":"product_cat","embeddable":true,"href":"https:\/\/biogestion.ch\/de\/wp-json\/wp\/v2\/product_cat?post=16292"},{"taxonomy":"product_tag","embeddable":true,"href":"https:\/\/biogestion.ch\/de\/wp-json\/wp\/v2\/product_tag?post=16292"}],"curies":[{"name":"wp","href":"https:\/\/api.w.org\/{rel}","templated":true}]}}