{"id":13671,"date":"2022-01-21T09:53:43","date_gmt":"2022-01-21T08:53:43","guid":{"rendered":"https:\/\/biogestion.ch\/boutique\/unkategorisiert\/pilulier-hebdomadaire-portable\/"},"modified":"2024-10-17T10:58:20","modified_gmt":"2024-10-17T08:58:20","slug":"tragbare-7-tage-pillendose","status":"publish","type":"product","link":"https:\/\/biogestion.ch\/de\/shop\/zubehoer\/tragbare-7-tage-pillendose\/","title":{"rendered":"Tragbare 7 Tage Pillendose"},"content":{"rendered":"<h4 data-pm-slice=\"1 1 []\" data-en-clipboard=\"true\">Die tragbare 7 Tage Pillendose hat ein gro\u00dfe Kapazit\u00e4t und besteht aus 7 F\u00e4chern, die jede bis zu 5 Kapseln enthalten kann.<\/h4>\n<p data-pm-slice=\"1 1 []\" data-en-clipboard=\"true\">All Ihre Pillen f\u00fcr die Woche in einer einzigen Dose:<\/p>\n<div data-pm-slice=\"1 1 []\" data-en-clipboard=\"true\">\n<ul>\n<li>7 F\u00e4cher, in welchen Sie die Kapseln f\u00fcr Ihre Woche organisieren k\u00f6nnen.<\/li>\n<li>Dr\u00fccken Sie auf den weissen Knopf in der Mitte. Durch das Drehen kann die Pille\u00a0 entnommen werden, ohne den Deckel zu \u00f6ffnen.<\/li>\n<li>Sie sch\u00fctzt Ihre Kapseln optimal.<\/li>\n<p>\n<\/ul>\n<p>Grosse Kapazit\u00e4t &#8211; Die Pillendose kann in jedem Fach bis zu 5 Kapseln aufnehmen.<\/p>\n<p>Einfach zu verwenden &#8211; Dr\u00fccken Sie auf den weissen Knopf, um die Tagespillen zu erhalten.<\/p>\n<p>Material: ungiftiger und robuster Kunststoff, lebensmittelsicher.<br \/>\n<br \/><em>Einheitspreis: 14.90 CHF\/St\u00fcck<\/em><br \/>\n<em>Ab 3 St\u00fcck: 13.80 CHF\/St\u00fcck<\/em>\n<\/div>\n","protected":false},"excerpt":{"rendered":"<p>Die tragbare 7 Tage Pillendose hat ein gro\u00dfe Kapazit\u00e4t und besteht aus 7 F\u00e4chern, die jede bis zu 5 Kapseln enthalten kann.<\/p>\n","protected":false},"featured_media":28365,"comment_status":"open","ping_status":"closed","template":"","meta":[],"product_brand":[1689],"product_cat":[1599],"product_tag":[],"class_list":{"0":"post-13671","1":"product","2":"type-product","3":"status-publish","4":"has-post-thumbnail","6":"product_brand-bio-gestion","7":"product_cat-zubehoer","9":"first","10":"instock","11":"sale","12":"taxable","13":"shipping-taxable","14":"purchasable","15":"product-type-simple"},"yoast_head":"<!-- This site is optimized with the Yoast SEO Premium plugin v27.3 (Yoast SEO v27.4) - https:\/\/yoast.com\/product\/yoast-seo-premium-wordpress\/ -->\n<title>Tragbare 7 Tage Pillendose | Zubeh\u00f6r | Bio-Gestion<\/title>\n<meta name=\"description\" content=\"Die tragbare 7 Tage Pillendose hat ein gro\u00dfe Kapazit\u00e4t und besteht aus 7 F\u00e4chern, die jede bis zu 5 Kapseln enthalten kann.\" \/>\n<meta name=\"robots\" content=\"index, follow, max-snippet:-1, max-image-preview:large, max-video-preview:-1\" \/>\n<link rel=\"canonical\" href=\"https:\/\/biogestion.ch\/de\/shop\/zubehoer\/tragbare-7-tage-pillendose\/\" \/>\n<meta name=\"twitter:label1\" content=\"Preis\" \/>\n\t<meta name=\"twitter:data1\" content=\"11.20&nbsp;&#067;&#072;&#070;\" \/>\n\t<meta name=\"twitter:label2\" content=\"Verf\u00fcgbarkeit\" \/>\n\t<meta name=\"twitter:data2\" content=\"Auf Lager\" \/>\n<script type=\"application\/ld+json\" class=\"yoast-schema-graph\">{\"@context\":\"https:\\\/\\\/schema.org\",\"@graph\":[{\"@type\":\"WebPage\",\"@id\":\"https:\\\/\\\/biogestion.ch\\\/de\\\/shop\\\/zubehoer\\\/tragbare-7-tage-pillendose\\\/\",\"url\":\"https:\\\/\\\/biogestion.ch\\\/de\\\/shop\\\/zubehoer\\\/tragbare-7-tage-pillendose\\\/\",\"name\":\"Tragbare 7 Tage Pillendose | Zubeh\u00f6r | Bio-Gestion\",\"isPartOf\":{\"@id\":\"https:\\\/\\\/biogestion.ch\\\/de\\\/#website\"},\"primaryImageOfPage\":{\"@id\":\"https:\\\/\\\/biogestion.ch\\\/de\\\/shop\\\/zubehoer\\\/tragbare-7-tage-pillendose\\\/#primaryimage\"},\"image\":{\"@id\":\"https:\\\/\\\/biogestion.ch\\\/de\\\/shop\\\/zubehoer\\\/tragbare-7-tage-pillendose\\\/#primaryimage\"},\"thumbnailUrl\":\"https:\\\/\\\/biogestion.ch\\\/wp-content\\\/uploads\\\/2025\\\/10\\\/BG_2025_Pilulier-Hebdomadaire-Portable.png\",\"datePublished\":\"2022-01-21T08:53:43+00:00\",\"dateModified\":\"2024-10-17T08:58:20+00:00\",\"description\":\"Die tragbare 7 Tage Pillendose hat ein gro\u00dfe Kapazit\u00e4t und besteht aus 7 F\u00e4chern, die jede bis zu 5 Kapseln enthalten kann.\",\"breadcrumb\":{\"@id\":\"https:\\\/\\\/biogestion.ch\\\/de\\\/shop\\\/zubehoer\\\/tragbare-7-tage-pillendose\\\/#breadcrumb\"},\"inLanguage\":\"de\",\"potentialAction\":[{\"@type\":\"ReadAction\",\"target\":[\"https:\\\/\\\/biogestion.ch\\\/de\\\/shop\\\/zubehoer\\\/tragbare-7-tage-pillendose\\\/\"]}]},{\"@type\":\"ImageObject\",\"inLanguage\":\"de\",\"@id\":\"https:\\\/\\\/biogestion.ch\\\/de\\\/shop\\\/zubehoer\\\/tragbare-7-tage-pillendose\\\/#primaryimage\",\"url\":\"https:\\\/\\\/biogestion.ch\\\/wp-content\\\/uploads\\\/2025\\\/10\\\/BG_2025_Pilulier-Hebdomadaire-Portable.png\",\"contentUrl\":\"https:\\\/\\\/biogestion.ch\\\/wp-content\\\/uploads\\\/2025\\\/10\\\/BG_2025_Pilulier-Hebdomadaire-Portable.png\",\"width\":1024,\"height\":1024},{\"@type\":\"BreadcrumbList\",\"@id\":\"https:\\\/\\\/biogestion.ch\\\/de\\\/shop\\\/zubehoer\\\/tragbare-7-tage-pillendose\\\/#breadcrumb\",\"itemListElement\":[{\"@type\":\"ListItem\",\"position\":1,\"name\":\"Bio-Gestion\",\"item\":\"https:\\\/\\\/biogestion.ch\\\/\"},{\"@type\":\"ListItem\",\"position\":2,\"name\":\"Shop\",\"item\":\"https:\\\/\\\/biogestion.ch\\\/de\\\/shop\\\/\"},{\"@type\":\"ListItem\",\"position\":3,\"name\":\"Tragbare 7 Tage Pillendose\"}]},{\"@type\":\"WebSite\",\"@id\":\"https:\\\/\\\/biogestion.ch\\\/de\\\/#website\",\"url\":\"https:\\\/\\\/biogestion.ch\\\/de\\\/\",\"name\":\"Bio-Gestion\",\"description\":\"Les compl\u00e9ments alimentaires suisses\",\"publisher\":{\"@id\":\"https:\\\/\\\/biogestion.ch\\\/de\\\/#organization\"},\"potentialAction\":[{\"@type\":\"SearchAction\",\"target\":{\"@type\":\"EntryPoint\",\"urlTemplate\":\"https:\\\/\\\/biogestion.ch\\\/de\\\/?s={search_term_string}\"},\"query-input\":{\"@type\":\"PropertyValueSpecification\",\"valueRequired\":true,\"valueName\":\"search_term_string\"}}],\"inLanguage\":\"de\"},{\"@type\":\"Organization\",\"@id\":\"https:\\\/\\\/biogestion.ch\\\/de\\\/#organization\",\"name\":\"Bio-Gestion SA\",\"url\":\"https:\\\/\\\/biogestion.ch\\\/de\\\/\",\"logo\":{\"@type\":\"ImageObject\",\"inLanguage\":\"de\",\"@id\":\"https:\\\/\\\/biogestion.ch\\\/de\\\/#\\\/schema\\\/logo\\\/image\\\/\",\"url\":\"https:\\\/\\\/biogestion.ch\\\/wp-content\\\/uploads\\\/2016\\\/05\\\/logo.png\",\"contentUrl\":\"https:\\\/\\\/biogestion.ch\\\/wp-content\\\/uploads\\\/2016\\\/05\\\/logo.png\",\"width\":200,\"height\":38,\"caption\":\"Bio-Gestion SA\"},\"image\":{\"@id\":\"https:\\\/\\\/biogestion.ch\\\/de\\\/#\\\/schema\\\/logo\\\/image\\\/\"}}]}<\/script>\n<meta property=\"product:price:amount\" content=\"11.20\" \/>\n<meta property=\"product:price:currency\" content=\"CHF\" \/>\n<meta property=\"og:availability\" content=\"instock\" \/>\n<meta property=\"product:availability\" content=\"instock\" \/>\n<meta property=\"product:condition\" content=\"new\" \/>\n<!-- \/ Yoast SEO Premium plugin. -->","yoast_head_json":{"title":"Tragbare 7 Tage Pillendose | Zubeh\u00f6r | Bio-Gestion","description":"Die tragbare 7 Tage Pillendose hat ein gro\u00dfe Kapazit\u00e4t und besteht aus 7 F\u00e4chern, die jede bis zu 5 Kapseln enthalten kann.","robots":{"index":"index","follow":"follow","max-snippet":"max-snippet:-1","max-image-preview":"max-image-preview:large","max-video-preview":"max-video-preview:-1"},"canonical":"https:\/\/biogestion.ch\/de\/shop\/zubehoer\/tragbare-7-tage-pillendose\/","twitter_misc":{"Preis":"11.20&nbsp;&#67;&#72;&#70;","Verf\u00fcgbarkeit":"Auf Lager"},"schema":{"@context":"https:\/\/schema.org","@graph":[{"@type":"WebPage","@id":"https:\/\/biogestion.ch\/de\/shop\/zubehoer\/tragbare-7-tage-pillendose\/","url":"https:\/\/biogestion.ch\/de\/shop\/zubehoer\/tragbare-7-tage-pillendose\/","name":"Tragbare 7 Tage Pillendose | Zubeh\u00f6r | Bio-Gestion","isPartOf":{"@id":"https:\/\/biogestion.ch\/de\/#website"},"primaryImageOfPage":{"@id":"https:\/\/biogestion.ch\/de\/shop\/zubehoer\/tragbare-7-tage-pillendose\/#primaryimage"},"image":{"@id":"https:\/\/biogestion.ch\/de\/shop\/zubehoer\/tragbare-7-tage-pillendose\/#primaryimage"},"thumbnailUrl":"https:\/\/biogestion.ch\/wp-content\/uploads\/2025\/10\/BG_2025_Pilulier-Hebdomadaire-Portable.png","datePublished":"2022-01-21T08:53:43+00:00","dateModified":"2024-10-17T08:58:20+00:00","description":"Die tragbare 7 Tage Pillendose hat ein gro\u00dfe Kapazit\u00e4t und besteht aus 7 F\u00e4chern, die jede bis zu 5 Kapseln enthalten kann.","breadcrumb":{"@id":"https:\/\/biogestion.ch\/de\/shop\/zubehoer\/tragbare-7-tage-pillendose\/#breadcrumb"},"inLanguage":"de","potentialAction":[{"@type":"ReadAction","target":["https:\/\/biogestion.ch\/de\/shop\/zubehoer\/tragbare-7-tage-pillendose\/"]}]},{"@type":"ImageObject","inLanguage":"de","@id":"https:\/\/biogestion.ch\/de\/shop\/zubehoer\/tragbare-7-tage-pillendose\/#primaryimage","url":"https:\/\/biogestion.ch\/wp-content\/uploads\/2025\/10\/BG_2025_Pilulier-Hebdomadaire-Portable.png","contentUrl":"https:\/\/biogestion.ch\/wp-content\/uploads\/2025\/10\/BG_2025_Pilulier-Hebdomadaire-Portable.png","width":1024,"height":1024},{"@type":"BreadcrumbList","@id":"https:\/\/biogestion.ch\/de\/shop\/zubehoer\/tragbare-7-tage-pillendose\/#breadcrumb","itemListElement":[{"@type":"ListItem","position":1,"name":"Bio-Gestion","item":"https:\/\/biogestion.ch\/"},{"@type":"ListItem","position":2,"name":"Shop","item":"https:\/\/biogestion.ch\/de\/shop\/"},{"@type":"ListItem","position":3,"name":"Tragbare 7 Tage Pillendose"}]},{"@type":"WebSite","@id":"https:\/\/biogestion.ch\/de\/#website","url":"https:\/\/biogestion.ch\/de\/","name":"Bio-Gestion","description":"Les compl\u00e9ments alimentaires suisses","publisher":{"@id":"https:\/\/biogestion.ch\/de\/#organization"},"potentialAction":[{"@type":"SearchAction","target":{"@type":"EntryPoint","urlTemplate":"https:\/\/biogestion.ch\/de\/?s={search_term_string}"},"query-input":{"@type":"PropertyValueSpecification","valueRequired":true,"valueName":"search_term_string"}}],"inLanguage":"de"},{"@type":"Organization","@id":"https:\/\/biogestion.ch\/de\/#organization","name":"Bio-Gestion SA","url":"https:\/\/biogestion.ch\/de\/","logo":{"@type":"ImageObject","inLanguage":"de","@id":"https:\/\/biogestion.ch\/de\/#\/schema\/logo\/image\/","url":"https:\/\/biogestion.ch\/wp-content\/uploads\/2016\/05\/logo.png","contentUrl":"https:\/\/biogestion.ch\/wp-content\/uploads\/2016\/05\/logo.png","width":200,"height":38,"caption":"Bio-Gestion SA"},"image":{"@id":"https:\/\/biogestion.ch\/de\/#\/schema\/logo\/image\/"}}]},"product_price_amount":"11.20","product_price_currency":"CHF","og_availability":"instock","product_availability":"instock","product_condition":"new"},"_links":{"self":[{"href":"https:\/\/biogestion.ch\/de\/wp-json\/wp\/v2\/product\/13671","targetHints":{"allow":["GET"]}}],"collection":[{"href":"https:\/\/biogestion.ch\/de\/wp-json\/wp\/v2\/product"}],"about":[{"href":"https:\/\/biogestion.ch\/de\/wp-json\/wp\/v2\/types\/product"}],"replies":[{"embeddable":true,"href":"https:\/\/biogestion.ch\/de\/wp-json\/wp\/v2\/comments?post=13671"}],"version-history":[{"count":0,"href":"https:\/\/biogestion.ch\/de\/wp-json\/wp\/v2\/product\/13671\/revisions"}],"wp:featuredmedia":[{"embeddable":true,"href":"https:\/\/biogestion.ch\/de\/wp-json\/wp\/v2\/media\/28365"}],"wp:attachment":[{"href":"https:\/\/biogestion.ch\/de\/wp-json\/wp\/v2\/media?parent=13671"}],"wp:term":[{"taxonomy":"product_brand","embeddable":true,"href":"https:\/\/biogestion.ch\/de\/wp-json\/wp\/v2\/product_brand?post=13671"},{"taxonomy":"product_cat","embeddable":true,"href":"https:\/\/biogestion.ch\/de\/wp-json\/wp\/v2\/product_cat?post=13671"},{"taxonomy":"product_tag","embeddable":true,"href":"https:\/\/biogestion.ch\/de\/wp-json\/wp\/v2\/product_tag?post=13671"}],"curies":[{"name":"wp","href":"https:\/\/api.w.org\/{rel}","templated":true}]}}