{"id":13583,"date":"2022-01-14T09:49:10","date_gmt":"2022-01-14T08:49:10","guid":{"rendered":"https:\/\/biogestion.ch\/boutique\/unkategorisiert\/tondeuse-nez-et-oreilles\/"},"modified":"2023-01-25T11:07:09","modified_gmt":"2023-01-25T10:07:09","slug":"elektrischer-nasen-ohrhaarschneider","status":"publish","type":"product","link":"https:\/\/biogestion.ch\/de\/shop\/zubehoer\/elektrischer-nasen-ohrhaarschneider\/","title":{"rendered":"Elektrischer Nasen- und Ohrhaarschneider"},"content":{"rendered":"<h2 data-pm-slice=\"1 1 []\" data-en-clipboard=\"true\">Entfernen Sie einfach und schmerzlos unerw\u00fcnschte Haare!<\/h2>\n<p>Das unentbehrliche Accessoire, um unsch\u00f6ne Haare zu entfernen.\u00a0 Funktioniert bei Nasen-, Ohren-, Augenbrauen- und Gesichtshaaren.<\/p>\n<p>Die Klingen ber\u00fchren nie die Haut. Ihr pers\u00f6nlicher elektrischer Haarschneider ist sicher und bequem und passt mit seinem kompakten Format \u00fcberall hin.<\/p>\n<ul>\n<li>Hochwertiger Edelstahl<\/li>\n<li>Ergonomische Form<\/li>\n<li>Funktioniert mit einer mitgelieferten AA-Batterie<\/li>\n<\/ul>\n<p>&nbsp;<\/p>\n<p style=\"text-align: center;\"><img fetchpriority=\"high\" decoding=\"async\" class=\"alignnone size-medium wp-image-13571\" src=\"https:\/\/biogestion.ch\/wp-content\/uploads\/2022\/01\/Tondeuse-Nez-Oreille-1-300x300.jpg\" alt=\"\" width=\"300\" height=\"300\" srcset=\"https:\/\/biogestion.ch\/wp-content\/uploads\/2022\/01\/Tondeuse-Nez-Oreille-1-300x300.jpg 300w, https:\/\/biogestion.ch\/wp-content\/uploads\/2022\/01\/Tondeuse-Nez-Oreille-1-150x150.jpg 150w, https:\/\/biogestion.ch\/wp-content\/uploads\/2022\/01\/Tondeuse-Nez-Oreille-1-768x768.jpg 768w, https:\/\/biogestion.ch\/wp-content\/uploads\/2022\/01\/Tondeuse-Nez-Oreille-1-280x280.jpg 280w, https:\/\/biogestion.ch\/wp-content\/uploads\/2022\/01\/Tondeuse-Nez-Oreille-1-600x600.jpg 600w, https:\/\/biogestion.ch\/wp-content\/uploads\/2022\/01\/Tondeuse-Nez-Oreille-1-100x100.jpg 100w, https:\/\/biogestion.ch\/wp-content\/uploads\/2022\/01\/Tondeuse-Nez-Oreille-1.jpg 800w\" sizes=\"(max-width: 300px) 100vw, 300px\" \/><\/p>\n<p style=\"text-align: center;\"><img decoding=\"async\" class=\"alignnone size-medium wp-image-13573\" src=\"https:\/\/biogestion.ch\/wp-content\/uploads\/2022\/01\/Tondeuse-Nez-Oreille-2-300x300.jpg\" alt=\"\" width=\"300\" height=\"300\" srcset=\"https:\/\/biogestion.ch\/wp-content\/uploads\/2022\/01\/Tondeuse-Nez-Oreille-2-300x300.jpg 300w, https:\/\/biogestion.ch\/wp-content\/uploads\/2022\/01\/Tondeuse-Nez-Oreille-2-150x150.jpg 150w, https:\/\/biogestion.ch\/wp-content\/uploads\/2022\/01\/Tondeuse-Nez-Oreille-2-768x768.jpg 768w, https:\/\/biogestion.ch\/wp-content\/uploads\/2022\/01\/Tondeuse-Nez-Oreille-2-280x280.jpg 280w, https:\/\/biogestion.ch\/wp-content\/uploads\/2022\/01\/Tondeuse-Nez-Oreille-2-600x600.jpg 600w, https:\/\/biogestion.ch\/wp-content\/uploads\/2022\/01\/Tondeuse-Nez-Oreille-2-100x100.jpg 100w, https:\/\/biogestion.ch\/wp-content\/uploads\/2022\/01\/Tondeuse-Nez-Oreille-2.jpg 800w\" sizes=\"(max-width: 300px) 100vw, 300px\" \/><\/p>\n<p><img decoding=\"async\" class=\"alignnone size-medium wp-image-13575 aligncenter\" src=\"https:\/\/biogestion.ch\/wp-content\/uploads\/2022\/01\/Tondeuse-Nez-Oreille-3-300x300.jpg\" alt=\"\" width=\"300\" height=\"300\" srcset=\"https:\/\/biogestion.ch\/wp-content\/uploads\/2022\/01\/Tondeuse-Nez-Oreille-3-300x300.jpg 300w, https:\/\/biogestion.ch\/wp-content\/uploads\/2022\/01\/Tondeuse-Nez-Oreille-3-150x150.jpg 150w, https:\/\/biogestion.ch\/wp-content\/uploads\/2022\/01\/Tondeuse-Nez-Oreille-3-768x768.jpg 768w, https:\/\/biogestion.ch\/wp-content\/uploads\/2022\/01\/Tondeuse-Nez-Oreille-3-280x280.jpg 280w, https:\/\/biogestion.ch\/wp-content\/uploads\/2022\/01\/Tondeuse-Nez-Oreille-3-600x600.jpg 600w, https:\/\/biogestion.ch\/wp-content\/uploads\/2022\/01\/Tondeuse-Nez-Oreille-3-100x100.jpg 100w, https:\/\/biogestion.ch\/wp-content\/uploads\/2022\/01\/Tondeuse-Nez-Oreille-3.jpg 800w\" sizes=\"(max-width: 300px) 100vw, 300px\" \/><br \/>\n<br \/><em>Einheitspreis: 24.90 CHF\/St\u00fcck<\/em><br \/>\n<em>Ab 3 St\u00fcck: 23.20 CHF\/St\u00fcck<\/em><\/p>\n","protected":false},"excerpt":{"rendered":"<p>Das unentbehrliche Accessoire, um unsch\u00f6ne Haare zu entfernen.<\/p>\n","protected":false},"featured_media":28357,"comment_status":"open","ping_status":"closed","template":"","meta":[],"product_brand":[1689],"product_cat":[1599],"product_tag":[],"class_list":{"0":"post-13583","1":"product","2":"type-product","3":"status-publish","4":"has-post-thumbnail","6":"product_brand-bio-gestion","7":"product_cat-zubehoer","9":"first","10":"instock","11":"sale","12":"taxable","13":"shipping-taxable","14":"purchasable","15":"product-type-simple"},"yoast_head":"<!-- This site is optimized with the Yoast SEO Premium plugin v27.3 (Yoast SEO v27.4) - https:\/\/yoast.com\/product\/yoast-seo-premium-wordpress\/ -->\n<title>Elektrischer Nasen- und Ohrhaarschneider | Zubeh\u00f6r | Bio-Gestion<\/title>\n<meta name=\"description\" content=\"Der unentbehrliche Trimmer, um unsch\u00f6ne Haare zu entfernen. Funktioniert bei Nasen-, Ohren-, Augenbrauen- und Gesichtshaaren.\" \/>\n<meta name=\"robots\" content=\"index, follow, max-snippet:-1, max-image-preview:large, max-video-preview:-1\" \/>\n<link rel=\"canonical\" href=\"https:\/\/biogestion.ch\/de\/shop\/zubehoer\/elektrischer-nasen-ohrhaarschneider\/\" \/>\n<meta name=\"twitter:label1\" content=\"Preis\" \/>\n\t<meta name=\"twitter:data1\" content=\"18.45&nbsp;&#067;&#072;&#070;\" \/>\n\t<meta name=\"twitter:label2\" content=\"Verf\u00fcgbarkeit\" \/>\n\t<meta name=\"twitter:data2\" content=\"Auf Lager\" \/>\n<script type=\"application\/ld+json\" class=\"yoast-schema-graph\">{\"@context\":\"https:\\\/\\\/schema.org\",\"@graph\":[{\"@type\":\"WebPage\",\"@id\":\"https:\\\/\\\/biogestion.ch\\\/de\\\/shop\\\/zubehoer\\\/elektrischer-nasen-ohrhaarschneider\\\/\",\"url\":\"https:\\\/\\\/biogestion.ch\\\/de\\\/shop\\\/zubehoer\\\/elektrischer-nasen-ohrhaarschneider\\\/\",\"name\":\"Elektrischer Nasen- und Ohrhaarschneider | Zubeh\u00f6r | Bio-Gestion\",\"isPartOf\":{\"@id\":\"https:\\\/\\\/biogestion.ch\\\/de\\\/#website\"},\"primaryImageOfPage\":{\"@id\":\"https:\\\/\\\/biogestion.ch\\\/de\\\/shop\\\/zubehoer\\\/elektrischer-nasen-ohrhaarschneider\\\/#primaryimage\"},\"image\":{\"@id\":\"https:\\\/\\\/biogestion.ch\\\/de\\\/shop\\\/zubehoer\\\/elektrischer-nasen-ohrhaarschneider\\\/#primaryimage\"},\"thumbnailUrl\":\"https:\\\/\\\/biogestion.ch\\\/wp-content\\\/uploads\\\/2025\\\/10\\\/BG_2025_Tondeuse-Nez-Oreilles.png\",\"datePublished\":\"2022-01-14T08:49:10+00:00\",\"dateModified\":\"2023-01-25T10:07:09+00:00\",\"description\":\"Der unentbehrliche Trimmer, um unsch\u00f6ne Haare zu entfernen. Funktioniert bei Nasen-, Ohren-, Augenbrauen- und Gesichtshaaren.\",\"breadcrumb\":{\"@id\":\"https:\\\/\\\/biogestion.ch\\\/de\\\/shop\\\/zubehoer\\\/elektrischer-nasen-ohrhaarschneider\\\/#breadcrumb\"},\"inLanguage\":\"de\",\"potentialAction\":[{\"@type\":\"ReadAction\",\"target\":[\"https:\\\/\\\/biogestion.ch\\\/de\\\/shop\\\/zubehoer\\\/elektrischer-nasen-ohrhaarschneider\\\/\"]}]},{\"@type\":\"ImageObject\",\"inLanguage\":\"de\",\"@id\":\"https:\\\/\\\/biogestion.ch\\\/de\\\/shop\\\/zubehoer\\\/elektrischer-nasen-ohrhaarschneider\\\/#primaryimage\",\"url\":\"https:\\\/\\\/biogestion.ch\\\/wp-content\\\/uploads\\\/2025\\\/10\\\/BG_2025_Tondeuse-Nez-Oreilles.png\",\"contentUrl\":\"https:\\\/\\\/biogestion.ch\\\/wp-content\\\/uploads\\\/2025\\\/10\\\/BG_2025_Tondeuse-Nez-Oreilles.png\",\"width\":950,\"height\":939},{\"@type\":\"BreadcrumbList\",\"@id\":\"https:\\\/\\\/biogestion.ch\\\/de\\\/shop\\\/zubehoer\\\/elektrischer-nasen-ohrhaarschneider\\\/#breadcrumb\",\"itemListElement\":[{\"@type\":\"ListItem\",\"position\":1,\"name\":\"Bio-Gestion\",\"item\":\"https:\\\/\\\/biogestion.ch\\\/\"},{\"@type\":\"ListItem\",\"position\":2,\"name\":\"Shop\",\"item\":\"https:\\\/\\\/biogestion.ch\\\/de\\\/shop\\\/\"},{\"@type\":\"ListItem\",\"position\":3,\"name\":\"Elektrischer Nasen- und Ohrhaarschneider\"}]},{\"@type\":\"WebSite\",\"@id\":\"https:\\\/\\\/biogestion.ch\\\/de\\\/#website\",\"url\":\"https:\\\/\\\/biogestion.ch\\\/de\\\/\",\"name\":\"Bio-Gestion\",\"description\":\"Les compl\u00e9ments alimentaires suisses\",\"publisher\":{\"@id\":\"https:\\\/\\\/biogestion.ch\\\/de\\\/#organization\"},\"potentialAction\":[{\"@type\":\"SearchAction\",\"target\":{\"@type\":\"EntryPoint\",\"urlTemplate\":\"https:\\\/\\\/biogestion.ch\\\/de\\\/?s={search_term_string}\"},\"query-input\":{\"@type\":\"PropertyValueSpecification\",\"valueRequired\":true,\"valueName\":\"search_term_string\"}}],\"inLanguage\":\"de\"},{\"@type\":\"Organization\",\"@id\":\"https:\\\/\\\/biogestion.ch\\\/de\\\/#organization\",\"name\":\"Bio-Gestion SA\",\"url\":\"https:\\\/\\\/biogestion.ch\\\/de\\\/\",\"logo\":{\"@type\":\"ImageObject\",\"inLanguage\":\"de\",\"@id\":\"https:\\\/\\\/biogestion.ch\\\/de\\\/#\\\/schema\\\/logo\\\/image\\\/\",\"url\":\"https:\\\/\\\/biogestion.ch\\\/wp-content\\\/uploads\\\/2016\\\/05\\\/logo.png\",\"contentUrl\":\"https:\\\/\\\/biogestion.ch\\\/wp-content\\\/uploads\\\/2016\\\/05\\\/logo.png\",\"width\":200,\"height\":38,\"caption\":\"Bio-Gestion SA\"},\"image\":{\"@id\":\"https:\\\/\\\/biogestion.ch\\\/de\\\/#\\\/schema\\\/logo\\\/image\\\/\"}}]}<\/script>\n<meta property=\"product:price:amount\" content=\"18.45\" \/>\n<meta property=\"product:price:currency\" content=\"CHF\" \/>\n<meta property=\"og:availability\" content=\"instock\" \/>\n<meta property=\"product:availability\" content=\"instock\" \/>\n<meta property=\"product:condition\" content=\"new\" \/>\n<!-- \/ Yoast SEO Premium plugin. -->","yoast_head_json":{"title":"Elektrischer Nasen- und Ohrhaarschneider | Zubeh\u00f6r | Bio-Gestion","description":"Der unentbehrliche Trimmer, um unsch\u00f6ne Haare zu entfernen. Funktioniert bei Nasen-, Ohren-, Augenbrauen- und Gesichtshaaren.","robots":{"index":"index","follow":"follow","max-snippet":"max-snippet:-1","max-image-preview":"max-image-preview:large","max-video-preview":"max-video-preview:-1"},"canonical":"https:\/\/biogestion.ch\/de\/shop\/zubehoer\/elektrischer-nasen-ohrhaarschneider\/","twitter_misc":{"Preis":"18.45&nbsp;&#67;&#72;&#70;","Verf\u00fcgbarkeit":"Auf Lager"},"schema":{"@context":"https:\/\/schema.org","@graph":[{"@type":"WebPage","@id":"https:\/\/biogestion.ch\/de\/shop\/zubehoer\/elektrischer-nasen-ohrhaarschneider\/","url":"https:\/\/biogestion.ch\/de\/shop\/zubehoer\/elektrischer-nasen-ohrhaarschneider\/","name":"Elektrischer Nasen- und Ohrhaarschneider | Zubeh\u00f6r | Bio-Gestion","isPartOf":{"@id":"https:\/\/biogestion.ch\/de\/#website"},"primaryImageOfPage":{"@id":"https:\/\/biogestion.ch\/de\/shop\/zubehoer\/elektrischer-nasen-ohrhaarschneider\/#primaryimage"},"image":{"@id":"https:\/\/biogestion.ch\/de\/shop\/zubehoer\/elektrischer-nasen-ohrhaarschneider\/#primaryimage"},"thumbnailUrl":"https:\/\/biogestion.ch\/wp-content\/uploads\/2025\/10\/BG_2025_Tondeuse-Nez-Oreilles.png","datePublished":"2022-01-14T08:49:10+00:00","dateModified":"2023-01-25T10:07:09+00:00","description":"Der unentbehrliche Trimmer, um unsch\u00f6ne Haare zu entfernen. Funktioniert bei Nasen-, Ohren-, Augenbrauen- und Gesichtshaaren.","breadcrumb":{"@id":"https:\/\/biogestion.ch\/de\/shop\/zubehoer\/elektrischer-nasen-ohrhaarschneider\/#breadcrumb"},"inLanguage":"de","potentialAction":[{"@type":"ReadAction","target":["https:\/\/biogestion.ch\/de\/shop\/zubehoer\/elektrischer-nasen-ohrhaarschneider\/"]}]},{"@type":"ImageObject","inLanguage":"de","@id":"https:\/\/biogestion.ch\/de\/shop\/zubehoer\/elektrischer-nasen-ohrhaarschneider\/#primaryimage","url":"https:\/\/biogestion.ch\/wp-content\/uploads\/2025\/10\/BG_2025_Tondeuse-Nez-Oreilles.png","contentUrl":"https:\/\/biogestion.ch\/wp-content\/uploads\/2025\/10\/BG_2025_Tondeuse-Nez-Oreilles.png","width":950,"height":939},{"@type":"BreadcrumbList","@id":"https:\/\/biogestion.ch\/de\/shop\/zubehoer\/elektrischer-nasen-ohrhaarschneider\/#breadcrumb","itemListElement":[{"@type":"ListItem","position":1,"name":"Bio-Gestion","item":"https:\/\/biogestion.ch\/"},{"@type":"ListItem","position":2,"name":"Shop","item":"https:\/\/biogestion.ch\/de\/shop\/"},{"@type":"ListItem","position":3,"name":"Elektrischer Nasen- und Ohrhaarschneider"}]},{"@type":"WebSite","@id":"https:\/\/biogestion.ch\/de\/#website","url":"https:\/\/biogestion.ch\/de\/","name":"Bio-Gestion","description":"Les compl\u00e9ments alimentaires suisses","publisher":{"@id":"https:\/\/biogestion.ch\/de\/#organization"},"potentialAction":[{"@type":"SearchAction","target":{"@type":"EntryPoint","urlTemplate":"https:\/\/biogestion.ch\/de\/?s={search_term_string}"},"query-input":{"@type":"PropertyValueSpecification","valueRequired":true,"valueName":"search_term_string"}}],"inLanguage":"de"},{"@type":"Organization","@id":"https:\/\/biogestion.ch\/de\/#organization","name":"Bio-Gestion SA","url":"https:\/\/biogestion.ch\/de\/","logo":{"@type":"ImageObject","inLanguage":"de","@id":"https:\/\/biogestion.ch\/de\/#\/schema\/logo\/image\/","url":"https:\/\/biogestion.ch\/wp-content\/uploads\/2016\/05\/logo.png","contentUrl":"https:\/\/biogestion.ch\/wp-content\/uploads\/2016\/05\/logo.png","width":200,"height":38,"caption":"Bio-Gestion SA"},"image":{"@id":"https:\/\/biogestion.ch\/de\/#\/schema\/logo\/image\/"}}]},"product_price_amount":"18.45","product_price_currency":"CHF","og_availability":"instock","product_availability":"instock","product_condition":"new"},"_links":{"self":[{"href":"https:\/\/biogestion.ch\/de\/wp-json\/wp\/v2\/product\/13583","targetHints":{"allow":["GET"]}}],"collection":[{"href":"https:\/\/biogestion.ch\/de\/wp-json\/wp\/v2\/product"}],"about":[{"href":"https:\/\/biogestion.ch\/de\/wp-json\/wp\/v2\/types\/product"}],"replies":[{"embeddable":true,"href":"https:\/\/biogestion.ch\/de\/wp-json\/wp\/v2\/comments?post=13583"}],"version-history":[{"count":0,"href":"https:\/\/biogestion.ch\/de\/wp-json\/wp\/v2\/product\/13583\/revisions"}],"wp:featuredmedia":[{"embeddable":true,"href":"https:\/\/biogestion.ch\/de\/wp-json\/wp\/v2\/media\/28357"}],"wp:attachment":[{"href":"https:\/\/biogestion.ch\/de\/wp-json\/wp\/v2\/media?parent=13583"}],"wp:term":[{"taxonomy":"product_brand","embeddable":true,"href":"https:\/\/biogestion.ch\/de\/wp-json\/wp\/v2\/product_brand?post=13583"},{"taxonomy":"product_cat","embeddable":true,"href":"https:\/\/biogestion.ch\/de\/wp-json\/wp\/v2\/product_cat?post=13583"},{"taxonomy":"product_tag","embeddable":true,"href":"https:\/\/biogestion.ch\/de\/wp-json\/wp\/v2\/product_tag?post=13583"}],"curies":[{"name":"wp","href":"https:\/\/api.w.org\/{rel}","templated":true}]}}