{"id":12988,"date":"2021-11-16T00:00:06","date_gmt":"2021-11-15T23:00:06","guid":{"rendered":"https:\/\/biogestion.ch\/?post_type=product&#038;p=12988"},"modified":"2025-04-11T09:11:11","modified_gmt":"2025-04-11T07:11:11","slug":"reiche-koerperlotion-aloe-vera-kollagen","status":"publish","type":"product","link":"https:\/\/biogestion.ch\/de\/shop\/bio-kosmetik\/reiche-koerperlotion-aloe-vera-kollagen\/","title":{"rendered":"Reiche K\u00f6rperlotion"},"content":{"rendered":"<h2 data-pm-slice=\"1 1 []\" data-en-clipboard=\"true\">Mit der Reiche K\u00f6rperlotion geniessen Sie ein aussergew\u00f6hnliches, 100% nat\u00fcrliches Anti-Aging-Erlebnis. Swiss Made.<\/h2>\n<p>Dank ihrer intensiven und sofortigen Feuchtigkeitswirkung regeneriert und n\u00e4hrt diese K\u00f6rperlotion aus Aloe Vera und Kollagen Ihre Haut tiefgehend. Ihre Haut sieht sichtbar j\u00fcnger aus.<\/p>\n<h4>Die fabelhafte Kraft ihrer Wirkstoffe<\/h4>\n<h5>Das Kollagen<\/h5>\n<p>Das Kollagen ist ein im K\u00f6rper natu\u0308rlich vorhandenes Protein. Dieses Moleku\u0308l sorgt fu\u0308r einen sch\u00f6nen Erhalt der Haut und verleiht ihr ein pralles Aussehen. Es ist haupts\u00e4chlich in der Oberhaut vorhanden. Kollagen verhindert die Alterung der Haut.<\/p>\n<p>Leider nimmt mit dem Alter die Kapazit\u00e4t der Kollagenproduzierung ab. Dies fu\u0308hrt zu einem Feuchtigkeitsverlust, einer Verdu\u0308nnung der Lederhaut und dem Auftreten von Falten. Infolgedessen wird Ihre Haut empfindlicher, erschlafft und verliert ihre Spannkraft.<\/p>\n<p>Die Reiche K\u00f6rperlotion enth\u00e4lt Kollagen, um Ihrer Haut auf nat\u00fcrlichem Wege zu helfen, sie ausreichend mit diesem unentbehrlichen Protein zu versehen, und um Ihre Jugend zu bewahren und zu pflegen.<\/p>\n<h5>Die Aloe Vera<\/h5>\n<p>Die aussergew\u00f6hnlichen Wirkungen der Aloe Vera sind seit jeher bekannt: Ihre therapeutischen Eigenschaften haben mehr als 5000 Jahre u\u0308berlebt und im Westen wie im Osten eine lange Tradition u\u0308berliefert.<\/p>\n<p>Aloe Vera, Symbol der \u00abUnsterblichkeit\u00bb und \u00abElixier der Jugend\u00bb. Die \u00c4gypter verwendeten sie regelm\u00e4ssig zur Hautpflege. Kleopatra und Nofretete waren legend\u00e4re Sch\u00f6nheiten, die bereits die wohltuenden Eigenschaften von Aloe Vera kannten.<\/p>\n<p>Ihre feuchtigkeitsspendende und regenerierende Wirkung verleiht Ihnen ein intensives Frischegefu\u0308hl. Sie belebt die Haut und macht sie auf natu\u0308rliche Weise sichtbar strahlender.<\/p>\n<p>Die Aloe Vera produziert Elastinfasern, die die Haut sichtbar geschmeidiger und weniger faltig machen. Die hautheilende Wirkung der Aloe Vera wurde ebenfalls in zahlreichen Studien nachgewiesen.<\/p>\n<h5>Das Haferkern\u00f6l<\/h5>\n<p>Dank einer Zusammensetzung, die der Haut-Fettkombination \u00e4hnlich ist, erlaubt das Haferkern\u00f6l, ein aussergew\u00f6hnliches Hautpflegeprodukt mit natu\u0308rlichen Inhaltsstoffen zu bilden. Da es reich an feuchtigkeitsspendenden, lindernden und reparierenden Wirkstoffen ist, hat es einen positiven Effekt auf s\u00e4mtliche Hauttypen.<\/p>\n<p>Die &#8222;anti-\u00e2ge&#8220; Kosmetikkollektion besteht ebenfalls aus einer <a href=\"https:\/\/biogestion.ch\/de\/shop\/bio-kosmetik\/tagescreme-aloe-vera-kollagen\/\">Tagescreme<\/a>, einer <a href=\"https:\/\/biogestion.ch\/de\/shop\/bio-kosmetik\/nachtcreme-aloe-vera-kollagen\/\">Nachtcreme<\/a> und einer <a href=\"https:\/\/biogestion.ch\/de\/shop\/sale\/anti-alter-komplettpflege-aloe-vera-kollagen\/\">Komplettpflege<\/a>.<\/p>\n<p><i>Wenn Sie mit diesem Naturprodukt nicht zufrieden sind, erm\u00f6glicht es Ihnen unsere Garantie \u201eZufrieden oder Geld zur\u00fcck \u2013 3 Monate\u201c, das Produkt gegen eine vollst\u00e4ndige R\u00fcckerstattung zu retournieren (diese Garantie ist Teil unserer <a href=\"https:\/\/biogestion.ch\/de\/allgemeine-geschaeftsbedingungen\/\" rel=\"noopener\" rev=\"en_rl_none\">allgemeinen Verkaufsbedingungen<\/a>).<\/i><\/p>\n<p><em>In der Schweiz hergestellt.<\/em><\/p>\n<p><em>Einheitspreis: 36.80 CHF\/St\u00fcck<\/em><br \/>\n<em>Ab 3 St\u00fcck: 34.20 CHF\/St\u00fcck<\/em><\/p>\n","protected":false},"excerpt":{"rendered":"<p>Entdecken Sie die Reiche K\u00f6rperlotion, ein Anti-Aging Hautpflegeerlebnis auf der Basis von Collagen und Aloe Vera, 100% nat\u00fcrlich und Swiss Made.<\/p>\n","protected":false},"featured_media":28377,"comment_status":"open","ping_status":"closed","template":"","meta":[],"product_brand":[1689],"product_cat":[1590],"product_tag":[],"class_list":{"0":"post-12988","1":"product","2":"type-product","3":"status-publish","4":"has-post-thumbnail","6":"product_brand-bio-gestion","7":"product_cat-bio-kosmetik","9":"first","10":"instock","11":"sale","12":"taxable","13":"shipping-taxable","14":"purchasable","15":"product-type-simple"},"yoast_head":"<!-- This site is optimized with the Yoast SEO Premium plugin v27.3 (Yoast SEO v27.3) - https:\/\/yoast.com\/product\/yoast-seo-premium-wordpress\/ -->\n<title>Reiche K\u00f6rperlotion | Kollagen, Aloe Vera | Bio-Gestion<\/title>\n<meta name=\"description\" content=\"Entdecken Sie die Reiche K\u00f6rperlotion, ein Anti-Aging Hautpflegeerlebnis auf der Basis von Collagen und Aloe Vera, 100% nat\u00fcrlich und Swiss Made.\" \/>\n<meta name=\"robots\" content=\"index, follow, max-snippet:-1, max-image-preview:large, max-video-preview:-1\" \/>\n<link rel=\"canonical\" href=\"https:\/\/biogestion.ch\/de\/shop\/bio-kosmetik\/reiche-koerperlotion-aloe-vera-kollagen\/\" \/>\n<meta name=\"twitter:label1\" content=\"Preis\" \/>\n\t<meta name=\"twitter:data1\" content=\"18.40&nbsp;&#067;&#072;&#070;\" \/>\n\t<meta name=\"twitter:label2\" content=\"Verf\u00fcgbarkeit\" \/>\n\t<meta name=\"twitter:data2\" content=\"Auf Lager\" \/>\n<script type=\"application\/ld+json\" class=\"yoast-schema-graph\">{\"@context\":\"https:\\\/\\\/schema.org\",\"@graph\":[{\"@type\":\"WebPage\",\"@id\":\"https:\\\/\\\/biogestion.ch\\\/de\\\/shop\\\/bio-kosmetik\\\/reiche-koerperlotion-aloe-vera-kollagen\\\/\",\"url\":\"https:\\\/\\\/biogestion.ch\\\/de\\\/shop\\\/bio-kosmetik\\\/reiche-koerperlotion-aloe-vera-kollagen\\\/\",\"name\":\"Reiche K\u00f6rperlotion | Kollagen, Aloe Vera | Bio-Gestion\",\"isPartOf\":{\"@id\":\"https:\\\/\\\/biogestion.ch\\\/de\\\/#website\"},\"primaryImageOfPage\":{\"@id\":\"https:\\\/\\\/biogestion.ch\\\/de\\\/shop\\\/bio-kosmetik\\\/reiche-koerperlotion-aloe-vera-kollagen\\\/#primaryimage\"},\"image\":{\"@id\":\"https:\\\/\\\/biogestion.ch\\\/de\\\/shop\\\/bio-kosmetik\\\/reiche-koerperlotion-aloe-vera-kollagen\\\/#primaryimage\"},\"thumbnailUrl\":\"https:\\\/\\\/biogestion.ch\\\/wp-content\\\/uploads\\\/2025\\\/10\\\/BG_2025_Lait-Riche-pour-le-Corps.png\",\"datePublished\":\"2021-11-15T23:00:06+00:00\",\"dateModified\":\"2025-04-11T07:11:11+00:00\",\"description\":\"Entdecken Sie die Reiche K\u00f6rperlotion, ein Anti-Aging Hautpflegeerlebnis auf der Basis von Collagen und Aloe Vera, 100% nat\u00fcrlich und Swiss Made.\",\"breadcrumb\":{\"@id\":\"https:\\\/\\\/biogestion.ch\\\/de\\\/shop\\\/bio-kosmetik\\\/reiche-koerperlotion-aloe-vera-kollagen\\\/#breadcrumb\"},\"inLanguage\":\"de\",\"potentialAction\":[{\"@type\":\"ReadAction\",\"target\":[\"https:\\\/\\\/biogestion.ch\\\/de\\\/shop\\\/bio-kosmetik\\\/reiche-koerperlotion-aloe-vera-kollagen\\\/\"]}]},{\"@type\":\"ImageObject\",\"inLanguage\":\"de\",\"@id\":\"https:\\\/\\\/biogestion.ch\\\/de\\\/shop\\\/bio-kosmetik\\\/reiche-koerperlotion-aloe-vera-kollagen\\\/#primaryimage\",\"url\":\"https:\\\/\\\/biogestion.ch\\\/wp-content\\\/uploads\\\/2025\\\/10\\\/BG_2025_Lait-Riche-pour-le-Corps.png\",\"contentUrl\":\"https:\\\/\\\/biogestion.ch\\\/wp-content\\\/uploads\\\/2025\\\/10\\\/BG_2025_Lait-Riche-pour-le-Corps.png\",\"width\":892,\"height\":891},{\"@type\":\"BreadcrumbList\",\"@id\":\"https:\\\/\\\/biogestion.ch\\\/de\\\/shop\\\/bio-kosmetik\\\/reiche-koerperlotion-aloe-vera-kollagen\\\/#breadcrumb\",\"itemListElement\":[{\"@type\":\"ListItem\",\"position\":1,\"name\":\"Bio-Gestion\",\"item\":\"https:\\\/\\\/biogestion.ch\\\/\"},{\"@type\":\"ListItem\",\"position\":2,\"name\":\"Shop\",\"item\":\"https:\\\/\\\/biogestion.ch\\\/de\\\/shop\\\/\"},{\"@type\":\"ListItem\",\"position\":3,\"name\":\"Reiche K\u00f6rperlotion\"}]},{\"@type\":\"WebSite\",\"@id\":\"https:\\\/\\\/biogestion.ch\\\/de\\\/#website\",\"url\":\"https:\\\/\\\/biogestion.ch\\\/de\\\/\",\"name\":\"Bio-Gestion\",\"description\":\"Les compl\u00e9ments alimentaires suisses\",\"publisher\":{\"@id\":\"https:\\\/\\\/biogestion.ch\\\/de\\\/#organization\"},\"potentialAction\":[{\"@type\":\"SearchAction\",\"target\":{\"@type\":\"EntryPoint\",\"urlTemplate\":\"https:\\\/\\\/biogestion.ch\\\/de\\\/?s={search_term_string}\"},\"query-input\":{\"@type\":\"PropertyValueSpecification\",\"valueRequired\":true,\"valueName\":\"search_term_string\"}}],\"inLanguage\":\"de\"},{\"@type\":\"Organization\",\"@id\":\"https:\\\/\\\/biogestion.ch\\\/de\\\/#organization\",\"name\":\"Bio-Gestion SA\",\"url\":\"https:\\\/\\\/biogestion.ch\\\/de\\\/\",\"logo\":{\"@type\":\"ImageObject\",\"inLanguage\":\"de\",\"@id\":\"https:\\\/\\\/biogestion.ch\\\/de\\\/#\\\/schema\\\/logo\\\/image\\\/\",\"url\":\"https:\\\/\\\/biogestion.ch\\\/wp-content\\\/uploads\\\/2016\\\/05\\\/logo.png\",\"contentUrl\":\"https:\\\/\\\/biogestion.ch\\\/wp-content\\\/uploads\\\/2016\\\/05\\\/logo.png\",\"width\":200,\"height\":38,\"caption\":\"Bio-Gestion SA\"},\"image\":{\"@id\":\"https:\\\/\\\/biogestion.ch\\\/de\\\/#\\\/schema\\\/logo\\\/image\\\/\"}}]}<\/script>\n<meta property=\"product:price:amount\" content=\"18.40\" \/>\n<meta property=\"product:price:currency\" content=\"CHF\" \/>\n<meta property=\"og:availability\" content=\"instock\" \/>\n<meta property=\"product:availability\" content=\"instock\" \/>\n<meta property=\"product:condition\" content=\"new\" \/>\n<!-- \/ Yoast SEO Premium plugin. -->","yoast_head_json":{"title":"Reiche K\u00f6rperlotion | Kollagen, Aloe Vera | Bio-Gestion","description":"Entdecken Sie die Reiche K\u00f6rperlotion, ein Anti-Aging Hautpflegeerlebnis auf der Basis von Collagen und Aloe Vera, 100% nat\u00fcrlich und Swiss Made.","robots":{"index":"index","follow":"follow","max-snippet":"max-snippet:-1","max-image-preview":"max-image-preview:large","max-video-preview":"max-video-preview:-1"},"canonical":"https:\/\/biogestion.ch\/de\/shop\/bio-kosmetik\/reiche-koerperlotion-aloe-vera-kollagen\/","twitter_misc":{"Preis":"18.40&nbsp;&#67;&#72;&#70;","Verf\u00fcgbarkeit":"Auf Lager"},"schema":{"@context":"https:\/\/schema.org","@graph":[{"@type":"WebPage","@id":"https:\/\/biogestion.ch\/de\/shop\/bio-kosmetik\/reiche-koerperlotion-aloe-vera-kollagen\/","url":"https:\/\/biogestion.ch\/de\/shop\/bio-kosmetik\/reiche-koerperlotion-aloe-vera-kollagen\/","name":"Reiche K\u00f6rperlotion | Kollagen, Aloe Vera | Bio-Gestion","isPartOf":{"@id":"https:\/\/biogestion.ch\/de\/#website"},"primaryImageOfPage":{"@id":"https:\/\/biogestion.ch\/de\/shop\/bio-kosmetik\/reiche-koerperlotion-aloe-vera-kollagen\/#primaryimage"},"image":{"@id":"https:\/\/biogestion.ch\/de\/shop\/bio-kosmetik\/reiche-koerperlotion-aloe-vera-kollagen\/#primaryimage"},"thumbnailUrl":"https:\/\/biogestion.ch\/wp-content\/uploads\/2025\/10\/BG_2025_Lait-Riche-pour-le-Corps.png","datePublished":"2021-11-15T23:00:06+00:00","dateModified":"2025-04-11T07:11:11+00:00","description":"Entdecken Sie die Reiche K\u00f6rperlotion, ein Anti-Aging Hautpflegeerlebnis auf der Basis von Collagen und Aloe Vera, 100% nat\u00fcrlich und Swiss Made.","breadcrumb":{"@id":"https:\/\/biogestion.ch\/de\/shop\/bio-kosmetik\/reiche-koerperlotion-aloe-vera-kollagen\/#breadcrumb"},"inLanguage":"de","potentialAction":[{"@type":"ReadAction","target":["https:\/\/biogestion.ch\/de\/shop\/bio-kosmetik\/reiche-koerperlotion-aloe-vera-kollagen\/"]}]},{"@type":"ImageObject","inLanguage":"de","@id":"https:\/\/biogestion.ch\/de\/shop\/bio-kosmetik\/reiche-koerperlotion-aloe-vera-kollagen\/#primaryimage","url":"https:\/\/biogestion.ch\/wp-content\/uploads\/2025\/10\/BG_2025_Lait-Riche-pour-le-Corps.png","contentUrl":"https:\/\/biogestion.ch\/wp-content\/uploads\/2025\/10\/BG_2025_Lait-Riche-pour-le-Corps.png","width":892,"height":891},{"@type":"BreadcrumbList","@id":"https:\/\/biogestion.ch\/de\/shop\/bio-kosmetik\/reiche-koerperlotion-aloe-vera-kollagen\/#breadcrumb","itemListElement":[{"@type":"ListItem","position":1,"name":"Bio-Gestion","item":"https:\/\/biogestion.ch\/"},{"@type":"ListItem","position":2,"name":"Shop","item":"https:\/\/biogestion.ch\/de\/shop\/"},{"@type":"ListItem","position":3,"name":"Reiche K\u00f6rperlotion"}]},{"@type":"WebSite","@id":"https:\/\/biogestion.ch\/de\/#website","url":"https:\/\/biogestion.ch\/de\/","name":"Bio-Gestion","description":"Les compl\u00e9ments alimentaires suisses","publisher":{"@id":"https:\/\/biogestion.ch\/de\/#organization"},"potentialAction":[{"@type":"SearchAction","target":{"@type":"EntryPoint","urlTemplate":"https:\/\/biogestion.ch\/de\/?s={search_term_string}"},"query-input":{"@type":"PropertyValueSpecification","valueRequired":true,"valueName":"search_term_string"}}],"inLanguage":"de"},{"@type":"Organization","@id":"https:\/\/biogestion.ch\/de\/#organization","name":"Bio-Gestion SA","url":"https:\/\/biogestion.ch\/de\/","logo":{"@type":"ImageObject","inLanguage":"de","@id":"https:\/\/biogestion.ch\/de\/#\/schema\/logo\/image\/","url":"https:\/\/biogestion.ch\/wp-content\/uploads\/2016\/05\/logo.png","contentUrl":"https:\/\/biogestion.ch\/wp-content\/uploads\/2016\/05\/logo.png","width":200,"height":38,"caption":"Bio-Gestion SA"},"image":{"@id":"https:\/\/biogestion.ch\/de\/#\/schema\/logo\/image\/"}}]},"product_price_amount":"18.40","product_price_currency":"CHF","og_availability":"instock","product_availability":"instock","product_condition":"new"},"_links":{"self":[{"href":"https:\/\/biogestion.ch\/de\/wp-json\/wp\/v2\/product\/12988","targetHints":{"allow":["GET"]}}],"collection":[{"href":"https:\/\/biogestion.ch\/de\/wp-json\/wp\/v2\/product"}],"about":[{"href":"https:\/\/biogestion.ch\/de\/wp-json\/wp\/v2\/types\/product"}],"replies":[{"embeddable":true,"href":"https:\/\/biogestion.ch\/de\/wp-json\/wp\/v2\/comments?post=12988"}],"version-history":[{"count":0,"href":"https:\/\/biogestion.ch\/de\/wp-json\/wp\/v2\/product\/12988\/revisions"}],"wp:featuredmedia":[{"embeddable":true,"href":"https:\/\/biogestion.ch\/de\/wp-json\/wp\/v2\/media\/28377"}],"wp:attachment":[{"href":"https:\/\/biogestion.ch\/de\/wp-json\/wp\/v2\/media?parent=12988"}],"wp:term":[{"taxonomy":"product_brand","embeddable":true,"href":"https:\/\/biogestion.ch\/de\/wp-json\/wp\/v2\/product_brand?post=12988"},{"taxonomy":"product_cat","embeddable":true,"href":"https:\/\/biogestion.ch\/de\/wp-json\/wp\/v2\/product_cat?post=12988"},{"taxonomy":"product_tag","embeddable":true,"href":"https:\/\/biogestion.ch\/de\/wp-json\/wp\/v2\/product_tag?post=12988"}],"curies":[{"name":"wp","href":"https:\/\/api.w.org\/{rel}","templated":true}]}}