{"id":12733,"date":"2021-10-12T11:26:14","date_gmt":"2021-10-12T09:26:14","guid":{"rendered":"https:\/\/biogestion.ch\/boutique\/unkategorisiert\/gelee-royale-bio-pure\/"},"modified":"2026-04-02T15:30:07","modified_gmt":"2026-04-02T13:30:07","slug":"reines-bio-gelee-royale","status":"publish","type":"product","link":"https:\/\/biogestion.ch\/de\/shop\/gesundheit-immunsystem\/reines-bio-gelee-royale\/","title":{"rendered":"Reines Bio Gelee Royale"},"content":{"rendered":"<h2>Reines Bio Gel\u00e9e Royale, ein N\u00e4hrstoffschatz aus dem Bienenstock<\/h2>\n<p>Reines Bio Gel\u00e9e Royale ist ein wertvolles N\u00e4hrstoffkonzentrat. Es wird von den Bienen ausschliesslich zur Ern\u00e4hrung ihrer K\u00f6nigin abgesondert. Diese einzigartige Ern\u00e4hrung verleiht der Bienenk\u00f6nigin eine bemerkenswerte Langlebigkeit und l\u00e4sst sie bis zu 50 Mal l\u00e4nger leben als andere Bienen.<\/p>\n<p>Gel\u00e9e Royale ist reich an essenziellen N\u00e4hrstoffen und enth\u00e4lt eine Vielzahl von B-Vitaminen, Spurenelementen und Aminos\u00e4uren sowie den wichtigen Neurotransmitter Acetylcholin. Gel\u00e9e Royale besteht haupts\u00e4chlich aus Wasser und enth\u00e4lt etwa 13 % Proteine, einschliesslich Aminos\u00e4uren, und 14,5 % Kohlenhydrate, haupts\u00e4chlich in Form von Fructose und Glucose.<\/p>\n<p>Die Zusammensetzung des Gel\u00e9e Royale umfasst auch Lipide, Vitamine wie das Vitamin B5 und andere Spurenelemente, die alle zu seinem N\u00e4hrstoffreichtum beitragen.<\/p>\n<p>Reines Bio Gel\u00e9e Royale ist ideal f\u00fcr den saisonalen oder regelm\u00e4ssigen Verzehr \u00fcber das ganze Jahr hinweg, da es wichtige N\u00e4hrstoffe liefert.<\/p>\n<p>Bio-Gestion bietet das Gel\u00e9e Royale auch <a href=\"https:\/\/biogestion.ch\/de\/shop\/gesundheit-immunsystem\/gelee-royale-gefriergetrocknet\/\">gefriergetrocknet<\/a> oder <a href=\"https:\/\/biogestion.ch\/de\/shop\/gesundheit-immunsystem\/gelee-royale-mit-honig\/\">mit Honig<\/a> vermischt f\u00fcr unterschiedliche Verzehrsgewohnheiten an.<\/p>\n<p><em>In Frankreich hergestellt.<\/em><\/p>\n","protected":false},"excerpt":{"rendered":"<p>Reines Bio Gel\u00e9e Royale ist eine konzentrierte Form des Gel\u00e9e Royale, das von den Bienen ausschliesslich zur Ern\u00e4hrung ihrer K\u00f6nigin abgesondert wird.<\/p>\n","protected":false},"featured_media":28290,"comment_status":"open","ping_status":"closed","template":"","meta":[],"product_brand":[],"product_cat":[1512],"product_tag":[],"class_list":{"0":"post-12733","1":"product","2":"type-product","3":"status-publish","4":"has-post-thumbnail","6":"product_cat-gesundheit-immunsystem","8":"first","9":"instock","10":"taxable","11":"shipping-taxable","12":"purchasable","13":"product-type-simple"},"yoast_head":"<!-- This site is optimized with the Yoast SEO Premium plugin v27.4 (Yoast SEO v27.4) - https:\/\/yoast.com\/product\/yoast-seo-premium-wordpress\/ -->\n<title>Reines Bio Gel\u00e9e Royale | B-Vitamine, Spurenelemente<\/title>\n<meta name=\"description\" content=\"Reines Bio Gel\u00e9e Royale ist eine konzentrierte Form des Gel\u00e9e Royale, das von den Bienen ausschliesslich zur Ern\u00e4hrung ihrer K\u00f6nigin abgesondert wird.\" \/>\n<meta name=\"robots\" content=\"index, follow, max-snippet:-1, max-image-preview:large, max-video-preview:-1\" \/>\n<link rel=\"canonical\" href=\"https:\/\/biogestion.ch\/de\/shop\/gesundheit-immunsystem\/reines-bio-gelee-royale\/\" \/>\n<meta name=\"twitter:label1\" content=\"Preis\" \/>\n\t<meta name=\"twitter:data1\" content=\"49.50&nbsp;&#067;&#072;&#070;\" \/>\n\t<meta name=\"twitter:label2\" content=\"Verf\u00fcgbarkeit\" \/>\n\t<meta name=\"twitter:data2\" content=\"Auf Lager\" \/>\n<script type=\"application\/ld+json\" class=\"yoast-schema-graph\">{\"@context\":\"https:\\\/\\\/schema.org\",\"@graph\":[{\"@type\":\"WebPage\",\"@id\":\"https:\\\/\\\/biogestion.ch\\\/de\\\/shop\\\/gesundheit-immunsystem\\\/reines-bio-gelee-royale\\\/\",\"url\":\"https:\\\/\\\/biogestion.ch\\\/de\\\/shop\\\/gesundheit-immunsystem\\\/reines-bio-gelee-royale\\\/\",\"name\":\"Reines Bio Gel\u00e9e Royale | B-Vitamine, Spurenelemente\",\"isPartOf\":{\"@id\":\"https:\\\/\\\/biogestion.ch\\\/de\\\/#website\"},\"primaryImageOfPage\":{\"@id\":\"https:\\\/\\\/biogestion.ch\\\/de\\\/shop\\\/gesundheit-immunsystem\\\/reines-bio-gelee-royale\\\/#primaryimage\"},\"image\":{\"@id\":\"https:\\\/\\\/biogestion.ch\\\/de\\\/shop\\\/gesundheit-immunsystem\\\/reines-bio-gelee-royale\\\/#primaryimage\"},\"thumbnailUrl\":\"https:\\\/\\\/biogestion.ch\\\/wp-content\\\/uploads\\\/2016\\\/05\\\/BG_2024_Web_Gelee-Royale-Bio-Pure.jpeg\",\"datePublished\":\"2021-10-12T09:26:14+00:00\",\"dateModified\":\"2026-04-02T13:30:07+00:00\",\"description\":\"Reines Bio Gel\u00e9e Royale ist eine konzentrierte Form des Gel\u00e9e Royale, das von den Bienen ausschliesslich zur Ern\u00e4hrung ihrer K\u00f6nigin abgesondert wird.\",\"breadcrumb\":{\"@id\":\"https:\\\/\\\/biogestion.ch\\\/de\\\/shop\\\/gesundheit-immunsystem\\\/reines-bio-gelee-royale\\\/#breadcrumb\"},\"inLanguage\":\"de\",\"potentialAction\":[{\"@type\":\"ReadAction\",\"target\":[\"https:\\\/\\\/biogestion.ch\\\/de\\\/shop\\\/gesundheit-immunsystem\\\/reines-bio-gelee-royale\\\/\"]}]},{\"@type\":\"ImageObject\",\"inLanguage\":\"de\",\"@id\":\"https:\\\/\\\/biogestion.ch\\\/de\\\/shop\\\/gesundheit-immunsystem\\\/reines-bio-gelee-royale\\\/#primaryimage\",\"url\":\"https:\\\/\\\/biogestion.ch\\\/wp-content\\\/uploads\\\/2016\\\/05\\\/BG_2024_Web_Gelee-Royale-Bio-Pure.jpeg\",\"contentUrl\":\"https:\\\/\\\/biogestion.ch\\\/wp-content\\\/uploads\\\/2016\\\/05\\\/BG_2024_Web_Gelee-Royale-Bio-Pure.jpeg\",\"width\":1024,\"height\":1024,\"caption\":\"Riche en nutriments essentiels, la Gel\u00e9e Royale Bio Pure aide \u00e0 renforcer le syst\u00e8me immunitaire et agit favorablement en cas de fatigue.\"},{\"@type\":\"BreadcrumbList\",\"@id\":\"https:\\\/\\\/biogestion.ch\\\/de\\\/shop\\\/gesundheit-immunsystem\\\/reines-bio-gelee-royale\\\/#breadcrumb\",\"itemListElement\":[{\"@type\":\"ListItem\",\"position\":1,\"name\":\"Bio-Gestion\",\"item\":\"https:\\\/\\\/biogestion.ch\\\/\"},{\"@type\":\"ListItem\",\"position\":2,\"name\":\"Shop\",\"item\":\"https:\\\/\\\/biogestion.ch\\\/de\\\/shop\\\/\"},{\"@type\":\"ListItem\",\"position\":3,\"name\":\"Reines Bio Gelee Royale\"}]},{\"@type\":\"WebSite\",\"@id\":\"https:\\\/\\\/biogestion.ch\\\/de\\\/#website\",\"url\":\"https:\\\/\\\/biogestion.ch\\\/de\\\/\",\"name\":\"Bio-Gestion\",\"description\":\"Les compl\u00e9ments alimentaires suisses\",\"publisher\":{\"@id\":\"https:\\\/\\\/biogestion.ch\\\/de\\\/#organization\"},\"potentialAction\":[{\"@type\":\"SearchAction\",\"target\":{\"@type\":\"EntryPoint\",\"urlTemplate\":\"https:\\\/\\\/biogestion.ch\\\/de\\\/?s={search_term_string}\"},\"query-input\":{\"@type\":\"PropertyValueSpecification\",\"valueRequired\":true,\"valueName\":\"search_term_string\"}}],\"inLanguage\":\"de\"},{\"@type\":\"Organization\",\"@id\":\"https:\\\/\\\/biogestion.ch\\\/de\\\/#organization\",\"name\":\"Bio-Gestion SA\",\"url\":\"https:\\\/\\\/biogestion.ch\\\/de\\\/\",\"logo\":{\"@type\":\"ImageObject\",\"inLanguage\":\"de\",\"@id\":\"https:\\\/\\\/biogestion.ch\\\/de\\\/#\\\/schema\\\/logo\\\/image\\\/\",\"url\":\"https:\\\/\\\/biogestion.ch\\\/wp-content\\\/uploads\\\/2016\\\/05\\\/logo.png\",\"contentUrl\":\"https:\\\/\\\/biogestion.ch\\\/wp-content\\\/uploads\\\/2016\\\/05\\\/logo.png\",\"width\":200,\"height\":38,\"caption\":\"Bio-Gestion SA\"},\"image\":{\"@id\":\"https:\\\/\\\/biogestion.ch\\\/de\\\/#\\\/schema\\\/logo\\\/image\\\/\"}}]}<\/script>\n<meta property=\"product:price:amount\" content=\"49.50\" \/>\n<meta property=\"product:price:currency\" content=\"CHF\" \/>\n<meta property=\"og:availability\" content=\"instock\" \/>\n<meta property=\"product:availability\" content=\"instock\" \/>\n<meta property=\"product:condition\" content=\"new\" \/>\n<!-- \/ Yoast SEO Premium plugin. -->","yoast_head_json":{"title":"Reines Bio Gel\u00e9e Royale | B-Vitamine, Spurenelemente","description":"Reines Bio Gel\u00e9e Royale ist eine konzentrierte Form des Gel\u00e9e Royale, das von den Bienen ausschliesslich zur Ern\u00e4hrung ihrer K\u00f6nigin abgesondert wird.","robots":{"index":"index","follow":"follow","max-snippet":"max-snippet:-1","max-image-preview":"max-image-preview:large","max-video-preview":"max-video-preview:-1"},"canonical":"https:\/\/biogestion.ch\/de\/shop\/gesundheit-immunsystem\/reines-bio-gelee-royale\/","twitter_misc":{"Preis":"49.50&nbsp;&#67;&#72;&#70;","Verf\u00fcgbarkeit":"Auf Lager"},"schema":{"@context":"https:\/\/schema.org","@graph":[{"@type":"WebPage","@id":"https:\/\/biogestion.ch\/de\/shop\/gesundheit-immunsystem\/reines-bio-gelee-royale\/","url":"https:\/\/biogestion.ch\/de\/shop\/gesundheit-immunsystem\/reines-bio-gelee-royale\/","name":"Reines Bio Gel\u00e9e Royale | B-Vitamine, Spurenelemente","isPartOf":{"@id":"https:\/\/biogestion.ch\/de\/#website"},"primaryImageOfPage":{"@id":"https:\/\/biogestion.ch\/de\/shop\/gesundheit-immunsystem\/reines-bio-gelee-royale\/#primaryimage"},"image":{"@id":"https:\/\/biogestion.ch\/de\/shop\/gesundheit-immunsystem\/reines-bio-gelee-royale\/#primaryimage"},"thumbnailUrl":"https:\/\/biogestion.ch\/wp-content\/uploads\/2016\/05\/BG_2024_Web_Gelee-Royale-Bio-Pure.jpeg","datePublished":"2021-10-12T09:26:14+00:00","dateModified":"2026-04-02T13:30:07+00:00","description":"Reines Bio Gel\u00e9e Royale ist eine konzentrierte Form des Gel\u00e9e Royale, das von den Bienen ausschliesslich zur Ern\u00e4hrung ihrer K\u00f6nigin abgesondert wird.","breadcrumb":{"@id":"https:\/\/biogestion.ch\/de\/shop\/gesundheit-immunsystem\/reines-bio-gelee-royale\/#breadcrumb"},"inLanguage":"de","potentialAction":[{"@type":"ReadAction","target":["https:\/\/biogestion.ch\/de\/shop\/gesundheit-immunsystem\/reines-bio-gelee-royale\/"]}]},{"@type":"ImageObject","inLanguage":"de","@id":"https:\/\/biogestion.ch\/de\/shop\/gesundheit-immunsystem\/reines-bio-gelee-royale\/#primaryimage","url":"https:\/\/biogestion.ch\/wp-content\/uploads\/2016\/05\/BG_2024_Web_Gelee-Royale-Bio-Pure.jpeg","contentUrl":"https:\/\/biogestion.ch\/wp-content\/uploads\/2016\/05\/BG_2024_Web_Gelee-Royale-Bio-Pure.jpeg","width":1024,"height":1024,"caption":"Riche en nutriments essentiels, la Gel\u00e9e Royale Bio Pure aide \u00e0 renforcer le syst\u00e8me immunitaire et agit favorablement en cas de fatigue."},{"@type":"BreadcrumbList","@id":"https:\/\/biogestion.ch\/de\/shop\/gesundheit-immunsystem\/reines-bio-gelee-royale\/#breadcrumb","itemListElement":[{"@type":"ListItem","position":1,"name":"Bio-Gestion","item":"https:\/\/biogestion.ch\/"},{"@type":"ListItem","position":2,"name":"Shop","item":"https:\/\/biogestion.ch\/de\/shop\/"},{"@type":"ListItem","position":3,"name":"Reines Bio Gelee Royale"}]},{"@type":"WebSite","@id":"https:\/\/biogestion.ch\/de\/#website","url":"https:\/\/biogestion.ch\/de\/","name":"Bio-Gestion","description":"Les compl\u00e9ments alimentaires suisses","publisher":{"@id":"https:\/\/biogestion.ch\/de\/#organization"},"potentialAction":[{"@type":"SearchAction","target":{"@type":"EntryPoint","urlTemplate":"https:\/\/biogestion.ch\/de\/?s={search_term_string}"},"query-input":{"@type":"PropertyValueSpecification","valueRequired":true,"valueName":"search_term_string"}}],"inLanguage":"de"},{"@type":"Organization","@id":"https:\/\/biogestion.ch\/de\/#organization","name":"Bio-Gestion SA","url":"https:\/\/biogestion.ch\/de\/","logo":{"@type":"ImageObject","inLanguage":"de","@id":"https:\/\/biogestion.ch\/de\/#\/schema\/logo\/image\/","url":"https:\/\/biogestion.ch\/wp-content\/uploads\/2016\/05\/logo.png","contentUrl":"https:\/\/biogestion.ch\/wp-content\/uploads\/2016\/05\/logo.png","width":200,"height":38,"caption":"Bio-Gestion SA"},"image":{"@id":"https:\/\/biogestion.ch\/de\/#\/schema\/logo\/image\/"}}]},"product_price_amount":"49.50","product_price_currency":"CHF","og_availability":"instock","product_availability":"instock","product_condition":"new"},"_links":{"self":[{"href":"https:\/\/biogestion.ch\/de\/wp-json\/wp\/v2\/product\/12733","targetHints":{"allow":["GET"]}}],"collection":[{"href":"https:\/\/biogestion.ch\/de\/wp-json\/wp\/v2\/product"}],"about":[{"href":"https:\/\/biogestion.ch\/de\/wp-json\/wp\/v2\/types\/product"}],"replies":[{"embeddable":true,"href":"https:\/\/biogestion.ch\/de\/wp-json\/wp\/v2\/comments?post=12733"}],"version-history":[{"count":0,"href":"https:\/\/biogestion.ch\/de\/wp-json\/wp\/v2\/product\/12733\/revisions"}],"wp:featuredmedia":[{"embeddable":true,"href":"https:\/\/biogestion.ch\/de\/wp-json\/wp\/v2\/media\/28290"}],"wp:attachment":[{"href":"https:\/\/biogestion.ch\/de\/wp-json\/wp\/v2\/media?parent=12733"}],"wp:term":[{"taxonomy":"product_brand","embeddable":true,"href":"https:\/\/biogestion.ch\/de\/wp-json\/wp\/v2\/product_brand?post=12733"},{"taxonomy":"product_cat","embeddable":true,"href":"https:\/\/biogestion.ch\/de\/wp-json\/wp\/v2\/product_cat?post=12733"},{"taxonomy":"product_tag","embeddable":true,"href":"https:\/\/biogestion.ch\/de\/wp-json\/wp\/v2\/product_tag?post=12733"}],"curies":[{"name":"wp","href":"https:\/\/api.w.org\/{rel}","templated":true}]}}