{"id":12653,"date":"2021-10-01T10:28:23","date_gmt":"2021-10-01T08:28:23","guid":{"rendered":"https:\/\/biogestion.ch\/boutique\/unkategorisiert\/tensiometre-de-poignet\/"},"modified":"2026-02-26T14:29:52","modified_gmt":"2026-02-26T13:29:52","slug":"blutdruckmessgeraet","status":"publish","type":"product","link":"https:\/\/biogestion.ch\/de\/shop\/zubehoer\/blutdruckmessgeraet\/","title":{"rendered":"Blutdruckmessger\u00e4t"},"content":{"rendered":"<h3 data-pm-slice=\"1 3 []\" data-en-clipboard=\"true\">Zuverl\u00e4ssig, einfach und f\u00fcr jedermann leicht anwendbar, hilft es, den mit Bluthochdruck verbundenen Risiken vorzubeugen.<\/h3>\n<p>Legen Sie die Manschette einfach um Ihr Handgelenk und dr\u00fccken Sie den &#8222;On&#8220;-Knopf. Ihre Arbeit ist getan.<\/p>\n<p>Die Manschette bl\u00e4st sich automatisch leicht auf und beginnt den Druck zu messen!<\/p>\n<p>Auf diese Weise wird Ihr Blutdruckmessger\u00e4t die von der Arterienwand \u00fcbertragenen Schwingungen \u00abwahrnehmen\u00bb und diese Daten in elektrische Signale umwandeln. Es liefert dann in Sekundenschnelle genaue Ergebnisse.<\/p>\n<p>Leicht (nur 118 g) und kompakt (70*75*25 mm), k\u00f6nnen Sie es mit der mitgelieferten Transporth\u00fclle \u00fcberallhin mitnehmen.<\/p>\n<h4>Die Vorteile des Blutdruckmessger\u00e4ts:<\/h4>\n<ul>\n<li>Genaue Ablesung: Zuverl\u00e4ssigkeit auf professionellem Niveau<\/li>\n<li>Einfach zu bedienen: Ablesen am Handgelenk<\/li>\n<li>Kompakt und leicht<\/li>\n<li>Grosses LCD-Display<\/li>\n<li>2 Benutzer Kapazit\u00e4t<\/li>\n<li>Batteriebetrieben, um es \u00fcberallhin mitzunehmen<\/li>\n<p>\n<\/ul>\n<p><em>Einheitspreis: 78.40 CHF\/St\u00fcck<\/em><br \/>\n<em>Ab 3 St\u00fcck: 72.90 CHF\/St\u00fcck<\/em><\/p>\n","protected":false},"excerpt":{"rendered":"<p>Zuverl\u00e4ssig, einfach und f\u00fcr jedermann leicht anwendbar, tr\u00e4gt es dazu bei, die mit Bluthochdruck verbundenen Risiken zu vermeiden.<\/p>\n","protected":false},"featured_media":28361,"comment_status":"open","ping_status":"closed","template":"","meta":[],"product_brand":[1689],"product_cat":[1599],"product_tag":[],"class_list":{"0":"post-12653","1":"product","2":"type-product","3":"status-publish","4":"has-post-thumbnail","6":"product_brand-bio-gestion","7":"product_cat-zubehoer","9":"first","10":"instock","11":"sale","12":"taxable","13":"shipping-taxable","14":"purchasable","15":"product-type-simple"},"yoast_head":"<!-- This site is optimized with the Yoast SEO Premium plugin v27.3 (Yoast SEO v27.3) - https:\/\/yoast.com\/product\/yoast-seo-premium-wordpress\/ -->\n<title>Handgelenk-Blutdruckmessger\u00e4t | Zubeh\u00f6r | Bio-Gestion<\/title>\n<meta name=\"description\" content=\"Zuverl\u00e4ssig, einfach und f\u00fcr jedermann leicht anwendbar, tr\u00e4gt es dazu bei, die mit Bluthochdruck verbundenen Risiken zu vermeiden.\" \/>\n<meta name=\"robots\" content=\"index, follow, max-snippet:-1, max-image-preview:large, max-video-preview:-1\" \/>\n<link rel=\"canonical\" href=\"https:\/\/biogestion.ch\/de\/shop\/zubehoer\/blutdruckmessgeraet\/\" \/>\n<meta name=\"twitter:label1\" content=\"Preis\" \/>\n\t<meta name=\"twitter:data1\" content=\"47.00&nbsp;&#067;&#072;&#070;\" \/>\n\t<meta name=\"twitter:label2\" content=\"Verf\u00fcgbarkeit\" \/>\n\t<meta name=\"twitter:data2\" content=\"Auf Lager\" \/>\n<script type=\"application\/ld+json\" class=\"yoast-schema-graph\">{\"@context\":\"https:\\\/\\\/schema.org\",\"@graph\":[{\"@type\":\"WebPage\",\"@id\":\"https:\\\/\\\/biogestion.ch\\\/de\\\/shop\\\/zubehoer\\\/blutdruckmessgeraet\\\/\",\"url\":\"https:\\\/\\\/biogestion.ch\\\/de\\\/shop\\\/zubehoer\\\/blutdruckmessgeraet\\\/\",\"name\":\"Handgelenk-Blutdruckmessger\u00e4t | Zubeh\u00f6r | Bio-Gestion\",\"isPartOf\":{\"@id\":\"https:\\\/\\\/biogestion.ch\\\/de\\\/#website\"},\"primaryImageOfPage\":{\"@id\":\"https:\\\/\\\/biogestion.ch\\\/de\\\/shop\\\/zubehoer\\\/blutdruckmessgeraet\\\/#primaryimage\"},\"image\":{\"@id\":\"https:\\\/\\\/biogestion.ch\\\/de\\\/shop\\\/zubehoer\\\/blutdruckmessgeraet\\\/#primaryimage\"},\"thumbnailUrl\":\"https:\\\/\\\/biogestion.ch\\\/wp-content\\\/uploads\\\/2025\\\/10\\\/BG_2025_Tensiometre-de-Poignet.png\",\"datePublished\":\"2021-10-01T08:28:23+00:00\",\"dateModified\":\"2026-02-26T13:29:52+00:00\",\"description\":\"Zuverl\u00e4ssig, einfach und f\u00fcr jedermann leicht anwendbar, tr\u00e4gt es dazu bei, die mit Bluthochdruck verbundenen Risiken zu vermeiden.\",\"breadcrumb\":{\"@id\":\"https:\\\/\\\/biogestion.ch\\\/de\\\/shop\\\/zubehoer\\\/blutdruckmessgeraet\\\/#breadcrumb\"},\"inLanguage\":\"de\",\"potentialAction\":[{\"@type\":\"ReadAction\",\"target\":[\"https:\\\/\\\/biogestion.ch\\\/de\\\/shop\\\/zubehoer\\\/blutdruckmessgeraet\\\/\"]}]},{\"@type\":\"ImageObject\",\"inLanguage\":\"de\",\"@id\":\"https:\\\/\\\/biogestion.ch\\\/de\\\/shop\\\/zubehoer\\\/blutdruckmessgeraet\\\/#primaryimage\",\"url\":\"https:\\\/\\\/biogestion.ch\\\/wp-content\\\/uploads\\\/2025\\\/10\\\/BG_2025_Tensiometre-de-Poignet.png\",\"contentUrl\":\"https:\\\/\\\/biogestion.ch\\\/wp-content\\\/uploads\\\/2025\\\/10\\\/BG_2025_Tensiometre-de-Poignet.png\",\"width\":836,\"height\":783},{\"@type\":\"BreadcrumbList\",\"@id\":\"https:\\\/\\\/biogestion.ch\\\/de\\\/shop\\\/zubehoer\\\/blutdruckmessgeraet\\\/#breadcrumb\",\"itemListElement\":[{\"@type\":\"ListItem\",\"position\":1,\"name\":\"Bio-Gestion\",\"item\":\"https:\\\/\\\/biogestion.ch\\\/\"},{\"@type\":\"ListItem\",\"position\":2,\"name\":\"Shop\",\"item\":\"https:\\\/\\\/biogestion.ch\\\/de\\\/shop\\\/\"},{\"@type\":\"ListItem\",\"position\":3,\"name\":\"Blutdruckmessger\u00e4t\"}]},{\"@type\":\"WebSite\",\"@id\":\"https:\\\/\\\/biogestion.ch\\\/de\\\/#website\",\"url\":\"https:\\\/\\\/biogestion.ch\\\/de\\\/\",\"name\":\"Bio-Gestion\",\"description\":\"Les compl\u00e9ments alimentaires suisses\",\"publisher\":{\"@id\":\"https:\\\/\\\/biogestion.ch\\\/de\\\/#organization\"},\"potentialAction\":[{\"@type\":\"SearchAction\",\"target\":{\"@type\":\"EntryPoint\",\"urlTemplate\":\"https:\\\/\\\/biogestion.ch\\\/de\\\/?s={search_term_string}\"},\"query-input\":{\"@type\":\"PropertyValueSpecification\",\"valueRequired\":true,\"valueName\":\"search_term_string\"}}],\"inLanguage\":\"de\"},{\"@type\":\"Organization\",\"@id\":\"https:\\\/\\\/biogestion.ch\\\/de\\\/#organization\",\"name\":\"Bio-Gestion SA\",\"url\":\"https:\\\/\\\/biogestion.ch\\\/de\\\/\",\"logo\":{\"@type\":\"ImageObject\",\"inLanguage\":\"de\",\"@id\":\"https:\\\/\\\/biogestion.ch\\\/de\\\/#\\\/schema\\\/logo\\\/image\\\/\",\"url\":\"https:\\\/\\\/biogestion.ch\\\/wp-content\\\/uploads\\\/2016\\\/05\\\/logo.png\",\"contentUrl\":\"https:\\\/\\\/biogestion.ch\\\/wp-content\\\/uploads\\\/2016\\\/05\\\/logo.png\",\"width\":200,\"height\":38,\"caption\":\"Bio-Gestion SA\"},\"image\":{\"@id\":\"https:\\\/\\\/biogestion.ch\\\/de\\\/#\\\/schema\\\/logo\\\/image\\\/\"}}]}<\/script>\n<meta property=\"product:price:amount\" content=\"47.00\" \/>\n<meta property=\"product:price:currency\" content=\"CHF\" \/>\n<meta property=\"og:availability\" content=\"instock\" \/>\n<meta property=\"product:availability\" content=\"instock\" \/>\n<meta property=\"product:condition\" content=\"new\" \/>\n<!-- \/ Yoast SEO Premium plugin. -->","yoast_head_json":{"title":"Handgelenk-Blutdruckmessger\u00e4t | Zubeh\u00f6r | Bio-Gestion","description":"Zuverl\u00e4ssig, einfach und f\u00fcr jedermann leicht anwendbar, tr\u00e4gt es dazu bei, die mit Bluthochdruck verbundenen Risiken zu vermeiden.","robots":{"index":"index","follow":"follow","max-snippet":"max-snippet:-1","max-image-preview":"max-image-preview:large","max-video-preview":"max-video-preview:-1"},"canonical":"https:\/\/biogestion.ch\/de\/shop\/zubehoer\/blutdruckmessgeraet\/","twitter_misc":{"Preis":"47.00&nbsp;&#67;&#72;&#70;","Verf\u00fcgbarkeit":"Auf Lager"},"schema":{"@context":"https:\/\/schema.org","@graph":[{"@type":"WebPage","@id":"https:\/\/biogestion.ch\/de\/shop\/zubehoer\/blutdruckmessgeraet\/","url":"https:\/\/biogestion.ch\/de\/shop\/zubehoer\/blutdruckmessgeraet\/","name":"Handgelenk-Blutdruckmessger\u00e4t | Zubeh\u00f6r | Bio-Gestion","isPartOf":{"@id":"https:\/\/biogestion.ch\/de\/#website"},"primaryImageOfPage":{"@id":"https:\/\/biogestion.ch\/de\/shop\/zubehoer\/blutdruckmessgeraet\/#primaryimage"},"image":{"@id":"https:\/\/biogestion.ch\/de\/shop\/zubehoer\/blutdruckmessgeraet\/#primaryimage"},"thumbnailUrl":"https:\/\/biogestion.ch\/wp-content\/uploads\/2025\/10\/BG_2025_Tensiometre-de-Poignet.png","datePublished":"2021-10-01T08:28:23+00:00","dateModified":"2026-02-26T13:29:52+00:00","description":"Zuverl\u00e4ssig, einfach und f\u00fcr jedermann leicht anwendbar, tr\u00e4gt es dazu bei, die mit Bluthochdruck verbundenen Risiken zu vermeiden.","breadcrumb":{"@id":"https:\/\/biogestion.ch\/de\/shop\/zubehoer\/blutdruckmessgeraet\/#breadcrumb"},"inLanguage":"de","potentialAction":[{"@type":"ReadAction","target":["https:\/\/biogestion.ch\/de\/shop\/zubehoer\/blutdruckmessgeraet\/"]}]},{"@type":"ImageObject","inLanguage":"de","@id":"https:\/\/biogestion.ch\/de\/shop\/zubehoer\/blutdruckmessgeraet\/#primaryimage","url":"https:\/\/biogestion.ch\/wp-content\/uploads\/2025\/10\/BG_2025_Tensiometre-de-Poignet.png","contentUrl":"https:\/\/biogestion.ch\/wp-content\/uploads\/2025\/10\/BG_2025_Tensiometre-de-Poignet.png","width":836,"height":783},{"@type":"BreadcrumbList","@id":"https:\/\/biogestion.ch\/de\/shop\/zubehoer\/blutdruckmessgeraet\/#breadcrumb","itemListElement":[{"@type":"ListItem","position":1,"name":"Bio-Gestion","item":"https:\/\/biogestion.ch\/"},{"@type":"ListItem","position":2,"name":"Shop","item":"https:\/\/biogestion.ch\/de\/shop\/"},{"@type":"ListItem","position":3,"name":"Blutdruckmessger\u00e4t"}]},{"@type":"WebSite","@id":"https:\/\/biogestion.ch\/de\/#website","url":"https:\/\/biogestion.ch\/de\/","name":"Bio-Gestion","description":"Les compl\u00e9ments alimentaires suisses","publisher":{"@id":"https:\/\/biogestion.ch\/de\/#organization"},"potentialAction":[{"@type":"SearchAction","target":{"@type":"EntryPoint","urlTemplate":"https:\/\/biogestion.ch\/de\/?s={search_term_string}"},"query-input":{"@type":"PropertyValueSpecification","valueRequired":true,"valueName":"search_term_string"}}],"inLanguage":"de"},{"@type":"Organization","@id":"https:\/\/biogestion.ch\/de\/#organization","name":"Bio-Gestion SA","url":"https:\/\/biogestion.ch\/de\/","logo":{"@type":"ImageObject","inLanguage":"de","@id":"https:\/\/biogestion.ch\/de\/#\/schema\/logo\/image\/","url":"https:\/\/biogestion.ch\/wp-content\/uploads\/2016\/05\/logo.png","contentUrl":"https:\/\/biogestion.ch\/wp-content\/uploads\/2016\/05\/logo.png","width":200,"height":38,"caption":"Bio-Gestion SA"},"image":{"@id":"https:\/\/biogestion.ch\/de\/#\/schema\/logo\/image\/"}}]},"product_price_amount":"47.00","product_price_currency":"CHF","og_availability":"instock","product_availability":"instock","product_condition":"new"},"_links":{"self":[{"href":"https:\/\/biogestion.ch\/de\/wp-json\/wp\/v2\/product\/12653","targetHints":{"allow":["GET"]}}],"collection":[{"href":"https:\/\/biogestion.ch\/de\/wp-json\/wp\/v2\/product"}],"about":[{"href":"https:\/\/biogestion.ch\/de\/wp-json\/wp\/v2\/types\/product"}],"replies":[{"embeddable":true,"href":"https:\/\/biogestion.ch\/de\/wp-json\/wp\/v2\/comments?post=12653"}],"version-history":[{"count":0,"href":"https:\/\/biogestion.ch\/de\/wp-json\/wp\/v2\/product\/12653\/revisions"}],"wp:featuredmedia":[{"embeddable":true,"href":"https:\/\/biogestion.ch\/de\/wp-json\/wp\/v2\/media\/28361"}],"wp:attachment":[{"href":"https:\/\/biogestion.ch\/de\/wp-json\/wp\/v2\/media?parent=12653"}],"wp:term":[{"taxonomy":"product_brand","embeddable":true,"href":"https:\/\/biogestion.ch\/de\/wp-json\/wp\/v2\/product_brand?post=12653"},{"taxonomy":"product_cat","embeddable":true,"href":"https:\/\/biogestion.ch\/de\/wp-json\/wp\/v2\/product_cat?post=12653"},{"taxonomy":"product_tag","embeddable":true,"href":"https:\/\/biogestion.ch\/de\/wp-json\/wp\/v2\/product_tag?post=12653"}],"curies":[{"name":"wp","href":"https:\/\/api.w.org\/{rel}","templated":true}]}}