{"id":10721,"date":"2021-05-14T09:35:26","date_gmt":"2021-05-14T07:35:26","guid":{"rendered":"https:\/\/biogestion.ch\/?post_type=product&#038;p=10721"},"modified":"2026-03-06T10:47:45","modified_gmt":"2026-03-06T09:47:45","slug":"chondrolagen-forte","status":"publish","type":"product","link":"https:\/\/biogestion.ch\/de\/shop\/mobilitaet\/chondrolagen-forte\/","title":{"rendered":"Chondrolagen Forte"},"content":{"rendered":"<h2 draggable=\"false\" data-pm-slice=\"1 1 []\" data-en-clipboard=\"true\">Chondrolagen Forte liefert Ihren Gelenken die N\u00e4hrstoffe, die sie am meisten brauchen.<\/h2>\n<p draggable=\"false\">Chondrolagen Forte ist eine <b>synergetische Formulierung<\/b> aus <b>Meereskollagen<\/b> und einem <b>optimierten Mikron\u00e4hrstoffkomplex<\/b>. Das Produkt eignet sich sowohl f\u00fcr <b>aktive Personen ab 50 Jahren<\/b> als auch f\u00fcr <b>regelm\u00e4ssig sporttreibende Menschen<\/b>, die ihre Gelenke langfristig sch\u00fctzen m\u00f6chten.<\/p>\n<h4 draggable=\"false\">Eine vollst\u00e4ndige Formel f\u00fcr Ihre Gelenke<\/h4>\n<h5 draggable=\"false\">Glucosamin und Chondroitin<\/h5>\n<p draggable=\"false\">Glucosamin ist eine <b>nat\u00fcrliche Verbindung im Gelenkknorpel<\/b> und ein wesentlicher Bestandteil des Bindegewebes. Chondroitin tr\u00e4gt dazu bei, die <b>Festigkeit des Knorpels<\/b>, seine Elastizit\u00e4t und seine <b>stossd\u00e4mpfenden Eigenschaften<\/b> zu erhalten. Beide Wirkstoffe wirken synergistisch und unterst\u00fctzen den <b>t\u00e4glichen Gelenkkomfort<\/b>.<\/p>\n<h5 draggable=\"false\">Meereskollagen<\/h5>\n<p draggable=\"false\">Marine Kollagenpeptide werden vom K\u00f6rper <b>leicht aufgenommen<\/b>. Kollagen ist das <b>wichtigste Strukturprotein<\/b> Ihrer Sehnen, B\u00e4nder, Gelenke, Knochen und Muskeln. Proteine tragen zur <b>Aufrechterhaltung einer normalen Knochenmasse<\/b> und zur <b>Zunahme der Muskelmasse<\/b> bei.* Die k\u00f6rpereigene Kollagenproduktion <b>nimmt mit dem Alter nat\u00fcrlich ab<\/b>, was sich schrittweise in einer langsameren Erholung und einem verringerten Gelenkkomfort bemerkbar macht.<\/p>\n<h5 draggable=\"false\">Kupfer<\/h5>\n<p draggable=\"false\">Chondrolagen Forte enth\u00e4lt 15,5 % der Referenzzufuhr an Kupfer, das zur <b>Aufrechterhaltung des normalen Bindegewebes<\/b>, einschliesslich Knorpel, beitr\u00e4gt.**<\/p>\n<h5 draggable=\"false\">Mangan<\/h5>\n<p draggable=\"false\">Enth\u00e4lt 16,8 % der Referenzzufuhr an Mangan, das zur <b>Aufrechterhaltung einer normalen Knochenmasse<\/b> und zur <b>normalen Bildung von Bindegewebe<\/b> beitr\u00e4gt.***<\/p>\n<h5 draggable=\"false\">M\u00e4des\u00fcss<\/h5>\n<p draggable=\"false\">Diese Alpenpflanze, bekannt f\u00fcr ihren Reichtum an <b>Flavonoiden und Salicylaten<\/b>, erg\u00e4nzt diese Zusammensetzung f\u00fcr eine <b>umfassende Gelenkunterst\u00fctzung<\/b>.<\/p>\n<h4 draggable=\"false\">Besonders geeignet f\u00fcr aktive Sportlerinnen und Sportler<\/h4>\n<p draggable=\"false\">Regelm\u00e4ssiger Sport beansprucht Knorpel, Sehnen und B\u00e4nder intensiv. Laufen, Krafttraining, Mannschaftssport, Kontaktsport, all diese Disziplinen f\u00fchren zu einem <b>schrittweisen Verschleiss des Bindegewebes<\/b>, der <b>ab dem dreissigsten Lebensjahr<\/b> nat\u00fcrlicherweise zunimmt.<\/p>\n<p draggable=\"false\">Chondrolagen Forte begleitet aktive Sportlerinnen und Sportler, indem es die am st\u00e4rksten beanspruchten Gelenke wie <b>Knie, Kn\u00f6chel, Schultern und H\u00fcften<\/b> unterst\u00fctzt und langfristig zur Gesundheit der Sehnen beitr\u00e4gt. Die Wirkung tritt schrittweise ein, f\u00fcr ein optimales Ergebnis wird eine regelm\u00e4ssige Einnahme von <b>2 bis 3 Monaten<\/b> empfohlen.<\/p>\n<p draggable=\"false\">Um die Wirksamkeit des Kollagens zu maximieren, wird empfohlen, Chondrolagen Forte <b>morgens zusammen mit einer Vitamin-C-Quelle<\/b> einzunehmen, ein frisches St\u00fcck Obst oder eine Brausetablette gen\u00fcgen.<\/p>\n<h4 draggable=\"false\">Wissenschaftliche und regulatorische Grundlagen<\/h4>\n<p draggable=\"false\">* Proteine tragen zur Aufrechterhaltung einer normalen Knochenmasse und zur Zunahme der Muskelmasse bei.<\/p>\n<p draggable=\"false\">** Kupfer tr\u00e4gt zur Aufrechterhaltung des normalen Bindegewebes, einschliesslich Knorpel, bei.<\/p>\n<p draggable=\"false\">*** Mangan tr\u00e4gt zur Aufrechterhaltung einer normalen Knochenmasse und zur normalen Bildung von Bindegewebe bei.<\/p>\n<p draggable=\"false\"><i>Aussagen best\u00e4tigt durch die Verordnung des Eidgen\u00f6ssischen Departements des Innern \u00fcber Lebensmittel und Gebrauchsgegenst\u00e4nde (LGV) sowie durch die Europ\u00e4ische Beh\u00f6rde f\u00fcr Lebensmittelsicherheit (EFSA).<\/i><\/p>\n<p><em>In Frankreich hergestellt.<\/em><\/p>\n","protected":false},"excerpt":{"rendered":"<p>Chondrolagen Forte liefert Ihren Gelenken die N\u00e4hrstoffe, die sie am meisten brauchen.<\/p>\n","protected":false},"featured_media":28265,"comment_status":"open","ping_status":"closed","template":"","meta":[],"product_brand":[],"product_cat":[1507,1511],"product_tag":[],"class_list":{"0":"post-10721","1":"product","2":"type-product","3":"status-publish","4":"has-post-thumbnail","6":"product_cat-mobilitaet","7":"product_cat-sport","9":"first","10":"instock","11":"taxable","12":"shipping-taxable","13":"purchasable","14":"product-type-simple"},"yoast_head":"<!-- This site is optimized with the Yoast SEO Premium plugin v27.4 (Yoast SEO v27.4) - https:\/\/yoast.com\/product\/yoast-seo-premium-wordpress\/ -->\n<title>Chondrolagen Forte | Meereskollagen, Glucosamin, Chondroitin<\/title>\n<meta name=\"description\" content=\"Chondrolagen Forte ist einfach einzunehmen und reich an Proteinen und enth\u00e4lt Meereskollagen, Glucosamin, Chondroitin und M\u00e4des\u00fcss.\" \/>\n<meta name=\"robots\" content=\"index, follow, max-snippet:-1, max-image-preview:large, max-video-preview:-1\" \/>\n<link rel=\"canonical\" href=\"https:\/\/biogestion.ch\/shop\/mobilite\/chondrolagen-forte\/\" \/>\n<meta name=\"twitter:label1\" content=\"Preis\" \/>\n\t<meta name=\"twitter:data1\" content=\"69.90&nbsp;&#067;&#072;&#070;\" \/>\n\t<meta name=\"twitter:label2\" content=\"Verf\u00fcgbarkeit\" \/>\n\t<meta name=\"twitter:data2\" content=\"Auf Lager\" \/>\n<script type=\"application\/ld+json\" class=\"yoast-schema-graph\">{\"@context\":\"https:\\\/\\\/schema.org\",\"@graph\":[{\"@type\":\"WebPage\",\"@id\":\"https:\\\/\\\/biogestion.ch\\\/shop\\\/mobilite\\\/chondrolagen-forte\\\/\",\"url\":\"https:\\\/\\\/biogestion.ch\\\/shop\\\/mobilite\\\/chondrolagen-forte\\\/\",\"name\":\"Chondrolagen Forte | Meereskollagen, Glucosamin, Chondroitin\",\"isPartOf\":{\"@id\":\"https:\\\/\\\/biogestion.ch\\\/de\\\/#website\"},\"primaryImageOfPage\":{\"@id\":\"https:\\\/\\\/biogestion.ch\\\/shop\\\/mobilite\\\/chondrolagen-forte\\\/#primaryimage\"},\"image\":{\"@id\":\"https:\\\/\\\/biogestion.ch\\\/shop\\\/mobilite\\\/chondrolagen-forte\\\/#primaryimage\"},\"thumbnailUrl\":\"https:\\\/\\\/biogestion.ch\\\/wp-content\\\/uploads\\\/2025\\\/10\\\/BG_2024_Web_Chondrolagen-Forte.jpeg\",\"datePublished\":\"2021-05-14T07:35:26+00:00\",\"dateModified\":\"2026-03-06T09:47:45+00:00\",\"description\":\"Chondrolagen Forte ist einfach einzunehmen und reich an Proteinen und enth\u00e4lt Meereskollagen, Glucosamin, Chondroitin und M\u00e4des\u00fcss.\",\"breadcrumb\":{\"@id\":\"https:\\\/\\\/biogestion.ch\\\/shop\\\/mobilite\\\/chondrolagen-forte\\\/#breadcrumb\"},\"inLanguage\":\"de\",\"potentialAction\":[{\"@type\":\"ReadAction\",\"target\":[\"https:\\\/\\\/biogestion.ch\\\/shop\\\/mobilite\\\/chondrolagen-forte\\\/\"]}]},{\"@type\":\"ImageObject\",\"inLanguage\":\"de\",\"@id\":\"https:\\\/\\\/biogestion.ch\\\/shop\\\/mobilite\\\/chondrolagen-forte\\\/#primaryimage\",\"url\":\"https:\\\/\\\/biogestion.ch\\\/wp-content\\\/uploads\\\/2025\\\/10\\\/BG_2024_Web_Chondrolagen-Forte.jpeg\",\"contentUrl\":\"https:\\\/\\\/biogestion.ch\\\/wp-content\\\/uploads\\\/2025\\\/10\\\/BG_2024_Web_Chondrolagen-Forte.jpeg\",\"width\":1024,\"height\":1024,\"caption\":\"Chondrolagen Forte contient du collag\u00e8ne marin, de la glucosamine, de la Reine des pr\u00e9s et de la Chondro\u00eftine.\"},{\"@type\":\"BreadcrumbList\",\"@id\":\"https:\\\/\\\/biogestion.ch\\\/shop\\\/mobilite\\\/chondrolagen-forte\\\/#breadcrumb\",\"itemListElement\":[{\"@type\":\"ListItem\",\"position\":1,\"name\":\"Bio-Gestion\",\"item\":\"https:\\\/\\\/biogestion.ch\\\/\"},{\"@type\":\"ListItem\",\"position\":2,\"name\":\"Shop\",\"item\":\"https:\\\/\\\/biogestion.ch\\\/de\\\/shop\\\/\"},{\"@type\":\"ListItem\",\"position\":3,\"name\":\"Chondrolagen Forte\"}]},{\"@type\":\"WebSite\",\"@id\":\"https:\\\/\\\/biogestion.ch\\\/de\\\/#website\",\"url\":\"https:\\\/\\\/biogestion.ch\\\/de\\\/\",\"name\":\"Bio-Gestion\",\"description\":\"Les compl\u00e9ments alimentaires suisses\",\"publisher\":{\"@id\":\"https:\\\/\\\/biogestion.ch\\\/de\\\/#organization\"},\"potentialAction\":[{\"@type\":\"SearchAction\",\"target\":{\"@type\":\"EntryPoint\",\"urlTemplate\":\"https:\\\/\\\/biogestion.ch\\\/de\\\/?s={search_term_string}\"},\"query-input\":{\"@type\":\"PropertyValueSpecification\",\"valueRequired\":true,\"valueName\":\"search_term_string\"}}],\"inLanguage\":\"de\"},{\"@type\":\"Organization\",\"@id\":\"https:\\\/\\\/biogestion.ch\\\/de\\\/#organization\",\"name\":\"Bio-Gestion SA\",\"url\":\"https:\\\/\\\/biogestion.ch\\\/de\\\/\",\"logo\":{\"@type\":\"ImageObject\",\"inLanguage\":\"de\",\"@id\":\"https:\\\/\\\/biogestion.ch\\\/de\\\/#\\\/schema\\\/logo\\\/image\\\/\",\"url\":\"https:\\\/\\\/biogestion.ch\\\/wp-content\\\/uploads\\\/2016\\\/05\\\/logo.png\",\"contentUrl\":\"https:\\\/\\\/biogestion.ch\\\/wp-content\\\/uploads\\\/2016\\\/05\\\/logo.png\",\"width\":200,\"height\":38,\"caption\":\"Bio-Gestion SA\"},\"image\":{\"@id\":\"https:\\\/\\\/biogestion.ch\\\/de\\\/#\\\/schema\\\/logo\\\/image\\\/\"}}]}<\/script>\n<meta property=\"product:price:amount\" content=\"69.90\" \/>\n<meta property=\"product:price:currency\" content=\"CHF\" \/>\n<meta property=\"og:availability\" content=\"instock\" \/>\n<meta property=\"product:availability\" content=\"instock\" \/>\n<meta property=\"product:condition\" content=\"new\" \/>\n<!-- \/ Yoast SEO Premium plugin. -->","yoast_head_json":{"title":"Chondrolagen Forte | Meereskollagen, Glucosamin, Chondroitin","description":"Chondrolagen Forte ist einfach einzunehmen und reich an Proteinen und enth\u00e4lt Meereskollagen, Glucosamin, Chondroitin und M\u00e4des\u00fcss.","robots":{"index":"index","follow":"follow","max-snippet":"max-snippet:-1","max-image-preview":"max-image-preview:large","max-video-preview":"max-video-preview:-1"},"canonical":"https:\/\/biogestion.ch\/shop\/mobilite\/chondrolagen-forte\/","twitter_misc":{"Preis":"69.90&nbsp;&#67;&#72;&#70;","Verf\u00fcgbarkeit":"Auf Lager"},"schema":{"@context":"https:\/\/schema.org","@graph":[{"@type":"WebPage","@id":"https:\/\/biogestion.ch\/shop\/mobilite\/chondrolagen-forte\/","url":"https:\/\/biogestion.ch\/shop\/mobilite\/chondrolagen-forte\/","name":"Chondrolagen Forte | Meereskollagen, Glucosamin, Chondroitin","isPartOf":{"@id":"https:\/\/biogestion.ch\/de\/#website"},"primaryImageOfPage":{"@id":"https:\/\/biogestion.ch\/shop\/mobilite\/chondrolagen-forte\/#primaryimage"},"image":{"@id":"https:\/\/biogestion.ch\/shop\/mobilite\/chondrolagen-forte\/#primaryimage"},"thumbnailUrl":"https:\/\/biogestion.ch\/wp-content\/uploads\/2025\/10\/BG_2024_Web_Chondrolagen-Forte.jpeg","datePublished":"2021-05-14T07:35:26+00:00","dateModified":"2026-03-06T09:47:45+00:00","description":"Chondrolagen Forte ist einfach einzunehmen und reich an Proteinen und enth\u00e4lt Meereskollagen, Glucosamin, Chondroitin und M\u00e4des\u00fcss.","breadcrumb":{"@id":"https:\/\/biogestion.ch\/shop\/mobilite\/chondrolagen-forte\/#breadcrumb"},"inLanguage":"de","potentialAction":[{"@type":"ReadAction","target":["https:\/\/biogestion.ch\/shop\/mobilite\/chondrolagen-forte\/"]}]},{"@type":"ImageObject","inLanguage":"de","@id":"https:\/\/biogestion.ch\/shop\/mobilite\/chondrolagen-forte\/#primaryimage","url":"https:\/\/biogestion.ch\/wp-content\/uploads\/2025\/10\/BG_2024_Web_Chondrolagen-Forte.jpeg","contentUrl":"https:\/\/biogestion.ch\/wp-content\/uploads\/2025\/10\/BG_2024_Web_Chondrolagen-Forte.jpeg","width":1024,"height":1024,"caption":"Chondrolagen Forte contient du collag\u00e8ne marin, de la glucosamine, de la Reine des pr\u00e9s et de la Chondro\u00eftine."},{"@type":"BreadcrumbList","@id":"https:\/\/biogestion.ch\/shop\/mobilite\/chondrolagen-forte\/#breadcrumb","itemListElement":[{"@type":"ListItem","position":1,"name":"Bio-Gestion","item":"https:\/\/biogestion.ch\/"},{"@type":"ListItem","position":2,"name":"Shop","item":"https:\/\/biogestion.ch\/de\/shop\/"},{"@type":"ListItem","position":3,"name":"Chondrolagen Forte"}]},{"@type":"WebSite","@id":"https:\/\/biogestion.ch\/de\/#website","url":"https:\/\/biogestion.ch\/de\/","name":"Bio-Gestion","description":"Les compl\u00e9ments alimentaires suisses","publisher":{"@id":"https:\/\/biogestion.ch\/de\/#organization"},"potentialAction":[{"@type":"SearchAction","target":{"@type":"EntryPoint","urlTemplate":"https:\/\/biogestion.ch\/de\/?s={search_term_string}"},"query-input":{"@type":"PropertyValueSpecification","valueRequired":true,"valueName":"search_term_string"}}],"inLanguage":"de"},{"@type":"Organization","@id":"https:\/\/biogestion.ch\/de\/#organization","name":"Bio-Gestion SA","url":"https:\/\/biogestion.ch\/de\/","logo":{"@type":"ImageObject","inLanguage":"de","@id":"https:\/\/biogestion.ch\/de\/#\/schema\/logo\/image\/","url":"https:\/\/biogestion.ch\/wp-content\/uploads\/2016\/05\/logo.png","contentUrl":"https:\/\/biogestion.ch\/wp-content\/uploads\/2016\/05\/logo.png","width":200,"height":38,"caption":"Bio-Gestion SA"},"image":{"@id":"https:\/\/biogestion.ch\/de\/#\/schema\/logo\/image\/"}}]},"product_price_amount":"69.90","product_price_currency":"CHF","og_availability":"instock","product_availability":"instock","product_condition":"new"},"_links":{"self":[{"href":"https:\/\/biogestion.ch\/de\/wp-json\/wp\/v2\/product\/10721","targetHints":{"allow":["GET"]}}],"collection":[{"href":"https:\/\/biogestion.ch\/de\/wp-json\/wp\/v2\/product"}],"about":[{"href":"https:\/\/biogestion.ch\/de\/wp-json\/wp\/v2\/types\/product"}],"replies":[{"embeddable":true,"href":"https:\/\/biogestion.ch\/de\/wp-json\/wp\/v2\/comments?post=10721"}],"version-history":[{"count":0,"href":"https:\/\/biogestion.ch\/de\/wp-json\/wp\/v2\/product\/10721\/revisions"}],"wp:featuredmedia":[{"embeddable":true,"href":"https:\/\/biogestion.ch\/de\/wp-json\/wp\/v2\/media\/28265"}],"wp:attachment":[{"href":"https:\/\/biogestion.ch\/de\/wp-json\/wp\/v2\/media?parent=10721"}],"wp:term":[{"taxonomy":"product_brand","embeddable":true,"href":"https:\/\/biogestion.ch\/de\/wp-json\/wp\/v2\/product_brand?post=10721"},{"taxonomy":"product_cat","embeddable":true,"href":"https:\/\/biogestion.ch\/de\/wp-json\/wp\/v2\/product_cat?post=10721"},{"taxonomy":"product_tag","embeddable":true,"href":"https:\/\/biogestion.ch\/de\/wp-json\/wp\/v2\/product_tag?post=10721"}],"curies":[{"name":"wp","href":"https:\/\/api.w.org\/{rel}","templated":true}]}}