{"id":6319,"date":"2020-05-11T20:47:03","date_gmt":"2020-05-11T18:47:03","guid":{"rendered":"https:\/\/biogestion.ch\/garantiert-hohe-qualitaet-seit-1986\/"},"modified":"2020-05-11T20:47:03","modified_gmt":"2020-05-11T18:47:03","slug":"garantiert-hohe-qualitaet-seit-1986","status":"publish","type":"page","link":"https:\/\/biogestion.ch\/de\/garantiert-hohe-qualitaet-seit-1986\/","title":{"rendered":"Garantiert hohe Qualit\u00e4t seit 1986"},"content":{"rendered":"<h2><strong>UNSERE QUALIT\u00c4TSVERPFLICHTUNGEN!<\/strong><\/h2>\n<ul>\n<li><span style=\"font-weight: 400;\">Kein <\/span><span style=\"font-weight: 400;\">R\u00fcckgriff<\/span><span style=\"font-weight: 400;\"> auf Tierversuche.<\/span><\/li>\n<li><span style=\"font-weight: 400;\">Gew\u00e4hrleistung von Produktqualit\u00e4t und -sicherheit.<\/span><\/li>\n<li><span style=\"font-weight: 400;\">Strikte Einhaltung von Spezifikationen, Analysezertifikaten, R\u00fcckverfolgbarkeit, <\/span><span style=\"font-weight: 400;\">Chargendateien<\/span><span style=\"font-weight: 400;\"> und <\/span><span style=\"font-weight: 400;\">Spezifikationsbl\u00e4ttern<\/span><\/li>\n<li><span style=\"font-weight: 400;\">Systematische Analysen vor dem Import und bei Erhalt jeder <\/span><span style=\"font-weight: 400;\">Charge<\/span><span style=\"font-weight: 400;\"> durch zugelassene, anerkannte und unabh\u00e4ngige europ\u00e4ische Labors.<\/span><\/li>\n<li><span style=\"font-weight: 400;\">Vorgelagerte\/nachgelagerte R\u00fcckverfolgbarkeit.<\/span><\/li>\n<li><span style=\"font-weight: 400;\">Qualit\u00e4tssicherung, die alle Prozesse vom Entwurf bis zur Produktlieferung umfasst.<\/span><\/li>\n<li><span style=\"font-weight: 400;\">Kontrolle in jeder Phase der Produktion bis hin zur Produktfreigabe.<\/span><\/li>\n<\/ul>\n","protected":false},"excerpt":{"rendered":"<p>UNSERE QUALIT\u00c4TSVERPFLICHTUNGEN! Kein R\u00fcckgriff auf Tierversuche. Gew\u00e4hrleistung von Produktqualit\u00e4t und -sicherheit. Strikte Einhaltung von Spezifikationen, Analysezertifikaten, R\u00fcckverfolgbarkeit, Chargendateien und Spezifikationsbl\u00e4ttern Systematische Analysen vor dem Import und bei Erhalt jeder Charge durch zugelassene, anerkannte und unabh\u00e4ngige europ\u00e4ische Labors. Vorgelagerte\/nachgelagerte R\u00fcckverfolgbarkeit. Qualit\u00e4tssicherung, die alle Prozesse vom Entwurf bis zur Produktlieferung umfasst. Kontrolle in jeder Phase der Produktion [&hellip;]<\/p>\n","protected":false},"author":22,"featured_media":0,"parent":0,"menu_order":0,"comment_status":"closed","ping_status":"closed","template":"","meta":{"footnotes":""},"class_list":["post-6319","page","type-page","status-publish","hentry"],"yoast_head":"<!-- This site is optimized with the Yoast SEO Premium plugin v27.3 (Yoast SEO v27.3) - https:\/\/yoast.com\/product\/yoast-seo-premium-wordpress\/ -->\n<title>Garantiert hohe Qualit\u00e4t seit 1986 - Bio-Gestion<\/title>\n<meta name=\"robots\" content=\"index, follow, max-snippet:-1, max-image-preview:large, max-video-preview:-1\" \/>\n<link rel=\"canonical\" href=\"https:\/\/biogestion.ch\/de\/garantiert-hohe-qualitaet-seit-1986\/\" \/>\n<script type=\"application\/ld+json\" class=\"yoast-schema-graph\">{\"@context\":\"https:\\\/\\\/schema.org\",\"@graph\":[{\"@type\":\"WebPage\",\"@id\":\"https:\\\/\\\/biogestion.ch\\\/de\\\/garantiert-hohe-qualitaet-seit-1986\\\/\",\"url\":\"https:\\\/\\\/biogestion.ch\\\/de\\\/garantiert-hohe-qualitaet-seit-1986\\\/\",\"name\":\"Garantiert hohe Qualit\u00e4t seit 1986 - Bio-Gestion\",\"isPartOf\":{\"@id\":\"https:\\\/\\\/biogestion.ch\\\/de\\\/#website\"},\"datePublished\":\"2020-05-11T18:47:03+00:00\",\"breadcrumb\":{\"@id\":\"https:\\\/\\\/biogestion.ch\\\/de\\\/garantiert-hohe-qualitaet-seit-1986\\\/#breadcrumb\"},\"inLanguage\":\"de\",\"potentialAction\":[{\"@type\":\"ReadAction\",\"target\":[\"https:\\\/\\\/biogestion.ch\\\/de\\\/garantiert-hohe-qualitaet-seit-1986\\\/\"]}]},{\"@type\":\"BreadcrumbList\",\"@id\":\"https:\\\/\\\/biogestion.ch\\\/de\\\/garantiert-hohe-qualitaet-seit-1986\\\/#breadcrumb\",\"itemListElement\":[{\"@type\":\"ListItem\",\"position\":1,\"name\":\"Bio-Gestion\",\"item\":\"https:\\\/\\\/biogestion.ch\\\/\"},{\"@type\":\"ListItem\",\"position\":2,\"name\":\"Garantiert hohe Qualit\u00e4t seit 1986\"}]},{\"@type\":\"WebSite\",\"@id\":\"https:\\\/\\\/biogestion.ch\\\/de\\\/#website\",\"url\":\"https:\\\/\\\/biogestion.ch\\\/de\\\/\",\"name\":\"Bio-Gestion\",\"description\":\"Les compl\u00e9ments alimentaires suisses\",\"publisher\":{\"@id\":\"https:\\\/\\\/biogestion.ch\\\/de\\\/#organization\"},\"potentialAction\":[{\"@type\":\"SearchAction\",\"target\":{\"@type\":\"EntryPoint\",\"urlTemplate\":\"https:\\\/\\\/biogestion.ch\\\/de\\\/?s={search_term_string}\"},\"query-input\":{\"@type\":\"PropertyValueSpecification\",\"valueRequired\":true,\"valueName\":\"search_term_string\"}}],\"inLanguage\":\"de\"},{\"@type\":\"Organization\",\"@id\":\"https:\\\/\\\/biogestion.ch\\\/de\\\/#organization\",\"name\":\"Bio-Gestion SA\",\"url\":\"https:\\\/\\\/biogestion.ch\\\/de\\\/\",\"logo\":{\"@type\":\"ImageObject\",\"inLanguage\":\"de\",\"@id\":\"https:\\\/\\\/biogestion.ch\\\/de\\\/#\\\/schema\\\/logo\\\/image\\\/\",\"url\":\"https:\\\/\\\/biogestion.ch\\\/wp-content\\\/uploads\\\/2016\\\/05\\\/logo.png\",\"contentUrl\":\"https:\\\/\\\/biogestion.ch\\\/wp-content\\\/uploads\\\/2016\\\/05\\\/logo.png\",\"width\":200,\"height\":38,\"caption\":\"Bio-Gestion SA\"},\"image\":{\"@id\":\"https:\\\/\\\/biogestion.ch\\\/de\\\/#\\\/schema\\\/logo\\\/image\\\/\"}}]}<\/script>\n<!-- \/ Yoast SEO Premium plugin. -->","yoast_head_json":{"title":"Garantiert hohe Qualit\u00e4t seit 1986 - Bio-Gestion","robots":{"index":"index","follow":"follow","max-snippet":"max-snippet:-1","max-image-preview":"max-image-preview:large","max-video-preview":"max-video-preview:-1"},"canonical":"https:\/\/biogestion.ch\/de\/garantiert-hohe-qualitaet-seit-1986\/","schema":{"@context":"https:\/\/schema.org","@graph":[{"@type":"WebPage","@id":"https:\/\/biogestion.ch\/de\/garantiert-hohe-qualitaet-seit-1986\/","url":"https:\/\/biogestion.ch\/de\/garantiert-hohe-qualitaet-seit-1986\/","name":"Garantiert hohe Qualit\u00e4t seit 1986 - Bio-Gestion","isPartOf":{"@id":"https:\/\/biogestion.ch\/de\/#website"},"datePublished":"2020-05-11T18:47:03+00:00","breadcrumb":{"@id":"https:\/\/biogestion.ch\/de\/garantiert-hohe-qualitaet-seit-1986\/#breadcrumb"},"inLanguage":"de","potentialAction":[{"@type":"ReadAction","target":["https:\/\/biogestion.ch\/de\/garantiert-hohe-qualitaet-seit-1986\/"]}]},{"@type":"BreadcrumbList","@id":"https:\/\/biogestion.ch\/de\/garantiert-hohe-qualitaet-seit-1986\/#breadcrumb","itemListElement":[{"@type":"ListItem","position":1,"name":"Bio-Gestion","item":"https:\/\/biogestion.ch\/"},{"@type":"ListItem","position":2,"name":"Garantiert hohe Qualit\u00e4t seit 1986"}]},{"@type":"WebSite","@id":"https:\/\/biogestion.ch\/de\/#website","url":"https:\/\/biogestion.ch\/de\/","name":"Bio-Gestion","description":"Les compl\u00e9ments alimentaires suisses","publisher":{"@id":"https:\/\/biogestion.ch\/de\/#organization"},"potentialAction":[{"@type":"SearchAction","target":{"@type":"EntryPoint","urlTemplate":"https:\/\/biogestion.ch\/de\/?s={search_term_string}"},"query-input":{"@type":"PropertyValueSpecification","valueRequired":true,"valueName":"search_term_string"}}],"inLanguage":"de"},{"@type":"Organization","@id":"https:\/\/biogestion.ch\/de\/#organization","name":"Bio-Gestion SA","url":"https:\/\/biogestion.ch\/de\/","logo":{"@type":"ImageObject","inLanguage":"de","@id":"https:\/\/biogestion.ch\/de\/#\/schema\/logo\/image\/","url":"https:\/\/biogestion.ch\/wp-content\/uploads\/2016\/05\/logo.png","contentUrl":"https:\/\/biogestion.ch\/wp-content\/uploads\/2016\/05\/logo.png","width":200,"height":38,"caption":"Bio-Gestion SA"},"image":{"@id":"https:\/\/biogestion.ch\/de\/#\/schema\/logo\/image\/"}}]}},"_links":{"self":[{"href":"https:\/\/biogestion.ch\/de\/wp-json\/wp\/v2\/pages\/6319","targetHints":{"allow":["GET"]}}],"collection":[{"href":"https:\/\/biogestion.ch\/de\/wp-json\/wp\/v2\/pages"}],"about":[{"href":"https:\/\/biogestion.ch\/de\/wp-json\/wp\/v2\/types\/page"}],"author":[{"embeddable":true,"href":"https:\/\/biogestion.ch\/de\/wp-json\/wp\/v2\/users\/22"}],"replies":[{"embeddable":true,"href":"https:\/\/biogestion.ch\/de\/wp-json\/wp\/v2\/comments?post=6319"}],"version-history":[{"count":0,"href":"https:\/\/biogestion.ch\/de\/wp-json\/wp\/v2\/pages\/6319\/revisions"}],"wp:attachment":[{"href":"https:\/\/biogestion.ch\/de\/wp-json\/wp\/v2\/media?parent=6319"}],"curies":[{"name":"wp","href":"https:\/\/api.w.org\/{rel}","templated":true}]}}