{"id":272,"date":"2016-05-30T09:03:27","date_gmt":"2016-05-30T07:03:27","guid":{"rendered":"http:\/\/biogestion.ch\/conditions-generales\/?lang=de"},"modified":"2025-04-03T16:21:34","modified_gmt":"2025-04-03T14:21:34","slug":"allgemeine-geschaeftsbedingungen","status":"publish","type":"page","link":"https:\/\/biogestion.ch\/de\/allgemeine-geschaeftsbedingungen\/","title":{"rendered":"Allgemeine  Gesch\u00e4ftsbedingungen"},"content":{"rendered":"<h4>Artikel 1<\/h4>\n<p>Die aufgef\u00fchrten Allgemeinen Bedingungen sind g\u00fcltig, sobald der K\u00e4ufer seine Bestellung online aufgibt. Durch die get\u00e4tigte Bestellung erkl\u00e4rt sich der K\u00e4ufer mit den Allgemeinen Verkaufs-Konditionen einverstanden.<\/p>\n<h4>Artikel 2<\/h4>\n<p>Gerne werden weitere Fragen und Ausk\u00fcnfte von unserem Team beantwortet : per Telefon unter 033 990 26 26, oder per E-mail.<\/p>\n<h4>Artikel 3<\/h4>\n<p>Bio-Gestion AG registriert nur die unbedingt erforderlichen Daten und benutzt diese im Rahmen der Bestellungs-Abwicklung und um regelm\u00e4ssigen Kunden das Einkaufen zu erleichtern. Die pers\u00f6nlichen Daten werden vertraulich behandelt und werden keinesfalls f\u00fcr Werbezwecke an Dritte weitergeleitet. F\u00fcr weitere Informationen, lesen Sie bitte unseren <a href=\"https:\/\/biogestion.ch\/de\/datenschutzerklaerung\/\" target=\"_blank\" rel=\"noopener noreferrer\">Datenschutzerkl\u00e4rung<\/a>.<\/p>\n<h2>Ethische und Qualitative Garantie<\/h2>\n<h4>Artikel 4<\/h4>\n<p>Alle unsere Produkte sind frei von Tierversuchen.<\/p>\n<h4>Artikel 5<\/h4>\n<p>Bio-Gestion SA richtet sich nach den allgemeinen Gesch\u00e4fts-Bedingungen im Versandhandel, zum Schutze des Konsumenten. Auf den seit \u00fcber 25 Jahren erworbenen Ruf sind wir sehr stolz.<\/p>\n<h2>Preise<\/h2>\n<h4>Artikel 6<\/h4>\n<p>Die Preise sind in Schweizer Franken angegeben und die MWST ist bereits inbegriffen. Verpackungs- und Versandkosten werden zus\u00e4tzlich berechnet und vor der Freigabe der Bestellung angegeben.<\/p>\n<h4>Artikel 7<\/h4>\n<p>Sollte der Preis eines Produktes fehlerhaft sein, reserviert sich Bio-Gestion SA das Recht, diesen zu berichtigen. Sollte der Kunde mit dem ge\u00e4nderten Preis nicht einverstanden sein, hat dieser das Recht, seine Bestellung zu annullieren.<\/p>\n<h4>Artikel 8<\/h4>\n<p>Die \u00ab Aktionspreise \u00bb sind zeitlich begrenzt. Aktionen und Bons sind nicht kumulierbar, ausser wenn speziell vermerkt.<\/p>\n<h2>Lieferung<\/h2>\n<h4>Artikel 9<\/h4>\n<p>Die Lieferzeit einer Bestellung betr\u00e4gt im Allgemeinen zwischen 24 und 72 Stunden, ausser wenn ein Artikel nicht am Lager ist. Alle Pakete von Bio-Gestion SA werden gewogen und deren Lieferweg kann mit Hilfe eines Post-Codes nachverfolgt werden. Um Verluste oder Diebst\u00e4hle f\u00fcr den K\u00e4ufer einzuschr\u00e4nken, werden alle Pakete mit einem Wert von \u00fcber Fr. 200.- eingeschrieben versandt.<\/p>\n<h4>Artikel 10<\/h4>\n<p>Gem\u00e4ss dem Art. 185 des Schweizerischen Obligationenrechts, ist Bio-Gestion SA f\u00fcr das Paket nicht mehr verantwortlich, sobald dieses der Post \u00fcbergeben wurde. Im Falle eines mutma\u00dflichen Diebstahls, eines Warenverlusts oder eines besch\u00e4digten Pakets, kann Bio-Gestion SA daf\u00fcr nicht verantwortlich gemacht werden und ist nicht zu einer R\u00fcckerstattung verpflichtet.<\/p>\n<h2>Zahlung<\/h2>\n<h4>Artikel 11<\/h4>\n<p>S\u00e4mtliche Bestellungen per \u201eonline\u201c sind im Voraus zahlbar. Die Zahlungen sind gesichert und werden auf der Postfinance-Plattform ausgef\u00fchrt (MasterCard, Visa, Postfinance und Twint). Zahlung gegen Rechnung innerhalb von 10 Tagen ist m\u00f6glich. In bestimmten F\u00e4llen kann eine Vorauszahlung mittels Kreditkarte, Bank- oder Post\u00fcberweisung verlangt werden.<\/p>\n<h4>Artikel 12<\/h4>\n<p>Der letzte Klick zur Best\u00e4tigung und Absendung der Bestellung kommt einer elektronischen Unterschrift gleich. Diese hat die Rechtskraft einer handschriftlichen Unterschrift und schlie\u00dft mit ein, dass die Transaktion von beiden Parteien im Rahmen des Angebots und der Allgemeinen Verkaufsbedingungen von Bio-Gestion SA akzeptiert wurde.<\/p>\n<h2>G\u00fcltigkeit von Angeboten<\/h2>\n<h4>Artikel 13<\/h4>\n<p>Die von biogestion.ch gemachten Angebote sind g\u00fcltig, solange Ware am Lager ist. F\u00fcr eventuell ausverkaufte oder momentan nicht lieferbare Produkte, ist die Firma Bio-Gestion SA keinesfalls verantwortlich. Falls ein bestelltes Produkt nicht verf\u00fcgbar ist, wird der K\u00e4ufer darauf hingewiesen und hat die M\u00f6glichkeit, seine Bestellung zu annullieren. In solchen F\u00e4llen kann der K\u00e4ufer eine R\u00fcckzahlung verlangen, oder das nicht lieferbare Produkt durch ein anderes (mit dem gleichen Wert) ersetzen.<\/p>\n<h4>Artikel 14<\/h4>\n<p>Bio-Gestion SA beh\u00e4lt sich das Recht vor, ein Produkt, je nach Disponibilit\u00e4t des Lieferanten zu \u00e4ndern oder zu ersetzen, wobei der Preis und die Qualit\u00e4t des Produktes unver\u00e4ndert bleiben.<\/p>\n<h4>Artikel 15<\/h4>\n<p>Die Abbildungen der Produkte auf unserer Internet-Seite sind unverbindlich.<\/p>\n<h2>Reklamationen und Warenr\u00fccksendungen<\/h2>\n<h4>Artikel 16<\/h4>\n<p>Reklamationen m\u00fcssen innerhalb von 48 Std. (Wochentage) nach Erhalt der Ware, telefonisch mitgeteilt werden. Vor R\u00fccksendung eines Paketes m\u00fcssen wir unbedingt telefonisch informiert werden. Eine R\u00fccksendung ohne telefonische Voranmeldung kann auf keinen Fall angenommen werden. Warenr\u00fccksendungen werden innerhalb der legalen R\u00fccksendefrist von 7 Tagen akzeptiert, unter der Voraussetzung, dass die Verpackungen nicht ge\u00f6ffnet wurden, und in folgenden F\u00e4llen:<\/p>\n<ol>\n<li>Die erhaltenen Produkte stimmen nicht mit der Bestellung \u00fcberein;<\/li>\n<li>Unsere Verpackungen sind beim K\u00e4ufer besch\u00e4digt angekommen.<\/li>\n<\/ol>\n<p>Wenn nach einer Reklamation, eine R\u00fccksendung erforderlich ist, m\u00fcssen Sie das Produkt, wenn m\u00f6glich in der Originalverpackung senden; danach, werden Ihnen die Porto Kosten innerhalb von 15 Tagen nach Erhalt des Pakets vollst\u00e4ndig zur\u00fcckerstattet.Erstattung der Kosten des R\u00fcckkehrs werden \u00fcber die Zahlungskarte verwendet oder durch \u00dcberweisung auf Ihr Post- oder Bankkonto.<\/p>\n<h2>Garantie und Verantwortlichkeit<\/h2>\n<h4>Artikel 17<\/h4>\n<p>Die von der Firma Bio-Gestion SA angebotene Garantie entspricht der unserer Lieferanten. Die Verantwortlichkeit begrenzt sich ausschlie\u00dflich auf den Ersatz defekter Produkte.<\/p>\n<p>F\u00fcr bestimmte Produkte bietet Bio-Gestion eine Garantie \u00ab Zufrieden oder Geld zur\u00fcck &#8211; 3 Monate \u00bb an. Wenn Sie nach 3 Monaten regelm\u00e4ssiger Einnahme des Produkts nicht das angek\u00fcndigte Resultat erzielen, wird Ihnen der Preis des Produkts zur\u00fcckerstattet (ausgenommen Versand- und R\u00fccksendekosten). Dazu m\u00fcssen Sie uns das Produkt oder dessen leere Originalverpackung in dem Karton, den Sie erhalten haben, zur\u00fcckschicken. Legen Sie Ihrer Retoursendung die Rechnung mit Ihrer Telefonnummer und einer ehrenw\u00f6rtlichen Erkl\u00e4rung bei, dass Sie unsere Empfehlungen bez\u00fcglich H\u00e4ufigkeit und Dosierung genaustens befolgt haben. Die Garantie \u00ab Zufrieden oder Geld zur\u00fcck &#8211; 3 Monate \u00bb ist nur g\u00fcltig, wenn unsere Rechnung innerhalb der darauf angegebenen Frist bezahlt wurde.<\/p>\n<h2>Diverses<\/h2>\n<h4>Artikel 18<\/h4>\n<p>F\u00fcr alle, in diesen Verkaufsbedingungen nicht aufgef\u00fchrten F\u00e4lle, gelten die Bestimmungen und Gesetze des Schweizerischen Obligationenrechts.<\/p>\n<h2>Gerichtsstand<\/h2>\n<h4>Artikel 19<\/h4>\n<p>Im Fall eines Rechtsstreits, sind Gerichtsstand und Erf\u00fcllungsort Nyon.<\/p>\n","protected":false},"excerpt":{"rendered":"<p>Artikel 1 Die aufgef\u00fchrten Allgemeinen Bedingungen sind g\u00fcltig, sobald der K\u00e4ufer seine Bestellung online aufgibt. Durch die get\u00e4tigte Bestellung erkl\u00e4rt sich der K\u00e4ufer mit den Allgemeinen Verkaufs-Konditionen einverstanden. Artikel 2 Gerne werden weitere Fragen und Ausk\u00fcnfte von unserem Team beantwortet : per Telefon unter 033 990 26 26, oder per E-mail. Artikel 3 Bio-Gestion AG [&hellip;]<\/p>\n","protected":false},"author":22,"featured_media":0,"parent":0,"menu_order":0,"comment_status":"closed","ping_status":"closed","template":"","meta":{"footnotes":""},"class_list":["post-272","page","type-page","status-publish","hentry"],"yoast_head":"<!-- This site is optimized with the Yoast SEO Premium plugin v27.3 (Yoast SEO v27.3) - https:\/\/yoast.com\/product\/yoast-seo-premium-wordpress\/ -->\n<title>Allgemeine Gesch\u00e4ftsbedingungen - Bio-Gestion<\/title>\n<meta name=\"description\" content=\"Allgemeine Gesch\u00e4ftsbedingungen - Bio-Gestion\" \/>\n<meta name=\"robots\" content=\"index, follow, max-snippet:-1, max-image-preview:large, max-video-preview:-1\" \/>\n<link rel=\"canonical\" href=\"https:\/\/biogestion.ch\/de\/allgemeine-geschaeftsbedingungen\/\" \/>\n<meta name=\"twitter:label1\" content=\"Gesch\u00e4tzte Lesezeit\" \/>\n\t<meta name=\"twitter:data1\" content=\"5\u00a0Minuten\" \/>\n<script type=\"application\/ld+json\" class=\"yoast-schema-graph\">{\"@context\":\"https:\\\/\\\/schema.org\",\"@graph\":[{\"@type\":\"WebPage\",\"@id\":\"https:\\\/\\\/biogestion.ch\\\/de\\\/allgemeine-geschaeftsbedingungen\\\/\",\"url\":\"https:\\\/\\\/biogestion.ch\\\/de\\\/allgemeine-geschaeftsbedingungen\\\/\",\"name\":\"Allgemeine Gesch\u00e4ftsbedingungen - Bio-Gestion\",\"isPartOf\":{\"@id\":\"https:\\\/\\\/biogestion.ch\\\/de\\\/#website\"},\"datePublished\":\"2016-05-30T07:03:27+00:00\",\"dateModified\":\"2025-04-03T14:21:34+00:00\",\"description\":\"Allgemeine Gesch\u00e4ftsbedingungen - Bio-Gestion\",\"breadcrumb\":{\"@id\":\"https:\\\/\\\/biogestion.ch\\\/de\\\/allgemeine-geschaeftsbedingungen\\\/#breadcrumb\"},\"inLanguage\":\"de\",\"potentialAction\":[{\"@type\":\"ReadAction\",\"target\":[\"https:\\\/\\\/biogestion.ch\\\/de\\\/allgemeine-geschaeftsbedingungen\\\/\"]}]},{\"@type\":\"BreadcrumbList\",\"@id\":\"https:\\\/\\\/biogestion.ch\\\/de\\\/allgemeine-geschaeftsbedingungen\\\/#breadcrumb\",\"itemListElement\":[{\"@type\":\"ListItem\",\"position\":1,\"name\":\"Bio-Gestion\",\"item\":\"https:\\\/\\\/biogestion.ch\\\/\"},{\"@type\":\"ListItem\",\"position\":2,\"name\":\"Allgemeine Gesch\u00e4ftsbedingungen\"}]},{\"@type\":\"WebSite\",\"@id\":\"https:\\\/\\\/biogestion.ch\\\/de\\\/#website\",\"url\":\"https:\\\/\\\/biogestion.ch\\\/de\\\/\",\"name\":\"Bio-Gestion\",\"description\":\"Les compl\u00e9ments alimentaires suisses\",\"publisher\":{\"@id\":\"https:\\\/\\\/biogestion.ch\\\/de\\\/#organization\"},\"potentialAction\":[{\"@type\":\"SearchAction\",\"target\":{\"@type\":\"EntryPoint\",\"urlTemplate\":\"https:\\\/\\\/biogestion.ch\\\/de\\\/?s={search_term_string}\"},\"query-input\":{\"@type\":\"PropertyValueSpecification\",\"valueRequired\":true,\"valueName\":\"search_term_string\"}}],\"inLanguage\":\"de\"},{\"@type\":\"Organization\",\"@id\":\"https:\\\/\\\/biogestion.ch\\\/de\\\/#organization\",\"name\":\"Bio-Gestion SA\",\"url\":\"https:\\\/\\\/biogestion.ch\\\/de\\\/\",\"logo\":{\"@type\":\"ImageObject\",\"inLanguage\":\"de\",\"@id\":\"https:\\\/\\\/biogestion.ch\\\/de\\\/#\\\/schema\\\/logo\\\/image\\\/\",\"url\":\"https:\\\/\\\/biogestion.ch\\\/wp-content\\\/uploads\\\/2016\\\/05\\\/logo.png\",\"contentUrl\":\"https:\\\/\\\/biogestion.ch\\\/wp-content\\\/uploads\\\/2016\\\/05\\\/logo.png\",\"width\":200,\"height\":38,\"caption\":\"Bio-Gestion SA\"},\"image\":{\"@id\":\"https:\\\/\\\/biogestion.ch\\\/de\\\/#\\\/schema\\\/logo\\\/image\\\/\"}}]}<\/script>\n<!-- \/ Yoast SEO Premium plugin. -->","yoast_head_json":{"title":"Allgemeine Gesch\u00e4ftsbedingungen - Bio-Gestion","description":"Allgemeine Gesch\u00e4ftsbedingungen - Bio-Gestion","robots":{"index":"index","follow":"follow","max-snippet":"max-snippet:-1","max-image-preview":"max-image-preview:large","max-video-preview":"max-video-preview:-1"},"canonical":"https:\/\/biogestion.ch\/de\/allgemeine-geschaeftsbedingungen\/","twitter_misc":{"Gesch\u00e4tzte Lesezeit":"5\u00a0Minuten"},"schema":{"@context":"https:\/\/schema.org","@graph":[{"@type":"WebPage","@id":"https:\/\/biogestion.ch\/de\/allgemeine-geschaeftsbedingungen\/","url":"https:\/\/biogestion.ch\/de\/allgemeine-geschaeftsbedingungen\/","name":"Allgemeine Gesch\u00e4ftsbedingungen - Bio-Gestion","isPartOf":{"@id":"https:\/\/biogestion.ch\/de\/#website"},"datePublished":"2016-05-30T07:03:27+00:00","dateModified":"2025-04-03T14:21:34+00:00","description":"Allgemeine Gesch\u00e4ftsbedingungen - Bio-Gestion","breadcrumb":{"@id":"https:\/\/biogestion.ch\/de\/allgemeine-geschaeftsbedingungen\/#breadcrumb"},"inLanguage":"de","potentialAction":[{"@type":"ReadAction","target":["https:\/\/biogestion.ch\/de\/allgemeine-geschaeftsbedingungen\/"]}]},{"@type":"BreadcrumbList","@id":"https:\/\/biogestion.ch\/de\/allgemeine-geschaeftsbedingungen\/#breadcrumb","itemListElement":[{"@type":"ListItem","position":1,"name":"Bio-Gestion","item":"https:\/\/biogestion.ch\/"},{"@type":"ListItem","position":2,"name":"Allgemeine Gesch\u00e4ftsbedingungen"}]},{"@type":"WebSite","@id":"https:\/\/biogestion.ch\/de\/#website","url":"https:\/\/biogestion.ch\/de\/","name":"Bio-Gestion","description":"Les compl\u00e9ments alimentaires suisses","publisher":{"@id":"https:\/\/biogestion.ch\/de\/#organization"},"potentialAction":[{"@type":"SearchAction","target":{"@type":"EntryPoint","urlTemplate":"https:\/\/biogestion.ch\/de\/?s={search_term_string}"},"query-input":{"@type":"PropertyValueSpecification","valueRequired":true,"valueName":"search_term_string"}}],"inLanguage":"de"},{"@type":"Organization","@id":"https:\/\/biogestion.ch\/de\/#organization","name":"Bio-Gestion SA","url":"https:\/\/biogestion.ch\/de\/","logo":{"@type":"ImageObject","inLanguage":"de","@id":"https:\/\/biogestion.ch\/de\/#\/schema\/logo\/image\/","url":"https:\/\/biogestion.ch\/wp-content\/uploads\/2016\/05\/logo.png","contentUrl":"https:\/\/biogestion.ch\/wp-content\/uploads\/2016\/05\/logo.png","width":200,"height":38,"caption":"Bio-Gestion SA"},"image":{"@id":"https:\/\/biogestion.ch\/de\/#\/schema\/logo\/image\/"}}]}},"_links":{"self":[{"href":"https:\/\/biogestion.ch\/de\/wp-json\/wp\/v2\/pages\/272","targetHints":{"allow":["GET"]}}],"collection":[{"href":"https:\/\/biogestion.ch\/de\/wp-json\/wp\/v2\/pages"}],"about":[{"href":"https:\/\/biogestion.ch\/de\/wp-json\/wp\/v2\/types\/page"}],"author":[{"embeddable":true,"href":"https:\/\/biogestion.ch\/de\/wp-json\/wp\/v2\/users\/22"}],"replies":[{"embeddable":true,"href":"https:\/\/biogestion.ch\/de\/wp-json\/wp\/v2\/comments?post=272"}],"version-history":[{"count":0,"href":"https:\/\/biogestion.ch\/de\/wp-json\/wp\/v2\/pages\/272\/revisions"}],"wp:attachment":[{"href":"https:\/\/biogestion.ch\/de\/wp-json\/wp\/v2\/media?parent=272"}],"curies":[{"name":"wp","href":"https:\/\/api.w.org\/{rel}","templated":true}]}}